{"id":14985,"date":"2025-02-08T16:16:03","date_gmt":"2025-02-08T21:16:03","guid":{"rendered":"https:\/\/beta.aa-intergroup.org\/oiaa2025\/"},"modified":"2025-11-26T14:04:50","modified_gmt":"2025-11-26T19:04:50","slug":"oiaa2025","status":"publish","type":"page","link":"https:\/\/beta.aa-intergroup.org\/es\/oiaa2025\/","title":{"rendered":"OIAA2025"},"content":{"rendered":"\n<div class=\"wp-block-cover has-parallax\"><div class=\"wp-block-cover__image-background wp-image-11924 has-parallax\" style=\"background-position:50% 50%;background-image:url(https:\/\/beta.aa-intergroup.org\/wp-content\/uploads\/2025\/04\/OIAA2025-Globe.png)\"><\/div><span aria-hidden=\"true\" class=\"wp-block-cover__background has-background-dim-40 has-background-dim\" style=\"background-color:#404853\"><\/span><div class=\"wp-block-cover__inner-container is-layout-constrained wp-block-cover-is-layout-constrained\">\n<div style=\"height:50px\" aria-hidden=\"true\" class=\"wp-block-spacer\"><\/div>\n\n\n\n<h2 class=\"wp-block-heading has-text-align-center has-x-large-font-size\"><strong>OIAA2025  <\/strong><\/h2>\n\n\n\n<p class=\"has-text-align-center has-white-color has-text-color has-link-color has-large-font-size wp-elements-794e9e4e15893cf225351f3816577c39\"><strong>La 2\u00aa Convenci\u00f3n Internacional en L\u00ednea de OIAA<\/strong><\/p>\n\n\n<div class=\"wp-block-image\">\n<figure class=\"aligncenter size-medium\"><img loading=\"lazy\" decoding=\"async\" width=\"300\" height=\"284\" src=\"https:\/\/beta.aa-intergroup.org\/wp-content\/uploads\/2025\/02\/OIAA2025-Logo-300x284.png\" alt=\"\" class=\"wp-image-11719\" srcset=\"https:\/\/beta.aa-intergroup.org\/wp-content\/uploads\/2025\/02\/OIAA2025-Logo-300x284.png 300w, https:\/\/beta.aa-intergroup.org\/wp-content\/uploads\/2025\/02\/OIAA2025-Logo.png 605w\" sizes=\"auto, (max-width: 300px) 100vw, 300px\" \/><\/figure><\/div>\n\n\n<p class=\"has-text-align-center has-white-color has-text-color has-link-color has-large-font-size wp-elements-a57236b27928acb268395d860351e159\"><strong>Unidad: en casa en todo el mundo<\/strong><\/p>\n\n\n\n<p class=\"has-text-align-center has-large-font-size\">14-16 de noviembre de 2025<\/p>\n\n\n\n<h4 class=\"wp-block-heading has-text-align-center has-medium-font-size\"><\/h4>\n\n\n\n<div class=\"wp-block-essential-blocks-button root-eb-button-o9x6y\"><div class=\"eb-parent-wrapper eb-parent-eb-button-o9x6y \"><div class=\"eb-button-wrapper eb-button-alignment eb-button-o9x6y\"><div class=\"eb-button\"><div class=\"eb-button-inner-wrapper \"><a class=\"eb-button-anchor \" href=\"\" rel=\"noopener\">\u00a1Gracias por un evento incre\u00edble!<br>\u00a1Nos vemos el a\u00f1o que viene!<\/a><\/div><\/div><\/div><\/div><\/div>\n\n\n\n<div class=\"wp-block-essential-blocks-countdown root-eb-countdown-reot2\"><div class=\"eb-parent-wrapper eb-parent-eb-countdown-reot2 \"><div class=\"eb-countdown-reot2 eb-cd-wrapper preset1\"><div class=\"eb-cd-inner\" blockid=\"eb-countdown-reot2\" data-deadline-time=\"1763107200000\" data-is-evergreen-time=\"false\" data-evergreen-time-hours=\"11\" data-evergreen-time-minutes=\"59\" data-evergreen-recurring=\"false\" data-evergreen-restart-time=\"0\" data-evergreen-deadline-time=\"1707903455306\"><div class=\"box cd-box-day\"><span class=\"eb-cd-digit\">00<\/span><span class=\"eb-cd-label\">D\u00edas<\/span><\/div><div class=\"box cd-box-hour\"><span class=\"eb-cd-digit\">00<\/span><span class=\"eb-cd-label\">Horas<\/span><\/div><div class=\"box cd-box-minute\"><span class=\"eb-cd-digit\">00<\/span><span class=\"eb-cd-label\">Minutos<\/span><\/div><div class=\"box cd-box-second\"><span class=\"eb-cd-digit\">00<\/span><span class=\"eb-cd-label\">Segundos<\/span><\/div><\/div><\/div><\/div><\/div>\n\n\n\n<div style=\"height:31px\" aria-hidden=\"true\" class=\"wp-block-spacer\"><\/div>\n<\/div><\/div>\n\n<div style=\"height:42px\" aria-hidden=\"true\" class=\"wp-block-spacer\"><\/div>\n\n<h3 class=\"wp-block-heading has-text-align-center has-text-color has-link-color has-large-font-size wp-elements-b10336ce4c70c082a270bb2424e51fc5\" style=\"color:#011a5c\"><strong>OIAA2025 le da la bienvenida a nuestra 2\u00aa<br\/>Convenci\u00f3n Internacional en L\u00ednea<\/strong><\/h3>\n\n<div style=\"height:15px\" aria-hidden=\"true\" class=\"wp-block-spacer\"><\/div>\n\n<h4 class=\"wp-block-heading has-text-align-center has-text-color has-link-color wp-elements-9aef95e6b5b53066f890a8fb200b101e\" style=\"color:#10318c;font-size:25px\">El tema de este a\u00f1o \u2014 <mark style=\"background-color:rgba(0, 0, 0, 0);color:#1a3276\" class=\"has-inline-color\"><strong>Unidad: En Casa Alrededor del Mundo<\/strong><\/mark> \u2014 celebra el poder de la conexi\u00f3n a trav\u00e9s de zonas horarias, culturas y mesas de cocina.<\/h4>\n\n<p class=\"has-text-align-center has-text-color has-link-color wp-elements-c101e263f4831bf9b2b93539e4cdf247\" style=\"color:#011a5c;font-size:20px\">Juntos, estamos en casa\u2026 en todas partes.<\/p>\n\n<div style=\"height:15px\" aria-hidden=\"true\" class=\"wp-block-spacer\"><\/div>\n\n<p class=\"has-text-align-center has-text-color has-link-color wp-elements-6cb376e128ba94a1d6449c0a7a8b9362\" style=\"color:#011a5c;font-size:20px\"><strong>Vista de hoja de c\u00e1lculo del programa completo de la Convenci\u00f3n OIAA2025<\/strong><\/p>\n\n<div class=\"wp-block-columns is-layout-flex wp-container-core-columns-is-layout-9d6595d7 wp-block-columns-is-layout-flex\">\n<div class=\"wp-block-column is-layout-flow wp-block-column-is-layout-flow\" style=\"flex-basis:12%\"><\/div>\n\n\n\n<div class=\"wp-block-column is-layout-flow wp-block-column-is-layout-flow\" style=\"flex-basis:76%\">\n<div class=\"wp-block-columns is-layout-flex wp-container-core-columns-is-layout-9d6595d7 wp-block-columns-is-layout-flex\">\n<div class=\"wp-block-column has-background is-layout-flow wp-block-column-is-layout-flow\" style=\"background-color:#000049\">\n<div class=\"wp-block-essential-blocks-button root-eb-button-c09ca\"><div class=\"eb-parent-wrapper eb-parent-eb-button-c09ca \"><div class=\"eb-button-wrapper eb-button-alignment eb-button-c09ca\"><div class=\"eb-button\"><div class=\"eb-button-inner-wrapper \"><a class=\"eb-button-anchor \" href=\"https:\/\/docs.google.com\/spreadsheets\/d\/1Gp3JnByb5ZMu9LpJMehzfQeNzw1S08V7z7kUtaexMFc\/edit?gid=403474528#gid=403474528\" target=\"_blank\" rel=\"noopener\"><strong>INGL\u00c9S<\/strong><\/a><\/div><\/div><\/div><\/div><\/div>\n<\/div>\n\n\n\n<div class=\"wp-block-column has-background is-layout-flow wp-block-column-is-layout-flow\" style=\"background-color:#000049\">\n<div class=\"wp-block-essential-blocks-button root-eb-button-r2w0n\"><div class=\"eb-parent-wrapper eb-parent-eb-button-r2w0n \"><div class=\"eb-button-wrapper eb-button-alignment eb-button-r2w0n\"><div class=\"eb-button\"><div class=\"eb-button-inner-wrapper \"><a class=\"eb-button-anchor \" href=\"https:\/\/docs.google.com\/spreadsheets\/d\/1S25znZJp8lke0Yp6sSiq6a9SPYyViLtqBUJNHE5-QWY\/edit?gid=403474528#gid=403474528\" target=\"_blank\" rel=\"noopener\"><strong>ESPA\u00d1OL<\/strong><\/a><\/div><\/div><\/div><\/div><\/div>\n<\/div>\n\n\n\n<div class=\"wp-block-column has-background is-layout-flow wp-block-column-is-layout-flow\" style=\"background-color:#000049\">\n<div class=\"wp-block-essential-blocks-button root-eb-button-pra5l\"><div class=\"eb-parent-wrapper eb-parent-eb-button-pra5l \"><div class=\"eb-button-wrapper eb-button-alignment eb-button-pra5l\"><div class=\"eb-button\"><div class=\"eb-button-inner-wrapper \"><a class=\"eb-button-anchor \" href=\"https:\/\/docs.google.com\/spreadsheets\/d\/1iozwo3XB8g9oqgnTBwgZ4xKNA0LC6_IXB9gkwJwns38\/edit?gid=403474528#gid=403474528\" target=\"_blank\" rel=\"noopener\"><strong>FRANC\u00c9S<\/strong><\/a><\/div><\/div><\/div><\/div><\/div>\n<\/div>\n\n\n\n<div class=\"wp-block-column has-background is-layout-flow wp-block-column-is-layout-flow\" style=\"background-color:#000049\">\n<div class=\"wp-block-essential-blocks-button root-eb-button-c6h8l\"><div class=\"eb-parent-wrapper eb-parent-eb-button-c6h8l \"><div class=\"eb-button-wrapper eb-button-alignment eb-button-c6h8l\"><div class=\"eb-button\"><div class=\"eb-button-inner-wrapper \"><a class=\"eb-button-anchor \" href=\"https:\/\/docs.google.com\/spreadsheets\/d\/1PYLBzse6KYYf_d4c1_e0EaKuLrkk-hive16-s_Lul2A\/edit?gid=403474528#gid=403474528\" target=\"_blank\" rel=\"noopener\"><strong>PORTUGU\u00c9S<\/strong><\/a><\/div><\/div><\/div><\/div><\/div>\n<\/div>\n<\/div>\n<\/div>\n\n\n\n<div class=\"wp-block-column is-layout-flow wp-block-column-is-layout-flow\" style=\"flex-basis:12%\"><\/div>\n<\/div>\n\n<div style=\"height:42px\" aria-hidden=\"true\" class=\"wp-block-spacer\"><\/div>\n\n<h3 class=\"wp-block-heading has-text-align-left has-text-color has-link-color wp-elements-11d687bb5e0b25af58a5953a677d5652\" style=\"color:#011a5c;font-size:30px\">Un evento global de tres d\u00edas que celebra una zona global diferente cada d\u00eda:<\/h3>\n\n<div style=\"height:20px\" aria-hidden=\"true\" class=\"wp-block-spacer\"><\/div>\n\n<div class=\"wp-block-columns is-layout-flex wp-container-core-columns-is-layout-9d6595d7 wp-block-columns-is-layout-flex\">\n<div class=\"wp-block-column is-layout-flow wp-block-column-is-layout-flow\" style=\"flex-basis:30%\"><div class=\"wp-block-image\">\n<figure class=\"aligncenter size-medium\"><img loading=\"lazy\" decoding=\"async\" width=\"300\" height=\"300\" src=\"https:\/\/beta.aa-intergroup.org\/wp-content\/uploads\/2025\/08\/Day1-OIAA2025-300x300.jpeg\" alt=\"\" class=\"wp-image-12623\" srcset=\"https:\/\/beta.aa-intergroup.org\/wp-content\/uploads\/2025\/08\/Day1-OIAA2025-300x300.jpeg 300w, https:\/\/beta.aa-intergroup.org\/wp-content\/uploads\/2025\/08\/Day1-OIAA2025-150x150.jpeg 150w, https:\/\/beta.aa-intergroup.org\/wp-content\/uploads\/2025\/08\/Day1-OIAA2025-125x125.jpeg 125w, https:\/\/beta.aa-intergroup.org\/wp-content\/uploads\/2025\/08\/Day1-OIAA2025.jpeg 600w\" sizes=\"auto, (max-width: 300px) 100vw, 300px\" \/><\/figure><\/div><\/div>\n\n\n\n<div class=\"wp-block-column is-layout-flow wp-block-column-is-layout-flow\" style=\"flex-basis:70%\">\n<h3 class=\"wp-block-heading has-text-align-left has-text-color has-link-color wp-elements-0d55d07d50d260c0b80a8fc1e349ba87\" style=\"color:#011a5c\"><strong>D\u00eda 1 \u2013 Asia, Ocean\u00eda y las Am\u00e9ricas<\/strong><\/h3>\n\n\n\n<div class=\"wp-block-essential-blocks-button root-eb-button-i38w1\"><div class=\"eb-parent-wrapper eb-parent-eb-button-i38w1 \"><div class=\"eb-button-wrapper eb-button-alignment eb-button-i38w1\"><div class=\"eb-button\"><div class=\"eb-button-inner-wrapper \"><a class=\"eb-button-anchor \" href=\"https:\/\/beta.aa-intergroup.org\/es\/programa-del-dia-uno-de-oiaa2025\/\" rel=\"noopener\">Programa del d\u00eda 1 de la convenci\u00f3n de un vistazo<\/a><\/div><\/div><\/div><\/div><\/div>\n\n\n\n<p class=\"has-text-align-left\" style=\"font-size:20px\">AUK, Nueva Zelanda &#8211; D\u00eda 1 Zona horaria de referencia local UTC <br\/>S\u00c1BADO, 15 de noviembre 9:00-16:30 Auckland, Nueva Zelanda &#8211; NZDT<br\/>(*VIERNES 14 de noviembre 15:00-22:30 Nueva York &#8211; EST)<\/p>\n\n\n\n<p class=\"has-text-align-left has-text-color has-link-color has-medium-font-size wp-elements-71689e3053a4d3f254e923916655f128\" style=\"color:#011a5c\"><strong>Nueva Zelanda, EE. UU., Colombia, M\u00e9xico, Australia, Bolivia<\/strong><\/p>\n<\/div>\n<\/div>\n\n<div style=\"height:65px\" aria-hidden=\"true\" class=\"wp-block-spacer\"><\/div>\n\n<div class=\"wp-block-columns is-layout-flex wp-container-core-columns-is-layout-9d6595d7 wp-block-columns-is-layout-flex\">\n<div class=\"wp-block-column is-layout-flow wp-block-column-is-layout-flow\" style=\"flex-basis:30%\"><div class=\"wp-block-image\">\n<figure class=\"aligncenter size-medium\"><img loading=\"lazy\" decoding=\"async\" width=\"300\" height=\"300\" src=\"https:\/\/beta.aa-intergroup.org\/wp-content\/uploads\/2025\/08\/Day-2-OIAA2025-300x300.jpeg\" alt=\"\" class=\"wp-image-12624\" srcset=\"https:\/\/beta.aa-intergroup.org\/wp-content\/uploads\/2025\/08\/Day-2-OIAA2025-300x300.jpeg 300w, https:\/\/beta.aa-intergroup.org\/wp-content\/uploads\/2025\/08\/Day-2-OIAA2025-150x150.jpeg 150w, https:\/\/beta.aa-intergroup.org\/wp-content\/uploads\/2025\/08\/Day-2-OIAA2025-125x125.jpeg 125w, https:\/\/beta.aa-intergroup.org\/wp-content\/uploads\/2025\/08\/Day-2-OIAA2025.jpeg 600w\" sizes=\"auto, (max-width: 300px) 100vw, 300px\" \/><\/figure><\/div><\/div>\n\n\n\n<div class=\"wp-block-column is-layout-flow wp-block-column-is-layout-flow\" style=\"flex-basis:70%\">\n<h3 class=\"wp-block-heading has-text-align-left has-text-color has-link-color wp-elements-90225d96ccdc42ff0710033d0737ded9\" style=\"color:#011a5c\"><strong>D\u00eda 2 \u2013 las Am\u00e9ricas, Europa, Asia<\/strong><\/h3>\n\n\n\n<div class=\"wp-block-essential-blocks-button root-eb-button-fsozf\"><div class=\"eb-parent-wrapper eb-parent-eb-button-fsozf \"><div class=\"eb-button-wrapper eb-button-alignment eb-button-fsozf\"><div class=\"eb-button\"><div class=\"eb-button-inner-wrapper \"><a class=\"eb-button-anchor \" href=\"https:\/\/beta.aa-intergroup.org\/es\/programa-del-dia-dos-de-oiaa2025\/\" rel=\"noopener\">Programa del d\u00eda 2 de la convenci\u00f3n de un vistazo<\/a><\/div><\/div><\/div><\/div><\/div>\n\n\n\n<p class=\"has-text-align-left\" style=\"font-size:20px\">Chicago, EE. UU. &#8211; D\u00eda 2 Zona horaria de referencia local UTC<br\/>S\u00c1BADO, 15 de noviembre 10:00-17:30 Chicago, EE. UU. &#8211; CDT<br\/>(*S\u00c1BADO 15 de noviembre 11:00-18:30 Nueva York &#8211; EST)<\/p>\n\n\n\n<p class=\"has-text-align-left has-text-color has-link-color has-medium-font-size wp-elements-74423e983b61def524fd8a73daa5eb07\" style=\"color:#011a5c\"><strong>Brasil, Reino Unido, EE. UU., Ir\u00e1n, Rusia, Canad\u00e1, Chile<\/strong><\/p>\n<\/div>\n<\/div>\n\n<div style=\"height:65px\" aria-hidden=\"true\" class=\"wp-block-spacer\"><\/div>\n\n<div class=\"wp-block-columns is-layout-flex wp-container-core-columns-is-layout-9d6595d7 wp-block-columns-is-layout-flex\">\n<div class=\"wp-block-column is-layout-flow wp-block-column-is-layout-flow\" style=\"flex-basis:30%\"><div class=\"wp-block-image\">\n<figure class=\"aligncenter size-medium\"><img loading=\"lazy\" decoding=\"async\" width=\"300\" height=\"300\" src=\"https:\/\/beta.aa-intergroup.org\/wp-content\/uploads\/2025\/08\/Day-3-OIAA2025-300x300.jpeg\" alt=\"\" class=\"wp-image-12622\" srcset=\"https:\/\/beta.aa-intergroup.org\/wp-content\/uploads\/2025\/08\/Day-3-OIAA2025-300x300.jpeg 300w, https:\/\/beta.aa-intergroup.org\/wp-content\/uploads\/2025\/08\/Day-3-OIAA2025-150x150.jpeg 150w, https:\/\/beta.aa-intergroup.org\/wp-content\/uploads\/2025\/08\/Day-3-OIAA2025-125x125.jpeg 125w, https:\/\/beta.aa-intergroup.org\/wp-content\/uploads\/2025\/08\/Day-3-OIAA2025.jpeg 600w\" sizes=\"auto, (max-width: 300px) 100vw, 300px\" \/><\/figure><\/div><\/div>\n\n\n\n<div class=\"wp-block-column is-layout-flow wp-block-column-is-layout-flow\" style=\"flex-basis:70%\">\n<h3 class=\"wp-block-heading has-text-align-left has-text-color has-link-color wp-elements-2e5748e99d3c3e8af3b050fc9390f631\" style=\"color:#011a5c\"><strong><strong>D\u00eda 3 \u2013 Europa, \u00c1frica, Asia y las Am\u00e9ricas<\/strong><\/strong><\/h3>\n\n\n\n<div class=\"wp-block-essential-blocks-button root-eb-button-8c8s3\"><div class=\"eb-parent-wrapper eb-parent-eb-button-8c8s3 \"><div class=\"eb-button-wrapper eb-button-alignment eb-button-8c8s3\"><div class=\"eb-button\"><div class=\"eb-button-inner-wrapper \"><a class=\"eb-button-anchor \" href=\"https:\/\/beta.aa-intergroup.org\/es\/horario-del-dia-tres-de-oiaa2025\/\" rel=\"noopener\">Programa del d\u00eda 3 de la convenci\u00f3n de un vistazo<\/a><\/div><\/div><\/div><\/div><\/div>\n\n\n\n<p class=\"has-text-align-left\" style=\"font-size:20px\">Mosc\u00fa, Rusia &#8211; D\u00eda 3 Zona horaria de referencia local UTC<br\/>DOMINGO, 16 de noviembre 13:00-20:30 Mosc\u00fa, Rusia &#8211; MSK<br\/>(*DOMINGO 16 de noviembre 05:00-13:30 Nueva York &#8211; EST)<\/p>\n\n\n\n<p class=\"has-text-align-left has-text-color has-link-color wp-elements-9bd80bcb8bdf847335afd506f00c1960\" style=\"color:#011a5c;font-size:20px\"><strong>Portugal, Reino Unido, Espa\u00f1a, Francia, China, India, Marruecos, Ir\u00e1n, EE. UU.<\/strong><\/p>\n<\/div>\n<\/div>\n\n<div style=\"height:64px\" aria-hidden=\"true\" class=\"wp-block-spacer\"><\/div>\n\n<div style=\"height:64px\" aria-hidden=\"true\" class=\"wp-block-spacer\"><\/div>\n\n<h3 class=\"wp-block-heading has-text-align-center has-text-color has-link-color has-large-font-size wp-elements-dbf4bf2c6afbdd38e81b8acf1d797068\" style=\"color:#011a5c\">Tradici\u00f3n 7<\/h3>\n\n<p style=\"font-size:20px\">Si bien <mark style=\"background-color:rgba(0, 0, 0, 0);color:#10318c\" class=\"has-inline-color\">la asistencia a la convenci\u00f3n es gratuita<\/mark>, si desea contribuir a la 7\u00aa Tradici\u00f3n y ayudar a que este evento sea totalmente autosuficiente, agradecemos su apoyo. Por favor, utilice la referencia \u2018OIAA2025\u2019 en su transacci\u00f3n.<\/p>\n\n<div class=\"wp-block-columns is-layout-flex wp-container-core-columns-is-layout-9d6595d7 wp-block-columns-is-layout-flex\">\n<div class=\"wp-block-column is-layout-flow wp-block-column-is-layout-flow\"><\/div>\n\n\n\n<div class=\"wp-block-column is-layout-flow wp-block-column-is-layout-flow\">\n<h4 class=\"wp-block-heading has-text-align-left\">PayPal<\/h4>\n\n\n\n<figure class=\"wp-block-image size-full is-style-default\"><a href=\"https:\/\/www.paypal.com\/donate\/?hosted_button_id=56CTM2672LLZG\" target=\"_blank\" rel=\" noreferrer noopener\"><img loading=\"lazy\" decoding=\"async\" width=\"174\" height=\"61\" src=\"https:\/\/beta.aa-intergroup.org\/wp-content\/uploads\/2025\/08\/PayPal.jpg\" alt=\"\" class=\"wp-image-13017\"\/><\/a><\/figure>\n<\/div>\n\n\n\n<div class=\"wp-block-column is-layout-flow wp-block-column-is-layout-flow\">\n<h4 class=\"wp-block-heading has-text-align-left\">Stripe<\/h4>\n\n\n\n<script async=\"\" src=\"https:\/\/js.stripe.com\/v3\/buy-button.js\">\n<\/script>\n\n<stripe-buy-button buy-button-id=\"buy_btn_1Rv2kaI4AaHtLBiYDELUtbLl\" publishable-key=\"pk_live_51OXBCvI4AaHtLBiYEbnX7X75c349x3NleVyCWrmJQkbvGEz2veR0AqY9RSoe0iDEf1BrGLkuqvNntsRvz8eMwjwJ00kXjMoC8H\">\n<\/stripe-buy-button>\n<\/div>\n\n\n\n<div class=\"wp-block-column is-layout-flow wp-block-column-is-layout-flow\"><\/div>\n<\/div>\n\n<div style=\"height:61px\" aria-hidden=\"true\" class=\"wp-block-spacer\"><\/div>\n\n<h3 class=\"wp-block-heading has-text-align-center has-text-color has-link-color has-large-font-size wp-elements-49d7c1328cbdf820de417188748e82f4\" style=\"color:#011a5c\">\u00a1Difunda la noticia!<\/h3>\n\n<p class=\"has-text-align-center\" style=\"font-size:20px\"><strong><mark style=\"background-color:rgba(0, 0, 0, 0);color:#011a5c\" class=\"has-inline-color\">\u00a1FOLLETOS DE LA CONVENCI\u00d3N!<\/mark>  <a href=\"https:\/\/beta.aa-intergroup.org\/es\/oiaa2025\/pagina-de-medios-de-oiaa2025\/\" target=\"_blank\" rel=\"noreferrer noopener\">Haga clic aqu\u00ed<\/a> <mark style=\"background-color:rgba(0, 0, 0, 0);color:#011a5c\" class=\"has-inline-color\">para descargar y compartir los folletos de la convenci\u00f3n<\/mark><\/strong> con sus grupos de origen, que actualmente est\u00e1n disponibles en ingl\u00e9s, espa\u00f1ol, franc\u00e9s y portugu\u00e9s. Si desea que creemos un folleto en su idioma, env\u00edenos un correo electr\u00f3nico a <a href=\"mailto:convention2025@aa-intergroup.org\">convention2025@aa-intergroup.org<\/a>, o, si desea crear sus propios folletos o comunicaciones, p\u00f3ngase en contacto con nosotros para obtener el paquete de medios.<\/p>\n\n<div style=\"height:43px\" aria-hidden=\"true\" class=\"wp-block-spacer\"><\/div>\n\n<h3 class=\"wp-block-heading has-text-align-center has-text-color has-link-color has-large-font-size wp-elements-4d90f9f3bb98c0c72549ccc442d78d61\" style=\"color:#011a5c\">\u00bfQuiere participar?<\/h3>\n\n<p style=\"font-size:20px\">\ud83e\uddf0<strong>Si desea prestar servicio durante la convenci\u00f3n<\/strong>, nos encantar\u00eda darle la bienvenida al equipo. Por favor, <a href=\"https:\/\/beta.aa-intergroup.org\/es\/oiaa2025\/pagina-de-voluntariado-de-oiaa2025\/\" data-type=\"link\" data-id=\"https:\/\/beta.aa-intergroup.org\/oiaa2025-volunteer-page\/\" target=\"_blank\" rel=\"noreferrer noopener\">env\u00ede un correo electr\u00f3nico<\/a> para obtener m\u00e1s informaci\u00f3n.<\/p>\n\n<p style=\"font-size:20px\">\ud83d\udcac<strong>\u00danase a nuestros grupos de idioma y comunidad de WhatsApp OIAA2025<\/strong>. La comunidad es un espacio cerrado y supervisado solo para miembros de A.A.. Los anuncios de la convenci\u00f3n y de OIAA se publican en ingl\u00e9s y luego se traducen a los respectivos idiomas de los administradores del Grupo de Idiomas. Para unirse, env\u00edenos un correo electr\u00f3nico a <a href=\"mailto:OIAA2025.Chair@aa-intergroup.org\">OIAA2025.Chair@aa-intergroup.org<\/a> o a <a href=\"mailto:unity.chair@aa-intergroup.org\">unity.chair@aa-intergroup.org<\/a> y le pondremos en contacto.<\/p>\n\n<div class=\"wp-block-essential-blocks-button root-eb-button-e6z3d\"><div class=\"eb-parent-wrapper eb-parent-eb-button-e6z3d \"><div class=\"eb-button-wrapper eb-button-alignment eb-button-e6z3d\"><div class=\"eb-button\"><div class=\"eb-button-inner-wrapper \"><a class=\"eb-button-anchor \" href=\"https:\/\/beta.aa-intergroup.org\/es\/recuerdos-de-la-1-a-convencion-internacional-de-oiaa\/\" rel=\"noopener\">Recuerdos de OIAA2024<\/a><\/div><\/div><\/div><\/div><\/div>\n\n<p><\/p>\n","protected":false},"excerpt":{"rendered":"<p>OIAA2025 le da la bienvenida a nuestra 2\u00aaConvenci\u00f3n Internacional en L\u00ednea El tema de este a\u00f1o \u2014 Unidad: En Casa Alrededor del Mundo \u2014 celebra el poder de la conexi\u00f3n a trav\u00e9s de zonas horarias, culturas y mesas de cocina. Juntos, estamos en casa\u2026 en todas partes. Vista de hoja de c\u00e1lculo del programa completo<a class=\"excerpt-read-more\" href=\"https:\/\/beta.aa-intergroup.org\/es\/oiaa2025\/\" title=\"ReadOIAA2025\">&#8230; Read more &raquo;<\/a><\/p>\n","protected":false},"author":153,"featured_media":0,"parent":0,"menu_order":0,"comment_status":"closed","ping_status":"closed","template":"","meta":{"_acf_changed":false,"_eb_attr":"","footnotes":""},"class_list":["post-14985","page","type-page","status-publish","hentry"],"acf":[],"_links":{"self":[{"href":"https:\/\/beta.aa-intergroup.org\/es\/wp-json\/wp\/v2\/pages\/14985","targetHints":{"allow":["GET"]}}],"collection":[{"href":"https:\/\/beta.aa-intergroup.org\/es\/wp-json\/wp\/v2\/pages"}],"about":[{"href":"https:\/\/beta.aa-intergroup.org\/es\/wp-json\/wp\/v2\/types\/page"}],"author":[{"embeddable":true,"href":"https:\/\/beta.aa-intergroup.org\/es\/wp-json\/wp\/v2\/users\/153"}],"replies":[{"embeddable":true,"href":"https:\/\/beta.aa-intergroup.org\/es\/wp-json\/wp\/v2\/comments?post=14985"}],"version-history":[{"count":14,"href":"https:\/\/beta.aa-intergroup.org\/es\/wp-json\/wp\/v2\/pages\/14985\/revisions"}],"predecessor-version":[{"id":41576,"href":"https:\/\/beta.aa-intergroup.org\/es\/wp-json\/wp\/v2\/pages\/14985\/revisions\/41576"}],"wp:attachment":[{"href":"https:\/\/beta.aa-intergroup.org\/es\/wp-json\/wp\/v2\/media?parent=14985"}],"curies":[{"name":"wp","href":"https:\/\/api.w.org\/{rel}","templated":true}]}}