{"id":15358,"date":"2025-06-16T13:15:15","date_gmt":"2025-06-16T17:15:15","guid":{"rendered":"https:\/\/beta.aa-intergroup.org\/grupos-miembros-de-oiaa\/"},"modified":"2025-10-28T04:21:26","modified_gmt":"2025-10-28T08:21:26","slug":"grupos-miembros-de-oiaa","status":"publish","type":"page","link":"https:\/\/beta.aa-intergroup.org\/es\/grupos-miembros-de-oiaa\/","title":{"rendered":"Grupos miembros de OIAA"},"content":{"rendered":"\n<hr class=\"wp-block-separator has-text-color has-alpha-channel-opacity has-background is-style-default\" style=\"background-color:#08c9fd;color:#08c9fd\"\/>\n\n<h2 class=\"wp-block-heading has-text-align-center has-text-color has-link-color has-x-large-font-size wp-elements-c230e822f2afae3b3438ec38f5de0f18\" style=\"color:#011a5c;font-style:normal;font-weight:700;text-transform:uppercase\">Dentro de OIAA<\/h2>\n\n<p class=\"has-text-align-center\">Este es el recurso de referencia para todo lo que sucede dentro de OIAA. <\/p>\n\n<div class=\"wp-block-essential-blocks-text root-eb-text-svizr\"><div class=\"eb-parent-wrapper eb-parent-eb-text-svizr \"><div class=\"eb-text-wrapper eb-text-svizr\" data-id=\"eb-text-svizr\"><p class=\"eb-text\"><strong>Men\u00fa Dentro de OIAA<\/strong><br><a href=\"https:\/\/beta.aa-intergroup.org\/es\/grupos-miembros-de-oiaa\/\" data-type=\"page\" data-id=\"21905\">grupos<\/a><br><a href=\"https:\/\/beta.aa-intergroup.org\/online-meeting-tools-guidelines\/\" data-type=\"link\" data-id=\"https:\/\/beta.aa-intergroup.org\/online-meeting-tools-guidelines\/\">herramientas y directrices para reuniones en l\u00ednea<\/a><br><a href=\"https:\/\/beta.aa-intergroup.org\/oiaa-in-action\/\" data-type=\"page\" data-id=\"21908\">OIAA en acci\u00f3n<\/a><br><a href=\"https:\/\/beta.aa-intergroup.org\/service-committees\/\" data-type=\"page\" data-id=\"21910\">comit\u00e9s de servicio<\/a><br><a href=\"https:\/\/beta.aa-intergroup.org\/oiaa-calendar\/\" data-type=\"link\" data-id=\"https:\/\/beta.aa-intergroup.org\/oiaa-calendar\/\">eventos de OIAA<\/a><br><a href=\"https:\/\/beta.aa-intergroup.org\/become-a-member\/\" data-type=\"page\" data-id=\"21912\">h\u00e1gase miembro<\/a><\/p><\/div><\/div><\/div>\n\n<!-- UberMenu [Configuration:insideoiaa] [Theme Loc:] [Integration:api] -->\n<button class=\"ubermenu-responsive-toggle ubermenu-responsive-toggle-insideoiaa ubermenu-skin-grey-white ubermenu-loc- ubermenu-responsive-toggle-content-align-left ubermenu-responsive-toggle-align-full ubermenu-responsive-toggle-close-icon-times \" tabindex=\"0\" data-ubermenu-target=\"ubermenu-insideoiaa-630\"   aria-label=\"Toggle Inside OIAA - Spanish\"><i class=\"fas fa-bars\" ><\/i>Menu<\/button><nav id=\"ubermenu-insideoiaa-630\" class=\"ubermenu ubermenu-nojs ubermenu-insideoiaa ubermenu-menu-630 ubermenu-responsive ubermenu-responsive-default ubermenu-responsive-collapse ubermenu-horizontal ubermenu-transition-shift ubermenu-trigger-hover_intent ubermenu-skin-grey-white  ubermenu-bar-align-full ubermenu-items-align-flex ubermenu-bound-inner ubermenu-disable-submenu-scroll ubermenu-sub-indicators ubermenu-retractors-responsive ubermenu-submenu-indicator-closes\"><ul id=\"ubermenu-nav-insideoiaa-90\" class=\"ubermenu-nav\" data-title=\"Inside OIAA - Spanish\"><li id=\"menu-item-37520\" class=\"ubermenu-item ubermenu-item-type-post_type ubermenu-item-object-page ubermenu-item-37520 ubermenu-item-level-0 ubermenu-column ubermenu-column-auto\" ><a class=\"ubermenu-target ubermenu-item-layout-default ubermenu-item-layout-text_only\" href=\"https:\/\/beta.aa-intergroup.org\/es\/grupos-miembros-de-oiaa\/\" tabindex=\"0\"><span class=\"ubermenu-target-title ubermenu-target-text\">Grupos miembros de OIAA<\/span><\/a><\/li><li id=\"menu-item-37556\" class=\"ubermenu-item ubermenu-item-type-post_type ubermenu-item-object-page ubermenu-item-37556 ubermenu-item-level-0 ubermenu-column ubermenu-column-auto\" ><a class=\"ubermenu-target ubermenu-item-layout-default ubermenu-item-layout-text_only\" href=\"https:\/\/beta.aa-intergroup.org\/es\/herramientas-y-directrices-para-reuniones-en-linea\/\" tabindex=\"0\"><span class=\"ubermenu-target-title ubermenu-target-text\">Herramientas y directrices para reuniones en l\u00ednea<\/span><\/a><\/li><li id=\"menu-item-37557\" class=\"ubermenu-item ubermenu-item-type-post_type ubermenu-item-object-page ubermenu-item-37557 ubermenu-item-level-0 ubermenu-column ubermenu-column-auto\" ><a class=\"ubermenu-target ubermenu-item-layout-default ubermenu-item-layout-text_only\" href=\"https:\/\/beta.aa-intergroup.org\/es\/oiaa-en-accion\/\" tabindex=\"0\"><span class=\"ubermenu-target-title ubermenu-target-text\">OIAA en acci\u00f3n<\/span><\/a><\/li><li id=\"menu-item-37558\" class=\"ubermenu-item ubermenu-item-type-post_type ubermenu-item-object-page ubermenu-item-37558 ubermenu-item-level-0 ubermenu-column ubermenu-column-auto\" ><a class=\"ubermenu-target ubermenu-item-layout-default ubermenu-item-layout-text_only\" href=\"https:\/\/beta.aa-intergroup.org\/es\/comites-de-servicio\/\" tabindex=\"0\"><span class=\"ubermenu-target-title ubermenu-target-text\">Comit\u00e9s de servicio<\/span><\/a><\/li><li id=\"menu-item-37559\" class=\"ubermenu-item ubermenu-item-type-post_type ubermenu-item-object-page ubermenu-item-37559 ubermenu-item-level-0 ubermenu-column ubermenu-column-auto\" ><a class=\"ubermenu-target ubermenu-item-layout-default ubermenu-item-layout-text_only\" href=\"https:\/\/beta.aa-intergroup.org\/es\/calendario-de-oiaa\/\" tabindex=\"0\"><span class=\"ubermenu-target-title ubermenu-target-text\">Calendario de OIAA<\/span><\/a><\/li><li id=\"menu-item-37560\" class=\"ubermenu-item ubermenu-item-type-post_type ubermenu-item-object-page ubermenu-item-37560 ubermenu-item-level-0 ubermenu-column ubermenu-column-auto\" ><a class=\"ubermenu-target ubermenu-item-layout-default ubermenu-item-layout-text_only\" href=\"https:\/\/beta.aa-intergroup.org\/es\/hagase-miembro\/\" tabindex=\"0\"><span class=\"ubermenu-target-title ubermenu-target-text\">H\u00e1gase miembro<\/span><\/a><\/li><\/ul><\/nav>\n<!-- End UberMenu -->\n\n\n<hr class=\"wp-block-separator has-text-color has-alpha-channel-opacity has-background is-style-default\" style=\"background-color:#08c9fd;color:#08c9fd\"\/>\n\n<div style=\"height:18px\" aria-hidden=\"true\" class=\"wp-block-spacer\"><\/div>\n\n<h2 class=\"wp-block-heading has-text-align-center has-large-font-size\">Grupos miembros de OIAA<\/h2>\n\n<p>Este es su recurso de referencia para los grupos que figuran en OIAA y aquellos que participan en la estructura de servicio de OIAA. Los RGI de los grupos encontrar\u00e1n aqu\u00ed la informaci\u00f3n m\u00e1s actualizada. <\/p>\n\n<div class=\"wp-block-essential-blocks-button root-eb-button-k731r\"><div class=\"eb-parent-wrapper eb-parent-eb-button-k731r \"><div class=\"eb-button-wrapper eb-button-alignment eb-button-k731r\"><div class=\"eb-button\"><div class=\"eb-button-inner-wrapper \"><a class=\"eb-button-anchor \" href=\"https:\/\/beta.aa-intergroup.org\/group-events\/\" rel=\"noopener\">Ver eventos de grupo<\/a><\/div><\/div><\/div><\/div><\/div>\n\n<div style=\"height:20px\" aria-hidden=\"true\" class=\"wp-block-spacer\"><\/div>\n\n<div class=\"wp-block-columns is-layout-flex wp-container-core-columns-is-layout-9d6595d7 wp-block-columns-is-layout-flex\">\n<div class=\"wp-block-column is-layout-flow wp-block-column-is-layout-flow\">\n<div class=\"wp-block-essential-blocks-infobox root-eb-infobox-3y9am\"><div class=\"eb-parent-wrapper eb-parent-eb-infobox-3y9am \"><div class=\"eb-infobox-3y9am eb-infobox-wrapper\"><div class=\"infobox-wrapper-inner\"><div class=\"contents-wrapper\"><p class=\"description\">La informaci\u00f3n m\u00e1s actualizada que todo RGI debe conocer.<\/p><div class=\"eb-button-inner-wrapper eb-infobox-btn-wrapper\"><a class=\"eb-button-anchor infobox-btn \" href=\"https:\/\/beta.aa-intergroup.org\/igr-hotlist\/\" rel=\"noopener\"><strong>Lista de temas importantes para el RGI <\/strong><\/a><\/div><\/div><\/div><\/div><\/div><\/div>\n<\/div>\n\n\n\n<div class=\"wp-block-column is-layout-flow wp-block-column-is-layout-flow\">\n<div class=\"wp-block-essential-blocks-infobox root-eb-infobox-njvfg\"><div class=\"eb-parent-wrapper eb-parent-eb-infobox-njvfg \"><div class=\"eb-infobox-njvfg eb-infobox-wrapper\"><div class=\"infobox-wrapper-inner\"><div class=\"contents-wrapper\"><p class=\"description\">Mantenga a todos informados sobre lo que est\u00e1 sucediendo en su grupo.<\/p><div class=\"eb-button-inner-wrapper eb-infobox-btn-wrapper\"><a class=\"eb-button-anchor infobox-btn \" href=\"https:\/\/beta.aa-intergroup.org\/submit-group-report\/\" rel=\"noopener\"><strong>Informes de grupos<\/strong><\/a><\/div><\/div><\/div><\/div><\/div><\/div>\n<\/div>\n\n\n\n<div class=\"wp-block-column is-layout-flow wp-block-column-is-layout-flow\">\n<div class=\"wp-block-essential-blocks-infobox root-eb-infobox-qh1kd\"><div class=\"eb-parent-wrapper eb-parent-eb-infobox-qh1kd \"><div class=\"eb-infobox-qh1kd eb-infobox-wrapper\"><div class=\"infobox-wrapper-inner\"><div class=\"contents-wrapper\"><p class=\"description\">Los miembros comparten su experiencia, fortaleza y esperanza.<br><\/p><div class=\"eb-button-inner-wrapper eb-infobox-btn-wrapper\"><a class=\"eb-button-anchor infobox-btn \" href=\"https:\/\/beta.aa-intergroup.org\/stories\/\" rel=\"noopener\"><strong>Historias de miembros<\/strong><\/a><\/div><\/div><\/div><\/div><\/div><\/div>\n<\/div>\n<\/div>\n\n<div style=\"height:32px\" aria-hidden=\"true\" class=\"wp-block-spacer\"><\/div>\n\n<div class=\"wp-block-columns is-layout-flex wp-container-core-columns-is-layout-9d6595d7 wp-block-columns-is-layout-flex\">\n<div class=\"wp-block-column is-layout-flow wp-block-column-is-layout-flow\">\n<div class=\"wp-block-essential-blocks-infobox root-eb-infobox-60hlv\"><div class=\"eb-parent-wrapper eb-parent-eb-infobox-60hlv \"><div class=\"eb-infobox-60hlv eb-infobox-wrapper\"><div class=\"infobox-wrapper-inner\"><div class=\"contents-wrapper\"><p class=\"description\">Utilice este formulario para enviar los eventos de su grupo. No es necesario ser un Grupo Miembro de OIAA para incluir un evento en la lista.<br><\/p><div class=\"eb-button-inner-wrapper eb-infobox-btn-wrapper\"><a class=\"eb-button-anchor infobox-btn \" href=\"https:\/\/beta.aa-intergroup.org\/submit-group-event\/\" rel=\"noopener\"><strong>Enviar un evento de grupo<\/strong><\/a><\/div><\/div><\/div><\/div><\/div><\/div>\n<\/div>\n\n\n\n<div class=\"wp-block-column is-layout-flow wp-block-column-is-layout-flow\">\n<div class=\"wp-block-essential-blocks-infobox root-eb-infobox-69t65\"><div class=\"eb-parent-wrapper eb-parent-eb-infobox-69t65 \"><div class=\"eb-infobox-69t65 eb-infobox-wrapper\"><div class=\"infobox-wrapper-inner\"><div class=\"contents-wrapper\"><p class=\"description\">Si tiene preguntas sobre la membres\u00eda de grupo de OIAA o necesita cambiar la informaci\u00f3n de su RGI, p\u00f3ngase en contacto con el registrador.<\/p><div class=\"eb-button-inner-wrapper eb-infobox-btn-wrapper\"><a class=\"eb-button-anchor infobox-btn \" href=\"https:\/\/beta.aa-intergroup.org\/oiaa-registrar\/\" rel=\"noopener\"><strong>Contactar con el registrador <\/strong><\/a><\/div><\/div><\/div><\/div><\/div><\/div>\n<\/div>\n\n\n\n<div class=\"wp-block-column is-layout-flow wp-block-column-is-layout-flow\">\n<div class=\"wp-block-essential-blocks-infobox root-eb-infobox-x8n33\"><div class=\"eb-parent-wrapper eb-parent-eb-infobox-x8n33 \"><div class=\"eb-infobox-x8n33 eb-infobox-wrapper\"><div class=\"infobox-wrapper-inner\"><div class=\"contents-wrapper\"><p class=\"description\">Todo grupo de A. A. debe mantenerse completamente a s\u00ed mismo, rechazando contribuciones externas\u201d. (p\u00e1g. 160, Doce Pasos y Doce Tradiciones)<\/p><div class=\"eb-button-inner-wrapper eb-infobox-btn-wrapper\"><a class=\"eb-button-anchor infobox-btn \" href=\"https:\/\/beta.aa-intergroup.org\/contributions\/\" rel=\"noopener\"><strong>Hacer una contribuci\u00f3n<\/strong><\/a><\/div><\/div><\/div><\/div><\/div><\/div>\n<\/div>\n<\/div>\n\n<div style=\"height:431px\" aria-hidden=\"true\" class=\"wp-block-spacer\"><\/div>\n","protected":false},"excerpt":{"rendered":"<p>Dentro de OIAA Este es el recurso de referencia para todo lo que sucede dentro de OIAA. Grupos miembros de OIAA Este es su recurso de referencia para los grupos que figuran en OIAA y aquellos que participan en la estructura de servicio de OIAA. Los RGI de los grupos encontrar\u00e1n aqu\u00ed la informaci\u00f3n m\u00e1s<a class=\"excerpt-read-more\" href=\"https:\/\/beta.aa-intergroup.org\/es\/grupos-miembros-de-oiaa\/\" title=\"ReadGrupos miembros de OIAA\">&#8230; Read more &raquo;<\/a><\/p>\n","protected":false},"author":153,"featured_media":0,"parent":0,"menu_order":0,"comment_status":"closed","ping_status":"closed","template":"","meta":{"_acf_changed":false,"_eb_attr":"","footnotes":""},"class_list":["post-15358","page","type-page","status-publish","hentry"],"acf":[],"_links":{"self":[{"href":"https:\/\/beta.aa-intergroup.org\/es\/wp-json\/wp\/v2\/pages\/15358","targetHints":{"allow":["GET"]}}],"collection":[{"href":"https:\/\/beta.aa-intergroup.org\/es\/wp-json\/wp\/v2\/pages"}],"about":[{"href":"https:\/\/beta.aa-intergroup.org\/es\/wp-json\/wp\/v2\/types\/page"}],"author":[{"embeddable":true,"href":"https:\/\/beta.aa-intergroup.org\/es\/wp-json\/wp\/v2\/users\/153"}],"replies":[{"embeddable":true,"href":"https:\/\/beta.aa-intergroup.org\/es\/wp-json\/wp\/v2\/comments?post=15358"}],"version-history":[{"count":1,"href":"https:\/\/beta.aa-intergroup.org\/es\/wp-json\/wp\/v2\/pages\/15358\/revisions"}],"predecessor-version":[{"id":15359,"href":"https:\/\/beta.aa-intergroup.org\/es\/wp-json\/wp\/v2\/pages\/15358\/revisions\/15359"}],"wp:attachment":[{"href":"https:\/\/beta.aa-intergroup.org\/es\/wp-json\/wp\/v2\/media?parent=15358"}],"curies":[{"name":"wp","href":"https:\/\/api.w.org\/{rel}","templated":true}]}}