{"id":15389,"date":"2020-04-01T12:25:31","date_gmt":"2020-04-01T16:25:31","guid":{"rendered":"https:\/\/beta.aa-intergroup.org\/obtenga-ayuda-ahora-para-un-problema-con-la-bebida\/"},"modified":"2025-10-28T04:22:48","modified_gmt":"2025-10-28T08:22:48","slug":"obtenga-ayuda-ahora-para-un-problema-con-la-bebida","status":"publish","type":"page","link":"https:\/\/beta.aa-intergroup.org\/es\/obtenga-ayuda-ahora-para-un-problema-con-la-bebida\/","title":{"rendered":"Obtenga ayuda ahora para un problema con la bebida"},"content":{"rendered":"\n<p>Su solicitud ser\u00e1 recibida y respondida por correo electr\u00f3nico por miembros del Comit\u00e9 del Paso 12 de la OIAA, compuesto por miembros sobrios de AA en todo el mundo. Responderemos lo antes posible. \u00a1Gracias!  <\/p>\n\n<div class=\"wp-block-columns is-layout-flex wp-container-core-columns-is-layout-9d6595d7 wp-block-columns-is-layout-flex\">\n<div class=\"wp-block-column is-layout-flow wp-block-column-is-layout-flow\">\n<div class=\"wp-block-buttons is-layout-flex wp-block-buttons-is-layout-flex\">\n<div class=\"wp-block-button is-style-outline is-style-outline--1\"><a class=\"wp-block-button__link wp-element-button\" href=\"https:\/\/beta.aa-intergroup.org\/meetings\/\">\u00danase a una reuni\u00f3n<\/a><\/div>\n<\/div>\n<\/div>\n<\/div>\n\n<h3 class=\"wp-block-heading\">P\u00f3ngase en contacto con el comit\u00e9 del Paso 12<\/h3>\n<div class=\"wpforms-container wpforms-container-full wpforms-block wpforms-block-204f2691-57e4-449a-ac1a-279da6b9a029\" id=\"wpforms-831\"><form id=\"wpforms-form-831\" class=\"wpforms-validate wpforms-form\" data-formid=\"831\" method=\"post\" enctype=\"multipart\/form-data\" action=\"\/es\/wp-json\/wp\/v2\/pages\/15389\" data-token=\"2ebd7d9468a484b2d9f14fb4ec7a631b\" data-token-time=\"1776044734\"><noscript class=\"wpforms-error-noscript\">Por favor, activa JavaScript en tu navegador para completar este formulario.<\/noscript><div class=\"wpforms-field-container\"><div id=\"wpforms-831-field_0-container\" class=\"wpforms-field wpforms-field-name\" data-field-id=\"0\"><label class=\"wpforms-field-label\" for=\"wpforms-831-field_0\">Nombre <span class=\"wpforms-required-label\">*<\/span><\/label><input type=\"text\" id=\"wpforms-831-field_0\" class=\"wpforms-field-medium wpforms-field-required\" name=\"wpforms[fields][0]\" required><div class=\"wpforms-field-description\">Con solo el nombre es suficiente.<\/div><\/div><div id=\"wpforms-831-field_1-container\" class=\"wpforms-field wpforms-field-email\" data-field-id=\"1\"><label class=\"wpforms-field-label\" for=\"wpforms-831-field_1\">Correo electr\u00f3nico <span class=\"wpforms-required-label\">*<\/span><\/label><input type=\"email\" id=\"wpforms-831-field_1\" class=\"wpforms-field-medium wpforms-field-required\" name=\"wpforms[fields][1]\" spellcheck=\"false\" required><\/div><div id=\"wpforms-831-field_2-container\" class=\"wpforms-field wpforms-field-textarea\" data-field-id=\"2\"><label class=\"wpforms-field-label\" for=\"wpforms-831-field_2\">Mensaje <span class=\"wpforms-required-label\">*<\/span><\/label><textarea id=\"wpforms-831-field_2\" class=\"wpforms-field-medium wpforms-field-required\" name=\"wpforms[fields][2]\" required><\/textarea><\/div><div id=\"wpforms-831-field_3-container\" class=\"wpforms-field wpforms-field-hidden\" data-field-id=\"3\"><input type=\"hidden\" id=\"wpforms-831-field_3\" name=\"wpforms[fields][3]\" value=\"04\/12\/2026\"><\/div><div id=\"wpforms-831-field_7-container\" class=\"wpforms-field wpforms-field-select wpforms-conditional-trigger wpforms-field-select-style-classic\" data-field-id=\"7\"><label class=\"wpforms-field-label\" for=\"wpforms-831-field_7\">Su pa\u00eds <span class=\"wpforms-required-label\">*<\/span><\/label><select id=\"wpforms-831-field_7\" class=\"wpforms-field-medium wpforms-field-required\" name=\"wpforms[fields][7]\" required=\"required\"><option value=\"Por favor, seleccione\" >Por favor, seleccione<\/option><option value=\"EE. UU.\" >EE. UU.<\/option><option value=\"Guadalupe\" >Guadalupe<\/option><option value=\"Canad\u00e1\" >Canad\u00e1<\/option><option value=\"M\u00e9xico\" >M\u00e9xico<\/option><option value=\"Francia\" >Francia<\/option><option value=\"India\" >India<\/option><option value=\"Irlanda \" >Irlanda<\/option><option value=\"L\u00edbano\" >L\u00edbano<\/option><option value=\"Otro pa\u00eds\" >Otro pa\u00eds<\/option><\/select><\/div><div id=\"wpforms-831-field_6-container\" class=\"wpforms-field wpforms-field-text wpforms-conditional-field wpforms-conditional-show\" data-field-id=\"6\" style=\"display:none;\"><label class=\"wpforms-field-label\" for=\"wpforms-831-field_6\">Otro pa\u00eds<\/label><input type=\"text\" id=\"wpforms-831-field_6\" class=\"wpforms-field-medium\" name=\"wpforms[fields][6]\" ><div class=\"wpforms-field-description\">Por favor, a\u00f1ada informaci\u00f3n si seleccion\u00f3 otro pa\u00eds<\/div><\/div><div id=\"wpforms-831-field_10-container\" class=\"wpforms-field wpforms-field-text request-id\" data-field-id=\"10\"><label class=\"wpforms-field-label\" for=\"wpforms-831-field_10\">Request ID<\/label><input type=\"text\" id=\"wpforms-831-field_10\" class=\"wpforms-field-medium\" name=\"wpforms[fields][10]\" ><\/div><\/div><!-- .wpforms-field-container --><div class=\"wpforms-field wpforms-field-hp\"><label for=\"wpforms-831-field-hp\" class=\"wpforms-field-label\">Phone<\/label><input type=\"text\" name=\"wpforms[hp]\" id=\"wpforms-831-field-hp\" class=\"wpforms-field-medium\"><\/div><div class=\"wpforms-recaptcha-container wpforms-is-recaptcha wpforms-is-recaptcha-type-v2\" ><div class=\"g-recaptcha\" data-sitekey=\"6LfLO_EUAAAAAD2WTL408A9DfNNx6AhXu-npfay8\"><\/div><input type=\"text\" name=\"g-recaptcha-hidden\" class=\"wpforms-recaptcha-hidden\" style=\"position:absolute!important;clip:rect(0,0,0,0)!important;height:1px!important;width:1px!important;border:0!important;overflow:hidden!important;padding:0!important;margin:0!important;\" data-rule-recaptcha=\"1\"><\/div><div class=\"wpforms-submit-container\" ><input type=\"hidden\" name=\"wpforms[id]\" value=\"831\"><input type=\"hidden\" name=\"page_title\" value=\"\"><input type=\"hidden\" name=\"page_url\" value=\"https:\/\/beta.aa-intergroup.org\/es\/wp-json\/wp\/v2\/pages\/15389\"><button type=\"submit\" name=\"wpforms[submit]\" id=\"wpforms-submit-831\" class=\"wpforms-submit form-submit\" data-alt-text=\"Enviando...\" data-submit-text=\"Enviar\" aria-live=\"assertive\" value=\"wpforms-submit\">Enviar<\/button><\/div><\/form><\/div>  <!-- .wpforms-container -->","protected":false},"excerpt":{"rendered":"<p>El <a href=\"https:\/\/beta.aa-intergroup.org\/oiaa\/get-help-now\/\">Comit\u00e9 del Paso 12 de la OIAA<\/a> responde directamente, por correo electr\u00f3nico, a las personas que buscan ayuda para un problema con la bebida. Con dominio de muchos idiomas, decenas de miembros de AA de todo el mundo brindan asistencia las 24 horas. <\/p>\n","protected":false},"author":9,"featured_media":15392,"parent":0,"menu_order":2,"comment_status":"closed","ping_status":"closed","template":"","meta":{"_acf_changed":false,"_eb_attr":"","footnotes":""},"class_list":["post-15389","page","type-page","status-publish","has-post-thumbnail","hentry"],"acf":[],"_links":{"self":[{"href":"https:\/\/beta.aa-intergroup.org\/es\/wp-json\/wp\/v2\/pages\/15389","targetHints":{"allow":["GET"]}}],"collection":[{"href":"https:\/\/beta.aa-intergroup.org\/es\/wp-json\/wp\/v2\/pages"}],"about":[{"href":"https:\/\/beta.aa-intergroup.org\/es\/wp-json\/wp\/v2\/types\/page"}],"author":[{"embeddable":true,"href":"https:\/\/beta.aa-intergroup.org\/es\/wp-json\/wp\/v2\/users\/9"}],"replies":[{"embeddable":true,"href":"https:\/\/beta.aa-intergroup.org\/es\/wp-json\/wp\/v2\/comments?post=15389"}],"version-history":[{"count":1,"href":"https:\/\/beta.aa-intergroup.org\/es\/wp-json\/wp\/v2\/pages\/15389\/revisions"}],"predecessor-version":[{"id":15393,"href":"https:\/\/beta.aa-intergroup.org\/es\/wp-json\/wp\/v2\/pages\/15389\/revisions\/15393"}],"wp:featuredmedia":[{"embeddable":true,"href":"https:\/\/beta.aa-intergroup.org\/es\/wp-json\/wp\/v2\/media\/15392"}],"wp:attachment":[{"href":"https:\/\/beta.aa-intergroup.org\/es\/wp-json\/wp\/v2\/media?parent=15389"}],"curies":[{"name":"wp","href":"https:\/\/api.w.org\/{rel}","templated":true}]}}