{"id":15421,"date":"2025-06-16T13:15:09","date_gmt":"2025-06-16T17:15:09","guid":{"rendered":"https:\/\/beta.aa-intergroup.org\/oiaa-en-accion\/"},"modified":"2025-10-28T04:23:40","modified_gmt":"2025-10-28T08:23:40","slug":"oiaa-en-accion","status":"publish","type":"page","link":"https:\/\/beta.aa-intergroup.org\/es\/oiaa-en-accion\/","title":{"rendered":"OIAA en acci\u00f3n"},"content":{"rendered":"\n<hr class=\"wp-block-separator has-text-color has-alpha-channel-opacity has-background is-style-default\" style=\"background-color:#08c9fd;color:#08c9fd\"\/>\n\n<h2 class=\"wp-block-heading has-text-align-center has-text-color has-link-color has-x-large-font-size wp-elements-c230e822f2afae3b3438ec38f5de0f18\" style=\"color:#011a5c;font-style:normal;font-weight:700;text-transform:uppercase\">Dentro de OIAA<\/h2>\n\n<p class=\"has-text-align-center\">Este es el recurso de referencia para todo lo que sucede dentro de OIAA. <\/p>\n\n<div class=\"wp-block-essential-blocks-text root-eb-text-dyh11\"><div class=\"eb-parent-wrapper eb-parent-eb-text-dyh11 \"><div class=\"eb-text-wrapper eb-text-dyh11\" data-id=\"eb-text-dyh11\"><p class=\"eb-text\"><strong>Men\u00fa Dentro de OIAA<\/strong><br><a href=\"https:\/\/beta.aa-intergroup.org\/es\/grupos-miembros-de-oiaa\/\" data-type=\"page\" data-id=\"21905\">grupos<\/a><br><a href=\"https:\/\/beta.aa-intergroup.org\/online-meeting-tools-guidelines\/\" data-type=\"link\" data-id=\"https:\/\/beta.aa-intergroup.org\/online-meeting-tools-guidelines\/\">herramientas y directrices para reuniones en l\u00ednea<\/a><br><a href=\"https:\/\/beta.aa-intergroup.org\/es\/oiaa-en-accion\/\" data-type=\"page\" data-id=\"21908\">OIAA en acci\u00f3n<\/a><br><a href=\"https:\/\/beta.aa-intergroup.org\/service-committees\/\" data-type=\"page\" data-id=\"21910\">comit\u00e9s de servicio<\/a><br><a href=\"https:\/\/beta.aa-intergroup.org\/oiaa-calendar\/\" data-type=\"link\" data-id=\"https:\/\/beta.aa-intergroup.org\/oiaa-calendar\/\">eventos de OIAA<\/a><br><a href=\"https:\/\/beta.aa-intergroup.org\/become-a-member\/\" data-type=\"page\" data-id=\"21912\">h\u00e1gase miembro<\/a><\/p><\/div><\/div><\/div>\n\n<!-- UberMenu [Configuration:insideoiaa] [Theme Loc:] [Integration:api] -->\n<button class=\"ubermenu-responsive-toggle ubermenu-responsive-toggle-insideoiaa ubermenu-skin-grey-white ubermenu-loc- ubermenu-responsive-toggle-content-align-left ubermenu-responsive-toggle-align-full ubermenu-responsive-toggle-close-icon-times \" tabindex=\"0\" data-ubermenu-target=\"ubermenu-insideoiaa-630\"   aria-label=\"Toggle Inside OIAA - Spanish\"><i class=\"fas fa-bars\" ><\/i>Menu<\/button><nav id=\"ubermenu-insideoiaa-630\" class=\"ubermenu ubermenu-nojs ubermenu-insideoiaa ubermenu-menu-630 ubermenu-responsive ubermenu-responsive-default ubermenu-responsive-collapse ubermenu-horizontal ubermenu-transition-shift ubermenu-trigger-hover_intent ubermenu-skin-grey-white  ubermenu-bar-align-full ubermenu-items-align-flex ubermenu-bound-inner ubermenu-disable-submenu-scroll ubermenu-sub-indicators ubermenu-retractors-responsive ubermenu-submenu-indicator-closes\"><ul id=\"ubermenu-nav-insideoiaa-90\" class=\"ubermenu-nav\" data-title=\"Inside OIAA - Spanish\"><li id=\"menu-item-37520\" class=\"ubermenu-item ubermenu-item-type-post_type ubermenu-item-object-page ubermenu-item-37520 ubermenu-item-level-0 ubermenu-column ubermenu-column-auto\" ><a class=\"ubermenu-target ubermenu-item-layout-default ubermenu-item-layout-text_only\" href=\"https:\/\/beta.aa-intergroup.org\/es\/grupos-miembros-de-oiaa\/\" tabindex=\"0\"><span class=\"ubermenu-target-title ubermenu-target-text\">Grupos miembros de OIAA<\/span><\/a><\/li><li id=\"menu-item-37556\" class=\"ubermenu-item ubermenu-item-type-post_type ubermenu-item-object-page ubermenu-item-37556 ubermenu-item-level-0 ubermenu-column ubermenu-column-auto\" ><a class=\"ubermenu-target ubermenu-item-layout-default ubermenu-item-layout-text_only\" href=\"https:\/\/beta.aa-intergroup.org\/es\/herramientas-y-directrices-para-reuniones-en-linea\/\" tabindex=\"0\"><span class=\"ubermenu-target-title ubermenu-target-text\">Herramientas y directrices para reuniones en l\u00ednea<\/span><\/a><\/li><li id=\"menu-item-37557\" class=\"ubermenu-item ubermenu-item-type-post_type ubermenu-item-object-page ubermenu-item-37557 ubermenu-item-level-0 ubermenu-column ubermenu-column-auto\" ><a class=\"ubermenu-target ubermenu-item-layout-default ubermenu-item-layout-text_only\" href=\"https:\/\/beta.aa-intergroup.org\/es\/oiaa-en-accion\/\" tabindex=\"0\"><span class=\"ubermenu-target-title ubermenu-target-text\">OIAA en acci\u00f3n<\/span><\/a><\/li><li id=\"menu-item-37558\" class=\"ubermenu-item ubermenu-item-type-post_type ubermenu-item-object-page ubermenu-item-37558 ubermenu-item-level-0 ubermenu-column ubermenu-column-auto\" ><a class=\"ubermenu-target ubermenu-item-layout-default ubermenu-item-layout-text_only\" href=\"https:\/\/beta.aa-intergroup.org\/es\/comites-de-servicio\/\" tabindex=\"0\"><span class=\"ubermenu-target-title ubermenu-target-text\">Comit\u00e9s de servicio<\/span><\/a><\/li><li id=\"menu-item-37559\" class=\"ubermenu-item ubermenu-item-type-post_type ubermenu-item-object-page ubermenu-item-37559 ubermenu-item-level-0 ubermenu-column ubermenu-column-auto\" ><a class=\"ubermenu-target ubermenu-item-layout-default ubermenu-item-layout-text_only\" href=\"https:\/\/beta.aa-intergroup.org\/es\/calendario-de-oiaa\/\" tabindex=\"0\"><span class=\"ubermenu-target-title ubermenu-target-text\">Calendario de OIAA<\/span><\/a><\/li><li id=\"menu-item-37560\" class=\"ubermenu-item ubermenu-item-type-post_type ubermenu-item-object-page ubermenu-item-37560 ubermenu-item-level-0 ubermenu-column ubermenu-column-auto\" ><a class=\"ubermenu-target ubermenu-item-layout-default ubermenu-item-layout-text_only\" href=\"https:\/\/beta.aa-intergroup.org\/es\/hagase-miembro\/\" tabindex=\"0\"><span class=\"ubermenu-target-title ubermenu-target-text\">H\u00e1gase miembro<\/span><\/a><\/li><\/ul><\/nav>\n<!-- End UberMenu -->\n\n\n<hr class=\"wp-block-separator has-text-color has-alpha-channel-opacity has-background is-style-default\" style=\"background-color:#08c9fd;color:#08c9fd\"\/>\n\n<div style=\"height:18px\" aria-hidden=\"true\" class=\"wp-block-spacer\"><\/div>\n\n<h2 class=\"wp-block-heading has-text-align-center has-large-font-size\">OIAA en acci\u00f3n<\/h2>\n\n<p class=\"has-text-align-center\">Est\u00e1n sucediendo muchas cosas en OIAA. Aqu\u00ed encontrar\u00e1 informaci\u00f3n sobre las Asambleas, los talleres y los foros de OIAA. Adem\u00e1s, informaci\u00f3n sobre varias formas de servir en OIAA.  <\/p>\n\n<div style=\"height:20px\" aria-hidden=\"true\" class=\"wp-block-spacer\"><\/div>\n\n<div class=\"wp-block-columns is-layout-flex wp-container-core-columns-is-layout-9d6595d7 wp-block-columns-is-layout-flex\">\n<div class=\"wp-block-column is-layout-flow wp-block-column-is-layout-flow\">\n<div class=\"wp-block-essential-blocks-infobox root-eb-infobox-r7qhc\"><div class=\"eb-parent-wrapper eb-parent-eb-infobox-r7qhc \"><div class=\"eb-infobox-r7qhc eb-infobox-wrapper\"><div class=\"infobox-wrapper-inner\"><div class=\"contents-wrapper\"><p class=\"description\">\u00a1Convenci\u00f3n OIAA2025!<br>14-16 de noviembre de 2025<br><strong>\u00a1Inscripci\u00f3n abierta!<\/strong><\/p><div class=\"eb-button-inner-wrapper eb-infobox-btn-wrapper\"><a class=\"eb-button-anchor infobox-btn \" href=\"https:\/\/beta.aa-intergroup.org\/es\/oiaa2025\/\" rel=\"noopener\"><strong>Reg\u00edstrese ahora <\/strong><\/a><\/div><\/div><\/div><\/div><\/div><\/div>\n<\/div>\n\n\n\n<div class=\"wp-block-column is-layout-flow wp-block-column-is-layout-flow\">\n<div class=\"wp-block-essential-blocks-infobox root-eb-infobox-jb09q\"><div class=\"eb-parent-wrapper eb-parent-eb-infobox-jb09q \"><div class=\"eb-infobox-jb09q eb-infobox-wrapper\"><div class=\"infobox-wrapper-inner\"><div class=\"contents-wrapper\"><p class=\"description\">Abundan las oportunidades de servicio: busque formas de participar.<br><br><\/p><div class=\"eb-button-inner-wrapper eb-infobox-btn-wrapper\"><a class=\"eb-button-anchor infobox-btn \" href=\"https:\/\/beta.aa-intergroup.org\/service-opportunities\/\" rel=\"noopener\"><strong>Participe<\/strong><\/a><\/div><\/div><\/div><\/div><\/div><\/div>\n<\/div>\n\n\n\n<div class=\"wp-block-column is-layout-flow wp-block-column-is-layout-flow\">\n<div class=\"wp-block-essential-blocks-infobox root-eb-infobox-0o7y4\"><div class=\"eb-parent-wrapper eb-parent-eb-infobox-0o7y4 \"><div class=\"eb-infobox-0o7y4 eb-infobox-wrapper\"><div class=\"infobox-wrapper-inner\"><div class=\"contents-wrapper\"><p class=\"description\">Asambleas de OIAA: Se celebran el tercer s\u00e1bado del \u00faltimo mes de cada trimestre.<br><\/p><div class=\"eb-button-inner-wrapper eb-infobox-btn-wrapper\"><a class=\"eb-button-anchor infobox-btn \" href=\"https:\/\/beta.aa-intergroup.org\/assemblies\/\" rel=\"noopener\"><strong>Pr\u00f3xima asamblea<\/strong><\/a><\/div><\/div><\/div><\/div><\/div><\/div>\n<\/div>\n<\/div>\n\n<div style=\"height:50px\" aria-hidden=\"true\" class=\"wp-block-spacer\"><\/div>\n\n<div class=\"wp-block-columns is-layout-flex wp-container-core-columns-is-layout-9d6595d7 wp-block-columns-is-layout-flex\">\n<div class=\"wp-block-column is-layout-flow wp-block-column-is-layout-flow\">\n<div class=\"wp-block-essential-blocks-infobox root-eb-infobox-2vw9v\"><div class=\"eb-parent-wrapper eb-parent-eb-infobox-2vw9v \"><div class=\"eb-infobox-2vw9v eb-infobox-wrapper\"><div class=\"infobox-wrapper-inner\"><div class=\"contents-wrapper\"><p class=\"description\">Los talleres y eventos de OIAA buscan involucrar a los grupos y miembros de AA en l\u00ednea.<\/p><div class=\"eb-button-inner-wrapper eb-infobox-btn-wrapper\"><a class=\"eb-button-anchor infobox-btn \" href=\"https:\/\/beta.aa-intergroup.org\/oiaa-calendar\/\" rel=\"noopener\"><strong>Talleres y eventos <\/strong><\/a><\/div><\/div><\/div><\/div><\/div><\/div>\n<\/div>\n\n\n\n<div class=\"wp-block-column is-layout-flow wp-block-column-is-layout-flow\">\n<div class=\"wp-block-essential-blocks-infobox root-eb-infobox-xj9ir\"><div class=\"eb-parent-wrapper eb-parent-eb-infobox-xj9ir \"><div class=\"eb-infobox-xj9ir eb-infobox-wrapper\"><div class=\"infobox-wrapper-inner\"><div class=\"contents-wrapper\"><p class=\"description\">Los foros IGR se celebran el cuarto s\u00e1bado del primer mes de cada trimestre.<\/p><div class=\"eb-button-inner-wrapper eb-infobox-btn-wrapper\"><a class=\"eb-button-anchor infobox-btn \" href=\"https:\/\/beta.aa-intergroup.org\/events\/list\/?tribe-bar-search=forum\" rel=\"noopener\"><strong>Foros IGR<\/strong><\/a><\/div><\/div><\/div><\/div><\/div><\/div>\n<\/div>\n\n\n\n<div class=\"wp-block-column is-layout-flow wp-block-column-is-layout-flow\">\n<div class=\"wp-block-essential-blocks-infobox root-eb-infobox-nxmie\"><div class=\"eb-parent-wrapper eb-parent-eb-infobox-nxmie \"><div class=\"eb-infobox-nxmie eb-infobox-wrapper\"><div class=\"infobox-wrapper-inner\"><div class=\"contents-wrapper\"><p class=\"description\">La Junta de OIAA se re\u00fane una vez al mes, el segundo domingo.<br><br><\/p><div class=\"eb-button-inner-wrapper eb-infobox-btn-wrapper\"><a class=\"eb-button-anchor infobox-btn \" href=\"https:\/\/beta.aa-intergroup.org\/oiaa-board\/\" rel=\"noopener\"><strong>Junta de OIAA<\/strong><\/a><\/div><\/div><\/div><\/div><\/div><\/div>\n<\/div>\n<\/div>\n\n<div style=\"height:32px\" aria-hidden=\"true\" class=\"wp-block-spacer\"><\/div>\n\n<div class=\"wp-block-columns is-layout-flex wp-container-core-columns-is-layout-9d6595d7 wp-block-columns-is-layout-flex\">\n<div class=\"wp-block-column is-layout-flow wp-block-column-is-layout-flow\">\n<div class=\"wp-block-essential-blocks-infobox root-eb-infobox-4qtkw\"><div class=\"eb-parent-wrapper eb-parent-eb-infobox-4qtkw \"><div class=\"eb-infobox-4qtkw eb-infobox-wrapper\"><div class=\"infobox-wrapper-inner\"><div class=\"contents-wrapper\"><p class=\"description\">Escuche mensualmente al presidente de nuestra junta.<br><\/p><div class=\"eb-button-inner-wrapper eb-infobox-btn-wrapper\"><a class=\"eb-button-anchor infobox-btn \" href=\"\" rel=\"noopener\"><strong>Informes del presidente de OIAA<\/strong><\/a><\/div><\/div><\/div><\/div><\/div><\/div>\n<\/div>\n\n\n\n<div class=\"wp-block-column is-layout-flow wp-block-column-is-layout-flow\">\n<div class=\"wp-block-essential-blocks-infobox root-eb-infobox-pbdb4\"><div class=\"eb-parent-wrapper eb-parent-eb-infobox-pbdb4 \"><div class=\"eb-infobox-pbdb4 eb-infobox-wrapper\"><div class=\"infobox-wrapper-inner\"><div class=\"contents-wrapper\"><p class=\"description\">Los miembros comparten su experiencia, fortaleza y esperanza.<\/p><div class=\"eb-button-inner-wrapper eb-infobox-btn-wrapper\"><a class=\"eb-button-anchor infobox-btn \" href=\"\" rel=\"noopener\"><strong>Registrador de OIAA<\/strong><\/a><\/div><\/div><\/div><\/div><\/div><\/div>\n<\/div>\n\n\n\n<div class=\"wp-block-column is-layout-flow wp-block-column-is-layout-flow\">\n<div class=\"wp-block-essential-blocks-infobox root-eb-infobox-wcxeb\"><div class=\"eb-parent-wrapper eb-parent-eb-infobox-wcxeb \"><div class=\"eb-infobox-wcxeb eb-infobox-wrapper\"><div class=\"infobox-wrapper-inner\"><div class=\"contents-wrapper\"><p class=\"description\">La informaci\u00f3n m\u00e1s actualizada que todo RGI debe conocer.<\/p><div class=\"eb-button-inner-wrapper eb-infobox-btn-wrapper\"><a class=\"eb-button-anchor infobox-btn \" href=\"\" rel=\"noopener\"><strong>Junta de OIAA <\/strong><\/a><\/div><\/div><\/div><\/div><\/div><\/div>\n<\/div>\n<\/div>\n\n<div style=\"height:32px\" aria-hidden=\"true\" class=\"wp-block-spacer\"><\/div>\n\n<div style=\"height:431px\" aria-hidden=\"true\" class=\"wp-block-spacer\"><\/div>\n","protected":false},"excerpt":{"rendered":"<p>Dentro de OIAA Este es el recurso de referencia para todo lo que sucede dentro de OIAA. OIAA en acci\u00f3n Est\u00e1n sucediendo muchas cosas en OIAA. Aqu\u00ed encontrar\u00e1 informaci\u00f3n sobre las Asambleas, los talleres y los foros de OIAA. Adem\u00e1s, informaci\u00f3n sobre varias formas de servir en OIAA.<\/p>\n","protected":false},"author":153,"featured_media":0,"parent":0,"menu_order":0,"comment_status":"closed","ping_status":"closed","template":"","meta":{"_acf_changed":false,"_eb_attr":"","footnotes":""},"class_list":["post-15421","page","type-page","status-publish","hentry"],"acf":[],"_links":{"self":[{"href":"https:\/\/beta.aa-intergroup.org\/es\/wp-json\/wp\/v2\/pages\/15421","targetHints":{"allow":["GET"]}}],"collection":[{"href":"https:\/\/beta.aa-intergroup.org\/es\/wp-json\/wp\/v2\/pages"}],"about":[{"href":"https:\/\/beta.aa-intergroup.org\/es\/wp-json\/wp\/v2\/types\/page"}],"author":[{"embeddable":true,"href":"https:\/\/beta.aa-intergroup.org\/es\/wp-json\/wp\/v2\/users\/153"}],"replies":[{"embeddable":true,"href":"https:\/\/beta.aa-intergroup.org\/es\/wp-json\/wp\/v2\/comments?post=15421"}],"version-history":[{"count":1,"href":"https:\/\/beta.aa-intergroup.org\/es\/wp-json\/wp\/v2\/pages\/15421\/revisions"}],"predecessor-version":[{"id":15422,"href":"https:\/\/beta.aa-intergroup.org\/es\/wp-json\/wp\/v2\/pages\/15421\/revisions\/15422"}],"wp:attachment":[{"href":"https:\/\/beta.aa-intergroup.org\/es\/wp-json\/wp\/v2\/media?parent=15421"}],"curies":[{"name":"wp","href":"https:\/\/api.w.org\/{rel}","templated":true}]}}