{"id":15456,"date":"2025-06-16T13:15:44","date_gmt":"2025-06-16T17:15:44","guid":{"rendered":"https:\/\/beta.aa-intergroup.org\/comites-de-servicio\/"},"modified":"2025-10-28T04:28:23","modified_gmt":"2025-10-28T08:28:23","slug":"comites-de-servicio","status":"publish","type":"page","link":"https:\/\/beta.aa-intergroup.org\/es\/comites-de-servicio\/","title":{"rendered":"Comit\u00e9s de servicio"},"content":{"rendered":"\n<hr class=\"wp-block-separator has-text-color has-alpha-channel-opacity has-background is-style-default\" style=\"background-color:#08c9fd;color:#08c9fd\"\/>\n\n<h2 class=\"wp-block-heading has-text-align-center has-text-color has-link-color has-x-large-font-size wp-elements-c230e822f2afae3b3438ec38f5de0f18\" style=\"color:#011a5c;font-style:normal;font-weight:700;text-transform:uppercase\">Dentro de OIAA<\/h2>\n\n<p class=\"has-text-align-center\">Este es el recurso de referencia para todo lo que sucede dentro de OIAA. <\/p>\n\n<div class=\"wp-block-essential-blocks-text root-eb-text-8vntp\"><div class=\"eb-parent-wrapper eb-parent-eb-text-8vntp \"><div class=\"eb-text-wrapper eb-text-8vntp\" data-id=\"eb-text-8vntp\"><p class=\"eb-text\"><strong>Men\u00fa Dentro de OIAA<\/strong><br><a href=\"https:\/\/beta.aa-intergroup.org\/es\/grupos-miembros-de-oiaa\/\" data-type=\"page\" data-id=\"21905\">grupos<\/a><br><a href=\"https:\/\/beta.aa-intergroup.org\/es\/herramientas-y-directrices-para-reuniones-en-linea\/\" data-type=\"link\" data-id=\"https:\/\/beta.aa-intergroup.org\/online-meeting-tools-guidelines\/\">herramientas y directrices para reuniones en l\u00ednea<\/a><br><a href=\"https:\/\/beta.aa-intergroup.org\/es\/oiaa-en-accion\/\" data-type=\"page\" data-id=\"21908\">OIAA en acci\u00f3n<\/a><br><a href=\"https:\/\/beta.aa-intergroup.org\/es\/comites-de-servicio\/\" data-type=\"page\" data-id=\"21910\">comit\u00e9s de servicio<\/a><br><a href=\"https:\/\/beta.aa-intergroup.org\/es\/calendario-de-oiaa\/\" data-type=\"link\" data-id=\"https:\/\/beta.aa-intergroup.org\/oiaa-calendar\/\">eventos de OIAA<\/a><br><a href=\"https:\/\/beta.aa-intergroup.org\/es\/hagase-miembro\/\" data-type=\"page\" data-id=\"21912\">h\u00e1gase miembro<\/a><\/p><\/div><\/div><\/div>\n\n<!-- UberMenu [Configuration:insideoiaa] [Theme Loc:] [Integration:api] -->\n<button class=\"ubermenu-responsive-toggle ubermenu-responsive-toggle-insideoiaa ubermenu-skin-grey-white ubermenu-loc- ubermenu-responsive-toggle-content-align-left ubermenu-responsive-toggle-align-full ubermenu-responsive-toggle-close-icon-times \" tabindex=\"0\" data-ubermenu-target=\"ubermenu-insideoiaa-630\"   aria-label=\"Toggle Inside OIAA - Spanish\"><i class=\"fas fa-bars\" ><\/i>Menu<\/button><nav id=\"ubermenu-insideoiaa-630\" class=\"ubermenu ubermenu-nojs ubermenu-insideoiaa ubermenu-menu-630 ubermenu-responsive ubermenu-responsive-default ubermenu-responsive-collapse ubermenu-horizontal ubermenu-transition-shift ubermenu-trigger-hover_intent ubermenu-skin-grey-white  ubermenu-bar-align-full ubermenu-items-align-flex ubermenu-bound-inner ubermenu-disable-submenu-scroll ubermenu-sub-indicators ubermenu-retractors-responsive ubermenu-submenu-indicator-closes\"><ul id=\"ubermenu-nav-insideoiaa-90\" class=\"ubermenu-nav\" data-title=\"Inside OIAA - Spanish\"><li id=\"menu-item-37520\" class=\"ubermenu-item ubermenu-item-type-post_type ubermenu-item-object-page ubermenu-item-37520 ubermenu-item-level-0 ubermenu-column ubermenu-column-auto\" ><a class=\"ubermenu-target ubermenu-item-layout-default ubermenu-item-layout-text_only\" href=\"https:\/\/beta.aa-intergroup.org\/es\/grupos-miembros-de-oiaa\/\" tabindex=\"0\"><span class=\"ubermenu-target-title ubermenu-target-text\">Grupos miembros de OIAA<\/span><\/a><\/li><li id=\"menu-item-37556\" class=\"ubermenu-item ubermenu-item-type-post_type ubermenu-item-object-page ubermenu-item-37556 ubermenu-item-level-0 ubermenu-column ubermenu-column-auto\" ><a class=\"ubermenu-target ubermenu-item-layout-default ubermenu-item-layout-text_only\" href=\"https:\/\/beta.aa-intergroup.org\/es\/herramientas-y-directrices-para-reuniones-en-linea\/\" tabindex=\"0\"><span class=\"ubermenu-target-title ubermenu-target-text\">Herramientas y directrices para reuniones en l\u00ednea<\/span><\/a><\/li><li id=\"menu-item-37557\" class=\"ubermenu-item ubermenu-item-type-post_type ubermenu-item-object-page ubermenu-item-37557 ubermenu-item-level-0 ubermenu-column ubermenu-column-auto\" ><a class=\"ubermenu-target ubermenu-item-layout-default ubermenu-item-layout-text_only\" href=\"https:\/\/beta.aa-intergroup.org\/es\/oiaa-en-accion\/\" tabindex=\"0\"><span class=\"ubermenu-target-title ubermenu-target-text\">OIAA en acci\u00f3n<\/span><\/a><\/li><li id=\"menu-item-37558\" class=\"ubermenu-item ubermenu-item-type-post_type ubermenu-item-object-page ubermenu-item-37558 ubermenu-item-level-0 ubermenu-column ubermenu-column-auto\" ><a class=\"ubermenu-target ubermenu-item-layout-default ubermenu-item-layout-text_only\" href=\"https:\/\/beta.aa-intergroup.org\/es\/comites-de-servicio\/\" tabindex=\"0\"><span class=\"ubermenu-target-title ubermenu-target-text\">Comit\u00e9s de servicio<\/span><\/a><\/li><li id=\"menu-item-37559\" class=\"ubermenu-item ubermenu-item-type-post_type ubermenu-item-object-page ubermenu-item-37559 ubermenu-item-level-0 ubermenu-column ubermenu-column-auto\" ><a class=\"ubermenu-target ubermenu-item-layout-default ubermenu-item-layout-text_only\" href=\"https:\/\/beta.aa-intergroup.org\/es\/calendario-de-oiaa\/\" tabindex=\"0\"><span class=\"ubermenu-target-title ubermenu-target-text\">Calendario de OIAA<\/span><\/a><\/li><li id=\"menu-item-37560\" class=\"ubermenu-item ubermenu-item-type-post_type ubermenu-item-object-page ubermenu-item-37560 ubermenu-item-level-0 ubermenu-column ubermenu-column-auto\" ><a class=\"ubermenu-target ubermenu-item-layout-default ubermenu-item-layout-text_only\" href=\"https:\/\/beta.aa-intergroup.org\/es\/hagase-miembro\/\" tabindex=\"0\"><span class=\"ubermenu-target-title ubermenu-target-text\">H\u00e1gase miembro<\/span><\/a><\/li><\/ul><\/nav>\n<!-- End UberMenu -->\n\n\n<hr class=\"wp-block-separator has-text-color has-alpha-channel-opacity has-background is-style-default\" style=\"background-color:#08c9fd;color:#08c9fd\"\/>\n\n<div style=\"height:18px\" aria-hidden=\"true\" class=\"wp-block-spacer\"><\/div>\n\n<h2 class=\"wp-block-heading has-text-align-center has-large-font-size\">Comit\u00e9s de servicio<\/h2>\n\n<p class=\"has-text-align-center\">Hay varias maneras de involucrarse y servir a la comunidad en OIAA. Explore cada uno de nuestros comit\u00e9s permanentes a continuaci\u00f3n. <\/p>\n\n<div style=\"height:20px\" aria-hidden=\"true\" class=\"wp-block-spacer\"><\/div>\n\n<div class=\"wp-block-columns is-layout-flex wp-container-core-columns-is-layout-9d6595d7 wp-block-columns-is-layout-flex\">\n<div class=\"wp-block-column is-layout-flow wp-block-column-is-layout-flow\">\n<div class=\"wp-block-essential-blocks-infobox root-eb-infobox-96myw\"><div class=\"eb-parent-wrapper eb-parent-eb-infobox-96myw \"><div class=\"eb-infobox-96myw eb-infobox-wrapper\"><div class=\"infobox-wrapper-inner\"><div class=\"contents-wrapper\"><p class=\"description\">El Comit\u00e9 del Paso 12 (Servidores) es una parte integral del alcance mundial de OIAA. Los servidores ayudan a los alcoh\u00f3licos y a otras personas que se ponen en contacto para pedir ayuda a trav\u00e9s de Internet. <br><\/p><div class=\"eb-button-inner-wrapper eb-infobox-btn-wrapper\"><a class=\"eb-button-anchor infobox-btn \" href=\"https:\/\/beta.aa-intergroup.org\/es\/committees\/paso-12-ayudantes\/\" rel=\"noopener\"><strong>Paso 12 (servidores) <\/strong><\/a><\/div><\/div><\/div><\/div><\/div><\/div>\n<\/div>\n\n\n\n<div class=\"wp-block-column is-layout-flow wp-block-column-is-layout-flow\">\n<div class=\"wp-block-essential-blocks-infobox root-eb-infobox-vc6v1\"><div class=\"eb-parent-wrapper eb-parent-eb-infobox-vc6v1 \"><div class=\"eb-infobox-vc6v1 eb-infobox-wrapper\"><div class=\"infobox-wrapper-inner\"><div class=\"contents-wrapper\"><p class=\"description\">La informaci\u00f3n es necesaria para transmitir el mensaje. El Comit\u00e9 de Comunicaciones proporciona informaci\u00f3n sobre OIAA. <br><br><\/p><div class=\"eb-button-inner-wrapper eb-infobox-btn-wrapper\"><a class=\"eb-button-anchor infobox-btn \" href=\"https:\/\/beta.aa-intergroup.org\/es\/committees\/comunicaciones\/\" rel=\"noopener\"><strong>Comunicaciones<\/strong><\/a><\/div><\/div><\/div><\/div><\/div><\/div>\n<\/div>\n\n\n\n<div class=\"wp-block-column is-layout-flow wp-block-column-is-layout-flow\">\n<div class=\"wp-block-essential-blocks-infobox root-eb-infobox-ngxlh\"><div class=\"eb-parent-wrapper eb-parent-eb-infobox-ngxlh \"><div class=\"eb-infobox-ngxlh eb-infobox-wrapper\"><div class=\"infobox-wrapper-inner\"><div class=\"contents-wrapper\"><p class=\"description\">El Comit\u00e9 de Convenciones Internacionales de 2025 planifica la presencia en persona del Intergrupo en la Cyber Suite de Hospitalidad de la Convenci\u00f3n Internacional de AA de 2025.<br><\/p><div class=\"eb-button-inner-wrapper eb-infobox-btn-wrapper\"><a class=\"eb-button-anchor infobox-btn \" href=\"https:\/\/beta.aa-intergroup.org\/es\/committees\/convenciones\/\" rel=\"noopener\"><strong>Convenciones<\/strong><\/a><\/div><\/div><\/div><\/div><\/div><\/div>\n<\/div>\n<\/div>\n\n<div style=\"height:32px\" aria-hidden=\"true\" class=\"wp-block-spacer\"><\/div>\n\n<div class=\"wp-block-columns is-layout-flex wp-container-core-columns-is-layout-9d6595d7 wp-block-columns-is-layout-flex\">\n<div class=\"wp-block-column is-layout-flow wp-block-column-is-layout-flow\">\n<div class=\"wp-block-essential-blocks-infobox root-eb-infobox-68ox8\"><div class=\"eb-parent-wrapper eb-parent-eb-infobox-68ox8 \"><div class=\"eb-infobox-68ox8 eb-infobox-wrapper\"><div class=\"infobox-wrapper-inner\"><div class=\"contents-wrapper\"><p class=\"description\">El Comit\u00e9 de Cooperaci\u00f3n con la Comunidad Profesional (CPC) comparte el mensaje de AA con los miembros de la comunidad profesional que tienen contacto con alcoh\u00f3licos.<br><br><\/p><div class=\"eb-button-inner-wrapper eb-infobox-btn-wrapper\"><a class=\"eb-button-anchor infobox-btn \" href=\"https:\/\/beta.aa-intergroup.org\/es\/committees\/cooperacion-con-la-comunidad-profesional-ccp\/\" rel=\"noopener\"><strong>CPC<\/strong><\/a><\/div><\/div><\/div><\/div><\/div><\/div>\n<\/div>\n\n\n\n<div class=\"wp-block-column is-layout-flow wp-block-column-is-layout-flow\">\n<div class=\"wp-block-essential-blocks-infobox root-eb-infobox-34t7v\"><div class=\"eb-parent-wrapper eb-parent-eb-infobox-34t7v \"><div class=\"eb-infobox-34t7v eb-infobox-wrapper\"><div class=\"infobox-wrapper-inner\"><div class=\"contents-wrapper\"><p class=\"description\">Aseg\u00farese de que las donaciones de los miembros de OIAA se utilicen de manera responsable para que el apoyo al alcoh\u00f3lico en recuperaci\u00f3n pueda continuar y el mensaje de A.A. pueda ser transmitido al alcoh\u00f3lico que a\u00fan sufre.<br><br><\/p><div class=\"eb-button-inner-wrapper eb-infobox-btn-wrapper\"><a class=\"eb-button-anchor infobox-btn \" href=\"https:\/\/beta.aa-intergroup.org\/es\/committees\/finanzas\/\" rel=\"noopener\"><strong>Finanzas<\/strong><\/a><\/div><\/div><\/div><\/div><\/div><\/div>\n<\/div>\n\n\n\n<div class=\"wp-block-column is-layout-flow wp-block-column-is-layout-flow\">\n<div class=\"wp-block-essential-blocks-infobox root-eb-infobox-xiidz\"><div class=\"eb-parent-wrapper eb-parent-eb-infobox-xiidz \"><div class=\"eb-infobox-xiidz eb-infobox-wrapper\"><div class=\"infobox-wrapper-inner\"><div class=\"contents-wrapper\"><p class=\"description\">El Comit\u00e9 de Pol\u00edtica y Admisiones (PAC) ayuda a los nuevos grupos a registrarse para incluir las reuniones\/grupos de A.A. en el directorio de reuniones de OIAA.<br><br><br><\/p><div class=\"eb-button-inner-wrapper eb-infobox-btn-wrapper\"><a class=\"eb-button-anchor infobox-btn \" href=\"https:\/\/beta.aa-intergroup.org\/es\/committees\/politica-y-admisiones-pac\/\" rel=\"noopener\"><strong>PAC<\/strong><\/a><\/div><\/div><\/div><\/div><\/div><\/div>\n<\/div>\n<\/div>\n\n<div style=\"height:32px\" aria-hidden=\"true\" class=\"wp-block-spacer\"><\/div>\n\n<div class=\"wp-block-columns is-layout-flex wp-container-core-columns-is-layout-9d6595d7 wp-block-columns-is-layout-flex\">\n<div class=\"wp-block-column is-layout-flow wp-block-column-is-layout-flow\">\n<div class=\"wp-block-essential-blocks-infobox root-eb-infobox-qs47d\"><div class=\"eb-parent-wrapper eb-parent-eb-infobox-qs47d \"><div class=\"eb-infobox-qs47d eb-infobox-wrapper\"><div class=\"infobox-wrapper-inner\"><div class=\"contents-wrapper\"><p class=\"description\">El prop\u00f3sito principal del Comit\u00e9 de Informaci\u00f3n P\u00fablica es transmitir el mensaje de AA al alcoh\u00f3lico que a\u00fan sufre.<br><br><\/p><div class=\"eb-button-inner-wrapper eb-infobox-btn-wrapper\"><a class=\"eb-button-anchor infobox-btn \" href=\"https:\/\/beta.aa-intergroup.org\/es\/committees\/informacion-publica-pic\/\" rel=\"noopener\"><strong>PIC<\/strong><\/a><\/div><\/div><\/div><\/div><\/div><\/div>\n<\/div>\n\n\n\n<div class=\"wp-block-column is-layout-flow wp-block-column-is-layout-flow\">\n<div class=\"wp-block-essential-blocks-infobox root-eb-infobox-92x5e\"><div class=\"eb-parent-wrapper eb-parent-eb-infobox-92x5e \"><div class=\"eb-infobox-92x5e eb-infobox-wrapper\"><div class=\"infobox-wrapper-inner\"><div class=\"contents-wrapper\"><p class=\"description\">El prop\u00f3sito principal del Comit\u00e9 de Tecnolog\u00eda es proporcionar, apoyar, mantener, asegurar y mejorar las necesidades esenciales de tecnolog\u00eda de la informaci\u00f3n.<br><\/p><div class=\"eb-button-inner-wrapper eb-infobox-btn-wrapper\"><a class=\"eb-button-anchor infobox-btn \" href=\"https:\/\/beta.aa-intergroup.org\/es\/committees\/tecnologia\/\" rel=\"noopener\"><strong>Tecnolog\u00eda<\/strong><\/a><\/div><\/div><\/div><\/div><\/div><\/div>\n<\/div>\n\n\n\n<div class=\"wp-block-column is-layout-flow wp-block-column-is-layout-flow\">\n<div class=\"wp-block-essential-blocks-infobox root-eb-infobox-z7vf5\"><div class=\"eb-parent-wrapper eb-parent-eb-infobox-z7vf5 \"><div class=\"eb-infobox-z7vf5 eb-infobox-wrapper\"><div class=\"infobox-wrapper-inner\"><div class=\"contents-wrapper\"><p class=\"description\">Misi\u00f3n y prop\u00f3sito del Comit\u00e9 de Unidad: fomentar el intercambio de experiencias de los grupos de A.A. en l\u00ednea entre la vasta comunidad de grupos de A.A. en l\u00ednea.<br><\/p><div class=\"eb-button-inner-wrapper eb-infobox-btn-wrapper\"><a class=\"eb-button-anchor infobox-btn \" href=\"https:\/\/beta.aa-intergroup.org\/es\/committees\/unidad\/\" rel=\"noopener\"><strong>Unidad<\/strong><\/a><\/div><\/div><\/div><\/div><\/div><\/div>\n<\/div>\n<\/div>\n\n<div style=\"height:32px\" aria-hidden=\"true\" class=\"wp-block-spacer\"><\/div>\n\n<p><\/p>\n\n<div style=\"height:32px\" aria-hidden=\"true\" class=\"wp-block-spacer\"><\/div>\n","protected":false},"excerpt":{"rendered":"<p>Dentro de OIAA Este es el recurso de referencia para todo lo que sucede dentro de OIAA. Comit\u00e9s de servicio Hay varias maneras de involucrarse y servir a la comunidad en OIAA. Explore cada uno de nuestros comit\u00e9s permanentes a continuaci\u00f3n.<\/p>\n","protected":false},"author":153,"featured_media":0,"parent":0,"menu_order":0,"comment_status":"closed","ping_status":"closed","template":"","meta":{"_acf_changed":false,"_eb_attr":"","footnotes":""},"class_list":["post-15456","page","type-page","status-publish","hentry"],"acf":[],"_links":{"self":[{"href":"https:\/\/beta.aa-intergroup.org\/es\/wp-json\/wp\/v2\/pages\/15456","targetHints":{"allow":["GET"]}}],"collection":[{"href":"https:\/\/beta.aa-intergroup.org\/es\/wp-json\/wp\/v2\/pages"}],"about":[{"href":"https:\/\/beta.aa-intergroup.org\/es\/wp-json\/wp\/v2\/types\/page"}],"author":[{"embeddable":true,"href":"https:\/\/beta.aa-intergroup.org\/es\/wp-json\/wp\/v2\/users\/153"}],"replies":[{"embeddable":true,"href":"https:\/\/beta.aa-intergroup.org\/es\/wp-json\/wp\/v2\/comments?post=15456"}],"version-history":[{"count":3,"href":"https:\/\/beta.aa-intergroup.org\/es\/wp-json\/wp\/v2\/pages\/15456\/revisions"}],"predecessor-version":[{"id":15518,"href":"https:\/\/beta.aa-intergroup.org\/es\/wp-json\/wp\/v2\/pages\/15456\/revisions\/15518"}],"wp:attachment":[{"href":"https:\/\/beta.aa-intergroup.org\/es\/wp-json\/wp\/v2\/media?parent=15456"}],"curies":[{"name":"wp","href":"https:\/\/api.w.org\/{rel}","templated":true}]}}