{"id":15484,"date":"2025-06-13T19:08:28","date_gmt":"2025-06-13T23:08:28","guid":{"rendered":"https:\/\/beta.aa-intergroup.org\/hagase-miembro\/"},"modified":"2025-10-28T04:26:55","modified_gmt":"2025-10-28T08:26:55","slug":"hagase-miembro","status":"publish","type":"page","link":"https:\/\/beta.aa-intergroup.org\/es\/hagase-miembro\/","title":{"rendered":"H\u00e1gase miembro"},"content":{"rendered":"\n<hr class=\"wp-block-separator has-text-color has-alpha-channel-opacity has-background is-style-default\" style=\"background-color:#08c9fd;color:#08c9fd\"\/>\n\n<h2 class=\"wp-block-heading has-text-align-center has-text-color has-link-color has-x-large-font-size wp-elements-c230e822f2afae3b3438ec38f5de0f18\" style=\"color:#011a5c;font-style:normal;font-weight:700;text-transform:uppercase\">Dentro de OIAA<\/h2>\n\n<p class=\"has-text-align-center\">Este es el recurso de referencia para todo lo que sucede dentro de OIAA. <\/p>\n\n<div class=\"wp-block-essential-blocks-text root-eb-text-h7yga\"><div class=\"eb-parent-wrapper eb-parent-eb-text-h7yga \"><div class=\"eb-text-wrapper eb-text-h7yga\" data-id=\"eb-text-h7yga\"><p class=\"eb-text\"><strong>Men\u00fa Dentro de OIAA<\/strong><br><a href=\"https:\/\/beta.aa-intergroup.org\/es\/grupos-miembros-de-oiaa\/\" data-type=\"page\" data-id=\"21905\">grupos<\/a><br><a href=\"https:\/\/beta.aa-intergroup.org\/online-meeting-tools-guidelines\/\" data-type=\"link\" data-id=\"https:\/\/staging2.aa-intergroup.org\/online-meeting-tools-guidelines\/\">herramientas y directrices para reuniones en l\u00ednea<\/a><br><a href=\"https:\/\/beta.aa-intergroup.org\/es\/oiaa-en-accion\/\" data-type=\"page\" data-id=\"21908\">OIAA en acci\u00f3n<\/a><br><a href=\"https:\/\/beta.aa-intergroup.org\/es\/comites-de-servicio\/\" data-type=\"page\" data-id=\"21910\">comit\u00e9s de servicio<\/a><br><a href=\"https:\/\/beta.aa-intergroup.org\/es\/calendario-de-oiaa\/\" data-type=\"link\" data-id=\"https:\/\/beta.aa-intergroup.org\/oiaa-calendar\/\">eventos de OIAA<\/a><br><a href=\"https:\/\/beta.aa-intergroup.org\/es\/hagase-miembro\/\" data-type=\"page\" data-id=\"21912\">h\u00e1gase miembro<\/a><\/p><\/div><\/div><\/div>\n\n<!-- UberMenu [Configuration:insideoiaa] [Theme Loc:] [Integration:api] -->\n<button class=\"ubermenu-responsive-toggle ubermenu-responsive-toggle-insideoiaa ubermenu-skin-grey-white ubermenu-loc- ubermenu-responsive-toggle-content-align-left ubermenu-responsive-toggle-align-full ubermenu-responsive-toggle-close-icon-times \" tabindex=\"0\" data-ubermenu-target=\"ubermenu-insideoiaa-630\"   aria-label=\"Toggle Inside OIAA - Spanish\"><i class=\"fas fa-bars\" ><\/i>Menu<\/button><nav id=\"ubermenu-insideoiaa-630\" class=\"ubermenu ubermenu-nojs ubermenu-insideoiaa ubermenu-menu-630 ubermenu-responsive ubermenu-responsive-default ubermenu-responsive-collapse ubermenu-horizontal ubermenu-transition-shift ubermenu-trigger-hover_intent ubermenu-skin-grey-white  ubermenu-bar-align-full ubermenu-items-align-flex ubermenu-bound-inner ubermenu-disable-submenu-scroll ubermenu-sub-indicators ubermenu-retractors-responsive ubermenu-submenu-indicator-closes\"><ul id=\"ubermenu-nav-insideoiaa-90\" class=\"ubermenu-nav\" data-title=\"Inside OIAA - Spanish\"><li id=\"menu-item-37520\" class=\"ubermenu-item ubermenu-item-type-post_type ubermenu-item-object-page ubermenu-item-37520 ubermenu-item-level-0 ubermenu-column ubermenu-column-auto\" ><a class=\"ubermenu-target ubermenu-item-layout-default ubermenu-item-layout-text_only\" href=\"https:\/\/beta.aa-intergroup.org\/es\/grupos-miembros-de-oiaa\/\" tabindex=\"0\"><span class=\"ubermenu-target-title ubermenu-target-text\">Grupos miembros de OIAA<\/span><\/a><\/li><li id=\"menu-item-37556\" class=\"ubermenu-item ubermenu-item-type-post_type ubermenu-item-object-page ubermenu-item-37556 ubermenu-item-level-0 ubermenu-column ubermenu-column-auto\" ><a class=\"ubermenu-target ubermenu-item-layout-default ubermenu-item-layout-text_only\" href=\"https:\/\/beta.aa-intergroup.org\/es\/herramientas-y-directrices-para-reuniones-en-linea\/\" tabindex=\"0\"><span class=\"ubermenu-target-title ubermenu-target-text\">Herramientas y directrices para reuniones en l\u00ednea<\/span><\/a><\/li><li id=\"menu-item-37557\" class=\"ubermenu-item ubermenu-item-type-post_type ubermenu-item-object-page ubermenu-item-37557 ubermenu-item-level-0 ubermenu-column ubermenu-column-auto\" ><a class=\"ubermenu-target ubermenu-item-layout-default ubermenu-item-layout-text_only\" href=\"https:\/\/beta.aa-intergroup.org\/es\/oiaa-en-accion\/\" tabindex=\"0\"><span class=\"ubermenu-target-title ubermenu-target-text\">OIAA en acci\u00f3n<\/span><\/a><\/li><li id=\"menu-item-37558\" class=\"ubermenu-item ubermenu-item-type-post_type ubermenu-item-object-page ubermenu-item-37558 ubermenu-item-level-0 ubermenu-column ubermenu-column-auto\" ><a class=\"ubermenu-target ubermenu-item-layout-default ubermenu-item-layout-text_only\" href=\"https:\/\/beta.aa-intergroup.org\/es\/comites-de-servicio\/\" tabindex=\"0\"><span class=\"ubermenu-target-title ubermenu-target-text\">Comit\u00e9s de servicio<\/span><\/a><\/li><li id=\"menu-item-37559\" class=\"ubermenu-item ubermenu-item-type-post_type ubermenu-item-object-page ubermenu-item-37559 ubermenu-item-level-0 ubermenu-column ubermenu-column-auto\" ><a class=\"ubermenu-target ubermenu-item-layout-default ubermenu-item-layout-text_only\" href=\"https:\/\/beta.aa-intergroup.org\/es\/calendario-de-oiaa\/\" tabindex=\"0\"><span class=\"ubermenu-target-title ubermenu-target-text\">Calendario de OIAA<\/span><\/a><\/li><li id=\"menu-item-37560\" class=\"ubermenu-item ubermenu-item-type-post_type ubermenu-item-object-page ubermenu-item-37560 ubermenu-item-level-0 ubermenu-column ubermenu-column-auto\" ><a class=\"ubermenu-target ubermenu-item-layout-default ubermenu-item-layout-text_only\" href=\"https:\/\/beta.aa-intergroup.org\/es\/hagase-miembro\/\" tabindex=\"0\"><span class=\"ubermenu-target-title ubermenu-target-text\">H\u00e1gase miembro<\/span><\/a><\/li><\/ul><\/nav>\n<!-- End UberMenu -->\n\n\n<hr class=\"wp-block-separator has-text-color has-alpha-channel-opacity has-background is-style-default\" style=\"background-color:#08c9fd;color:#08c9fd\"\/>\n\n<h2 class=\"wp-block-heading has-text-align-center\">H\u00e1gase miembro<\/h2>\n\n<p class=\"has-text-align-center\">La Interagrupaci\u00f3n en L\u00ednea de Alcoh\u00f3licos An\u00f3nimos, u OIAA, es una organizaci\u00f3n de servicio internacional establecida de acuerdo con la Novena Tradici\u00f3n de Alcoh\u00f3licos An\u00f3nimos A.A., espec\u00edficamente con el prop\u00f3sito de ayudar a los grupos de A.A. <strong>en l\u00ednea<\/strong> en su prop\u00f3sito com\u00fan de llevar el mensaje de A.A. al alcoh\u00f3lico que a\u00fan sufre.<\/p>\n\n<div class=\"wp-block-columns is-layout-flex wp-container-core-columns-is-layout-9d6595d7 wp-block-columns-is-layout-flex\">\n<div class=\"wp-block-column is-layout-flow wp-block-column-is-layout-flow\">\n<div class=\"wp-block-essential-blocks-infobox root-eb-infobox-lsiv7\"><div class=\"eb-parent-wrapper eb-parent-eb-infobox-lsiv7 \"><div class=\"eb-infobox-lsiv7 eb-infobox-wrapper\"><div class=\"infobox-wrapper-inner\"><div class=\"contents-wrapper\"><p class=\"description\">La Interagrupaci\u00f3n en L\u00ednea de Alcoh\u00f3licos An\u00f3nimos, u OIAA, es una organizaci\u00f3n de servicio internacional establecida espec\u00edficamente con el prop\u00f3sito de ayudar a los grupos de A.A. <strong>en l\u00ednea<\/strong> en su prop\u00f3sito com\u00fan de llevar el mensaje de A.A. al alcoh\u00f3lico que a\u00fan sufre.<br><br><\/p><div class=\"eb-button-inner-wrapper eb-infobox-btn-wrapper\"><a class=\"eb-button-anchor infobox-btn \" href=\"https:\/\/beta.aa-intergroup.org\/what-is-oiaa\/\" rel=\"noopener\"><strong>\u00bfQu\u00e9 es OIAA?<\/strong><\/a><\/div><\/div><\/div><\/div><\/div><\/div>\n<\/div>\n\n\n\n<div class=\"wp-block-column is-layout-flow wp-block-column-is-layout-flow\">\n<div class=\"wp-block-essential-blocks-infobox root-eb-infobox-jcrlp\"><div class=\"eb-parent-wrapper eb-parent-eb-infobox-jcrlp \"><div class=\"eb-infobox-jcrlp eb-infobox-wrapper\"><div class=\"infobox-wrapper-inner\"><div class=\"contents-wrapper\"><p class=\"description\">OIAA se centra en el servicio. Servicio al alcoh\u00f3lico que a\u00fan sufre.  <br>Servicio a nuestros grupos en l\u00ednea. <br>Servicio a nuestra comunidad en l\u00ednea. La membres\u00eda en la Interagrupaci\u00f3n en L\u00ednea est\u00e1 abierta a todos los grupos de A.A. en l\u00ednea y a todos los miembros de A.A. <br><br><br><\/p><div class=\"eb-button-inner-wrapper eb-infobox-btn-wrapper\"><a class=\"eb-button-anchor infobox-btn \" href=\"https:\/\/beta.aa-intergroup.org\/why-join-oiaa\/\" rel=\"noopener\"><strong>\u00bfPor qu\u00e9 unirse a OIAA?<\/strong><\/a><\/div><\/div><\/div><\/div><\/div><\/div>\n<\/div>\n\n\n\n<div class=\"wp-block-column is-layout-flow wp-block-column-is-layout-flow\">\n<div class=\"wp-block-essential-blocks-infobox root-eb-infobox-mkh3o\"><div class=\"eb-parent-wrapper eb-parent-eb-infobox-mkh3o \"><div class=\"eb-infobox-mkh3o eb-infobox-wrapper\"><div class=\"infobox-wrapper-inner\"><div class=\"contents-wrapper\"><p class=\"description\">Los principios y tradiciones fundamentales de Alcoh\u00f3licos An\u00f3nimos (AA) se aplican a todas las comunicaciones de los miembros que utilizan medios electr\u00f3nicos, como Internet, tel\u00e9fono, sitios web, correo electr\u00f3nico, etc. Esta Declaraci\u00f3n Asesora en L\u00ednea tiene como objetivo aclarar algunas situaciones especiales que surgen para las reuniones y comunicaciones de AA basadas en medios electr\u00f3nicos. <br><\/p><div class=\"eb-button-inner-wrapper eb-infobox-btn-wrapper\"><a class=\"eb-button-anchor infobox-btn \" href=\"https:\/\/beta.aa-intergroup.org\/anonymity\/\" rel=\"noopener\"><strong>Anonimato y privacidad<\/strong><\/a><\/div><\/div><\/div><\/div><\/div><\/div>\n<\/div>\n<\/div>\n\n<div style=\"height:32px\" aria-hidden=\"true\" class=\"wp-block-spacer\"><\/div>\n\n<div class=\"wp-block-columns is-layout-flex wp-container-core-columns-is-layout-9d6595d7 wp-block-columns-is-layout-flex\">\n<div class=\"wp-block-column is-layout-flow wp-block-column-is-layout-flow\">\n<div class=\"wp-block-essential-blocks-infobox root-eb-infobox-kj0bu\"><div class=\"eb-parent-wrapper eb-parent-eb-infobox-kj0bu \"><div class=\"eb-infobox-kj0bu eb-infobox-wrapper\"><div class=\"infobox-wrapper-inner\"><div class=\"contents-wrapper\"><p class=\"description\">En 1994, los miembros en l\u00ednea de la Comunidad de Alcoh\u00f3licos An\u00f3nimos comenzaron a prepararse para participar en la Convenci\u00f3n Internacional en San Diego, que se celebr\u00f3 en junio de 1995.<br><br><\/p><div class=\"eb-button-inner-wrapper eb-infobox-btn-wrapper\"><a class=\"eb-button-anchor infobox-btn \" href=\"https:\/\/beta.aa-intergroup.org\/oiaa-history-timeline\/\" rel=\"noopener\"><strong>Historia de OIAA<\/strong><\/a><\/div><\/div><\/div><\/div><\/div><\/div>\n<\/div>\n\n\n\n<div class=\"wp-block-column is-layout-flow wp-block-column-is-layout-flow\">\n<div class=\"wp-block-essential-blocks-infobox root-eb-infobox-fe1lt\"><div class=\"eb-parent-wrapper eb-parent-eb-infobox-fe1lt \"><div class=\"eb-infobox-fe1lt eb-infobox-wrapper\"><div class=\"infobox-wrapper-inner\"><div class=\"contents-wrapper\"><p class=\"description\">No se requiere membres\u00eda para incluir su grupo de A.A. en l\u00ednea en el Directorio de Reuniones o para participar en cualquiera de nuestros numerosos Comit\u00e9s de Servicio. Los individuos tambi\u00e9n pueden hacerse miembros de OIAA. <br><\/p><div class=\"eb-button-inner-wrapper eb-infobox-btn-wrapper\"><a class=\"eb-button-anchor infobox-btn \" href=\"https:\/\/beta.aa-intergroup.org\/join-oiaa\/\" rel=\"noopener\"><strong>\u00danase a OIAA<\/strong><\/a><\/div><\/div><\/div><\/div><\/div><\/div>\n<\/div>\n\n\n\n<div class=\"wp-block-column is-layout-flow wp-block-column-is-layout-flow\">\n<div class=\"wp-block-essential-blocks-infobox root-eb-infobox-rm2bn\"><div class=\"eb-parent-wrapper eb-parent-eb-infobox-rm2bn \"><div class=\"eb-infobox-rm2bn eb-infobox-wrapper\"><div class=\"infobox-wrapper-inner\"><div class=\"contents-wrapper\"><p class=\"description\">OIAA., Inc., tambi\u00e9n conocida como Interagrupaci\u00f3n en L\u00ednea de Alcoh\u00f3licos An\u00f3nimos\u00a9, (\u201cOIAA\u201d) respeta la privacidad de cada individuo que visita este sitio.<br><\/p><div class=\"eb-button-inner-wrapper eb-infobox-btn-wrapper\"><a class=\"eb-button-anchor infobox-btn \" href=\"https:\/\/beta.aa-intergroup.org\/privacy-policy\/\" rel=\"noopener\"><strong>Pol\u00edtica de privacidad<\/strong><\/a><\/div><\/div><\/div><\/div><\/div><\/div>\n<\/div>\n<\/div>\n\n<div style=\"height:32px\" aria-hidden=\"true\" class=\"wp-block-spacer\"><\/div>\n","protected":false},"excerpt":{"rendered":"<p>Dentro de OIAA Este es el recurso de referencia para todo lo que sucede dentro de OIAA. H\u00e1gase miembro La Interagrupaci\u00f3n en L\u00ednea de Alcoh\u00f3licos An\u00f3nimos, u OIAA, es una organizaci\u00f3n de servicio internacional establecida de acuerdo con la Novena Tradici\u00f3n de Alcoh\u00f3licos An\u00f3nimos A.A., espec\u00edficamente con el prop\u00f3sito de ayudar a los grupos de<a class=\"excerpt-read-more\" href=\"https:\/\/beta.aa-intergroup.org\/es\/hagase-miembro\/\" title=\"ReadH\u00e1gase miembro\">&#8230; Read more &raquo;<\/a><\/p>\n","protected":false},"author":153,"featured_media":0,"parent":0,"menu_order":0,"comment_status":"closed","ping_status":"closed","template":"","meta":{"_acf_changed":false,"_eb_attr":"","footnotes":""},"class_list":["post-15484","page","type-page","status-publish","hentry"],"acf":[],"_links":{"self":[{"href":"https:\/\/beta.aa-intergroup.org\/es\/wp-json\/wp\/v2\/pages\/15484","targetHints":{"allow":["GET"]}}],"collection":[{"href":"https:\/\/beta.aa-intergroup.org\/es\/wp-json\/wp\/v2\/pages"}],"about":[{"href":"https:\/\/beta.aa-intergroup.org\/es\/wp-json\/wp\/v2\/types\/page"}],"author":[{"embeddable":true,"href":"https:\/\/beta.aa-intergroup.org\/es\/wp-json\/wp\/v2\/users\/153"}],"replies":[{"embeddable":true,"href":"https:\/\/beta.aa-intergroup.org\/es\/wp-json\/wp\/v2\/comments?post=15484"}],"version-history":[{"count":1,"href":"https:\/\/beta.aa-intergroup.org\/es\/wp-json\/wp\/v2\/pages\/15484\/revisions"}],"predecessor-version":[{"id":15485,"href":"https:\/\/beta.aa-intergroup.org\/es\/wp-json\/wp\/v2\/pages\/15484\/revisions\/15485"}],"wp:attachment":[{"href":"https:\/\/beta.aa-intergroup.org\/es\/wp-json\/wp\/v2\/media?parent=15484"}],"curies":[{"name":"wp","href":"https:\/\/api.w.org\/{rel}","templated":true}]}}