{"id":15516,"date":"2025-06-16T13:15:23","date_gmt":"2025-06-16T17:15:23","guid":{"rendered":"https:\/\/beta.aa-intergroup.org\/herramientas-y-directrices-para-reuniones-en-linea\/"},"modified":"2025-10-28T04:28:23","modified_gmt":"2025-10-28T08:28:23","slug":"herramientas-y-directrices-para-reuniones-en-linea","status":"publish","type":"page","link":"https:\/\/beta.aa-intergroup.org\/es\/herramientas-y-directrices-para-reuniones-en-linea\/","title":{"rendered":"Herramientas y directrices para reuniones en l\u00ednea"},"content":{"rendered":"\n<hr class=\"wp-block-separator has-text-color has-alpha-channel-opacity has-background is-style-default\" style=\"background-color:#08c9fd;color:#08c9fd\"\/>\n\n<h2 class=\"wp-block-heading has-text-align-center has-text-color has-link-color has-x-large-font-size wp-elements-c230e822f2afae3b3438ec38f5de0f18\" style=\"color:#011a5c;font-style:normal;font-weight:700;text-transform:uppercase\">Dentro de OIAA<\/h2>\n\n<p class=\"has-text-align-center\">Este es el recurso de referencia para todo lo que sucede dentro de OIAA. <\/p>\n\n<div class=\"wp-block-essential-blocks-text root-eb-text-zsirc\"><div class=\"eb-parent-wrapper eb-parent-eb-text-zsirc \"><div class=\"eb-text-wrapper eb-text-zsirc\" data-id=\"eb-text-zsirc\"><p class=\"eb-text\"><strong>Men\u00fa Dentro de OIAA<\/strong><br><a href=\"https:\/\/beta.aa-intergroup.org\/es\/grupos-miembros-de-oiaa\/\" data-type=\"page\" data-id=\"21905\">grupos<\/a><br><a href=\"https:\/\/beta.aa-intergroup.org\/es\/herramientas-y-directrices-para-reuniones-en-linea\/\" data-type=\"link\" data-id=\"https:\/\/beta.aa-intergroup.org\/online-meeting-tools-guidelines\/\">herramientas y directrices para reuniones en l\u00ednea<\/a><br><a href=\"https:\/\/beta.aa-intergroup.org\/es\/oiaa-en-accion\/\" data-type=\"page\" data-id=\"21908\">OIAA en acci\u00f3n<\/a><br><a href=\"https:\/\/beta.aa-intergroup.org\/es\/comites-de-servicio\/\" data-type=\"page\" data-id=\"21910\">comit\u00e9s de servicio<\/a><br><a href=\"https:\/\/beta.aa-intergroup.org\/es\/calendario-de-oiaa\/\" data-type=\"link\" data-id=\"https:\/\/beta.aa-intergroup.org\/oiaa-calendar\/\">eventos de OIAA<\/a><br><a href=\"https:\/\/beta.aa-intergroup.org\/es\/hagase-miembro\/\" data-type=\"page\" data-id=\"21912\">h\u00e1gase miembro<\/a><\/p><\/div><\/div><\/div>\n\n<!-- UberMenu [Configuration:insideoiaa] [Theme Loc:] [Integration:api] -->\n<button class=\"ubermenu-responsive-toggle ubermenu-responsive-toggle-insideoiaa ubermenu-skin-grey-white ubermenu-loc- ubermenu-responsive-toggle-content-align-left ubermenu-responsive-toggle-align-full ubermenu-responsive-toggle-close-icon-times \" tabindex=\"0\" data-ubermenu-target=\"ubermenu-insideoiaa-630\"   aria-label=\"Toggle Inside OIAA - Spanish\"><i class=\"fas fa-bars\" ><\/i>Menu<\/button><nav id=\"ubermenu-insideoiaa-630\" class=\"ubermenu ubermenu-nojs ubermenu-insideoiaa ubermenu-menu-630 ubermenu-responsive ubermenu-responsive-default ubermenu-responsive-collapse ubermenu-horizontal ubermenu-transition-shift ubermenu-trigger-hover_intent ubermenu-skin-grey-white  ubermenu-bar-align-full ubermenu-items-align-flex ubermenu-bound-inner ubermenu-disable-submenu-scroll ubermenu-sub-indicators ubermenu-retractors-responsive ubermenu-submenu-indicator-closes\"><ul id=\"ubermenu-nav-insideoiaa-90\" class=\"ubermenu-nav\" data-title=\"Inside OIAA - Spanish\"><li id=\"menu-item-37520\" class=\"ubermenu-item ubermenu-item-type-post_type ubermenu-item-object-page ubermenu-item-37520 ubermenu-item-level-0 ubermenu-column ubermenu-column-auto\" ><a class=\"ubermenu-target ubermenu-item-layout-default ubermenu-item-layout-text_only\" href=\"https:\/\/beta.aa-intergroup.org\/es\/grupos-miembros-de-oiaa\/\" tabindex=\"0\"><span class=\"ubermenu-target-title ubermenu-target-text\">Grupos miembros de OIAA<\/span><\/a><\/li><li id=\"menu-item-37556\" class=\"ubermenu-item ubermenu-item-type-post_type ubermenu-item-object-page ubermenu-item-37556 ubermenu-item-level-0 ubermenu-column ubermenu-column-auto\" ><a class=\"ubermenu-target ubermenu-item-layout-default ubermenu-item-layout-text_only\" href=\"https:\/\/beta.aa-intergroup.org\/es\/herramientas-y-directrices-para-reuniones-en-linea\/\" tabindex=\"0\"><span class=\"ubermenu-target-title ubermenu-target-text\">Herramientas y directrices para reuniones en l\u00ednea<\/span><\/a><\/li><li id=\"menu-item-37557\" class=\"ubermenu-item ubermenu-item-type-post_type ubermenu-item-object-page ubermenu-item-37557 ubermenu-item-level-0 ubermenu-column ubermenu-column-auto\" ><a class=\"ubermenu-target ubermenu-item-layout-default ubermenu-item-layout-text_only\" href=\"https:\/\/beta.aa-intergroup.org\/es\/oiaa-en-accion\/\" tabindex=\"0\"><span class=\"ubermenu-target-title ubermenu-target-text\">OIAA en acci\u00f3n<\/span><\/a><\/li><li id=\"menu-item-37558\" class=\"ubermenu-item ubermenu-item-type-post_type ubermenu-item-object-page ubermenu-item-37558 ubermenu-item-level-0 ubermenu-column ubermenu-column-auto\" ><a class=\"ubermenu-target ubermenu-item-layout-default ubermenu-item-layout-text_only\" href=\"https:\/\/beta.aa-intergroup.org\/es\/comites-de-servicio\/\" tabindex=\"0\"><span class=\"ubermenu-target-title ubermenu-target-text\">Comit\u00e9s de servicio<\/span><\/a><\/li><li id=\"menu-item-37559\" class=\"ubermenu-item ubermenu-item-type-post_type ubermenu-item-object-page ubermenu-item-37559 ubermenu-item-level-0 ubermenu-column ubermenu-column-auto\" ><a class=\"ubermenu-target ubermenu-item-layout-default ubermenu-item-layout-text_only\" href=\"https:\/\/beta.aa-intergroup.org\/es\/calendario-de-oiaa\/\" tabindex=\"0\"><span class=\"ubermenu-target-title ubermenu-target-text\">Calendario de OIAA<\/span><\/a><\/li><li id=\"menu-item-37560\" class=\"ubermenu-item ubermenu-item-type-post_type ubermenu-item-object-page ubermenu-item-37560 ubermenu-item-level-0 ubermenu-column ubermenu-column-auto\" ><a class=\"ubermenu-target ubermenu-item-layout-default ubermenu-item-layout-text_only\" href=\"https:\/\/beta.aa-intergroup.org\/es\/hagase-miembro\/\" tabindex=\"0\"><span class=\"ubermenu-target-title ubermenu-target-text\">H\u00e1gase miembro<\/span><\/a><\/li><\/ul><\/nav>\n<!-- End UberMenu -->\n\n\n<hr class=\"wp-block-separator has-text-color has-alpha-channel-opacity has-background is-style-default\" style=\"background-color:#08c9fd;color:#08c9fd\"\/>\n\n<div style=\"height:30px\" aria-hidden=\"true\" class=\"wp-block-spacer\"><\/div>\n\n<div class=\"wp-block-columns is-layout-flex wp-container-core-columns-is-layout-9d6595d7 wp-block-columns-is-layout-flex\">\n<div class=\"wp-block-column is-layout-flow wp-block-column-is-layout-flow\">\n<div class=\"wp-block-essential-blocks-infobox root-eb-infobox-ujhj7\"><div class=\"eb-parent-wrapper eb-parent-eb-infobox-ujhj7 \"><div class=\"eb-infobox-ujhj7 eb-infobox-wrapper\"><div class=\"infobox-wrapper-inner\"><div class=\"contents-wrapper\"><h3 class=\"title\"><strong>Enviar una nueva reuni\u00f3n en l\u00ednea<\/strong><\/h3><p class=\"description\">Si tiene un grupo de AA que se re\u00fane digitalmente \u2014a trav\u00e9s de tel\u00e9fono, chat, videoconferencia, etc.\u2014, por favor, comparta la informaci\u00f3n de participaci\u00f3n con nosotros para que podamos incluirla en el directorio de AA en l\u00ednea. Su anuncio no aparecer\u00e1 inmediatamente. Por favor, espere un tiempo para su revisi\u00f3n.  <br><\/p><div class=\"eb-button-inner-wrapper eb-infobox-btn-wrapper\"><a class=\"eb-button-anchor infobox-btn \" href=\"https:\/\/beta.aa-intergroup.org\/submit-meeting\/\" rel=\"noopener\"><strong>Enviar su reuni\u00f3n<\/strong><\/a><\/div><\/div><\/div><\/div><\/div><\/div>\n<\/div>\n\n\n\n<div class=\"wp-block-column is-layout-flow wp-block-column-is-layout-flow\">\n<div class=\"wp-block-essential-blocks-infobox root-eb-infobox-olgtw\"><div class=\"eb-parent-wrapper eb-parent-eb-infobox-olgtw \"><div class=\"eb-infobox-olgtw eb-infobox-wrapper\"><div class=\"infobox-wrapper-inner\"><div class=\"contents-wrapper\"><h3 class=\"title\"><strong>Actualizaciones<\/strong> del <strong>directorio de reuniones<\/strong><\/h3><p class=\"description\">Los representantes oficiales de una reuni\u00f3n en l\u00ednea listada en la base de datos de reuniones pueden actualizar su anuncio. Los cambios pueden ser hora\/fecha, ediciones de la descripci\u00f3n, actualizaciones de enlaces, n\u00fameros de tel\u00e9fono o contrase\u00f1as, eliminaci\u00f3n del anuncio, etc. <br><\/p><div class=\"eb-button-inner-wrapper eb-infobox-btn-wrapper\"><a class=\"eb-button-anchor infobox-btn \" href=\"https:\/\/beta.aa-intergroup.org\/meeting-directory-updates\/\" rel=\"noopener\"><strong>Actualizar su reuni\u00f3n<\/strong><\/a><\/div><\/div><\/div><\/div><\/div><\/div>\n<\/div>\n<\/div>\n\n<div style=\"height:100px\" aria-hidden=\"true\" class=\"wp-block-spacer\"><\/div>\n\n<div class=\"wp-block-columns is-layout-flex wp-container-core-columns-is-layout-9d6595d7 wp-block-columns-is-layout-flex\">\n<div class=\"wp-block-column is-layout-flow wp-block-column-is-layout-flow\">\n<div class=\"wp-block-essential-blocks-infobox root-eb-infobox-fkisq\"><div class=\"eb-parent-wrapper eb-parent-eb-infobox-fkisq \"><div class=\"eb-infobox-fkisq eb-infobox-wrapper\"><div class=\"infobox-wrapper-inner\"><div class=\"contents-wrapper\"><h3 class=\"title\"><strong>Directrices del directorio de reuniones<\/strong><\/h3><p class=\"description\">Cualquier grupo o reuni\u00f3n de AA en l\u00ednea puede aparecer en el Directorio siempre que se adhiera a las Tradiciones de Alcoh\u00f3licos An\u00f3nimos.<br><\/p><div class=\"eb-button-inner-wrapper eb-infobox-btn-wrapper\"><a class=\"eb-button-anchor infobox-btn \" href=\"https:\/\/beta.aa-intergroup.org\/meeting-directory-guidelines\/\" rel=\"noopener\"><strong>Leer las directrices<\/strong><\/a><\/div><\/div><\/div><\/div><\/div><\/div>\n<\/div>\n\n\n\n<div class=\"wp-block-column is-layout-flow wp-block-column-is-layout-flow\">\n<div class=\"wp-block-essential-blocks-infobox root-eb-infobox-q4y2a\"><div class=\"eb-parent-wrapper eb-parent-eb-infobox-q4y2a \"><div class=\"eb-infobox-q4y2a eb-infobox-wrapper\"><div class=\"infobox-wrapper-inner\"><div class=\"contents-wrapper\"><h3 class=\"title\"><strong>Ayuda para reuniones en l\u00ednea<\/strong><\/h3><p class=\"description\">El subcomit\u00e9 de Tech Steppers proporciona apoyo a las reuniones del directorio de la OIAA y a sus asistentes para la seguridad en l\u00ednea y la configuraci\u00f3n de la cuenta.<\/p><div class=\"eb-button-inner-wrapper eb-infobox-btn-wrapper\"><a class=\"eb-button-anchor infobox-btn \" href=\"https:\/\/beta.aa-intergroup.org\/online-meeting-help\/\" rel=\"noopener\"><strong>Contactar con Tech Steppers<\/strong><\/a><\/div><\/div><\/div><\/div><\/div><\/div>\n<\/div>\n<\/div>\n\n<p><\/p>\n\n<div style=\"height:244px\" aria-hidden=\"true\" class=\"wp-block-spacer\"><\/div>\n","protected":false},"excerpt":{"rendered":"<p>Dentro de OIAA Este es el recurso de referencia para todo lo que sucede dentro de OIAA.<\/p>\n","protected":false},"author":153,"featured_media":0,"parent":0,"menu_order":0,"comment_status":"closed","ping_status":"closed","template":"","meta":{"_acf_changed":false,"_eb_attr":"","footnotes":""},"class_list":["post-15516","page","type-page","status-publish","hentry"],"acf":[],"_links":{"self":[{"href":"https:\/\/beta.aa-intergroup.org\/es\/wp-json\/wp\/v2\/pages\/15516","targetHints":{"allow":["GET"]}}],"collection":[{"href":"https:\/\/beta.aa-intergroup.org\/es\/wp-json\/wp\/v2\/pages"}],"about":[{"href":"https:\/\/beta.aa-intergroup.org\/es\/wp-json\/wp\/v2\/types\/page"}],"author":[{"embeddable":true,"href":"https:\/\/beta.aa-intergroup.org\/es\/wp-json\/wp\/v2\/users\/153"}],"replies":[{"embeddable":true,"href":"https:\/\/beta.aa-intergroup.org\/es\/wp-json\/wp\/v2\/comments?post=15516"}],"version-history":[{"count":1,"href":"https:\/\/beta.aa-intergroup.org\/es\/wp-json\/wp\/v2\/pages\/15516\/revisions"}],"predecessor-version":[{"id":15517,"href":"https:\/\/beta.aa-intergroup.org\/es\/wp-json\/wp\/v2\/pages\/15516\/revisions\/15517"}],"wp:attachment":[{"href":"https:\/\/beta.aa-intergroup.org\/es\/wp-json\/wp\/v2\/media?parent=15516"}],"curies":[{"name":"wp","href":"https:\/\/api.w.org\/{rel}","templated":true}]}}