{"id":15543,"date":"2023-04-12T11:38:33","date_gmt":"2023-04-12T15:38:33","guid":{"rendered":"https:\/\/beta.aa-intergroup.org\/que-es-oiaa\/"},"modified":"2025-10-28T04:42:21","modified_gmt":"2025-10-28T08:42:21","slug":"que-es-oiaa","status":"publish","type":"page","link":"https:\/\/beta.aa-intergroup.org\/es\/que-es-oiaa\/","title":{"rendered":"\u00bfQu\u00e9 es OIAA?"},"content":{"rendered":"\n<div class=\"wp-block-columns has-background is-layout-flex wp-container-core-columns-is-layout-9d6595d7 wp-block-columns-is-layout-flex\" style=\"background-color:#02c8fd\">\n<div class=\"wp-block-column is-layout-flow wp-block-column-is-layout-flow\">\n<div class=\"wp-block-essential-blocks-number-counter root-eb-counter-p7itz\"><div class=\"eb-parent-wrapper eb-parent-eb-counter-p7itz \"><div class=\"eb-counter-p7itz eb-counter-wrapper\"><div class=\"counter-contents-wrapper\"><p class=\"eb-counter-number\"><span class=\"eb-counter-prefix\"><\/span><span class=\"eb-counter eb-counter-number\" data-duration=\"1000\" data-startvalue=\"0\" data-target=\"1040\" data-separator=\",\" data-isshowseparator=\"true\">0<\/span><span class=\"eb-counter-suffix\">+<\/span><\/p><p class=\"eb-counter-title\">Total<br>miembros<\/p><\/div><\/div><\/div><\/div>\n<\/div>\n\n\n\n<div class=\"wp-block-column is-layout-flow wp-block-column-is-layout-flow\">\n<div class=\"wp-block-essential-blocks-number-counter root-eb-counter-p4nlw\"><div class=\"eb-parent-wrapper eb-parent-eb-counter-p4nlw \"><div class=\"eb-counter-p4nlw eb-counter-wrapper\"><div class=\"counter-contents-wrapper\"><p class=\"eb-counter-number\"><span class=\"eb-counter-prefix\"><\/span><span class=\"eb-counter eb-counter-number\" data-duration=\"1000\" data-startvalue=\"0\" data-target=\"25\" data-separator=\",\" data-isshowseparator=\"true\">0<\/span><span class=\"eb-counter-suffix\">+<\/span><\/p><p class=\"eb-counter-title\">Presidentes de comit\u00e9s y oficiales<\/p><\/div><\/div><\/div><\/div>\n<\/div>\n\n\n\n<div class=\"wp-block-column is-layout-flow wp-block-column-is-layout-flow\">\n<div class=\"wp-block-essential-blocks-number-counter root-eb-counter-7pvn2\"><div class=\"eb-parent-wrapper eb-parent-eb-counter-7pvn2 \"><div class=\"eb-counter-7pvn2 eb-counter-wrapper\"><div class=\"counter-contents-wrapper\"><p class=\"eb-counter-number\"><span class=\"eb-counter-prefix\"><\/span><span class=\"eb-counter eb-counter-number\" data-duration=\"1000\" data-startvalue=\"0\" data-target=\"791\" data-separator=\",\" data-isshowseparator=\"true\">0<\/span><span class=\"eb-counter-suffix\">+<\/span><\/p><p class=\"eb-counter-title\">Grupos de<br>miembros<\/p><\/div><\/div><\/div><\/div>\n<\/div>\n\n\n\n<div class=\"wp-block-column is-layout-flow wp-block-column-is-layout-flow\">\n<div class=\"wp-block-essential-blocks-number-counter root-eb-counter-10sxe\"><div class=\"eb-parent-wrapper eb-parent-eb-counter-10sxe \"><div class=\"eb-counter-10sxe eb-counter-wrapper\"><div class=\"counter-contents-wrapper\"><p class=\"eb-counter-number\"><span class=\"eb-counter-prefix\"><\/span><span class=\"eb-counter eb-counter-number\" data-duration=\"1000\" data-startvalue=\"0\" data-target=\"224\" data-separator=\",\" data-isshowseparator=\"true\">0<\/span><span class=\"eb-counter-suffix\">+<\/span><\/p><p class=\"eb-counter-title\">Miembros<br>sin voto<\/p><\/div><\/div><\/div><\/div>\n<\/div>\n<\/div>\n\n<hr class=\"wp-block-separator has-text-color has-vivid-cyan-blue-color has-alpha-channel-opacity has-vivid-cyan-blue-background-color has-background is-style-wide\"\/>\n\n<p>La Interagrupaci\u00f3n en L\u00ednea de Alcoh\u00f3licos An\u00f3nimos, u OIAA, es una organizaci\u00f3n de servicio internacional establecida de acuerdo con la Novena Tradici\u00f3n de Alcoh\u00f3licos An\u00f3nimos A.A., espec\u00edficamente con el prop\u00f3sito de ayudar a los grupos de A.A. <strong>en l\u00ednea<\/strong> en su prop\u00f3sito com\u00fan de llevar el mensaje de A.A. al alcoh\u00f3lico que a\u00fan sufre. OIAA cumple este prop\u00f3sito mediante<\/p>\n\n<p>1) El fomento de la unidad entre los grupos de A.A. en l\u00ednea a trav\u00e9s de sus talleres, foros y asambleas<\/p>\n\n<p>2) El uso de Internet para transmitir el mensaje de A.A., la creaci\u00f3n de oportunidades para que los voluntarios presten servicio y la capacitaci\u00f3n de todos sus miembros y de la propia organizaci\u00f3n para conectarse y comunicarse<\/p>\n\n<p>3) La respuesta a las necesidades de A.A. en l\u00ednea a trav\u00e9s de nuestros comit\u00e9s de servicio, como los 12\u00ba Pasos en l\u00ednea, respondiendo directamente por correo electr\u00f3nico a las personas que buscan ayuda para un problema con la bebida; el comit\u00e9 de la CPC, que se pone en contacto con todos los profesionales que puedan tener la oportunidad de prestar servicios a quienes puedan tener un problema con la bebida; y los Tech Steppers, que ayudan a los grupos de A.A. en l\u00ednea a mejorar su postura de seguridad en l\u00ednea.<\/p>\n\n<p>4) La provisi\u00f3n de una fuente central de informaci\u00f3n sobre A.A. en l\u00ednea a trav\u00e9s de nuestro sitio web, un centro neur\u00e1lgico donde los miembros pueden reunirse y obtener informaci\u00f3n relacionada con la recuperaci\u00f3n, la unidad y el servicio en l\u00ednea, y nuestro directorio de reuniones en l\u00ednea que permite el acceso directo a las reuniones de A.A. en l\u00ednea en cualquier momento y en cualquier lugar del mundo.<\/p>\n\n<p class=\"has-text-align-center\"><iframe loading=\"lazy\" width=\"550\" height=\"310\" src=\"https:\/\/www.youtube.com\/embed\/PZIB3TfAHXU?si=Wy5vyWDZ_9c2Crva\" title=\"What Is OIAA\" frameborder=\"0\" allow=\"accelerometer; autoplay; clipboard-write; encrypted-media; gyroscope; picture-in-picture\" allowfullscreen><\/iframe><\/p>\n\n<div style=\"height:30px\" aria-hidden=\"true\" class=\"wp-block-spacer\"><\/div>\n","protected":false},"excerpt":{"rendered":"<p>La Interagrupaci\u00f3n en L\u00ednea de Alcoh\u00f3licos An\u00f3nimos, u OIAA, es una organizaci\u00f3n de servicio internacional establecida de acuerdo con la Novena Tradici\u00f3n de Alcoh\u00f3licos An\u00f3nimos A.A., espec\u00edficamente con el prop\u00f3sito de ayudar a los grupos de A.A. en l\u00ednea en su prop\u00f3sito com\u00fan de llevar el mensaje de A.A. al alcoh\u00f3lico que a\u00fan sufre. OIAA<a class=\"excerpt-read-more\" href=\"https:\/\/beta.aa-intergroup.org\/es\/que-es-oiaa\/\" title=\"Read\u00bfQu\u00e9 es OIAA?\">&#8230; Read more &raquo;<\/a><\/p>\n","protected":false},"author":18,"featured_media":0,"parent":0,"menu_order":0,"comment_status":"closed","ping_status":"closed","template":"","meta":{"_acf_changed":false,"_eb_attr":"","footnotes":""},"class_list":["post-15543","page","type-page","status-publish","hentry"],"acf":[],"_links":{"self":[{"href":"https:\/\/beta.aa-intergroup.org\/es\/wp-json\/wp\/v2\/pages\/15543","targetHints":{"allow":["GET"]}}],"collection":[{"href":"https:\/\/beta.aa-intergroup.org\/es\/wp-json\/wp\/v2\/pages"}],"about":[{"href":"https:\/\/beta.aa-intergroup.org\/es\/wp-json\/wp\/v2\/types\/page"}],"author":[{"embeddable":true,"href":"https:\/\/beta.aa-intergroup.org\/es\/wp-json\/wp\/v2\/users\/18"}],"replies":[{"embeddable":true,"href":"https:\/\/beta.aa-intergroup.org\/es\/wp-json\/wp\/v2\/comments?post=15543"}],"version-history":[{"count":1,"href":"https:\/\/beta.aa-intergroup.org\/es\/wp-json\/wp\/v2\/pages\/15543\/revisions"}],"predecessor-version":[{"id":15545,"href":"https:\/\/beta.aa-intergroup.org\/es\/wp-json\/wp\/v2\/pages\/15543\/revisions\/15545"}],"wp:attachment":[{"href":"https:\/\/beta.aa-intergroup.org\/es\/wp-json\/wp\/v2\/media?parent=15543"}],"curies":[{"name":"wp","href":"https:\/\/api.w.org\/{rel}","templated":true}]}}