{"id":15561,"date":"2020-04-27T17:08:06","date_gmt":"2020-04-27T21:08:06","guid":{"rendered":"https:\/\/beta.aa-intergroup.org\/unase-a-oiaa\/"},"modified":"2025-10-28T04:42:33","modified_gmt":"2025-10-28T08:42:33","slug":"unase-a-oiaa","status":"publish","type":"page","link":"https:\/\/beta.aa-intergroup.org\/es\/unase-a-oiaa\/","title":{"rendered":"\u00danase a OIAA"},"content":{"rendered":"\n<p><\/p>\n\n<p><\/p>\n\n<p>No <strong>es<\/strong> necesario ser miembro para incluir su grupo de A.A. en l\u00ednea en el Directorio de Reuniones o para participar en cualquiera de nuestros numerosos Comit\u00e9s de Servicio.<\/p>\n\n<p>M\u00e1s informaci\u00f3n sobre la membres\u00eda: <a href=\"https:\/\/beta.aa-intergroup.org\/why-join-oiaa\/\">Por qu\u00e9 unirse a OIAA<\/a><\/p>\n\n<p>Recomendamos crear un correo electr\u00f3nico de grupo en lugar de un correo electr\u00f3nico personal, de modo que cuando su RGI\/Secretario\/Contacto del Grupo cambie, la direcci\u00f3n de correo electr\u00f3nico pueda seguir siendo la misma. Si tiene preguntas sobre este formulario o necesita cambiar su informaci\u00f3n de RGI, p\u00f3ngase en contacto con el Registro: <strong>OIAA.registrar@aa-intergroup.org<\/strong>. <\/p>\n\n<div class=\"wpforms-container wpforms-container-full\" id=\"wpforms-4899\"><form id=\"wpforms-form-4899\" class=\"wpforms-validate wpforms-form wpforms-ajax-form\" data-formid=\"4899\" method=\"post\" enctype=\"multipart\/form-data\" action=\"\/es\/wp-json\/wp\/v2\/pages\/15561\" data-token=\"ce63f7e551893a1e6587db826fbc52a5\" data-token-time=\"1776037436\"><noscript class=\"wpforms-error-noscript\">Por favor, activa JavaScript en tu navegador para completar este formulario.<\/noscript><div class=\"wpforms-field-container\"><div id=\"wpforms-4899-field_18-container\" class=\"wpforms-field wpforms-field-select wpforms-conditional-trigger wpforms-field-select-style-classic\" data-field-id=\"18\"><label class=\"wpforms-field-label\" for=\"wpforms-4899-field_18\">\u00bfNecesita ayuda para dejar de beber? <span class=\"wpforms-required-label\">*<\/span><\/label><select id=\"wpforms-4899-field_18\" class=\"wpforms-field-medium wpforms-field-required\" name=\"wpforms[fields][18]\" required=\"required\"><option value=\"Por favor, elija...\" >Por favor, elija...<\/option><option value=\"S\u00ed\" >S\u00ed<\/option><option value=\"No\" >No<\/option><\/select><div class=\"wpforms-field-description\">Por favor, elija \"No\" si no busca una llamada de los 12 pasos<\/div><\/div><div id=\"wpforms-4899-field_12-container\" class=\"wpforms-field wpforms-field-text wpforms-conditional-field wpforms-conditional-show\" data-field-id=\"12\" style=\"display:none;\"><label class=\"wpforms-field-label\" for=\"wpforms-4899-field_12\">Nombre<\/label><input type=\"text\" id=\"wpforms-4899-field_12\" class=\"wpforms-field-medium\" name=\"wpforms[fields][12]\" ><\/div><div id=\"wpforms-4899-field_13-container\" class=\"wpforms-field wpforms-field-text wpforms-conditional-field wpforms-conditional-show\" data-field-id=\"13\" style=\"display:none;\"><label class=\"wpforms-field-label\" for=\"wpforms-4899-field_13\">Inicial del apellido<\/label><input type=\"text\" id=\"wpforms-4899-field_13\" class=\"wpforms-field-medium wpforms-limit-characters-enabled\" data-form-id=\"4899\" data-field-id=\"13\" data-text-limit=\"1\" name=\"wpforms[fields][13]\" maxlength=\"1\" ><\/div><div id=\"wpforms-4899-field_14-container\" class=\"wpforms-field wpforms-field-email wpforms-conditional-field wpforms-conditional-show\" data-field-id=\"14\" style=\"display:none;\"><label class=\"wpforms-field-label\" for=\"wpforms-4899-field_14\">Correo electr\u00f3nico <span class=\"wpforms-required-label\">*<\/span><\/label><input type=\"email\" id=\"wpforms-4899-field_14\" class=\"wpforms-field-medium wpforms-field-required\" name=\"wpforms[fields][14]\" spellcheck=\"false\" required><\/div><div id=\"wpforms-4899-field_26-container\" class=\"wpforms-field wpforms-field-text wpforms-conditional-field wpforms-conditional-show\" data-field-id=\"26\" style=\"display:none;\"><label class=\"wpforms-field-label\" for=\"wpforms-4899-field_26\">Asunto <span class=\"wpforms-required-label\">*<\/span><\/label><input type=\"text\" id=\"wpforms-4899-field_26\" class=\"wpforms-field-medium wpforms-field-required\" name=\"wpforms[fields][26]\" required><\/div><div id=\"wpforms-4899-field_8-container\" class=\"wpforms-field wpforms-field-select wpforms-conditional-field wpforms-conditional-show wpforms-conditional-trigger wpforms-field-select-style-classic\" data-field-id=\"8\" style=\"display:none;\"><label class=\"wpforms-field-label\" for=\"wpforms-4899-field_8\">\u00bfEs usted un individuo o parte de un grupo?<\/label><select id=\"wpforms-4899-field_8\" class=\"wpforms-field-medium\" name=\"wpforms[fields][8]\"><option value=\"Por favor, elija\" >Por favor, elija<\/option><option value=\"Individual\" >Individual<\/option><option value=\"Grupo\" >Grupo<\/option><\/select><\/div><div id=\"wpforms-4899-field_28-container\" class=\"wpforms-field wpforms-field-select wpforms-conditional-field wpforms-conditional-show wpforms-conditional-trigger wpforms-field-select-style-classic\" data-field-id=\"28\" style=\"display:none;\"><label class=\"wpforms-field-label\" for=\"wpforms-4899-field_28\">\u00bfEn qu\u00e9 pa\u00eds se encuentra? <span class=\"wpforms-required-label\">*<\/span><\/label><select id=\"wpforms-4899-field_28\" class=\"wpforms-field-medium wpforms-field-required\" name=\"wpforms[fields][28]\" required=\"required\"><option value=\"Por favor, elija...\" >Por favor, elija...<\/option><option value=\"EE. UU.\" >EE. UU.<\/option><option value=\"Guadalupe\" >Guadalupe<\/option><option value=\"Canad\u00e1\" >Canad\u00e1<\/option><option value=\"M\u00e9xico\" >M\u00e9xico<\/option><option value=\"Francia\" >Francia<\/option><option value=\"India\" >India<\/option><option value=\"Irlanda\" >Irlanda<\/option><option value=\"L\u00edbano\" >L\u00edbano<\/option><option value=\"Otro pa\u00eds\" >Otro pa\u00eds<\/option><\/select><\/div><div id=\"wpforms-4899-field_27-container\" class=\"wpforms-field wpforms-field-text wpforms-conditional-field wpforms-conditional-show\" data-field-id=\"27\" style=\"display:none;\"><label class=\"wpforms-field-label\" for=\"wpforms-4899-field_27\">\u00bfQu\u00e9 pa\u00eds? <span class=\"wpforms-required-label\">*<\/span><\/label><input type=\"text\" id=\"wpforms-4899-field_27\" class=\"wpforms-field-medium wpforms-field-required\" name=\"wpforms[fields][27]\" required><\/div><div id=\"wpforms-4899-field_1-container\" class=\"wpforms-field wpforms-field-text wpforms-conditional-field wpforms-conditional-show\" data-field-id=\"1\" style=\"display:none;\"><label class=\"wpforms-field-label\" for=\"wpforms-4899-field_1\">Nombre del grupo <span class=\"wpforms-required-label\">*<\/span><\/label><input type=\"text\" id=\"wpforms-4899-field_1\" class=\"wpforms-field-medium wpforms-field-required\" name=\"wpforms[fields][1]\" required><\/div><div id=\"wpforms-4899-field_6-container\" class=\"wpforms-field wpforms-field-text wpforms-conditional-field wpforms-conditional-show\" data-field-id=\"6\" style=\"display:none;\"><label class=\"wpforms-field-label\" for=\"wpforms-4899-field_6\">Correo electr\u00f3nico del grupo <span class=\"wpforms-required-label\">*<\/span><\/label><input type=\"text\" id=\"wpforms-4899-field_6\" class=\"wpforms-field-medium wpforms-field-required\" name=\"wpforms[fields][6]\" required><\/div><div id=\"wpforms-4899-field_2-container\" class=\"wpforms-field wpforms-field-text wpforms-conditional-field wpforms-conditional-show\" data-field-id=\"2\" style=\"display:none;\"><label class=\"wpforms-field-label\" for=\"wpforms-4899-field_2\">IGR: nombre, inicial del apellido<\/label><input type=\"text\" id=\"wpforms-4899-field_2\" class=\"wpforms-field-medium\" name=\"wpforms[fields][2]\" ><\/div><div id=\"wpforms-4899-field_9-container\" class=\"wpforms-field wpforms-field-email wpforms-conditional-field wpforms-conditional-show\" data-field-id=\"9\" style=\"display:none;\"><label class=\"wpforms-field-label\" for=\"wpforms-4899-field_9\">Correo electr\u00f3nico del IGR <span class=\"wpforms-required-label\">*<\/span><\/label><input type=\"email\" id=\"wpforms-4899-field_9\" class=\"wpforms-field-medium wpforms-field-required\" name=\"wpforms[fields][9]\" spellcheck=\"false\" required><\/div><div id=\"wpforms-4899-field_3-container\" class=\"wpforms-field wpforms-field-text wpforms-conditional-field wpforms-conditional-show\" data-field-id=\"3\" style=\"display:none;\"><label class=\"wpforms-field-label\" for=\"wpforms-4899-field_3\">IGR ALT: nombre, inicial del apellido<\/label><input type=\"text\" id=\"wpforms-4899-field_3\" class=\"wpforms-field-medium\" name=\"wpforms[fields][3]\" ><\/div><div id=\"wpforms-4899-field_10-container\" class=\"wpforms-field wpforms-field-email wpforms-conditional-field wpforms-conditional-show\" data-field-id=\"10\" style=\"display:none;\"><label class=\"wpforms-field-label\" for=\"wpforms-4899-field_10\">Correo electr\u00f3nico del IGR Alt <span class=\"wpforms-required-label\">*<\/span><\/label><input type=\"email\" id=\"wpforms-4899-field_10\" class=\"wpforms-field-medium wpforms-field-required\" name=\"wpforms[fields][10]\" spellcheck=\"false\" required><\/div><div id=\"wpforms-4899-field_11-container\" class=\"wpforms-field wpforms-field-text wpforms-conditional-field wpforms-conditional-show\" data-field-id=\"11\" style=\"display:none;\"><label class=\"wpforms-field-label\" for=\"wpforms-4899-field_11\">Idioma principal<\/label><input type=\"text\" id=\"wpforms-4899-field_11\" class=\"wpforms-field-medium\" name=\"wpforms[fields][11]\" ><\/div><div id=\"wpforms-4899-field_15-container\" class=\"wpforms-field wpforms-field-select wpforms-conditional-field wpforms-conditional-show wpforms-conditional-trigger wpforms-field-select-style-classic\" data-field-id=\"15\" style=\"display:none;\"><label class=\"wpforms-field-label\" for=\"wpforms-4899-field_15\">\u00bfSe une a un comit\u00e9?<\/label><select id=\"wpforms-4899-field_15\" class=\"wpforms-field-medium\" name=\"wpforms[fields][15]\"><option value=\"Por favor, elija...\" >Por favor, elija...<\/option><option value=\"S\u00ed\" >S\u00ed<\/option><option value=\"No\" >No<\/option><\/select><\/div><div id=\"wpforms-4899-field_17-container\" class=\"wpforms-field wpforms-field-select wpforms-conditional-field wpforms-conditional-show wpforms-field-select-style-classic\" data-field-id=\"17\" style=\"display:none;\"><label class=\"wpforms-field-label\" for=\"wpforms-4899-field_17\">\u00bfCu\u00e1l?<\/label><select id=\"wpforms-4899-field_17\" class=\"wpforms-field-medium\" name=\"wpforms[fields][17]\"><option value=\"Por favor, elija...\" >Por favor, elija...<\/option><option value=\"Miembros de los 12 pasos\" >Miembros de los 12 pasos<\/option><option value=\"Archivos\" >Archivos<\/option><option value=\"Comunicaciones\" >Comunicaciones<\/option><option value=\"Convenciones\" >Convenciones<\/option><option value=\"CPC\" >CPC<\/option><option value=\"Finanzas\" >Finanzas<\/option><option value=\"Ponte en acci\u00f3n\" >Ponte en acci\u00f3n<\/option><option value=\"Grapevine\" >Grapevine<\/option><option value=\"Directrices\" >Directrices<\/option><option value=\"PAC\" >PAC<\/option><option value=\"PIC\" >PIC<\/option><option value=\"Tecnolog\u00eda\" >Tecnolog\u00eda<\/option><option value=\"Unidad\" >Unidad<\/option><\/select><\/div><div id=\"wpforms-4899-field_5-container\" class=\"wpforms-field wpforms-field-textarea wpforms-conditional-field wpforms-conditional-show\" data-field-id=\"5\" style=\"display:none;\"><label class=\"wpforms-field-label\" for=\"wpforms-4899-field_5\">Comentarios \/ preguntas<\/label><textarea id=\"wpforms-4899-field_5\" class=\"wpforms-field-medium\" name=\"wpforms[fields][5]\" ><\/textarea><\/div><div id=\"wpforms-4899-field_19-container\" class=\"wpforms-field wpforms-field-text wpforms-conditional-field wpforms-conditional-show\" data-field-id=\"19\" style=\"display:none;\"><label class=\"wpforms-field-label\" for=\"wpforms-4899-field_19\">Nombre <span class=\"wpforms-required-label\">*<\/span><\/label><input type=\"text\" id=\"wpforms-4899-field_19\" class=\"wpforms-field-medium wpforms-field-required\" name=\"wpforms[fields][19]\" required><div class=\"wpforms-field-description\">El nombre y la inicial del apellido est\u00e1n bien<\/div><\/div><div id=\"wpforms-4899-field_20-container\" class=\"wpforms-field wpforms-field-email wpforms-conditional-field wpforms-conditional-show\" data-field-id=\"20\" style=\"display:none;\"><label class=\"wpforms-field-label\" for=\"wpforms-4899-field_20\">Correo electr\u00f3nico <span class=\"wpforms-required-label\">*<\/span><\/label><input type=\"email\" id=\"wpforms-4899-field_20\" class=\"wpforms-field-medium wpforms-field-required\" name=\"wpforms[fields][20]\" spellcheck=\"false\" required><\/div><div id=\"wpforms-4899-field_21-container\" class=\"wpforms-field wpforms-field-textarea wpforms-conditional-field wpforms-conditional-show\" data-field-id=\"21\" style=\"display:none;\"><label class=\"wpforms-field-label\" for=\"wpforms-4899-field_21\">Mensaje <span class=\"wpforms-required-label\">*<\/span><\/label><textarea id=\"wpforms-4899-field_21\" class=\"wpforms-field-medium wpforms-field-required\" name=\"wpforms[fields][21]\" required><\/textarea><\/div><div id=\"wpforms-4899-field_22-container\" class=\"wpforms-field wpforms-field-select wpforms-conditional-field wpforms-conditional-show wpforms-conditional-trigger wpforms-field-select-style-classic\" data-field-id=\"22\" style=\"display:none;\"><label class=\"wpforms-field-label\" for=\"wpforms-4899-field_22\">Su pa\u00eds <span class=\"wpforms-required-label\">*<\/span><\/label><select id=\"wpforms-4899-field_22\" class=\"wpforms-field-medium wpforms-field-required\" name=\"wpforms[fields][22]\" required=\"required\"><option value=\"Por favor, elija...\" >Por favor, elija...<\/option><option value=\"EE. UU.\" >EE. UU.<\/option><option value=\"Guadalupe\" >Guadalupe<\/option><option value=\"Canad\u00e1\" >Canad\u00e1<\/option><option value=\"M\u00e9xico\" >M\u00e9xico<\/option><option value=\"Francia\" >Francia<\/option><option value=\"India\" >India<\/option><option value=\"Irlanda\" >Irlanda<\/option><option value=\"L\u00edbano\" >L\u00edbano<\/option><option value=\"Otro pa\u00eds\" >Otro pa\u00eds<\/option><\/select><\/div><div id=\"wpforms-4899-field_23-container\" class=\"wpforms-field wpforms-field-text wpforms-conditional-field wpforms-conditional-show\" data-field-id=\"23\" style=\"display:none;\"><label class=\"wpforms-field-label\" for=\"wpforms-4899-field_23\">Otro pa\u00eds<\/label><input type=\"text\" id=\"wpforms-4899-field_23\" class=\"wpforms-field-medium\" name=\"wpforms[fields][23]\" ><\/div><div id=\"wpforms-4899-field_7-container\" class=\"wpforms-field wpforms-field-gdpr-checkbox\" data-field-id=\"7\"><label class=\"wpforms-field-label\">Acuerdo RGPD <span class=\"wpforms-required-label\">*<\/span><\/label><ul id=\"wpforms-4899-field_7\" class=\"wpforms-field-required\"><li class=\"choice-1\"><input type=\"checkbox\" id=\"wpforms-4899-field_7_1\" name=\"wpforms[fields][7][]\" value=\"Doy mi consentimiento para que este sitio web almacene la informaci\u00f3n que env\u00edo para que puedan responder a mi consulta.\" required ><label class=\"wpforms-field-label-inline\" for=\"wpforms-4899-field_7_1\">Doy mi consentimiento para que este sitio web almacene la informaci\u00f3n que env\u00edo para que puedan responder a mi consulta.<\/label><\/li><\/ul><\/div><div id=\"wpforms-4899-field_29-container\" class=\"wpforms-field wpforms-field-text request-id\" data-field-id=\"29\"><label class=\"wpforms-field-label wpforms-label-hide\" for=\"wpforms-4899-field_29\">Request ID<\/label><input type=\"text\" id=\"wpforms-4899-field_29\" class=\"wpforms-field-medium\" name=\"wpforms[fields][29]\" ><\/div><\/div><!-- .wpforms-field-container --><div class=\"wpforms-recaptcha-container wpforms-is-recaptcha wpforms-is-recaptcha-type-v2\" ><div class=\"g-recaptcha\" data-sitekey=\"6LfLO_EUAAAAAD2WTL408A9DfNNx6AhXu-npfay8\"><\/div><input type=\"text\" name=\"g-recaptcha-hidden\" class=\"wpforms-recaptcha-hidden\" style=\"position:absolute!important;clip:rect(0,0,0,0)!important;height:1px!important;width:1px!important;border:0!important;overflow:hidden!important;padding:0!important;margin:0!important;\" data-rule-recaptcha=\"1\"><\/div><div class=\"wpforms-submit-container\" ><input type=\"hidden\" name=\"wpforms[id]\" value=\"4899\"><input type=\"hidden\" name=\"page_title\" value=\"\"><input type=\"hidden\" name=\"page_url\" value=\"https:\/\/beta.aa-intergroup.org\/es\/wp-json\/wp\/v2\/pages\/15561\"><button type=\"submit\" name=\"wpforms[submit]\" id=\"wpforms-submit-4899\" class=\"wpforms-submit\" data-alt-text=\"Enviando...\" data-submit-text=\"Enviar\" aria-live=\"assertive\" value=\"wpforms-submit\">Enviar<\/button><img loading=\"lazy\" decoding=\"async\" src=\"https:\/\/beta.aa-intergroup.org\/wp-content\/plugins\/wpforms\/assets\/images\/submit-spin.svg\" class=\"wpforms-submit-spinner\" style=\"display: none;\" width=\"26\" height=\"26\" alt=\"Cargando\"><\/div><\/form><\/div>  <!-- .wpforms-container -->\n","protected":false},"excerpt":{"rendered":"<p>No es necesario ser miembro para incluir su grupo de A.A. en l\u00ednea en el Directorio de Reuniones o para participar en cualquiera de nuestros numerosos Comit\u00e9s de Servicio. M\u00e1s informaci\u00f3n sobre la membres\u00eda: Por qu\u00e9 unirse a OIAA Recomendamos crear un correo electr\u00f3nico de grupo en lugar de un correo electr\u00f3nico personal, de modo<a class=\"excerpt-read-more\" href=\"https:\/\/beta.aa-intergroup.org\/es\/unase-a-oiaa\/\" title=\"Read\u00danase a OIAA\">&#8230; Read more &raquo;<\/a><\/p>\n","protected":false},"author":9,"featured_media":0,"parent":0,"menu_order":0,"comment_status":"closed","ping_status":"closed","template":"","meta":{"_acf_changed":false,"_eb_attr":"","footnotes":""},"class_list":["post-15561","page","type-page","status-publish","hentry"],"acf":[],"_links":{"self":[{"href":"https:\/\/beta.aa-intergroup.org\/es\/wp-json\/wp\/v2\/pages\/15561","targetHints":{"allow":["GET"]}}],"collection":[{"href":"https:\/\/beta.aa-intergroup.org\/es\/wp-json\/wp\/v2\/pages"}],"about":[{"href":"https:\/\/beta.aa-intergroup.org\/es\/wp-json\/wp\/v2\/types\/page"}],"author":[{"embeddable":true,"href":"https:\/\/beta.aa-intergroup.org\/es\/wp-json\/wp\/v2\/users\/9"}],"replies":[{"embeddable":true,"href":"https:\/\/beta.aa-intergroup.org\/es\/wp-json\/wp\/v2\/comments?post=15561"}],"version-history":[{"count":1,"href":"https:\/\/beta.aa-intergroup.org\/es\/wp-json\/wp\/v2\/pages\/15561\/revisions"}],"predecessor-version":[{"id":15563,"href":"https:\/\/beta.aa-intergroup.org\/es\/wp-json\/wp\/v2\/pages\/15561\/revisions\/15563"}],"wp:attachment":[{"href":"https:\/\/beta.aa-intergroup.org\/es\/wp-json\/wp\/v2\/media?parent=15561"}],"curies":[{"name":"wp","href":"https:\/\/api.w.org\/{rel}","templated":true}]}}