{"id":15568,"date":"2023-04-12T11:38:52","date_gmt":"2023-04-12T15:38:52","guid":{"rendered":"https:\/\/beta.aa-intergroup.org\/por-que-unirse-a-oiaa\/"},"modified":"2025-10-28T04:42:33","modified_gmt":"2025-10-28T08:42:33","slug":"por-que-unirse-a-oiaa","status":"publish","type":"page","link":"https:\/\/beta.aa-intergroup.org\/es\/por-que-unirse-a-oiaa\/","title":{"rendered":"\u00bfPor qu\u00e9 unirse a OIAA?"},"content":{"rendered":"\n<p>El OIAA se centra en el servicio. Servicio al alcoh\u00f3lico que a\u00fan sufre.  Servicio a nuestros grupos en l\u00ednea. Servicio a nuestra comunidad en l\u00ednea. \u00bfPor qu\u00e9 involucrarse en el servicio? \u00bfPor qu\u00e9 entrar en acci\u00f3n? Tal vez el Dr. Bob lo expres\u00f3 mejor:   <\/p>\n\n<blockquote class=\"wp-block-quote is-layout-flow wp-block-quote-is-layout-flow\">\n<p> Lo hago por cuatro razones:<\/p>\n\n\n\n<ol class=\"wp-block-list\">\n<li>Sentido del deber.<\/li>\n\n\n\n<li>Es un placer.<\/li>\n\n\n\n<li>Porque al hacerlo estoy pagando mi deuda con el hombre que se tom\u00f3 el tiempo de transmit\u00edrmelo.<\/li>\n\n\n\n<li>Porque cada vez que lo hago, obtengo un poco m\u00e1s de seguro para m\u00ed mismo contra una posible reca\u00edda.<\/li>\n<\/ol>\n<cite>Dr. Bob<\/cite><\/blockquote>\n\n<div style=\"height:30px\" aria-hidden=\"true\" class=\"wp-block-spacer\"><\/div>\n\n<h4 class=\"wp-block-heading\">Membres\u00eda<\/h4>\n\n<p>La membres\u00eda en el Intergrupo en L\u00ednea est\u00e1 abierta a todos los grupos de AA en l\u00ednea y a todos los miembros de A.A.. No hay cuotas ni tarifas de membres\u00eda. El Intergrupo se autosostiene a trav\u00e9s de las contribuciones voluntarias de sus miembros.   <\/p>\n\n<p>Hay dos clases de membres\u00eda: con derecho a voto y sin derecho a voto.<\/p>\n\n<p>Los miembros con derecho a voto incluyen a cada grupo de AA en l\u00ednea registrado y a sus funcionarios actuales del Intergrupo. Cada grupo de AA en l\u00ednea registrado que participe como miembro debe seleccionar un Representante del Intergrupo (IGR) para ejercer su membres\u00eda. Se sugiere que los IGR tengan al menos un a\u00f1o de sobriedad continua y que sean miembros activos de sus grupos. Tambi\u00e9n se anima a los grupos a seleccionar IGR suplentes para que act\u00faen en ausencia del IGR.   <\/p>\n\n<p>Los miembros sin derecho a voto incluyen a cualquier miembro de A.A. que desee unirse al Intergrupo. \u00c9l o ella puede participar en las discusiones de las Asambleas, Foros y Talleres, pero no puede presentar mociones ni votar.<br\/>No <strong>es<\/strong> necesario ser miembro para incluir su grupo de AA en l\u00ednea en el Directorio de Reuniones o para participar en cualquiera de nuestros muchos Comit\u00e9s de Servicio. <\/p>\n\n<div style=\"height:30px\" aria-hidden=\"true\" class=\"wp-block-spacer\"><\/div>\n","protected":false},"excerpt":{"rendered":"<p>El OIAA se centra en el servicio. Servicio al alcoh\u00f3lico que a\u00fan sufre. Servicio a nuestros grupos en l\u00ednea. Servicio a nuestra comunidad en l\u00ednea. \u00bfPor qu\u00e9 involucrarse en el servicio? \u00bfPor qu\u00e9 entrar en acci\u00f3n? Tal vez el Dr. Bob lo expres\u00f3 mejor: Membres\u00eda La membres\u00eda en el Intergrupo en L\u00ednea est\u00e1 abierta a<a class=\"excerpt-read-more\" href=\"https:\/\/beta.aa-intergroup.org\/es\/por-que-unirse-a-oiaa\/\" title=\"Read\u00bfPor qu\u00e9 unirse a OIAA?\">&#8230; Read more &raquo;<\/a><\/p>\n","protected":false},"author":18,"featured_media":0,"parent":0,"menu_order":0,"comment_status":"closed","ping_status":"closed","template":"","meta":{"_acf_changed":false,"_eb_attr":"","footnotes":""},"class_list":["post-15568","page","type-page","status-publish","hentry"],"acf":[],"_links":{"self":[{"href":"https:\/\/beta.aa-intergroup.org\/es\/wp-json\/wp\/v2\/pages\/15568","targetHints":{"allow":["GET"]}}],"collection":[{"href":"https:\/\/beta.aa-intergroup.org\/es\/wp-json\/wp\/v2\/pages"}],"about":[{"href":"https:\/\/beta.aa-intergroup.org\/es\/wp-json\/wp\/v2\/types\/page"}],"author":[{"embeddable":true,"href":"https:\/\/beta.aa-intergroup.org\/es\/wp-json\/wp\/v2\/users\/18"}],"replies":[{"embeddable":true,"href":"https:\/\/beta.aa-intergroup.org\/es\/wp-json\/wp\/v2\/comments?post=15568"}],"version-history":[{"count":1,"href":"https:\/\/beta.aa-intergroup.org\/es\/wp-json\/wp\/v2\/pages\/15568\/revisions"}],"predecessor-version":[{"id":15570,"href":"https:\/\/beta.aa-intergroup.org\/es\/wp-json\/wp\/v2\/pages\/15568\/revisions\/15570"}],"wp:attachment":[{"href":"https:\/\/beta.aa-intergroup.org\/es\/wp-json\/wp\/v2\/media?parent=15568"}],"curies":[{"name":"wp","href":"https:\/\/api.w.org\/{rel}","templated":true}]}}