{"id":15607,"date":"2024-11-23T23:54:58","date_gmt":"2024-11-24T04:54:58","guid":{"rendered":"https:\/\/beta.aa-intergroup.org\/cronologia-de-la-historia-de-oiaa\/"},"modified":"2025-11-09T08:21:42","modified_gmt":"2025-11-09T13:21:42","slug":"cronologia-de-la-historia-de-oiaa","status":"publish","type":"page","link":"https:\/\/beta.aa-intergroup.org\/es\/cronologia-de-la-historia-de-oiaa\/","title":{"rendered":"Cronolog\u00eda de la historia de OIAA"},"content":{"rendered":"\n<div style=\"height:57px\" aria-hidden=\"true\" class=\"wp-block-spacer\"><\/div>\n\n<div class=\"wp-block-group is-content-justification-center is-layout-flex wp-container-core-group-is-layout-64b26803 wp-block-group-is-layout-flex\">\n<h4 class=\"wp-block-heading\">Un comienzo prometedor&#8230;<\/h4>\n\n\n\n<p>En 1994, los miembros en l\u00ednea de la Comunidad de Alcoh\u00f3licos An\u00f3nimos comenzaron a prepararse para participar en la Convenci\u00f3n Internacional en San Diego, que se celebr\u00f3 en junio de 1995. Muchos miembros de nuestra comunidad sintieron que ser\u00eda una gran oportunidad para conocer en persona a algunos de nuestros compa\u00f1eros alcoh\u00f3licos, afianzando a\u00fan m\u00e1s las estrechas amistades que hab\u00edamos forjado en nuestros grupos en l\u00ednea.<\/p>\n<\/div>\n\n<div class=\"wp-block-essential-blocks-button root-eb-button-dg1a8\"><div class=\"eb-parent-wrapper eb-parent-eb-button-dg1a8 \"><div class=\"eb-button-wrapper eb-button-alignment eb-button-dg1a8\"><div class=\"eb-button\"><div class=\"eb-button-inner-wrapper \"><a class=\"eb-button-anchor \" href=\"https:\/\/beta.aa-intergroup.org\/es\/evolucion-del-sitio-web-de-oiaa\/\" target=\"_blank\" rel=\"noopener\">Evoluci\u00f3n del sitio web de OIAA<i icon=\"fas fa-chevron-right\" class=\"fas fa-chevron-right eb-button-icon eb-button-icon-right hvr-icon\"><\/i><\/a><\/div><\/div><\/div><\/div><\/div>\n\n<div style=\"height:35px\" aria-hidden=\"true\" class=\"wp-block-spacer\"><\/div>\n\n<div class=\"wp-block-cp-timeline-content-timeline-block Cool-Content-Timeline\"><div class=\"cool-timeline-block-10e2f1f5-5658-4eec-aead-52989eb60b3d\"><style>.cool-timeline-block-10e2f1f5-5658-4eec-aead-52989eb60b3d .cool-vertical-timeline-body{--ctlb-icon-color: #02c8fd;--ctlb-line-color: #011a5c;--ctlb-icon-bg: #02c8fd;--ctlb-story-border-color: #011a5c;--ctlb-container-right-padding: 50px;--ctlb-container-left-padding: 50px;}<\/style><div class=\"cool-vertical-timeline-body ctlb-wrapper both-sided left\"><div class=\"cool-timeline-block-list\">\n<div class=\"wp-block-cp-timeline-content-timeline-block-child swiper-slide\"><div class=\"timeline-content icon-false \"><div class=\"timeline-block-timeline ctl-row  position-right\"><div class=\"ctl-6 timeline-block-time\"><div class=\"story-time\"><p><strong>March 1, 1994<\/strong><\/p><\/div><\/div><div class=\"timeline-block-icon\"><svg stroke=\"currentColor\" fill=\"currentColor\" stroke-width=\"0\" viewBox=\"0 0 512 512\" height=\"1em\" width=\"1em\" xmlns=\"http:\/\/www.w3.org\/2000\/svg\"><path d=\"M256 8C119 8 8 119 8 256s111 248 248 248 248-111 248-248S393 8 256 8z\"><\/path><\/svg><\/div><div class=\"ctl-6 timeline-block-detail\"><div class=\"story-details\"><div class=\"story-content\">\n<h3 class=\"wp-block-heading ctlb-block-title\" style=\"padding-top:0px;padding-right:0px;padding-bottom:0px;padding-left:0px\">Creaci\u00f3n del comit\u00e9 cibern\u00e9tico viviente<\/h3>\n\n\n\n<p class=\"ctlb-block-desc\" style=\"padding-top:0px;padding-right:0px;padding-bottom:0px;padding-left:0px\">El Comit\u00e9 Cibern\u00e9tico Viviente se form\u00f3 en marzo de 1994 para coordinar la organizaci\u00f3n de una sala de hospitalidad en la convenci\u00f3n. La participaci\u00f3n, o la membres\u00eda, en el LCC estaba abierta a todos los alcoh\u00f3licos en recuperaci\u00f3n que desearan unirse. Alcoh\u00f3licos de todos los rincones de la comunidad en l\u00ednea (tableros de anuncios, servicios comerciales en l\u00ednea e Internet) se unieron al esfuerzo. Antes de la convenci\u00f3n, el LCC se esforz\u00f3 por comunicar su existencia, prop\u00f3sito y actividades a todos los grupos de A.A. en l\u00ednea conocidos. Se cre\u00f3 una p\u00e1gina web. Se recopilaron, imprimieron y distribuyeron en la convenci\u00f3n folletos con informaci\u00f3n sobre c\u00f3mo contactar a la comunidad de A.A. en l\u00ednea y c\u00f3mo encontrar recursos de A.A. en l\u00ednea.<br\/>Nuestros planes evolucionaron para incluir un enlace a la comunidad en l\u00ednea, para aquellos que no pudieron asistir a la convenci\u00f3n en persona. Se instalaron tres ordenadores en la sala y permanecieron en l\u00ednea continuamente con alcoh\u00f3licos de todo el mundo.<\/p>\n<\/div><\/div><\/div><\/div><\/div><\/div>\n\n\n\n<div class=\"wp-block-cp-timeline-content-timeline-block-child swiper-slide\"><div class=\"timeline-content icon-false \"><div class=\"timeline-block-timeline ctl-row  position-left\"><div class=\"ctl-6 timeline-block-time\"><div class=\"story-time\"><p><strong>June 1, 1995<\/strong><\/p><\/div><\/div><div class=\"timeline-block-icon\"><svg stroke=\"currentColor\" fill=\"currentColor\" stroke-width=\"0\" viewBox=\"0 0 512 512\" height=\"1em\" width=\"1em\" xmlns=\"http:\/\/www.w3.org\/2000\/svg\"><path d=\"M256 8C119 8 8 119 8 256s111 248 248 248 248-111 248-248S393 8 256 8z\"><\/path><\/svg><\/div><div class=\"ctl-6 timeline-block-detail\"><div class=\"story-details\"><div class=\"story-content\">\n<h3 class=\"wp-block-heading ctlb-block-title\" style=\"padding-top:0px;padding-right:0px;padding-bottom:0px;padding-left:0px\">Sala cibern\u00e9tica viviente en la convenci\u00f3n internacional en San Diego<\/h3>\n\n\n\n<p class=\"ctlb-block-desc\" style=\"padding-top:0px;padding-right:0px;padding-bottom:0px;padding-left:0px\">La Sala Cibern\u00e9tica Viviente fue un \u00e9xito rotundo, proporcionando un lugar de reuni\u00f3n para que los miembros de los grupos en l\u00ednea se conocieran en persona, generalmente por primera vez. Los visitantes tuvieron la oportunidad de conectarse a la comunidad en l\u00ednea real. Aquellos que no pudieron viajar a San Diego pudieron asistir &#8220;virtualmente&#8221; a la convenci\u00f3n a trav\u00e9s de la sala.  <\/p>\n\n\n\n<p class=\"ctlb-block-desc\" style=\"padding-top:0px;padding-right:0px;padding-bottom:0px;padding-left:0px\">Dos importantes grupos de correo electr\u00f3nico, varios grupos de los principales servicios en l\u00ednea y un canal de Internet Relay Chat participaron en la uni\u00f3n de alcoh\u00f3licos de todo el mundo con los miembros y visitantes en l\u00ednea en la sala.<\/p>\n<\/div><\/div><\/div><\/div><\/div><\/div>\n\n\n\n<div class=\"wp-block-cp-timeline-content-timeline-block-child swiper-slide\"><div class=\"timeline-content icon-false \"><div class=\"timeline-block-timeline ctl-row  position-right\"><div class=\"ctl-6 timeline-block-time\"><div class=\"story-time\"><p><strong>February 1, 1996<\/strong><\/p><\/div><\/div><div class=\"timeline-block-icon\"><svg stroke=\"currentColor\" fill=\"currentColor\" stroke-width=\"0\" viewBox=\"0 0 512 512\" height=\"1em\" width=\"1em\" xmlns=\"http:\/\/www.w3.org\/2000\/svg\"><path d=\"M256 8C119 8 8 119 8 256s111 248 248 248 248-111 248-248S393 8 256 8z\"><\/path><\/svg><\/div><div class=\"ctl-6 timeline-block-detail\"><div class=\"story-details\"><div class=\"story-content\">\n<h3 class=\"wp-block-heading ctlb-block-title\" style=\"padding-top:0px;padding-right:0px;padding-bottom:0px;padding-left:0px\">\u00a1Naci\u00f3 OIAA!<\/h3>\n\n\n\n<p class=\"ctlb-block-desc\" style=\"padding-top:0px;padding-right:0px;padding-bottom:0px;padding-left:0px\">Despu\u00e9s de la convenci\u00f3n, se decidi\u00f3 disolver el comit\u00e9 existente y reformarlo. Se invit\u00f3 a todos los grupos de AA en l\u00ednea a enviar un representante al comit\u00e9. Decidimos que deb\u00edamos servir como un Intergrupo, sirviendo a los grupos de AA en l\u00ednea.  <\/p>\n\n\n\n<p class=\"ctlb-block-desc\" style=\"padding-top:0px;padding-right:0px;padding-bottom:0px;padding-left:0px\">\u00a1Naci\u00f3 OIAA! El Intergrupo en L\u00ednea de Alcoh\u00f3licos An\u00f3nimos representa ahora a decenas de grupos en l\u00ednea con una membres\u00eda combinada que asciende a muchos miles.<\/p>\n<\/div><\/div><\/div><\/div><\/div><\/div>\n\n\n\n<div class=\"wp-block-cp-timeline-content-timeline-block-child swiper-slide\"><div class=\"timeline-content icon-false \"><div class=\"timeline-block-timeline ctl-row  position-left\"><div class=\"ctl-6 timeline-block-time\"><div class=\"story-time\"><p><strong>January 1, 1995<\/strong><\/p><\/div><\/div><div class=\"timeline-block-icon\"><svg stroke=\"currentColor\" fill=\"currentColor\" stroke-width=\"0\" viewBox=\"0 0 512 512\" height=\"1em\" width=\"1em\" xmlns=\"http:\/\/www.w3.org\/2000\/svg\"><path d=\"M256 8C119 8 8 119 8 256s111 248 248 248 248-111 248-248S393 8 256 8z\"><\/path><\/svg><\/div><div class=\"ctl-6 timeline-block-detail\"><div class=\"story-details\"><div class=\"story-content\">\n<h3 class=\"wp-block-heading ctlb-block-title\" style=\"padding-top:0px;padding-right:0px;padding-bottom:0px;padding-left:0px\">Declaraci\u00f3n original de prop\u00f3sito y objetivos<\/h3>\n\n\n\n<p class=\"ctlb-block-desc\" style=\"padding-top:0px;padding-right:0px;padding-bottom:0px;padding-left:0px\">\u2014- Escrito a mediados de la d\u00e9cada de 1990 \u2014-<\/p>\n\n\n\n<p class=\"ctlb-block-desc\" style=\"padding-top:0px;padding-right:0px;padding-bottom:0px;padding-left:0px\">El fen\u00f3meno de la nueva tecnolog\u00eda de ordenadores, m\u00f3dems, la World Wide Web y la comunicaci\u00f3n por Internet dio origen a un nuevo medio de intercambio a trav\u00e9s del cual los alcoh\u00f3licos pod\u00edan interactuar con otros alcoh\u00f3licos. En los \u00faltimos a\u00f1os, han surgido muchas reuniones nuevas en l\u00ednea que, al no tener l\u00edmites geogr\u00e1ficos, no pod\u00edan encajar en las estructuras de servicio de las reuniones presenciales (f2f) habituales de A.A.. De esto surgi\u00f3 el reconocimiento por parte de muchos grupos en l\u00ednea de que era necesario alg\u00fan tipo de grupo de servicio para ayudar y facilitar la comunicaci\u00f3n y la coordinaci\u00f3n del ciberespacio de A.A..<br\/><a href=\"https:\/\/beta.aa-intergroup.org\/es\/declaracion-del-proposito-y-los-objetivos-originales-de-oiaa\/\" target=\"_blank\" rel=\"noreferrer noopener\">Leer m\u00e1s\u2026<\/a><\/p>\n<\/div><\/div><\/div><\/div><\/div><\/div>\n\n\n\n<div class=\"wp-block-cp-timeline-content-timeline-block-child swiper-slide\"><div class=\"timeline-content icon-false \"><div class=\"timeline-block-timeline ctl-row  position-right\"><div class=\"ctl-6 timeline-block-time\"><div class=\"story-time\"><p><strong>January 1, 2000<\/strong><\/p><\/div><\/div><div class=\"timeline-block-icon\"><svg stroke=\"currentColor\" fill=\"currentColor\" stroke-width=\"0\" viewBox=\"0 0 512 512\" height=\"1em\" width=\"1em\" xmlns=\"http:\/\/www.w3.org\/2000\/svg\"><path d=\"M256 8C119 8 8 119 8 256s111 248 248 248 248-111 248-248S393 8 256 8z\"><\/path><\/svg><\/div><div class=\"ctl-6 timeline-block-detail\"><div class=\"story-details\"><div class=\"story-content\">\n<h3 class=\"wp-block-heading ctlb-block-title\" style=\"padding-top:0px;padding-right:0px;padding-bottom:0px;padding-left:0px\">\u00d3rgano de gobierno del intergrupo y membres\u00eda<\/h3>\n\n\n\n<p class=\"ctlb-block-desc\" style=\"padding-top:0px;padding-right:0px;padding-bottom:0px;padding-left:0px\">\u2014- Escrito a principios de la d\u00e9cada de 2000 \u2014-<\/p>\n\n\n\n<p>El \u00f3rgano de gobierno y la membres\u00eda de OIAA se definieron a\u00fan m\u00e1s a principios de la d\u00e9cada de 2000.<\/p>\n\n\n\n<p class=\"ctlb-block-desc\" style=\"padding-top:0px;padding-right:0px;padding-bottom:0px;padding-left:0px\"><a href=\"https:\/\/beta.aa-intergroup.org\/es\/organo-de-gobierno-del-intergrupo-y-la-membresia-anos-2000\/\">Leer m\u00e1s sobre OIAA de este per\u00edodo\u2026<\/a><\/p>\n<\/div><\/div><\/div><\/div><\/div><\/div>\n\n\n\n<div class=\"wp-block-cp-timeline-content-timeline-block-child swiper-slide\"><div class=\"timeline-content icon-false \"><div class=\"timeline-block-timeline ctl-row  position-left\"><div class=\"ctl-6 timeline-block-time\"><div class=\"story-time\"><p><strong>June 29, 2000<\/strong><\/p><\/div><\/div><div class=\"timeline-block-icon\"><svg stroke=\"currentColor\" fill=\"currentColor\" stroke-width=\"0\" viewBox=\"0 0 512 512\" height=\"1em\" width=\"1em\" xmlns=\"http:\/\/www.w3.org\/2000\/svg\"><path d=\"M256 8C119 8 8 119 8 256s111 248 248 248 248-111 248-248S393 8 256 8z\"><\/path><\/svg><\/div><div class=\"ctl-6 timeline-block-detail\"><div class=\"story-details\"><div class=\"story-content\">\n<h3 class=\"wp-block-heading ctlb-block-title\" style=\"padding-top:0px;padding-right:0px;padding-bottom:0px;padding-left:0px\">Suite en la convenci\u00f3n internacional en Minneapolis<\/h3>\n\n\n\n<p class=\"ctlb-block-desc\" style=\"padding-top:0px;padding-right:0px;padding-bottom:0px;padding-left:0px\">Una vez m\u00e1s, OIAA organiz\u00f3 una suite en la 65\u00aa Convenci\u00f3n Internacional del Aniversario en Minneapolis, MN.<\/p>\n<\/div><\/div><\/div><\/div><\/div><\/div>\n\n\n\n<div class=\"wp-block-cp-timeline-content-timeline-block-child swiper-slide\"><div class=\"timeline-content icon-false \"><div class=\"timeline-block-timeline ctl-row  position-right\"><div class=\"ctl-6 timeline-block-time\"><div class=\"story-time\"><p><strong>June 30, 2005<\/strong><\/p><\/div><\/div><div class=\"timeline-block-icon\"><svg stroke=\"currentColor\" fill=\"currentColor\" stroke-width=\"0\" viewBox=\"0 0 512 512\" height=\"1em\" width=\"1em\" xmlns=\"http:\/\/www.w3.org\/2000\/svg\"><path d=\"M256 8C119 8 8 119 8 256s111 248 248 248 248-111 248-248S393 8 256 8z\"><\/path><\/svg><\/div><div class=\"ctl-6 timeline-block-detail\"><div class=\"story-details\"><div class=\"story-content\">\n<h3 class=\"wp-block-heading ctlb-block-title\" style=\"padding-top:0px;padding-right:0px;padding-bottom:0px;padding-left:0px\">Suite en la convenci\u00f3n internacional en Toronto<\/h3>\n\n\n\n<p class=\"ctlb-block-desc\" style=\"padding-top:0px;padding-right:0px;padding-bottom:0px;padding-left:0px\">OIAA organiz\u00f3 una suite en la 70\u00aa Convenci\u00f3n Internacional del Aniversario en Toronto, Ontario, Canad\u00e1<\/p>\n<\/div><\/div><\/div><\/div><\/div><\/div>\n\n\n\n<div class=\"wp-block-cp-timeline-content-timeline-block-child swiper-slide\"><div class=\"timeline-content icon-false \"><div class=\"timeline-block-timeline ctl-row  position-left\"><div class=\"ctl-6 timeline-block-time\"><div class=\"story-time\"><p><strong>July 1, 2010<\/strong><\/p><\/div><\/div><div class=\"timeline-block-icon\"><svg stroke=\"currentColor\" fill=\"currentColor\" stroke-width=\"0\" viewBox=\"0 0 512 512\" height=\"1em\" width=\"1em\" xmlns=\"http:\/\/www.w3.org\/2000\/svg\"><path d=\"M256 8C119 8 8 119 8 256s111 248 248 248 248-111 248-248S393 8 256 8z\"><\/path><\/svg><\/div><div class=\"ctl-6 timeline-block-detail\"><div class=\"story-details\"><div class=\"story-content\">\n<h3 class=\"wp-block-heading ctlb-block-title\" style=\"padding-top:0px;padding-right:0px;padding-bottom:0px;padding-left:0px\">Suite en la convenci\u00f3n internacional en San Antonio<\/h3>\n\n\n\n<p class=\"ctlb-block-desc\" style=\"padding-top:0px;padding-right:0px;padding-bottom:0px;padding-left:0px\">OIAA organiz\u00f3 una suite en la 75\u00aa Convenci\u00f3n Internacional del Aniversario en San Antonio, TX.<\/p>\n<\/div><\/div><\/div><\/div><\/div><\/div>\n\n\n\n<div class=\"wp-block-cp-timeline-content-timeline-block-child swiper-slide\"><div class=\"timeline-content icon-false \"><div class=\"timeline-block-timeline ctl-row  position-right\"><div class=\"ctl-6 timeline-block-time\"><div class=\"story-time\"><p><strong>July 2, 2015<\/strong><\/p><\/div><\/div><div class=\"timeline-block-icon\"><svg stroke=\"currentColor\" fill=\"currentColor\" stroke-width=\"0\" viewBox=\"0 0 512 512\" height=\"1em\" width=\"1em\" xmlns=\"http:\/\/www.w3.org\/2000\/svg\"><path d=\"M256 8C119 8 8 119 8 256s111 248 248 248 248-111 248-248S393 8 256 8z\"><\/path><\/svg><\/div><div class=\"ctl-6 timeline-block-detail\"><div class=\"story-details\"><div class=\"story-content\">\n<h3 class=\"wp-block-heading ctlb-block-title\" style=\"padding-top:0px;padding-right:0px;padding-bottom:0px;padding-left:0px\">Suite en la convenci\u00f3n internacional en Atlanta<\/h3>\n\n\n\n<p class=\"ctlb-block-desc\" style=\"padding-top:0px;padding-right:0px;padding-bottom:0px;padding-left:0px\">OIAA organiz\u00f3 una suite en la 75\u00aa Convenci\u00f3n Internacional del Aniversario en Atlanta, GA.<\/p>\n<\/div><\/div><\/div><\/div><\/div><\/div>\n\n\n\n<div class=\"wp-block-cp-timeline-content-timeline-block-child swiper-slide\"><div class=\"timeline-content icon-false \"><div class=\"timeline-block-timeline ctl-row  position-left\"><div class=\"ctl-6 timeline-block-time\"><div class=\"story-time\"><p><strong>January 1, 2022<\/strong><\/p><\/div><\/div><div class=\"timeline-block-icon\"><svg stroke=\"currentColor\" fill=\"currentColor\" stroke-width=\"0\" viewBox=\"0 0 512 512\" height=\"1em\" width=\"1em\" xmlns=\"http:\/\/www.w3.org\/2000\/svg\"><path d=\"M256 8C119 8 8 119 8 256s111 248 248 248 248-111 248-248S393 8 256 8z\"><\/path><\/svg><\/div><div class=\"ctl-6 timeline-block-detail\"><div class=\"story-details\"><div class=\"story-content\">\n<h3 class=\"wp-block-heading ctlb-block-title\" style=\"padding-top:0px;padding-right:0px;padding-bottom:0px;padding-left:0px\">OIAA se registr\u00f3 como una organizaci\u00f3n sin \u00e1nimo de lucro<\/h3>\n\n\n\n<p class=\"ctlb-block-desc\" style=\"padding-top:0px;padding-right:0px;padding-bottom:0px;padding-left:0px\">En 2022, OIAA se registr\u00f3 como una organizaci\u00f3n sin \u00e1nimo de lucro en el estado de Nueva Jersey.<\/p>\n<\/div><\/div><\/div><\/div><\/div><\/div>\n\n\n\n<div class=\"wp-block-cp-timeline-content-timeline-block-child swiper-slide\"><div class=\"timeline-content icon-false \"><div class=\"timeline-block-timeline ctl-row  position-right\"><div class=\"ctl-6 timeline-block-time\"><div class=\"story-time\"><p><strong>October 25, 2024<\/strong><\/p><\/div><\/div><div class=\"timeline-block-icon\"><svg stroke=\"currentColor\" fill=\"currentColor\" stroke-width=\"0\" viewBox=\"0 0 512 512\" height=\"1em\" width=\"1em\" xmlns=\"http:\/\/www.w3.org\/2000\/svg\"><path d=\"M256 8C119 8 8 119 8 256s111 248 248 248 248-111 248-248S393 8 256 8z\"><\/path><\/svg><\/div><div class=\"ctl-6 timeline-block-detail\"><div class=\"story-details\"><div class=\"story-content\">\n<h3 class=\"wp-block-heading ctlb-block-title\" style=\"padding-top:0px;padding-right:0px;padding-bottom:0px;padding-left:0px\">1\u00aa convenci\u00f3n internacional en l\u00ednea de OIAA<\/h3>\n\n\n\n<p class=\"ctlb-block-desc\" style=\"padding-top:0px;padding-right:0px;padding-bottom:0px;padding-left:0px\">La primera Convenci\u00f3n Internacional Anual en L\u00ednea de OIAA se celebr\u00f3 del 25 al 27 de octubre de 2024. M\u00e1s de 7.000 miembros de AA asistieron de todo el mundo.<br\/><a href=\"https:\/\/beta.aa-intergroup.org\/kerris-test-page\/\">M\u00e1s informaci\u00f3n\u2026<\/a><\/p>\n<\/div><\/div><\/div><\/div><\/div><\/div>\n<\/div><\/div><\/div><\/div>\n\n<div style=\"height:52px\" aria-hidden=\"true\" class=\"wp-block-spacer\"><\/div>\n\n<hr class=\"wp-block-separator has-alpha-channel-opacity\"\/>\n\n<h3 class=\"wp-block-heading has-text-align-center has-text-color has-link-color wp-elements-d253fa9a7cd03d256aa120e48a094668\" style=\"color:#011a5c\">OIAA hoy<\/h3>\n        \n        <div class=\"embedpress-gutenberg-wrapper source-provider-Youtube aligncenter clear   ep-content-protection-disabled inline\" id=\"359c044b-800e-4f48-b60b-d0b5e61d0acf\" data-embed-type=\"Youtube \">\n            <div class=\"wp-block-embed__wrapper \">\n                <div id=\"ep-gutenberg-content-7df84edc76aecfbda1d7df2722da3cb3\" class=\"ep-gutenberg-content\">\n                    <div >\n                        <div class=\"ep-embed-content-wraper preset-default insta-grid ep-google-photos-carousel\"\n                                                                                                                >\n\n                            <div class=\"ose-youtube ose-uid-22ab836592b202066c66a22759bb341b ose-embedpress-responsive\" style=\"width:600px; height:340px; max-height:340px; max-width:100%; display:inline-block;\"><iframe allowfullscreen title=\"What is OIAA?\" width=\"600\" height=\"340\" src=\"https:\/\/www.youtube.com\/embed\/PZIB3TfAHXU?feature=oembed&#038;color=red&#038;rel=1&#038;controls=2&#038;start=true&#038;end=true&#038;fs=1&#038;iv_load_policy=1&#038;mute=1&#038;modestbranding=0&#038;playsinline=1&#038;autoplay=0&#038;cc_load_policy=0\" frameborder=\"0\" allow=\"accelerometer; encrypted-media;accelerometer;autoplay;clipboard-write;gyroscope;picture-in-picture clipboard-write; encrypted-media; gyroscope; picture-in-picture; web-share\" referrerpolicy=\"strict-origin-when-cross-origin\" loading=lazy><\/iframe><\/div>                        <\/div>\n\n                                            <\/div>\n                <\/div>\n            <\/div>\n        <\/div>\n    \n\n\n\n    <meta charset=\"UTF-8\"\/>\n    <meta name=\"viewport\" content=\"width=device-width, initial-scale=1.0\"\/>\n    <title>Volver arriba<\/title>\n    <style>\n        #return-to-top {\n            position: fixed;\n            bottom: 20px;\n            right: 20px;\n            background-color: #007bff;\n            color: white;\n            padding: 10px 15px;\n            border-radius: 5px;\n            text-decoration: none;\n            font-size: 14px;\n            box-shadow: 0px 4px 6px rgba(0, 0, 0, 0.1);\n        }\n\n        #return-to-top:hover {\n            background-color: #0056b3;\n        }\n    <\/style>\n\n\n    <div style=\"height: 2000px;\">\n        <p><\/p>\n    <\/div>\n\n    <a href=\"#top\" id=\"return-to-top\">Volver arriba<\/a>\n\n    <script>\n        const returnToTopButton = document.createElement('a');\n        returnToTopButton.id = \"top\";\n        document.body.prepend(returnToTopButton);\n    <\/script>\n\n\n","protected":false},"excerpt":{"rendered":"<p>Un comienzo prometedor&#8230; En 1994, los miembros en l\u00ednea de la Comunidad de Alcoh\u00f3licos An\u00f3nimos comenzaron a prepararse para participar en la Convenci\u00f3n Internacional en San Diego, que se celebr\u00f3 en junio de 1995. Muchos miembros de nuestra comunidad sintieron que ser\u00eda una gran oportunidad para conocer en persona a algunos de nuestros compa\u00f1eros alcoh\u00f3licos,<a class=\"excerpt-read-more\" href=\"https:\/\/beta.aa-intergroup.org\/es\/cronologia-de-la-historia-de-oiaa\/\" title=\"ReadCronolog\u00eda de la historia de OIAA\">&#8230; Read more &raquo;<\/a><\/p>\n","protected":false},"author":153,"featured_media":0,"parent":0,"menu_order":0,"comment_status":"closed","ping_status":"closed","template":"","meta":{"_acf_changed":false,"_eb_attr":"","footnotes":""},"class_list":["post-15607","page","type-page","status-publish","hentry"],"acf":[],"_links":{"self":[{"href":"https:\/\/beta.aa-intergroup.org\/es\/wp-json\/wp\/v2\/pages\/15607","targetHints":{"allow":["GET"]}}],"collection":[{"href":"https:\/\/beta.aa-intergroup.org\/es\/wp-json\/wp\/v2\/pages"}],"about":[{"href":"https:\/\/beta.aa-intergroup.org\/es\/wp-json\/wp\/v2\/types\/page"}],"author":[{"embeddable":true,"href":"https:\/\/beta.aa-intergroup.org\/es\/wp-json\/wp\/v2\/users\/153"}],"replies":[{"embeddable":true,"href":"https:\/\/beta.aa-intergroup.org\/es\/wp-json\/wp\/v2\/comments?post=15607"}],"version-history":[{"count":2,"href":"https:\/\/beta.aa-intergroup.org\/es\/wp-json\/wp\/v2\/pages\/15607\/revisions"}],"predecessor-version":[{"id":40660,"href":"https:\/\/beta.aa-intergroup.org\/es\/wp-json\/wp\/v2\/pages\/15607\/revisions\/40660"}],"wp:attachment":[{"href":"https:\/\/beta.aa-intergroup.org\/es\/wp-json\/wp\/v2\/media?parent=15607"}],"curies":[{"name":"wp","href":"https:\/\/api.w.org\/{rel}","templated":true}]}}