{"id":15615,"date":"2021-01-09T14:16:59","date_gmt":"2021-01-09T19:16:59","guid":{"rendered":"https:\/\/beta.aa-intergroup.org\/contribucion-a-la-septima-tradicion\/"},"modified":"2025-10-28T04:43:12","modified_gmt":"2025-10-28T08:43:12","slug":"contribucion-a-la-septima-tradicion","status":"publish","type":"page","link":"https:\/\/beta.aa-intergroup.org\/es\/contribucion-a-la-septima-tradicion\/","title":{"rendered":"Contribuci\u00f3n a la s\u00e9ptima tradici\u00f3n"},"content":{"rendered":"\n<figure class=\"wp-block-pullquote has-text-align-left\"><blockquote><p><em>\u201cCada grupo de A. A. debe mantenerse completamente a s\u00ed mismo, rechazando contribuciones externas\u201d.<\/em> <em>(p\u00e1g. 160, Doce Pasos y Doce Tradiciones)<\/em><\/p><\/blockquote><\/figure>\n\n<p>Los propios grupos de A. A. deben ser totalmente mantenidos por las contribuciones voluntarias de sus propios miembros. Pensamos que cada grupo deber\u00eda alcanzar pronto este ideal; que cualquier solicitud p\u00fablica de fondos utilizando el nombre de Alcoh\u00f3licos An\u00f3nimos es muy peligrosa, ya sea por grupos, clubes, hospitales u otras agencias externas; que la aceptaci\u00f3n de grandes donaciones de cualquier fuente, o de contribuciones que conlleven cualquier obligaci\u00f3n, es imprudente. Adem\u00e1s, vemos con mucha preocupaci\u00f3n aquellas tesorer\u00edas de A. A. que contin\u00faan, m\u00e1s all\u00e1 de las reservas prudentes, acumulando fondos sin un prop\u00f3sito declarado de A. A.. La experiencia a menudo nos ha advertido que nada puede destruir tan seguramente nuestra herencia espiritual como las disputas in\u00fatiles sobre la propiedad, el dinero y la autoridad.   <\/p>\n\n<div style=\"height:30px\" aria-hidden=\"true\" class=\"wp-block-spacer\"><\/div>\n\n<h3 class=\"wp-block-heading\"><\/h3>\n\n<p>Para obtener informaci\u00f3n financiera detallada e informes mensuales, visite la <a href=\"https:\/\/beta.aa-intergroup.org\/es\/committees\/finanzas\/\">p\u00e1gina del Comit\u00e9 de Finanzas<\/a>. Si tiene preguntas, no dude en ponerse en contacto con el Tesorero de OIAA en: <strong>Treasurer@aa-intergroup.org<\/strong> <\/p>\n\n<div style=\"height:30px\" aria-hidden=\"true\" class=\"wp-block-spacer\"><\/div>\n\n<p><strong>C\u00f3mo contribuir\u2026<\/strong><\/p>\n\n<h3 class=\"wp-block-heading\">PayPal<\/h3>\n\n<p>\u00a1Por favor, ponga el nombre de su grupo en [d\u00f3nde] de su cheque para que podamos reconocerle!<\/p>\n\n<div id=\"donate-button-container\">\n<div id=\"donate-button\"><\/div>\n<script src=\"https:\/\/www.paypalobjects.com\/donate\/sdk\/donate-sdk.js\" charset=\"UTF-8\"><\/script>\n<script>\nPayPal.Donation.Button({\nenv:'production',\nhosted_button_id:'ZAUXGYR2DYUYN',\nimage: {\nsrc:'https:\/\/www.paypalobjects.com\/en_US\/i\/btn\/btn_donateCC_LG.gif',\nalt:'Donate with PayPal button',\ntitle:'PayPal - The safer, easier way to pay online!',\n}\n}).render('#donate-button');\n<\/script>\n<\/div>\n\n\n<div style=\"height:30px\" aria-hidden=\"true\" class=\"wp-block-spacer\"><\/div>\n\n<h3 class=\"wp-block-heading\">Stripe<\/h3>\n\n<p>OIAA ahora puede aceptar pagos con <a href=\"https:\/\/donate.stripe.com\/fZe15KeUo6Yh3oA6oo\">Stripe<\/a>. <\/p>\n\n<script async=\"\" src=\"https:\/\/js.stripe.com\/v3\/buy-button.js\">\n<\/script>\n\n<stripe-buy-button buy-button-id=\"buy_btn_1OZ1HQI4AaHtLBiYRAuVOTlM\" publishable-key=\"pk_live_51OXBCvI4AaHtLBiYEbnX7X75c349x3NleVyCWrmJQkbvGEz2veR0AqY9RSoe0iDEf1BrGLkuqvNntsRvz8eMwjwJ00kXjMoC8H\">\n<\/stripe-buy-button>\n\n<div style=\"height:30px\" aria-hidden=\"true\" class=\"wp-block-spacer\"><\/div>\n\n<h3 class=\"wp-block-heading\">Correo<br\/><\/h3>\n\n<p>\u00a1Por favor, ponga el nombre de su grupo en la l\u00ednea de memo de su cheque para que podamos reconocerle!<\/p>\n\n<p>Las contribuciones tambi\u00e9n pueden enviarse por correo a:<\/p>\n\n<p>OIAA Inc.<br\/>ATTN: Treasurer<br\/>500 Westover Dr #31000<br\/>Sanford, NC 27330<\/p>\n\n<h3 class=\"wp-block-heading\"><br\/>\u00bfNecesita m\u00e1s ayuda?<\/h3>\n\n<p>Las preguntas sobre las contribuciones a la s\u00e9ptima tradici\u00f3n pueden enviarse a: <strong>Treasurer@aa-intergroup.org<\/strong><\/p>\n\n<h3 class=\"wp-block-heading\">Nota especial<\/h3>\n\n<p>El IRS reconoce a OIAA, Inc. como una organizaci\u00f3n sin fines de lucro 501(c)3.<\/p>\n\n<p>Tambi\u00e9n puede revisar la informaci\u00f3n sobre el estado de exenci\u00f3n de impuestos de OIAA y las declaraciones de impuestos en el <a href=\"https:\/\/apps.irs.gov\/app\/eos\/\" target=\"_blank\" rel=\"noreferrer noopener\">sitio web del IRS.<\/a> <\/p>\n\n<p><em>Seleccione Buscar por organizaci\u00f3n | Introduzca el t\u00e9rmino de b\u00fasqueda: OIAA<\/em><\/p>\n\n<p><em><strong>\u00a1Gracias por su generosidad!<\/strong><\/em><\/p>\n\n<p><\/p>\n","protected":false},"excerpt":{"rendered":"<p>\u201cCada grupo de A. A. debe mantenerse completamente a s\u00ed mismo, rechazando contribuciones externas\u201d. (p\u00e1g. 160, Doce Pasos y Doce Tradiciones) Los propios grupos de A. A. deben ser totalmente mantenidos por las contribuciones voluntarias de sus propios miembros. Pensamos que cada grupo deber\u00eda alcanzar pronto este ideal; que cualquier solicitud p\u00fablica de fondos utilizando<a class=\"excerpt-read-more\" href=\"https:\/\/beta.aa-intergroup.org\/es\/contribucion-a-la-septima-tradicion\/\" title=\"ReadContribuci\u00f3n a la s\u00e9ptima tradici\u00f3n\">&#8230; Read more &raquo;<\/a><\/p>\n","protected":false},"author":9,"featured_media":0,"parent":0,"menu_order":0,"comment_status":"closed","ping_status":"closed","template":"","meta":{"_acf_changed":false,"_eb_attr":"","footnotes":""},"class_list":["post-15615","page","type-page","status-publish","hentry"],"acf":[],"_links":{"self":[{"href":"https:\/\/beta.aa-intergroup.org\/es\/wp-json\/wp\/v2\/pages\/15615","targetHints":{"allow":["GET"]}}],"collection":[{"href":"https:\/\/beta.aa-intergroup.org\/es\/wp-json\/wp\/v2\/pages"}],"about":[{"href":"https:\/\/beta.aa-intergroup.org\/es\/wp-json\/wp\/v2\/types\/page"}],"author":[{"embeddable":true,"href":"https:\/\/beta.aa-intergroup.org\/es\/wp-json\/wp\/v2\/users\/9"}],"replies":[{"embeddable":true,"href":"https:\/\/beta.aa-intergroup.org\/es\/wp-json\/wp\/v2\/comments?post=15615"}],"version-history":[{"count":1,"href":"https:\/\/beta.aa-intergroup.org\/es\/wp-json\/wp\/v2\/pages\/15615\/revisions"}],"predecessor-version":[{"id":15617,"href":"https:\/\/beta.aa-intergroup.org\/es\/wp-json\/wp\/v2\/pages\/15615\/revisions\/15617"}],"wp:attachment":[{"href":"https:\/\/beta.aa-intergroup.org\/es\/wp-json\/wp\/v2\/media?parent=15615"}],"curies":[{"name":"wp","href":"https:\/\/api.w.org\/{rel}","templated":true}]}}