{"id":15692,"date":"2023-04-25T21:11:44","date_gmt":"2023-04-26T01:11:44","guid":{"rendered":"https:\/\/beta.aa-intergroup.org\/enviar-eventos-del-grupo\/"},"modified":"2025-10-28T04:53:00","modified_gmt":"2025-10-28T08:53:00","slug":"enviar-eventos-del-grupo","status":"publish","type":"page","link":"https:\/\/beta.aa-intergroup.org\/es\/enviar-eventos-del-grupo\/","title":{"rendered":"Enviar eventos del grupo"},"content":{"rendered":"\n<h2 class=\"wp-block-heading margin-top-medium\">Env\u00ede sus eventos<\/h2>\n\n<p>Utilice este formulario para enviar los eventos de su grupo. No es necesario ser un Grupo Miembro de OIAA para incluir un evento en la lista.  Los eventos listados pueden ser solo en l\u00ednea o h\u00edbridos (presenciales y en l\u00ednea). <strong>OIAA no publica eventos solo presenciales. OIAA no publica eventos para otros programas de 12 pasos.<\/strong><\/p>\n\n<p>Se recomienda que incluya la mayor cantidad de detalles posible en la descripci\u00f3n, ya que todos los campos de texto se traducir\u00e1n autom\u00e1ticamente a muchos idiomas. Si solo env\u00eda una imagen, no se traducir\u00e1; debe agregar sus folletos traducidos a trav\u00e9s de la carga de traducciones. Si tiene problemas para cargar o tiene preguntas, env\u00ede un correo electr\u00f3nico a <strong>webservant@aa-intergroup.org<\/strong>.  <\/p>\n","protected":false},"excerpt":{"rendered":"<p>Env\u00ede sus eventos Utilice este formulario para enviar los eventos de su grupo. No es necesario ser un Grupo Miembro de OIAA para incluir un evento en la lista. Los eventos listados pueden ser solo en l\u00ednea o h\u00edbridos (presenciales y en l\u00ednea). OIAA no publica eventos solo presenciales. OIAA no publica eventos para otros<a class=\"excerpt-read-more\" href=\"https:\/\/beta.aa-intergroup.org\/es\/enviar-eventos-del-grupo\/\" title=\"ReadEnviar eventos del grupo\">&#8230; Read more &raquo;<\/a><\/p>\n","protected":false},"author":12,"featured_media":0,"parent":0,"menu_order":0,"comment_status":"closed","ping_status":"closed","template":"page-submit-group-event.php","meta":{"_acf_changed":false,"_eb_attr":"","footnotes":""},"class_list":["post-15692","page","type-page","status-publish","hentry"],"acf":[],"_links":{"self":[{"href":"https:\/\/beta.aa-intergroup.org\/es\/wp-json\/wp\/v2\/pages\/15692","targetHints":{"allow":["GET"]}}],"collection":[{"href":"https:\/\/beta.aa-intergroup.org\/es\/wp-json\/wp\/v2\/pages"}],"about":[{"href":"https:\/\/beta.aa-intergroup.org\/es\/wp-json\/wp\/v2\/types\/page"}],"author":[{"embeddable":true,"href":"https:\/\/beta.aa-intergroup.org\/es\/wp-json\/wp\/v2\/users\/12"}],"replies":[{"embeddable":true,"href":"https:\/\/beta.aa-intergroup.org\/es\/wp-json\/wp\/v2\/comments?post=15692"}],"version-history":[{"count":1,"href":"https:\/\/beta.aa-intergroup.org\/es\/wp-json\/wp\/v2\/pages\/15692\/revisions"}],"predecessor-version":[{"id":15693,"href":"https:\/\/beta.aa-intergroup.org\/es\/wp-json\/wp\/v2\/pages\/15692\/revisions\/15693"}],"wp:attachment":[{"href":"https:\/\/beta.aa-intergroup.org\/es\/wp-json\/wp\/v2\/media?parent=15692"}],"curies":[{"name":"wp","href":"https:\/\/api.w.org\/{rel}","templated":true}]}}