{"id":15776,"date":"2020-05-02T02:09:04","date_gmt":"2020-05-02T06:09:04","guid":{"rendered":"https:\/\/beta.aa-intergroup.org\/actualizaciones-del-directorio-de-reuniones\/"},"modified":"2025-10-28T04:57:08","modified_gmt":"2025-10-28T08:57:08","slug":"actualizaciones-del-directorio-de-reuniones","status":"publish","type":"page","link":"https:\/\/beta.aa-intergroup.org\/es\/actualizaciones-del-directorio-de-reuniones\/","title":{"rendered":"Actualizaciones del directorio de reuniones"},"content":{"rendered":"\n<p><\/p>\n\n<p>Si usted es un representante oficial de una reuni\u00f3n en l\u00ednea que figura en la base de datos de reuniones y desea actualizar su anuncio, utilice el siguiente formulario. Esto puede incluir cambios de hora\/fecha, ediciones de la descripci\u00f3n, actualizaciones de enlaces, n\u00fameros de tel\u00e9fono o contrase\u00f1as, eliminaci\u00f3n de anuncios, etc.  <\/p>\n\n<p>Aseg\u00farese de identificar claramente la reuni\u00f3n que desea editar y detalle todos los cambios. Un miembro del equipo se pondr\u00e1 en contacto con usted. <\/p>\n\n<p>Si necesita ayuda con el formulario o tiene otras solicitudes para el comit\u00e9 de PAC, utilice este correo electr\u00f3nico: <strong>pac@aa-intergroup.org<\/strong>.<\/p>\n\n<p><em>Nota: Los env\u00edos de nuevas reuniones no se procesar\u00e1n a trav\u00e9s de este formulario; utilice el <a href=\"https:\/\/beta.aa-intergroup.org\/es\/enviar-una-nueva-reunion-en-linea\/\" data-type=\"URL\">Formulario de Env\u00edo de Reuniones<\/a> para cualquier anuncio nuevo.<\/em><\/p>\n\n<h3 class=\"wp-block-heading\" id=\"proposed-updates-changes-form\">Formulario de propuestas de actualizaci\u00f3n\/cambio<\/h3>\n<div class=\"wpforms-container wpforms-container-full wpforms-block wpforms-block-19dda957-095a-43de-979f-e5aef606b4fa\" id=\"wpforms-830\"><form id=\"wpforms-form-830\" class=\"wpforms-validate wpforms-form\" data-formid=\"830\" method=\"post\" enctype=\"multipart\/form-data\" action=\"\/es\/wp-json\/wp\/v2\/pages\/15776\" data-token=\"a2407a7fc04c42263a396b80181138bf\" data-token-time=\"1776005250\"><noscript class=\"wpforms-error-noscript\">Por favor, activa JavaScript en tu navegador para completar este formulario.<\/noscript><div class=\"wpforms-field-container\"><div id=\"wpforms-830-field_15-container\" class=\"wpforms-field wpforms-field-number\" data-field-id=\"15\"><label class=\"wpforms-field-label\" for=\"wpforms-830-field_15\">N\u00famero de reuni\u00f3n del intergrupo en l\u00ednea &#8211; OIMN<\/label><input type=\"number\" id=\"wpforms-830-field_15\" class=\"wpforms-field-medium\" name=\"wpforms[fields][15]\" ><div class=\"wpforms-field-description\">N\u00famero interno \u00fanico de OIAA para la reuni\u00f3n que desea cambiar, proporcionado por PAC. <\/div><\/div><div id=\"wpforms-830-field_13-container\" class=\"wpforms-field wpforms-field-text\" data-field-id=\"13\"><label class=\"wpforms-field-label\" for=\"wpforms-830-field_13\">Nombre de la reuni\u00f3n <span class=\"wpforms-required-label\">*<\/span><\/label><input type=\"text\" id=\"wpforms-830-field_13\" class=\"wpforms-field-medium wpforms-field-required\" name=\"wpforms[fields][13]\" required><\/div><div id=\"wpforms-830-field_0-container\" class=\"wpforms-field wpforms-field-name\" data-field-id=\"0\"><label class=\"wpforms-field-label\" for=\"wpforms-830-field_0\">Nombre del contacto principal o alternativo  <span class=\"wpforms-required-label\">*<\/span><\/label><input type=\"text\" id=\"wpforms-830-field_0\" class=\"wpforms-field-medium wpforms-field-required\" name=\"wpforms[fields][0]\" required><\/div><div id=\"wpforms-830-field_1-container\" class=\"wpforms-field wpforms-field-email\" data-field-id=\"1\"><label class=\"wpforms-field-label\" for=\"wpforms-830-field_1\">Correo electr\u00f3nico principal o alternativo <span class=\"wpforms-required-label\">*<\/span><\/label><input type=\"email\" id=\"wpforms-830-field_1\" class=\"wpforms-field-medium wpforms-field-required\" name=\"wpforms[fields][1]\" spellcheck=\"false\" required><\/div><div id=\"wpforms-830-field_17-container\" class=\"wpforms-field wpforms-field-checkbox\" data-field-id=\"17\"><label class=\"wpforms-field-label\">Por favor, seleccione  <span class=\"wpforms-required-label\">*<\/span><\/label><ul id=\"wpforms-830-field_17\" class=\"wpforms-field-required\"><li class=\"choice-1 depth-1\"><input type=\"checkbox\" id=\"wpforms-830-field_17_1\" name=\"wpforms[fields][17][]\" value=\"Contacto principal\" required ><label class=\"wpforms-field-label-inline\" for=\"wpforms-830-field_17_1\">Contacto principal<\/label><\/li><li class=\"choice-2 depth-1\"><input type=\"checkbox\" id=\"wpforms-830-field_17_2\" name=\"wpforms[fields][17][]\" value=\"Contacto alternativo\" required ><label class=\"wpforms-field-label-inline\" for=\"wpforms-830-field_17_2\">Contacto alternativo<\/label><\/li><\/ul><\/div><div id=\"wpforms-830-field_5-container\" class=\"wpforms-field wpforms-field-text\" data-field-id=\"5\"><label class=\"wpforms-field-label\" for=\"wpforms-830-field_5\">Asunto <span class=\"wpforms-required-label\">*<\/span><\/label><input type=\"text\" id=\"wpforms-830-field_5\" class=\"wpforms-field-medium wpforms-field-required\" name=\"wpforms[fields][5]\" required><\/div><div id=\"wpforms-830-field_2-container\" class=\"wpforms-field wpforms-field-textarea\" data-field-id=\"2\"><label class=\"wpforms-field-label\" for=\"wpforms-830-field_2\">Cambios solicitados para la reuni\u00f3n <span class=\"wpforms-required-label\">*<\/span><\/label><textarea id=\"wpforms-830-field_2\" class=\"wpforms-field-medium wpforms-field-required\" name=\"wpforms[fields][2]\" required><\/textarea><\/div><div id=\"wpforms-830-field_16-container\" class=\"wpforms-field wpforms-field-gdpr-checkbox\" data-field-id=\"16\"><label class=\"wpforms-field-label\">Acuerdo RGPD <span class=\"wpforms-required-label\">*<\/span><\/label><ul id=\"wpforms-830-field_16\" class=\"wpforms-field-required\"><li class=\"choice-1\"><input type=\"checkbox\" id=\"wpforms-830-field_16_1\" name=\"wpforms[fields][16][]\" value=\"Doy mi consentimiento para que este sitio web almacene la informaci\u00f3n que env\u00edo para que puedan responder a mi consulta.\" required ><label class=\"wpforms-field-label-inline\" for=\"wpforms-830-field_16_1\">Doy mi consentimiento para que este sitio web almacene la informaci\u00f3n que env\u00edo para que puedan responder a mi consulta.<\/label><\/li><\/ul><\/div><div id=\"wpforms-830-field_7-container\" class=\"wpforms-field wpforms-field-hidden\" data-field-id=\"7\"><input type=\"hidden\" id=\"wpforms-830-field_7\" name=\"wpforms[fields][7]\"><\/div><div id=\"wpforms-830-field_8-container\" class=\"wpforms-field wpforms-field-hidden\" data-field-id=\"8\"><input type=\"hidden\" id=\"wpforms-830-field_8\" name=\"wpforms[fields][8]\"><\/div><\/div><!-- .wpforms-field-container --><div class=\"wpforms-field wpforms-field-hp\"><label for=\"wpforms-830-field-hp\" class=\"wpforms-field-label\">Phone<\/label><input type=\"text\" name=\"wpforms[hp]\" id=\"wpforms-830-field-hp\" class=\"wpforms-field-medium\"><\/div><div class=\"wpforms-recaptcha-container wpforms-is-recaptcha wpforms-is-recaptcha-type-v2\" ><div class=\"g-recaptcha\" data-sitekey=\"6LfLO_EUAAAAAD2WTL408A9DfNNx6AhXu-npfay8\"><\/div><input type=\"text\" name=\"g-recaptcha-hidden\" class=\"wpforms-recaptcha-hidden\" style=\"position:absolute!important;clip:rect(0,0,0,0)!important;height:1px!important;width:1px!important;border:0!important;overflow:hidden!important;padding:0!important;margin:0!important;\" data-rule-recaptcha=\"1\"><\/div><div class=\"wpforms-submit-container\" ><input type=\"hidden\" name=\"wpforms[id]\" value=\"830\"><input type=\"hidden\" name=\"page_title\" value=\"\"><input type=\"hidden\" name=\"page_url\" value=\"https:\/\/beta.aa-intergroup.org\/es\/wp-json\/wp\/v2\/pages\/15776\"><button type=\"submit\" name=\"wpforms[submit]\" id=\"wpforms-submit-830\" class=\"wpforms-submit form-submit\" data-alt-text=\"Enviando...\" data-submit-text=\"Enviar\" aria-live=\"assertive\" value=\"wpforms-submit\">Enviar<\/button><\/div><\/form><\/div>  <!-- .wpforms-container -->\n<h2 class=\"gb-headline gb-headline-211fb386 gb-headline-text\"><\/h2>\n\n<h2 class=\"gb-headline gb-headline-44f7532f gb-headline-text\"><\/h2>\n","protected":false},"excerpt":{"rendered":"<p>Si usted es un representante oficial de una reuni\u00f3n en l\u00ednea que figura en la base de datos de reuniones y desea actualizar su anuncio, utilice el siguiente formulario. Esto puede incluir cambios de hora\/fecha, ediciones de la descripci\u00f3n, actualizaciones de enlaces, n\u00fameros de tel\u00e9fono o contrase\u00f1as, eliminaci\u00f3n de anuncios, etc. Aseg\u00farese de identificar claramente<a class=\"excerpt-read-more\" href=\"https:\/\/beta.aa-intergroup.org\/es\/actualizaciones-del-directorio-de-reuniones\/\" title=\"ReadActualizaciones del directorio de reuniones\">&#8230; Read more &raquo;<\/a><\/p>\n","protected":false},"author":9,"featured_media":0,"parent":0,"menu_order":0,"comment_status":"closed","ping_status":"closed","template":"","meta":{"_acf_changed":false,"_eb_attr":"","footnotes":""},"class_list":["post-15776","page","type-page","status-publish","hentry"],"acf":[],"_links":{"self":[{"href":"https:\/\/beta.aa-intergroup.org\/es\/wp-json\/wp\/v2\/pages\/15776","targetHints":{"allow":["GET"]}}],"collection":[{"href":"https:\/\/beta.aa-intergroup.org\/es\/wp-json\/wp\/v2\/pages"}],"about":[{"href":"https:\/\/beta.aa-intergroup.org\/es\/wp-json\/wp\/v2\/types\/page"}],"author":[{"embeddable":true,"href":"https:\/\/beta.aa-intergroup.org\/es\/wp-json\/wp\/v2\/users\/9"}],"replies":[{"embeddable":true,"href":"https:\/\/beta.aa-intergroup.org\/es\/wp-json\/wp\/v2\/comments?post=15776"}],"version-history":[{"count":1,"href":"https:\/\/beta.aa-intergroup.org\/es\/wp-json\/wp\/v2\/pages\/15776\/revisions"}],"predecessor-version":[{"id":15778,"href":"https:\/\/beta.aa-intergroup.org\/es\/wp-json\/wp\/v2\/pages\/15776\/revisions\/15778"}],"wp:attachment":[{"href":"https:\/\/beta.aa-intergroup.org\/es\/wp-json\/wp\/v2\/media?parent=15776"}],"curies":[{"name":"wp","href":"https:\/\/api.w.org\/{rel}","templated":true}]}}