{"id":15860,"date":"2020-03-16T06:10:37","date_gmt":"2020-03-16T10:10:37","guid":{"rendered":"https:\/\/beta.aa-intergroup.org\/directorio-de-reuniones\/"},"modified":"2025-10-28T04:57:30","modified_gmt":"2025-10-28T08:57:30","slug":"directorio-de-reuniones","status":"publish","type":"page","link":"https:\/\/beta.aa-intergroup.org\/es\/directorio-de-reuniones\/","title":{"rendered":"Directorio de reuniones"},"content":{"rendered":"\n<p><\/p>\n\n\n\n<p><\/p>\n","protected":false},"excerpt":{"rendered":"<p>El <a href=\"\/oiaa\/meetings\">Directorio de la OIAA<\/a> incluye m\u00e1s de 1000 reuniones en l\u00ednea de AA en todo el mundo, que van desde videoconferencias o conferencias telef\u00f3nicas hasta grupos de correo electr\u00f3nico o chat en muchos idiomas, disponibles las 24 horas del d\u00eda, los 7 d\u00edas de la semana. Explore las pr\u00f3ximas disponibles o busque la adecuada para usted. <\/p>\n","protected":false},"author":9,"featured_media":14852,"parent":0,"menu_order":1,"comment_status":"closed","ping_status":"closed","template":"","meta":{"_acf_changed":false,"_eb_attr":"","footnotes":""},"class_list":["post-15860","page","type-page","status-publish","has-post-thumbnail","hentry"],"acf":[],"_links":{"self":[{"href":"https:\/\/beta.aa-intergroup.org\/es\/wp-json\/wp\/v2\/pages\/15860","targetHints":{"allow":["GET"]}}],"collection":[{"href":"https:\/\/beta.aa-intergroup.org\/es\/wp-json\/wp\/v2\/pages"}],"about":[{"href":"https:\/\/beta.aa-intergroup.org\/es\/wp-json\/wp\/v2\/types\/page"}],"author":[{"embeddable":true,"href":"https:\/\/beta.aa-intergroup.org\/es\/wp-json\/wp\/v2\/users\/9"}],"replies":[{"embeddable":true,"href":"https:\/\/beta.aa-intergroup.org\/es\/wp-json\/wp\/v2\/comments?post=15860"}],"version-history":[{"count":1,"href":"https:\/\/beta.aa-intergroup.org\/es\/wp-json\/wp\/v2\/pages\/15860\/revisions"}],"predecessor-version":[{"id":15863,"href":"https:\/\/beta.aa-intergroup.org\/es\/wp-json\/wp\/v2\/pages\/15860\/revisions\/15863"}],"wp:featuredmedia":[{"embeddable":true,"href":"https:\/\/beta.aa-intergroup.org\/es\/wp-json\/wp\/v2\/media\/14852"}],"wp:attachment":[{"href":"https:\/\/beta.aa-intergroup.org\/es\/wp-json\/wp\/v2\/media?parent=15860"}],"curies":[{"name":"wp","href":"https:\/\/api.w.org\/{rel}","templated":true}]}}