{"id":15882,"date":"2023-05-25T23:24:09","date_gmt":"2023-05-26T03:24:09","guid":{"rendered":"https:\/\/beta.aa-intergroup.org\/registrador-de-oiaa\/"},"modified":"2025-10-28T04:57:31","modified_gmt":"2025-10-28T08:57:31","slug":"registrador-de-oiaa","status":"publish","type":"page","link":"https:\/\/beta.aa-intergroup.org\/es\/registrador-de-oiaa\/","title":{"rendered":"Registrador de OIAA"},"content":{"rendered":"\n<p>P\u00f3ngase en contacto con el registrador: registrar@aa-intergroup.org<\/p>\n\n<p><a href=\"https:\/\/beta.aa-intergroup.org\/es\/enviar-una-nueva-reunion-en-linea\/\">Enviar una nueva reuni\u00f3n<\/a><\/p>\n\n<p><a href=\"https:\/\/beta.aa-intergroup.org\/es\/actualizaciones-del-directorio-de-reuniones\/\">Actualizar una reuni\u00f3n<\/a><\/p>\n\n<p><a href=\"https:\/\/beta.aa-intergroup.org\/es\/unase-a-oiaa\/\">\u00danase a OIAA<\/a><\/p>\n\n<p><\/p>\n","protected":false},"excerpt":{"rendered":"<p>P\u00f3ngase en contacto con el registrador: registrar@aa-intergroup.org Enviar una nueva reuni\u00f3n Actualizar una reuni\u00f3n \u00danase a OIAA<\/p>\n","protected":false},"author":12,"featured_media":0,"parent":0,"menu_order":0,"comment_status":"closed","ping_status":"closed","template":"page-oiaa-registrar.php","meta":{"_acf_changed":false,"_eb_attr":"","footnotes":""},"class_list":["post-15882","page","type-page","status-publish","hentry"],"acf":[],"_links":{"self":[{"href":"https:\/\/beta.aa-intergroup.org\/es\/wp-json\/wp\/v2\/pages\/15882","targetHints":{"allow":["GET"]}}],"collection":[{"href":"https:\/\/beta.aa-intergroup.org\/es\/wp-json\/wp\/v2\/pages"}],"about":[{"href":"https:\/\/beta.aa-intergroup.org\/es\/wp-json\/wp\/v2\/types\/page"}],"author":[{"embeddable":true,"href":"https:\/\/beta.aa-intergroup.org\/es\/wp-json\/wp\/v2\/users\/12"}],"replies":[{"embeddable":true,"href":"https:\/\/beta.aa-intergroup.org\/es\/wp-json\/wp\/v2\/comments?post=15882"}],"version-history":[{"count":1,"href":"https:\/\/beta.aa-intergroup.org\/es\/wp-json\/wp\/v2\/pages\/15882\/revisions"}],"predecessor-version":[{"id":15883,"href":"https:\/\/beta.aa-intergroup.org\/es\/wp-json\/wp\/v2\/pages\/15882\/revisions\/15883"}],"wp:attachment":[{"href":"https:\/\/beta.aa-intergroup.org\/es\/wp-json\/wp\/v2\/media?parent=15882"}],"curies":[{"name":"wp","href":"https:\/\/api.w.org\/{rel}","templated":true}]}}