{"id":15900,"date":"2023-04-06T12:37:49","date_gmt":"2023-04-06T16:37:49","guid":{"rendered":"https:\/\/beta.aa-intergroup.org\/ayuda-para-reuniones-en-linea\/"},"modified":"2025-10-28T04:57:33","modified_gmt":"2025-10-28T08:57:33","slug":"ayuda-para-reuniones-en-linea","status":"publish","type":"page","link":"https:\/\/beta.aa-intergroup.org\/es\/ayuda-para-reuniones-en-linea\/","title":{"rendered":"Ayuda para reuniones en l\u00ednea"},"content":{"rendered":"\n<p><\/p>\n\n<p>Los Tech Steppers son un subcomit\u00e9 de tecnolog\u00eda que brinda apoyo a las reuniones del directorio de OIAA y a sus asistentes en materia de seguridad en l\u00ednea y configuraci\u00f3n de cuentas. Los Tech Steppers buscan ayudar a los grupos a mejorar su seguridad en l\u00ednea y su postura de seguridad, y a defender mejor sus reuniones de posibles disruptores activos. <\/p>\n\n<p>Si necesita ayuda con su reuni\u00f3n, incluida la ayuda con los &#8216;Zoom Bombers&#8217;, complete el siguiente formulario. Tras la recepci\u00f3n, se le asignar\u00e1 un miembro de AA \u201cTechStepper\u201d para que le ayude. Se pondr\u00e1n en contacto con usted en un plazo m\u00e1ximo de 7 d\u00edas. Gracias por la oportunidad de proporcionarle herramientas para que su reuni\u00f3n de AA en l\u00ednea o h\u00edbrida sea un espacio seguro y eficaz para que todos se recuperen.   <\/p>\n\n<p>Con amor y servicio,<br\/>OIAA TechSteppers<\/p>\n\n<p><strong>\u00bfEst\u00e1 interesado en unirse a los Tech Steppers? <\/strong><a href=\"https:\/\/beta.aa-intergroup.org\/es\/committees\/tecnologia\/\"><strong>Visite el comit\u00e9 de tecnolog\u00eda.<\/strong><\/a><\/p>\n<div class=\"wpforms-container wpforms-container-full\" id=\"wpforms-4231\"><form id=\"wpforms-form-4231\" class=\"wpforms-validate wpforms-form wpforms-ajax-form\" data-formid=\"4231\" method=\"post\" enctype=\"multipart\/form-data\" action=\"\/es\/wp-json\/wp\/v2\/pages\/15900\" data-token=\"fb3c6e78e7ff45b6cbc5db6f951fd8e2\" data-token-time=\"1776025522\"><noscript class=\"wpforms-error-noscript\">Por favor, activa JavaScript en tu navegador para completar este formulario.<\/noscript><div class=\"wpforms-field-container\"><div id=\"wpforms-4231-field_15-container\" class=\"wpforms-field wpforms-field-select wpforms-conditional-trigger wpforms-field-select-style-classic\" data-field-id=\"15\"><label class=\"wpforms-field-label\" for=\"wpforms-4231-field_15\">\u00bfNecesita ayuda para dejar de beber?<\/label><select id=\"wpforms-4231-field_15\" class=\"wpforms-field-medium\" name=\"wpforms[fields][15]\"><option value=\"Por favor, elija\" >Por favor, elija<\/option><option value=\"S\u00ed\" >S\u00ed<\/option><option value=\"No\" >No<\/option><\/select><\/div><div id=\"wpforms-4231-field_1-container\" class=\"wpforms-field wpforms-field-email wpforms-conditional-field wpforms-conditional-show\" data-field-id=\"1\" style=\"display:none;\"><label class=\"wpforms-field-label\" for=\"wpforms-4231-field_1\">Correo electr\u00f3nico <span class=\"wpforms-required-label\">*<\/span><\/label><input type=\"email\" id=\"wpforms-4231-field_1\" class=\"wpforms-field-medium wpforms-field-required\" name=\"wpforms[fields][1]\" spellcheck=\"false\" required><\/div><div id=\"wpforms-4231-field_2-container\" class=\"wpforms-field wpforms-field-text wpforms-conditional-field wpforms-conditional-show\" data-field-id=\"2\" style=\"display:none;\"><label class=\"wpforms-field-label\" for=\"wpforms-4231-field_2\">Nombre de la reuni\u00f3n del grupo <span class=\"wpforms-required-label\">*<\/span><\/label><input type=\"text\" id=\"wpforms-4231-field_2\" class=\"wpforms-field-medium wpforms-field-required\" name=\"wpforms[fields][2]\" required><\/div><div id=\"wpforms-4231-field_3-container\" class=\"wpforms-field wpforms-field-select wpforms-conditional-field wpforms-conditional-show wpforms-field-select-style-classic\" data-field-id=\"3\" style=\"display:none;\"><label class=\"wpforms-field-label\" for=\"wpforms-4231-field_3\">\u00bfSu grupo\/reuni\u00f3n est\u00e1 en la lista del directorio de reuniones de la OIAA? <span class=\"wpforms-required-label\">*<\/span><\/label><select id=\"wpforms-4231-field_3\" class=\"wpforms-field-medium wpforms-field-required\" name=\"wpforms[fields][3]\" required=\"required\"><option value=\"Por favor, elija...\" >Por favor, elija...<\/option><option value=\"S\u00ed\" >S\u00ed<\/option><option value=\"No\" >No<\/option><option value=\"Desconocido\" >Desconocido<\/option><\/select><\/div><div id=\"wpforms-4231-field_4-container\" class=\"wpforms-field wpforms-field-select wpforms-conditional-field wpforms-conditional-show wpforms-conditional-trigger wpforms-field-select-style-classic\" data-field-id=\"4\" style=\"display:none;\"><label class=\"wpforms-field-label\" for=\"wpforms-4231-field_4\">\u00bfQu\u00e9 software de reuniones utiliza? <span class=\"wpforms-required-label\">*<\/span><\/label><select id=\"wpforms-4231-field_4\" class=\"wpforms-field-medium wpforms-field-required\" name=\"wpforms[fields][4]\" required=\"required\"><option value=\"Por favor, elija\" >Por favor, elija<\/option><option value=\"Zoom\" >Zoom<\/option><option value=\"Otro\" >Otro<\/option><\/select><\/div><div id=\"wpforms-4231-field_5-container\" class=\"wpforms-field wpforms-field-text wpforms-conditional-field wpforms-conditional-show\" data-field-id=\"5\" style=\"display:none;\"><label class=\"wpforms-field-label\" for=\"wpforms-4231-field_5\">Por favor, especifique...<\/label><input type=\"text\" id=\"wpforms-4231-field_5\" class=\"wpforms-field-medium\" name=\"wpforms[fields][5]\" ><\/div><div id=\"wpforms-4231-field_6-container\" class=\"wpforms-field wpforms-field-text wpforms-conditional-field wpforms-conditional-show\" data-field-id=\"6\" style=\"display:none;\"><label class=\"wpforms-field-label\" for=\"wpforms-4231-field_6\">Nombre y primera inicial del apellido <span class=\"wpforms-required-label\">*<\/span><\/label><input type=\"text\" id=\"wpforms-4231-field_6\" class=\"wpforms-field-medium wpforms-field-required\" name=\"wpforms[fields][6]\" required><\/div><div id=\"wpforms-4231-field_7-container\" class=\"wpforms-field wpforms-field-email wpforms-conditional-field wpforms-conditional-show\" data-field-id=\"7\" style=\"display:none;\"><label class=\"wpforms-field-label\" for=\"wpforms-4231-field_7\">Correo electr\u00f3nico del grupo<\/label><input type=\"email\" id=\"wpforms-4231-field_7\" class=\"wpforms-field-medium\" name=\"wpforms[fields][7]\" placeholder=\"Si corresponde\" spellcheck=\"false\" ><\/div><div id=\"wpforms-4231-field_8-container\" class=\"wpforms-field wpforms-field-phone wpforms-conditional-field wpforms-conditional-show\" data-field-id=\"8\" style=\"display:none;\"><label class=\"wpforms-field-label\" for=\"wpforms-4231-field_8\">Mejor tel\u00e9fono de contacto <span class=\"wpforms-required-label\">*<\/span><\/label><input type=\"tel\" id=\"wpforms-4231-field_8\" class=\"wpforms-field-medium wpforms-field-required\" data-rule-int-phone-field=\"true\" name=\"wpforms[fields][8]\" placeholder=\"C\u00f3digo de pa\u00eds, c\u00f3digo de \u00e1rea, n\u00famero\" aria-label=\"Mejor tel\u00e9fono de contacto\" required><\/div><div id=\"wpforms-4231-field_9-container\" class=\"wpforms-field wpforms-field-radio wpforms-conditional-field wpforms-conditional-show wpforms-conditional-trigger\" data-field-id=\"9\" style=\"display:none;\"><label class=\"wpforms-field-label\">Su(s) funci\u00f3n(es) - Marque todas las que correspondan <span class=\"wpforms-required-label\">*<\/span><\/label><ul id=\"wpforms-4231-field_9\" class=\"wpforms-field-required\"><li class=\"choice-1 depth-1\"><input type=\"radio\" id=\"wpforms-4231-field_9_1\" name=\"wpforms[fields][9]\" value=\"Titular de la cuenta\" required ><label class=\"wpforms-field-label-inline\" for=\"wpforms-4231-field_9_1\">Titular de la cuenta<\/label><\/li><li class=\"choice-2 depth-1\"><input type=\"radio\" id=\"wpforms-4231-field_9_2\" name=\"wpforms[fields][9]\" value=\"Anfitri\u00f3n\" required ><label class=\"wpforms-field-label-inline\" for=\"wpforms-4231-field_9_2\">Anfitri\u00f3n<\/label><\/li><li class=\"choice-3 depth-1\"><input type=\"radio\" id=\"wpforms-4231-field_9_3\" name=\"wpforms[fields][9]\" value=\"Coanfitri\u00f3n\" required ><label class=\"wpforms-field-label-inline\" for=\"wpforms-4231-field_9_3\">Coanfitri\u00f3n<\/label><\/li><li class=\"choice-4 depth-1\"><input type=\"radio\" id=\"wpforms-4231-field_9_4\" name=\"wpforms[fields][9]\" value=\"Ninguno\" required ><label class=\"wpforms-field-label-inline\" for=\"wpforms-4231-field_9_4\">Ninguno<\/label><\/li><li class=\"choice-5 depth-1\"><input type=\"radio\" id=\"wpforms-4231-field_9_5\" name=\"wpforms[fields][9]\" value=\"Otro\" required ><label class=\"wpforms-field-label-inline\" for=\"wpforms-4231-field_9_5\">Otro<\/label><\/li><\/ul><\/div><div id=\"wpforms-4231-field_10-container\" class=\"wpforms-field wpforms-field-text wpforms-conditional-field wpforms-conditional-show\" data-field-id=\"10\" style=\"display:none;\"><label class=\"wpforms-field-label\" for=\"wpforms-4231-field_10\">Por favor, especifique<\/label><input type=\"text\" id=\"wpforms-4231-field_10\" class=\"wpforms-field-medium\" name=\"wpforms[fields][10]\" ><\/div><div id=\"wpforms-4231-field_12-container\" class=\"wpforms-field wpforms-field-radio wpforms-conditional-field wpforms-conditional-show\" data-field-id=\"12\" style=\"display:none;\"><label class=\"wpforms-field-label\">Dispositivo(s) en el(los) que est\u00e1 experimentando el problema <span class=\"wpforms-required-label\">*<\/span><\/label><ul id=\"wpforms-4231-field_12\" class=\"wpforms-field-required\"><li class=\"choice-1 depth-1\"><input type=\"radio\" id=\"wpforms-4231-field_12_1\" name=\"wpforms[fields][12]\" value=\"Tel\u00e9fono inteligente\" required ><label class=\"wpforms-field-label-inline\" for=\"wpforms-4231-field_12_1\">Tel\u00e9fono inteligente<\/label><\/li><li class=\"choice-2 depth-1\"><input type=\"radio\" id=\"wpforms-4231-field_12_2\" name=\"wpforms[fields][12]\" value=\"Tableta\" required ><label class=\"wpforms-field-label-inline\" for=\"wpforms-4231-field_12_2\">Tableta<\/label><\/li><li class=\"choice-3 depth-1\"><input type=\"radio\" id=\"wpforms-4231-field_12_3\" name=\"wpforms[fields][12]\" value=\"Ordenador port\u00e1til\" required ><label class=\"wpforms-field-label-inline\" for=\"wpforms-4231-field_12_3\">Ordenador port\u00e1til<\/label><\/li><li class=\"choice-4 depth-1\"><input type=\"radio\" id=\"wpforms-4231-field_12_4\" name=\"wpforms[fields][12]\" value=\"Ordenador de escritorio\" required ><label class=\"wpforms-field-label-inline\" for=\"wpforms-4231-field_12_4\">Ordenador de escritorio<\/label><\/li><\/ul><\/div><div id=\"wpforms-4231-field_11-container\" class=\"wpforms-field wpforms-field-text wpforms-conditional-field wpforms-conditional-show\" data-field-id=\"11\" style=\"display:none;\"><label class=\"wpforms-field-label\" for=\"wpforms-4231-field_11\">Idioma preferido <span class=\"wpforms-required-label\">*<\/span><\/label><input type=\"text\" id=\"wpforms-4231-field_11\" class=\"wpforms-field-medium wpforms-field-required\" name=\"wpforms[fields][11]\" required><\/div><div id=\"wpforms-4231-field_13-container\" class=\"wpforms-field wpforms-field-textarea wpforms-conditional-field wpforms-conditional-show\" data-field-id=\"13\" style=\"display:none;\"><label class=\"wpforms-field-label\" for=\"wpforms-4231-field_13\">Por favor, describa el problema que est\u00e1 experimentando su reuni\u00f3n <span class=\"wpforms-required-label\">*<\/span><\/label><textarea id=\"wpforms-4231-field_13\" class=\"wpforms-field-medium wpforms-field-required\" name=\"wpforms[fields][13]\" required><\/textarea><\/div><div id=\"wpforms-4231-field_17-container\" class=\"wpforms-field wpforms-field-text wpforms-conditional-field wpforms-conditional-show\" data-field-id=\"17\" style=\"display:none;\"><label class=\"wpforms-field-label\" for=\"wpforms-4231-field_17\">Nombre <span class=\"wpforms-required-label\">*<\/span><\/label><input type=\"text\" id=\"wpforms-4231-field_17\" class=\"wpforms-field-medium wpforms-field-required\" name=\"wpforms[fields][17]\" required><div class=\"wpforms-field-description\">El nombre es suficiente<\/div><\/div><div id=\"wpforms-4231-field_18-container\" class=\"wpforms-field wpforms-field-text wpforms-conditional-field wpforms-conditional-show\" data-field-id=\"18\" style=\"display:none;\"><label class=\"wpforms-field-label\" for=\"wpforms-4231-field_18\">Correo electr\u00f3nico <span class=\"wpforms-required-label\">*<\/span><\/label><input type=\"text\" id=\"wpforms-4231-field_18\" class=\"wpforms-field-medium wpforms-field-required\" name=\"wpforms[fields][18]\" required><\/div><div id=\"wpforms-4231-field_19-container\" class=\"wpforms-field wpforms-field-textarea wpforms-conditional-field wpforms-conditional-show\" data-field-id=\"19\" style=\"display:none;\"><label class=\"wpforms-field-label\" for=\"wpforms-4231-field_19\">Mensaje <span class=\"wpforms-required-label\">*<\/span><\/label><textarea id=\"wpforms-4231-field_19\" class=\"wpforms-field-medium wpforms-field-required\" name=\"wpforms[fields][19]\" required><\/textarea><\/div><div id=\"wpforms-4231-field_20-container\" class=\"wpforms-field wpforms-field-select wpforms-conditional-field wpforms-conditional-show wpforms-conditional-trigger wpforms-field-select-style-classic\" data-field-id=\"20\" style=\"display:none;\"><label class=\"wpforms-field-label\" for=\"wpforms-4231-field_20\">Su pa\u00eds <span class=\"wpforms-required-label\">*<\/span><\/label><select id=\"wpforms-4231-field_20\" class=\"wpforms-field-medium wpforms-field-required\" name=\"wpforms[fields][20]\" required=\"required\"><option value=\"Por favor, elija...\" >Por favor, elija...<\/option><option value=\"EE. UU.\" >EE. UU.<\/option><option value=\"Guadalupe\" >Guadalupe<\/option><option value=\"Canad\u00e1\" >Canad\u00e1<\/option><option value=\"M\u00e9xico\" >M\u00e9xico<\/option><option value=\"Francia\" >Francia<\/option><option value=\"India\" >India<\/option><option value=\"Irlanda\" >Irlanda<\/option><option value=\"L\u00edbano\" >L\u00edbano<\/option><option value=\"Otro\" >Otro<\/option><\/select><\/div><div id=\"wpforms-4231-field_21-container\" class=\"wpforms-field wpforms-field-text wpforms-conditional-field wpforms-conditional-show\" data-field-id=\"21\" style=\"display:none;\"><label class=\"wpforms-field-label\" for=\"wpforms-4231-field_21\">Otro pa\u00eds<\/label><input type=\"text\" id=\"wpforms-4231-field_21\" class=\"wpforms-field-medium\" name=\"wpforms[fields][21]\" ><\/div><div id=\"wpforms-4231-field_14-container\" class=\"wpforms-field wpforms-field-gdpr-checkbox\" data-field-id=\"14\"><label class=\"wpforms-field-label\">Acuerdo RGPD <span class=\"wpforms-required-label\">*<\/span><\/label><ul id=\"wpforms-4231-field_14\" class=\"wpforms-field-required\"><li class=\"choice-1\"><input type=\"checkbox\" id=\"wpforms-4231-field_14_1\" name=\"wpforms[fields][14][]\" value=\"Doy mi consentimiento para que este sitio web almacene la informaci\u00f3n que env\u00edo para que puedan responder a mi consulta.\" required ><label class=\"wpforms-field-label-inline\" for=\"wpforms-4231-field_14_1\">Doy mi consentimiento para que este sitio web almacene la informaci\u00f3n que env\u00edo para que puedan responder a mi consulta.<\/label><\/li><\/ul><\/div><div id=\"wpforms-4231-field_22-container\" class=\"wpforms-field wpforms-field-text request-id\" data-field-id=\"22\"><label class=\"wpforms-field-label wpforms-label-hide\" for=\"wpforms-4231-field_22\">Request ID<\/label><input type=\"text\" id=\"wpforms-4231-field_22\" class=\"wpforms-field-medium\" name=\"wpforms[fields][22]\" ><\/div><\/div><!-- .wpforms-field-container --><div class=\"wpforms-recaptcha-container wpforms-is-recaptcha wpforms-is-recaptcha-type-v2\" ><div class=\"g-recaptcha\" data-sitekey=\"6LfLO_EUAAAAAD2WTL408A9DfNNx6AhXu-npfay8\"><\/div><input type=\"text\" name=\"g-recaptcha-hidden\" class=\"wpforms-recaptcha-hidden\" style=\"position:absolute!important;clip:rect(0,0,0,0)!important;height:1px!important;width:1px!important;border:0!important;overflow:hidden!important;padding:0!important;margin:0!important;\" data-rule-recaptcha=\"1\"><\/div><div class=\"wpforms-submit-container\" ><input type=\"hidden\" name=\"wpforms[id]\" value=\"4231\"><input type=\"hidden\" name=\"page_title\" value=\"\"><input type=\"hidden\" name=\"page_url\" value=\"https:\/\/beta.aa-intergroup.org\/es\/wp-json\/wp\/v2\/pages\/15900\"><button type=\"submit\" name=\"wpforms[submit]\" id=\"wpforms-submit-4231\" class=\"wpforms-submit\" data-alt-text=\"Enviando...\" data-submit-text=\"Enviar\" aria-live=\"assertive\" value=\"wpforms-submit\">Enviar<\/button><img loading=\"lazy\" decoding=\"async\" src=\"https:\/\/beta.aa-intergroup.org\/wp-content\/plugins\/wpforms\/assets\/images\/submit-spin.svg\" class=\"wpforms-submit-spinner\" style=\"display: none;\" width=\"26\" height=\"26\" alt=\"Cargando\"><\/div><\/form><\/div>  <!-- .wpforms-container -->\n\n<p><\/p>\n\n<p><\/p>\n\n<p><\/p>\n\n<p><\/p>\n\n<p><\/p>\n","protected":false},"excerpt":{"rendered":"<p>Los Tech Steppers son un subcomit\u00e9 de tecnolog\u00eda que brinda apoyo a las reuniones del directorio de OIAA y a sus asistentes en materia de seguridad en l\u00ednea y configuraci\u00f3n de cuentas. Los Tech Steppers buscan ayudar a los grupos a mejorar su seguridad en l\u00ednea y su postura de seguridad, y a defender mejor<a class=\"excerpt-read-more\" href=\"https:\/\/beta.aa-intergroup.org\/es\/ayuda-para-reuniones-en-linea\/\" title=\"ReadAyuda para reuniones en l\u00ednea\">&#8230; Read more &raquo;<\/a><\/p>\n","protected":false},"author":18,"featured_media":0,"parent":0,"menu_order":0,"comment_status":"closed","ping_status":"closed","template":"","meta":{"_acf_changed":false,"_eb_attr":"","footnotes":""},"class_list":["post-15900","page","type-page","status-publish","hentry"],"acf":[],"_links":{"self":[{"href":"https:\/\/beta.aa-intergroup.org\/es\/wp-json\/wp\/v2\/pages\/15900","targetHints":{"allow":["GET"]}}],"collection":[{"href":"https:\/\/beta.aa-intergroup.org\/es\/wp-json\/wp\/v2\/pages"}],"about":[{"href":"https:\/\/beta.aa-intergroup.org\/es\/wp-json\/wp\/v2\/types\/page"}],"author":[{"embeddable":true,"href":"https:\/\/beta.aa-intergroup.org\/es\/wp-json\/wp\/v2\/users\/18"}],"replies":[{"embeddable":true,"href":"https:\/\/beta.aa-intergroup.org\/es\/wp-json\/wp\/v2\/comments?post=15900"}],"version-history":[{"count":1,"href":"https:\/\/beta.aa-intergroup.org\/es\/wp-json\/wp\/v2\/pages\/15900\/revisions"}],"predecessor-version":[{"id":15901,"href":"https:\/\/beta.aa-intergroup.org\/es\/wp-json\/wp\/v2\/pages\/15900\/revisions\/15901"}],"wp:attachment":[{"href":"https:\/\/beta.aa-intergroup.org\/es\/wp-json\/wp\/v2\/media?parent=15900"}],"curies":[{"name":"wp","href":"https:\/\/api.w.org\/{rel}","templated":true}]}}