{"id":15926,"date":"2020-03-18T14:41:03","date_gmt":"2020-03-18T18:41:03","guid":{"rendered":"https:\/\/beta.aa-intergroup.org\/directrices-del-directorio-de-reuniones\/"},"modified":"2025-11-09T15:52:12","modified_gmt":"2025-11-09T20:52:12","slug":"directrices-del-directorio-de-reuniones","status":"publish","type":"page","link":"https:\/\/beta.aa-intergroup.org\/es\/directrices-del-directorio-de-reuniones\/","title":{"rendered":"Directrices del directorio de reuniones"},"content":{"rendered":"\n<p>Cualquier grupo o reuni\u00f3n de AA <strong>en l\u00ednea<\/strong> puede aparecer en el <a href=\"https:\/\/beta.aa-intergroup.org\/oiaa\/meetings\" data-type=\"URL\" data-id=\"https:\/\/beta.aa-intergroup.org\/oiaa\/meetings\"><strong>Directorio<\/strong><\/a> siempre que se suscriba a las Tradiciones de Alcoh\u00f3licos An\u00f3nimos, utilizando el <strong><strong><a href=\"https:\/\/beta.aa-intergroup.org\/es\/enviar-una-nueva-reunion-en-linea\/\">Formulario de Env\u00edo de Nueva Reuni\u00f3n<\/a><\/strong>.<\/strong> Los env\u00edos de reuniones ser\u00e1n revisados y filtrados seg\u00fan las siguientes directrices por el <strong>Comit\u00e9 de Pol\u00edticas y Admisiones<\/strong> (PAC).<\/p>\n\n<p>La Interagrupaci\u00f3n en L\u00ednea <strong>no<\/strong> incluye:<\/p>\n\n<ul class=\"wp-block-list\">\n<li>Reuniones presenciales de AA (visite &#8220;C\u00f3mo encontrar reuniones de AA&#8221; en <a rel=\"noreferrer noopener\" href=\"https:\/\/www.aa.org\/pages\/en_US\/find-aa-resources\" target=\"_blank\" data-type=\"page\">AA World Services, Inc.<\/a>).<\/li>\n\n\n\n<li>Grabaciones digitales, &#8220;lecturas diarias&#8221; o sitios o blogs de &#8220;redes sociales&#8221; (v\u00e9ase, por ejemplo, &#8220;Sitios web generales de redes sociales&#8221; en la publicaci\u00f3n <a href=\"https:\/\/www.aa.org\/aa-guidelines-internet\" target=\"_blank\" rel=\"noreferrer noopener\">Directrices de AA sobre Internet<\/a>).<\/li>\n\n\n\n<li>Proveedores de sitios web y listas de correo electr\u00f3nico que no son de AA. Sin embargo, si su reuni\u00f3n en l\u00ednea est\u00e1 alojada por un proveedor como Google, Zoom, etc.; las solicitudes se considerar\u00e1n si la descripci\u00f3n trata sobre la reuni\u00f3n de AA y no sobre el proveedor. Del mismo modo, el nombre del grupo o de la reuni\u00f3n no debe contener el nombre del proveedor.<\/li>\n\n\n\n<li>Reuniones que parecen ser dirigidas por una organizaci\u00f3n o por personas que no son miembros de AA; por ejemplo, sitios comerciales que han creado &#8220;reuniones&#8221; con el fin de atraer tr\u00e1fico a sus sitios. Solo los miembros de AA pueden dirigir reuniones de AA.<\/li>\n\n\n\n<li>Grupos o reuniones que se autodenominan &#8220;AA&#8221; pero que participan en &#8220;programas de afiliados&#8221;; es decir, que reciben ingresos por la colocaci\u00f3n de anuncios (o de cualquier fuente que no sea de AA). &#8220;Un grupo de AA nunca debe meterse en negocios&#8221;.<\/li>\n<\/ul>\n\n<p>Para obtener una visi\u00f3n general de c\u00f3mo se aplican las Tradiciones a los grupos, consulte el folleto &#8220;El Grupo de AA&#8230; Donde todo comienza&#8221;. En resumen:<\/p>\n\n<ul class=\"wp-block-list\">\n<li>todos los miembros del grupo son alcoh\u00f3licos (o tienen el deseo de dejar de beber) y el grupo est\u00e1 dispuesto a &#8220;abrir la puerta a todos los alcoh\u00f3licos que buscan ayuda, independientemente de su profesi\u00f3n, g\u00e9nero u otra distinci\u00f3n&#8221; (&#8220;El Grupo de AA&#8221;, p. 15).<\/li>\n\n\n\n<li>el grupo es totalmente autosuficiente y rechaza las contribuciones externas.<\/li>\n\n\n\n<li>el grupo no tiene ninguna otra afiliaci\u00f3n.<\/li>\n\n\n\n<li>el grupo no respalda empresas externas.<\/li>\n\n\n\n<li>el grupo no tiene opini\u00f3n sobre asuntos externos.<\/li>\n\n\n\n<li>el grupo mantiene el anonimato de sus miembros (no hay nombres completos ni fotos de miembros a la vista del p\u00fablico).<\/li>\n<\/ul>\n\n<p>De la p\u00e1gina 22 del folleto &#8220;El Grupo de AA&#8221; (copyright AAWS, Inc.; reimpreso con permiso):<\/p>\n\n<blockquote class=\"wp-block-quote is-layout-flow wp-block-quote-is-layout-flow\">\n<p>&#8220;Incluso la apariencia de estar vinculado a cualquier organizaci\u00f3n, club, instituci\u00f3n pol\u00edtica o religiosa debe evitarse.<\/p>\n\n\n\n<p>&#8220;Por lo tanto, un grupo de AA que se re\u00fane en un centro penitenciario o de tratamiento o en una iglesia [o en un sitio web que no es de AA, un servidor de chat, etc.] puede tener cuidado de no utilizar el nombre de la instituci\u00f3n, sino de llamarse a s\u00ed mismo de forma muy diferente. Esto deja claro que el grupo de AA no est\u00e1 afiliado al hospital, la iglesia, la prisi\u00f3n, el centro de tratamiento o lo que sea, sino que simplemente alquila un espacio all\u00ed para las reuniones.<\/p>\n\n\n\n<p>&#8220;Nuestra conciencia de grupo de AA, expresada por la Conferencia de Servicios Generales, ha recomendado que las reuniones &#8216;familiares&#8217;, las de &#8216;doble problema&#8217; y las de &#8216;alcohol y pastillas&#8217; no se incluyan en nuestros directorios de AA. El uso de la palabra &#8216;familia&#8217; tambi\u00e9n podr\u00eda invitar a la confusi\u00f3n con los Grupos Familiares Al-Anon, una comunidad totalmente separada de AA.<\/p>\n\n\n\n<p>&#8220;El prop\u00f3sito principal de cualquier grupo de AA es llevar el mensaje de AA a los alcoh\u00f3licos. La experiencia con el alcohol es una cosa que todos los miembros de AA tienen en com\u00fan. Es enga\u00f1oso insinuar o dar la impresi\u00f3n de que AA resuelve otros problemas o sabe qu\u00e9 hacer con la adicci\u00f3n a las drogas.<\/p>\n\n\n\n<p>&#8220;Tambi\u00e9n ha sido recomendado por la Conferencia de AA que ning\u00fan grupo de AA lleve el nombre de ninguna persona real, viva o muerta, de AA o no AA. Esta es una forma de &#8216;anteponer los principios a las personalidades&#8217;.&#8221;<\/p>\n<\/blockquote>\n\n<p><strong>Mantener los directorios actualizados<\/strong>.<\/p>\n\n<p>El Comit\u00e9 Web Intergrupal en L\u00ednea intenta mantener sus directorios actualizados. Si bien realizamos actualizaciones peri\u00f3dicas de &#8220;lista de asistencia&#8221; para garantizar la informaci\u00f3n correcta de la lista y los contactos primarios y secundarios, <strong>debemos confiar en la informaci\u00f3n proporcionada por las reuniones y los grupos.<\/strong><\/p>\n\n<p>Si su reuni\u00f3n cambia de d\u00edas, horas, identificaciones de reuni\u00f3n, enlaces e informaci\u00f3n (contrase\u00f1as), es importante que proporcione una <strong><a href=\"https:\/\/beta.aa-intergroup.org\/es\/actualizaciones-del-directorio-de-reuniones\/\">actualizaci\u00f3n del directorio de reuniones<\/a><\/strong> lo antes posible. Si su reuni\u00f3n se detiene por completo, es importante notificar a OIAA para que elimine la reuni\u00f3n del directorio. La \u00fanica manera de que los directorios de reuniones se mantengan actualizados es con su ayuda.<\/p>\n\n<p>Le instamos a que piense en el reci\u00e9n llegado cuando vea los listados del directorio. Imag\u00ednelo o imag\u00ednela, lleno de esperanza, siguiendo las instrucciones y haciendo clic en un enlace de reuni\u00f3n solo para descubrir que necesita una contrase\u00f1a cuando no se proporciona una, o que la contrase\u00f1a no funciona, o que la reuni\u00f3n simplemente no est\u00e1 all\u00ed. Incluso una ocurrencia de esto es demasiado.<\/p>\n\n<p>Esto es lo que puede hacer para ayudar:<\/p>\n\n<ul class=\"wp-block-list\">\n<li>Eche un vistazo a la descripci\u00f3n de su grupo o reuni\u00f3n en el directorio de OIAA. \u00bfEst\u00e1 actualizada? Si no es as\u00ed, por favor proporcione una <strong><a href=\"https:\/\/beta.aa-intergroup.org\/es\/actualizaciones-del-directorio-de-reuniones\/\">actualizaci\u00f3n del directorio de reuniones<\/a><\/strong>.<\/li>\n\n\n\n<li>\u00bfLa direcci\u00f3n de correo electr\u00f3nico que aparece en su reuni\u00f3n o grupo todav\u00eda se supervisa activamente? Aseg\u00farese de que las direcciones de correo electr\u00f3nico que aparecen sean v\u00e1lidas y se consulten con regularidad.<\/li>\n\n\n\n<li>Aplique el concepto de Atracci\u00f3n en lugar de Promoci\u00f3n al escribir y actualizar las descripciones de sus reuniones.<\/li>\n\n\n\n<li>Practique la Tradici\u00f3n 4 al enviar cambios al nombre de su grupo o reuni\u00f3n. Cada grupo es aut\u00f3nomo, &#8220;excepto en asuntos que afecten a otros grupos&#8221;. Las solicitudes para a\u00f1adir n\u00fameros (1-2-3) o caracteres especiales al principio del nombre de un grupo o reuni\u00f3n simplemente para afectar al orden de colocaci\u00f3n en el directorio ser\u00e1n desestimadas.<\/li>\n<\/ul>\n\n<p>&#8220;<strong>Enlaces directos<\/strong>&#8220;<strong> a sitios web<\/strong>.<\/p>\n\n<p>La Interagrupaci\u00f3n en L\u00ednea incluir\u00e1 &#8220;enlaces directos&#8221; (hiperv\u00ednculos) a sitios web junto con esta exenci\u00f3n de responsabilidad:<\/p>\n\n<p>&#8220;Los enlaces URL del grupo est\u00e1n ahora activos para facilitar la conexi\u00f3n con los grupos listados. Estos enlaces URL no constituyen ni indican revisi\u00f3n, respaldo o aprobaci\u00f3n de la Interagrupaci\u00f3n en L\u00ednea.&#8221;<\/p>\n\n<blockquote class=\"wp-block-quote is-layout-flow wp-block-quote-is-layout-flow\">\n<p>Gracias por su ayuda,<br\/>Comit\u00e9 de Tecnolog\u00eda de OIAA &amp; Comit\u00e9 de Pol\u00edticas y Admisiones de OIAA<\/p>\n<\/blockquote>\n","protected":false},"excerpt":{"rendered":"<p>Cualquier grupo o reuni\u00f3n de AA en l\u00ednea puede aparecer en el Directorio siempre que se suscriba a las Tradiciones de Alcoh\u00f3licos An\u00f3nimos, utilizando el Formulario de Env\u00edo de Nueva Reuni\u00f3n. Los env\u00edos de reuniones ser\u00e1n revisados y filtrados seg\u00fan las siguientes directrices por el Comit\u00e9 de Pol\u00edticas y Admisiones (PAC). La Interagrupaci\u00f3n en L\u00ednea<a class=\"excerpt-read-more\" href=\"https:\/\/beta.aa-intergroup.org\/es\/directrices-del-directorio-de-reuniones\/\" title=\"ReadDirectrices del directorio de reuniones\">&#8230; Read more &raquo;<\/a><\/p>\n","protected":false},"author":9,"featured_media":0,"parent":0,"menu_order":0,"comment_status":"closed","ping_status":"closed","template":"","meta":{"_acf_changed":false,"_eb_attr":"","footnotes":""},"class_list":["post-15926","page","type-page","status-publish","hentry"],"acf":[],"_links":{"self":[{"href":"https:\/\/beta.aa-intergroup.org\/es\/wp-json\/wp\/v2\/pages\/15926","targetHints":{"allow":["GET"]}}],"collection":[{"href":"https:\/\/beta.aa-intergroup.org\/es\/wp-json\/wp\/v2\/pages"}],"about":[{"href":"https:\/\/beta.aa-intergroup.org\/es\/wp-json\/wp\/v2\/types\/page"}],"author":[{"embeddable":true,"href":"https:\/\/beta.aa-intergroup.org\/es\/wp-json\/wp\/v2\/users\/9"}],"replies":[{"embeddable":true,"href":"https:\/\/beta.aa-intergroup.org\/es\/wp-json\/wp\/v2\/comments?post=15926"}],"version-history":[{"count":2,"href":"https:\/\/beta.aa-intergroup.org\/es\/wp-json\/wp\/v2\/pages\/15926\/revisions"}],"predecessor-version":[{"id":40692,"href":"https:\/\/beta.aa-intergroup.org\/es\/wp-json\/wp\/v2\/pages\/15926\/revisions\/40692"}],"wp:attachment":[{"href":"https:\/\/beta.aa-intergroup.org\/es\/wp-json\/wp\/v2\/media?parent=15926"}],"curies":[{"name":"wp","href":"https:\/\/api.w.org\/{rel}","templated":true}]}}