{"id":16213,"date":"2020-03-17T22:24:30","date_gmt":"2020-03-18T02:24:30","guid":{"rendered":"https:\/\/beta.aa-intergroup.org\/pongase-en-contacto-con-nosotros\/"},"modified":"2025-10-28T05:19:49","modified_gmt":"2025-10-28T09:19:49","slug":"pongase-en-contacto-con-nosotros","status":"publish","type":"page","link":"https:\/\/beta.aa-intergroup.org\/es\/pongase-en-contacto-con-nosotros\/","title":{"rendered":"P\u00f3ngase en contacto con nosotros"},"content":{"rendered":"\n<div class=\"wp-block-columns is-layout-flex wp-container-core-columns-is-layout-9d6595d7 wp-block-columns-is-layout-flex\">\n<div class=\"wp-block-column is-layout-flow wp-block-column-is-layout-flow\">\n<p>La Interagrupaci\u00f3n en L\u00ednea est\u00e1 aqu\u00ed para ayudarle y responder a cualquier pregunta que pueda tener. Por favor, seleccione la casilla correcta a continuaci\u00f3n para que podamos ponerle en contacto con el comit\u00e9 adecuado. Tenemos grupos e informaci\u00f3n espec\u00edficos disponibles para usted, dependiendo de sus necesidades. Puede ponerse en contacto con todos los comit\u00e9s a trav\u00e9s del formulario que se encuentra a su derecha.   <\/p>\n<\/div>\n\n\n\n<div class=\"wp-block-column is-layout-flow wp-block-column-is-layout-flow\"><div class=\"wpforms-container wpforms-container-full wpforms-block wpforms-block-dc301f38-aec5-43b0-b615-10a62c79c296\" id=\"wpforms-3985\"><form id=\"wpforms-form-3985\" class=\"wpforms-validate wpforms-form wpforms-ajax-form\" data-formid=\"3985\" method=\"post\" enctype=\"multipart\/form-data\" action=\"\/es\/wp-json\/wp\/v2\/pages\/16213\" data-token=\"5876467746cf4e152e1439a570ea59ff\" data-token-time=\"1776201513\"><noscript class=\"wpforms-error-noscript\">Por favor, activa JavaScript en tu navegador para completar este formulario.<\/noscript><div class=\"wpforms-field-container\"><div id=\"wpforms-3985-field_22-container\" class=\"wpforms-field wpforms-field-name wpforms-conditional-field wpforms-conditional-show\" data-field-id=\"22\" style=\"display:none;\"><label class=\"wpforms-field-label\" for=\"wpforms-3985-field_22\">Nombre <span class=\"wpforms-required-label\">*<\/span><\/label><input type=\"text\" id=\"wpforms-3985-field_22\" class=\"wpforms-field-medium wpforms-field-required\" name=\"wpforms[fields][22]\" required><div class=\"wpforms-field-description\">Iniciales del nombre y del apellido<\/div><\/div><div id=\"wpforms-3985-field_21-container\" class=\"wpforms-field wpforms-field-email wpforms-conditional-field wpforms-conditional-show wpforms-conditional-trigger\" data-field-id=\"21\" style=\"display:none;\"><label class=\"wpforms-field-label\" for=\"wpforms-3985-field_21\">Correo electr\u00f3nico <span class=\"wpforms-required-label\">*<\/span><\/label><input type=\"email\" id=\"wpforms-3985-field_21\" class=\"wpforms-field-medium wpforms-field-required\" name=\"wpforms[fields][21]\" spellcheck=\"false\" required><\/div><div id=\"wpforms-3985-field_29-container\" class=\"wpforms-field wpforms-field-captcha wpforms-conditional-field wpforms-conditional-show\" data-field-id=\"29\" style=\"display:none;\"><label class=\"wpforms-field-label\" for=\"wpforms-3985-field_29\">Captcha personalizado <span class=\"wpforms-required-label\">*<\/span><\/label>\t\t\t<div class=\"wpforms-captcha-math\">\n\t\t\t\t<span id=\"wpforms-3985-field_29-question\" class=\"wpforms-captcha-equation\">\n\t\t\t\t\t<span class=\"n1\">9<\/span>\n\t\t\t\t\t\t\t<span class=\"cal\">*<\/span>\n\t\t\t\t\t\t\t<span class=\"n2\">9<\/span>\t\t\t\t\t<span class=\"e\">=<\/span>\n\t\t\t\t<\/span>\n\t\t\t\t<input type=\"text\" id=\"wpforms-3985-field_29\" class=\"wpforms-field-medium wpforms-field-required a\" data-rule-wpf-captcha=\"math\" data-is-wrapped-field=\"1\" name=\"wpforms[fields][29][a]\" aria-describedby=\"wpforms-3985-field_29-question\" required>\t\t\t\t<input type=\"hidden\" name=\"wpforms[fields][29][cal]\" class=\"cal\">\n\t\t\t\t<input type=\"hidden\" name=\"wpforms[fields][29][n2]\" class=\"n2\">\n\t\t\t\t<input type=\"hidden\" name=\"wpforms[fields][29][n1]\" class=\"n1\">\n\t\t\t<\/div>\n\t\t\t<\/div><div id=\"wpforms-3985-field_1-container\" class=\"wpforms-field wpforms-field-select wpforms-conditional-field wpforms-conditional-show wpforms-field-select-style-classic\" data-field-id=\"1\" style=\"display:none;\"><label class=\"wpforms-field-label\" for=\"wpforms-3985-field_1\">\u00bfCon qui\u00e9n desea contactar? <span class=\"wpforms-required-label\">*<\/span><\/label><select id=\"wpforms-3985-field_1\" class=\"wpforms-field-medium wpforms-field-required\" name=\"wpforms[fields][1]\" required=\"required\"><option value=\"Por favor, elija...\"  selected='selected'>Por favor, elija&#8230;<\/option><option value=\"Consulta general\" >Consulta general<\/option><option value=\"Miembros de los 12 pasos\" >Miembros de los 12 pasos<\/option><option value=\"Junta\" >Junta<\/option><option value=\"Comunicaciones\" >Comunicaciones<\/option><option value=\"Convenciones\" >Convenciones<\/option><option value=\"CCP - cooperaci\u00f3n con profesionales\" >CCP &#8211; cooperaci\u00f3n con profesionales<\/option><option value=\"Finanzas\" >Finanzas<\/option><option value=\"PAC\" >PAC<\/option><option value=\"CIP - informaci\u00f3n p\u00fablica\" >CIP &#8211; informaci\u00f3n p\u00fablica<\/option><option value=\"Tecnolog\u00eda\" >Tecnolog\u00eda<\/option><option value=\"Unidad\" >Unidad<\/option><\/select><\/div><div id=\"wpforms-3985-field_31-container\" class=\"wpforms-field wpforms-field-select wpforms-conditional-field wpforms-conditional-show wpforms-conditional-trigger wpforms-field-select-style-classic\" data-field-id=\"31\" style=\"display:none;\"><label class=\"wpforms-field-label\" for=\"wpforms-3985-field_31\">\u00bfEn qu\u00e9 pa\u00eds se encuentra? <span class=\"wpforms-required-label\">*<\/span><\/label><select id=\"wpforms-3985-field_31\" class=\"wpforms-field-medium wpforms-field-required\" name=\"wpforms[fields][31]\" required=\"required\"><option value=\"Por favor, elija...\" >Por favor, elija&#8230;<\/option><option value=\"EE. UU.\" >EE. UU.<\/option><option value=\"Guadalupe\" >Guadalupe<\/option><option value=\"Canad\u00e1\" >Canad\u00e1<\/option><option value=\"M\u00e9xico\" >M\u00e9xico<\/option><option value=\"Francia\" >Francia<\/option><option value=\"India\" >India<\/option><option value=\"Irlanda\" >Irlanda<\/option><option value=\"L\u00edbano\" >L\u00edbano<\/option><option value=\"Otro\" >Otro<\/option><\/select><\/div><div id=\"wpforms-3985-field_32-container\" class=\"wpforms-field wpforms-field-text wpforms-conditional-field wpforms-conditional-show\" data-field-id=\"32\" style=\"display:none;\"><label class=\"wpforms-field-label\" for=\"wpforms-3985-field_32\">\u00bfQu\u00e9 pa\u00eds?<\/label><input type=\"text\" id=\"wpforms-3985-field_32\" class=\"wpforms-field-medium\" name=\"wpforms[fields][32]\" ><\/div><div id=\"wpforms-3985-field_11-container\" class=\"wpforms-field wpforms-field-textarea wpforms-conditional-field wpforms-conditional-show\" data-field-id=\"11\" style=\"display:none;\"><label class=\"wpforms-field-label\" for=\"wpforms-3985-field_11\">Mensaje <span class=\"wpforms-required-label\">*<\/span><\/label><textarea id=\"wpforms-3985-field_11\" class=\"wpforms-field-medium wpforms-field-required\" name=\"wpforms[fields][11]\" required><\/textarea><\/div><div id=\"wpforms-3985-field_23-container\" class=\"wpforms-field wpforms-field-select wpforms-conditional-trigger wpforms-field-select-style-classic\" data-field-id=\"23\"><label class=\"wpforms-field-label\" for=\"wpforms-3985-field_23\">\u00bfNecesita ayuda para dejar de beber? <span class=\"wpforms-required-label\">*<\/span><\/label><select id=\"wpforms-3985-field_23\" class=\"wpforms-field-medium wpforms-field-required\" name=\"wpforms[fields][23]\" required=\"required\"><option value=\"Por favor, elija\" >Por favor, elija<\/option><option value=\"S\u00ed\" >S\u00ed<\/option><option value=\"No\" >No<\/option><\/select><div class=\"wpforms-field-description\">Por favor, elija &#8220;No&#8221; si no busca una llamada de los 12 pasos<\/div><\/div><div id=\"wpforms-3985-field_24-container\" class=\"wpforms-field wpforms-field-text wpforms-conditional-field wpforms-conditional-show\" data-field-id=\"24\" style=\"display:none;\"><label class=\"wpforms-field-label\" for=\"wpforms-3985-field_24\">Nombre <span class=\"wpforms-required-label\">*<\/span><\/label><input type=\"text\" id=\"wpforms-3985-field_24\" class=\"wpforms-field-medium wpforms-field-required\" name=\"wpforms[fields][24]\" required><div class=\"wpforms-field-description\">El nombre es suficiente.<\/div><\/div><div id=\"wpforms-3985-field_25-container\" class=\"wpforms-field wpforms-field-email wpforms-conditional-field wpforms-conditional-show\" data-field-id=\"25\" style=\"display:none;\"><label class=\"wpforms-field-label\" for=\"wpforms-3985-field_25\">Correo electr\u00f3nico <span class=\"wpforms-required-label\">*<\/span><\/label><input type=\"email\" id=\"wpforms-3985-field_25\" class=\"wpforms-field-medium wpforms-field-required\" name=\"wpforms[fields][25]\" spellcheck=\"false\" required><\/div><div id=\"wpforms-3985-field_26-container\" class=\"wpforms-field wpforms-field-textarea wpforms-conditional-field wpforms-conditional-show\" data-field-id=\"26\" style=\"display:none;\"><label class=\"wpforms-field-label\" for=\"wpforms-3985-field_26\">Mensaje <span class=\"wpforms-required-label\">*<\/span><\/label><textarea id=\"wpforms-3985-field_26\" class=\"wpforms-field-medium wpforms-field-required\" name=\"wpforms[fields][26]\" required><\/textarea><\/div><div id=\"wpforms-3985-field_27-container\" class=\"wpforms-field wpforms-field-select wpforms-conditional-field wpforms-conditional-show wpforms-conditional-trigger wpforms-field-select-style-classic\" data-field-id=\"27\" style=\"display:none;\"><label class=\"wpforms-field-label\" for=\"wpforms-3985-field_27\">Su pa\u00eds <span class=\"wpforms-required-label\">*<\/span><\/label><select id=\"wpforms-3985-field_27\" class=\"wpforms-field-medium wpforms-field-required\" name=\"wpforms[fields][27]\" required=\"required\"><option value=\"Por favor, elija...\" >Por favor, elija&#8230;<\/option><option value=\"EE. UU.\" >EE. UU.<\/option><option value=\"Guadalupe\" >Guadalupe<\/option><option value=\"Canad\u00e1\" >Canad\u00e1<\/option><option value=\"M\u00e9xico\" >M\u00e9xico<\/option><option value=\"Francia\" >Francia<\/option><option value=\"India\" >India<\/option><option value=\"Irlanda\" >Irlanda<\/option><option value=\"L\u00edbano\" >L\u00edbano<\/option><option value=\"Otro\" >Otro<\/option><\/select><\/div><div id=\"wpforms-3985-field_28-container\" class=\"wpforms-field wpforms-field-text wpforms-conditional-field wpforms-conditional-show\" data-field-id=\"28\" style=\"display:none;\"><label class=\"wpforms-field-label\" for=\"wpforms-3985-field_28\">Otro pa\u00eds<\/label><input type=\"text\" id=\"wpforms-3985-field_28\" class=\"wpforms-field-medium\" name=\"wpforms[fields][28]\" ><\/div><div id=\"wpforms-3985-field_12-container\" class=\"wpforms-field wpforms-field-gdpr-checkbox wpforms-conditional-field wpforms-conditional-show\" data-field-id=\"12\" style=\"display:none;\"><label class=\"wpforms-field-label\">Acuerdo RGPD <span class=\"wpforms-required-label\">*<\/span><\/label><ul id=\"wpforms-3985-field_12\" class=\"wpforms-field-required\"><li class=\"choice-1\"><input type=\"checkbox\" id=\"wpforms-3985-field_12_1\" name=\"wpforms[fields][12][]\" value=\"Doy mi consentimiento para que este sitio web almacene la informaci\u00f3n que env\u00edo para que puedan responder a mi consulta.\" required ><label class=\"wpforms-field-label-inline\" for=\"wpforms-3985-field_12_1\">Doy mi consentimiento para que este sitio web almacene la informaci\u00f3n que env\u00edo para que puedan responder a mi consulta.<\/label><\/li><\/ul><\/div><div id=\"wpforms-3985-field_33-container\" class=\"wpforms-field wpforms-field-text request-id\" data-field-id=\"33\"><label class=\"wpforms-field-label wpforms-label-hide\" for=\"wpforms-3985-field_33\">Request ID<\/label><input type=\"text\" id=\"wpforms-3985-field_33\" class=\"wpforms-field-medium\" name=\"wpforms[fields][33]\" ><\/div><\/div><!-- .wpforms-field-container --><div class=\"wpforms-recaptcha-container wpforms-is-recaptcha wpforms-is-recaptcha-type-v2\" ><div class=\"g-recaptcha\" data-sitekey=\"6LfLO_EUAAAAAD2WTL408A9DfNNx6AhXu-npfay8\"><\/div><input type=\"text\" name=\"g-recaptcha-hidden\" class=\"wpforms-recaptcha-hidden\" style=\"position:absolute!important;clip:rect(0,0,0,0)!important;height:1px!important;width:1px!important;border:0!important;overflow:hidden!important;padding:0!important;margin:0!important;\" data-rule-recaptcha=\"1\"><\/div><div class=\"wpforms-submit-container\" ><input type=\"hidden\" name=\"wpforms[id]\" value=\"3985\"><input type=\"hidden\" name=\"page_title\" value=\"\"><input type=\"hidden\" name=\"page_url\" value=\"https:\/\/beta.aa-intergroup.org\/es\/wp-json\/wp\/v2\/pages\/16213\"><button type=\"submit\" name=\"wpforms[submit]\" id=\"wpforms-submit-3985\" class=\"wpforms-submit\" data-alt-text=\"Enviando...\" data-submit-text=\"Enviar\" aria-live=\"assertive\" value=\"wpforms-submit\">Enviar<\/button><img loading=\"lazy\" decoding=\"async\" src=\"https:\/\/beta.aa-intergroup.org\/wp-content\/plugins\/wpforms\/assets\/images\/submit-spin.svg\" class=\"wpforms-submit-spinner\" style=\"display: none;\" width=\"26\" height=\"26\" alt=\"Cargando\"><\/div><\/form><\/div>  <!-- .wpforms-container --><\/div>\n<\/div>\n\n<div class=\"wp-block-columns is-layout-flex wp-container-core-columns-is-layout-9d6595d7 wp-block-columns-is-layout-flex\">\n<div class=\"wp-block-column is-layout-flow wp-block-column-is-layout-flow\">\n<div class=\"wp-block-essential-blocks-infobox root-eb-infobox-3y9am\"><div class=\"eb-parent-wrapper eb-parent-eb-infobox-3y9am \"><div class=\"eb-infobox-3y9am eb-infobox-wrapper\"><div class=\"infobox-wrapper-inner\"><div class=\"contents-wrapper\"><h3 class=\"title\"><strong>Enviar una nueva reuni\u00f3n en l\u00ednea<\/strong><\/h3><p class=\"description\">Si tiene un grupo de AA que se re\u00fane digitalmente, podemos incluirlo en el directorio de AA en l\u00ednea. <\/p><div class=\"eb-button-inner-wrapper eb-infobox-btn-wrapper\"><a class=\"eb-button-anchor infobox-btn \" href=\"https:\/\/beta.aa-intergroup.org\/es\/enviar-una-nueva-reunion-en-linea\/\" rel=\"noopener\"><strong>Enviar reuni\u00f3n<\/strong><\/a><\/div><\/div><\/div><\/div><\/div><\/div>\n<\/div>\n\n\n\n<div class=\"wp-block-column is-layout-flow wp-block-column-is-layout-flow\">\n<div class=\"wp-block-essential-blocks-infobox root-eb-infobox-njvfg\"><div class=\"eb-parent-wrapper eb-parent-eb-infobox-njvfg \"><div class=\"eb-infobox-njvfg eb-infobox-wrapper\"><div class=\"infobox-wrapper-inner\"><div class=\"contents-wrapper\"><h3 class=\"title\"><strong>Actualizaciones del directorio de reuniones<\/strong><\/h3><p class=\"description\">Por favor, utilice el formulario para actualizar su listado de reuniones en el directorio de AA en l\u00ednea.<br><br><\/p><div class=\"eb-button-inner-wrapper eb-infobox-btn-wrapper\"><a class=\"eb-button-anchor infobox-btn \" href=\"https:\/\/beta.aa-intergroup.org\/es\/actualizaciones-del-directorio-de-reuniones\/\" rel=\"noopener\"><strong>Actualizar reuni\u00f3n<\/strong><\/a><\/div><\/div><\/div><\/div><\/div><\/div>\n<\/div>\n\n\n\n<div class=\"wp-block-column is-layout-flow wp-block-column-is-layout-flow\">\n<div class=\"wp-block-essential-blocks-infobox root-eb-infobox-mslx9\"><div class=\"eb-parent-wrapper eb-parent-eb-infobox-mslx9 \"><div class=\"eb-infobox-mslx9 eb-infobox-wrapper\"><div class=\"infobox-wrapper-inner\"><div class=\"contents-wrapper\"><h3 class=\"title\"><strong>H\u00e1gase miembro<\/strong><\/h3><p class=\"description\"><br>OIAA se centra en el servicio. Servicio al alcoh\u00f3lico que a\u00fan sufre.  <br><br><\/p><div class=\"eb-button-inner-wrapper eb-infobox-btn-wrapper\"><a class=\"eb-button-anchor infobox-btn \" href=\"https:\/\/beta.aa-intergroup.org\/es\/hagase-miembro\/\" rel=\"noopener\"><strong>Explorar la membres\u00eda<\/strong><\/a><\/div><\/div><\/div><\/div><\/div><\/div>\n<\/div>\n<\/div>\n\n<div style=\"height:100px\" aria-hidden=\"true\" class=\"wp-block-spacer\"><\/div>\n\n<div class=\"wp-block-columns is-layout-flex wp-container-core-columns-is-layout-9d6595d7 wp-block-columns-is-layout-flex\">\n<div class=\"wp-block-column is-layout-flow wp-block-column-is-layout-flow\">\n<div class=\"wp-block-essential-blocks-infobox root-eb-infobox-qh1kd\"><div class=\"eb-parent-wrapper eb-parent-eb-infobox-qh1kd \"><div class=\"eb-infobox-qh1kd eb-infobox-wrapper\"><div class=\"infobox-wrapper-inner\"><div class=\"contents-wrapper\"><h3 class=\"title\"><strong>Comparta su historia<\/strong><\/h3><p class=\"description\">Los miembros comparten su experiencia, fortaleza y esperanza. c\u00f3mo era, qu\u00e9 pas\u00f3 y c\u00f3mo es ahora. <\/p><div class=\"eb-button-inner-wrapper eb-infobox-btn-wrapper\"><a class=\"eb-button-anchor infobox-btn \" href=\"https:\/\/beta.aa-intergroup.org\/stories\/\" rel=\"noopener\"><strong>Historias de miembros<\/strong><\/a><\/div><\/div><\/div><\/div><\/div><\/div>\n<\/div>\n\n\n\n<div class=\"wp-block-column is-layout-flow wp-block-column-is-layout-flow\">\n<div class=\"wp-block-essential-blocks-infobox root-eb-infobox-r7ptn\"><div class=\"eb-parent-wrapper eb-parent-eb-infobox-r7ptn \"><div class=\"eb-infobox-r7ptn eb-infobox-wrapper\"><div class=\"infobox-wrapper-inner\"><div class=\"contents-wrapper\"><h3 class=\"title\"><strong>Contactar con el registrador<\/strong><\/h3><p class=\"description\">Si tiene preguntas sobre la membres\u00eda de grupo de OIAA o necesita cambiar la informaci\u00f3n de su RGI, p\u00f3ngase en contacto con el registrador.<\/p><div class=\"eb-button-inner-wrapper eb-infobox-btn-wrapper\"><a class=\"eb-button-anchor infobox-btn \" href=\"https:\/\/beta.aa-intergroup.org\/es\/registrador-de-oiaa\/\" rel=\"noopener\"><strong>Contactar con el registrador<\/strong><\/a><\/div><\/div><\/div><\/div><\/div><\/div>\n<\/div>\n\n\n\n<div class=\"wp-block-column is-layout-flow wp-block-column-is-layout-flow\">\n<div class=\"wp-block-essential-blocks-infobox root-eb-infobox-rzd2q\"><div class=\"eb-parent-wrapper eb-parent-eb-infobox-rzd2q \"><div class=\"eb-infobox-rzd2q eb-infobox-wrapper\"><div class=\"infobox-wrapper-inner\"><div class=\"contents-wrapper\"><h3 class=\"title\"><strong>Sugerencias para el sitio web<\/strong><\/h3><p class=\"description\">\u00bfC\u00f3mo puede ser de utilidad OIAA? \u00bfTiene alguna sugerencia para mejorar el sitio web? <br><br><\/p><div class=\"eb-button-inner-wrapper eb-infobox-btn-wrapper\"><a class=\"eb-button-anchor infobox-btn \" href=\"https:\/\/beta.aa-intergroup.org\/es\/sugerencias-para-el-sitio-web\/\" rel=\"noopener\"><strong>Hacer una sugerencia<\/strong><\/a><\/div><\/div><\/div><\/div><\/div><\/div>\n<\/div>\n<\/div>\n\n<div style=\"height:100px\" aria-hidden=\"true\" class=\"wp-block-spacer\"><\/div>\n\n<div style=\"height:23px\" aria-hidden=\"true\" class=\"wp-block-spacer\"><\/div>\n\n<div style=\"height:100px\" aria-hidden=\"true\" class=\"wp-block-spacer\"><\/div>\n","protected":false},"excerpt":{"rendered":"<p>La Interagrupaci\u00f3n en L\u00ednea est\u00e1 aqu\u00ed para ayudarle y responder a cualquier pregunta que pueda tener. Por favor, seleccione la casilla correcta a continuaci\u00f3n para que podamos ponerle en contacto con el comit\u00e9 adecuado. Tenemos grupos e informaci\u00f3n espec\u00edficos disponibles para usted, dependiendo de sus necesidades. Puede ponerse en contacto con todos los comit\u00e9s a<a class=\"excerpt-read-more\" href=\"https:\/\/beta.aa-intergroup.org\/es\/pongase-en-contacto-con-nosotros\/\" title=\"ReadP\u00f3ngase en contacto con nosotros\">&#8230; Read more &raquo;<\/a><\/p>\n","protected":false},"author":9,"featured_media":0,"parent":0,"menu_order":0,"comment_status":"closed","ping_status":"closed","template":"","meta":{"_acf_changed":false,"_eb_attr":"","footnotes":""},"class_list":["post-16213","page","type-page","status-publish","hentry"],"acf":[],"_links":{"self":[{"href":"https:\/\/beta.aa-intergroup.org\/es\/wp-json\/wp\/v2\/pages\/16213","targetHints":{"allow":["GET"]}}],"collection":[{"href":"https:\/\/beta.aa-intergroup.org\/es\/wp-json\/wp\/v2\/pages"}],"about":[{"href":"https:\/\/beta.aa-intergroup.org\/es\/wp-json\/wp\/v2\/types\/page"}],"author":[{"embeddable":true,"href":"https:\/\/beta.aa-intergroup.org\/es\/wp-json\/wp\/v2\/users\/9"}],"replies":[{"embeddable":true,"href":"https:\/\/beta.aa-intergroup.org\/es\/wp-json\/wp\/v2\/comments?post=16213"}],"version-history":[{"count":1,"href":"https:\/\/beta.aa-intergroup.org\/es\/wp-json\/wp\/v2\/pages\/16213\/revisions"}],"predecessor-version":[{"id":16214,"href":"https:\/\/beta.aa-intergroup.org\/es\/wp-json\/wp\/v2\/pages\/16213\/revisions\/16214"}],"wp:attachment":[{"href":"https:\/\/beta.aa-intergroup.org\/es\/wp-json\/wp\/v2\/media?parent=16213"}],"curies":[{"name":"wp","href":"https:\/\/api.w.org\/{rel}","templated":true}]}}