{"id":16419,"date":"2025-02-02T09:51:50","date_gmt":"2025-02-02T14:51:50","guid":{"rendered":"https:\/\/beta.aa-intergroup.org\/asamblea-de-oiaa-15-de-marzo-de-2025\/"},"modified":"2025-10-28T06:57:49","modified_gmt":"2025-10-28T10:57:49","slug":"asamblea-de-oiaa-15-de-marzo-de-2025","status":"publish","type":"page","link":"https:\/\/beta.aa-intergroup.org\/es\/asamblea-de-oiaa-15-de-marzo-de-2025\/","title":{"rendered":"Asamblea de OIAA, 15 de marzo de 2025"},"content":{"rendered":"\n<p><strong>S\u00e1bado, 15 de marzo de 2025<\/strong><br\/>8:00 am HST | 11:00 am PT | 1:00 pm CT | 2:00 pm ET<br\/>18:00 pm GMT | 19:00 pm CET<\/p>\n\n<p>ID: 839 1683 1125 <br\/>Contrase\u00f1a: OIAA<\/p>\n\n<p><a href=\"https:\/\/us06web.zoom.us\/j\/83916831125?pwd=cDQvSlcxUjZmWlo4aEoyR0tlUUQwdz09\">\u00danase ahora a la Asamblea de OIAA<\/a><\/p>\n\n<p><strong>Las solicitudes de interpretaci\u00f3n deben enviarse a International.Trustee@aa-intergroup.org y deben recibirse antes del 1 de marzo.<\/strong><\/p>\n\n<p>Nuestra asamblea est\u00e1 abierta a todos los que deseen unirse, pero solo los Representantes de Intergrupo (RIG),<br\/>los Presidentes de los Comit\u00e9s Permanentes de OIAA y los Oficiales de OIAA pueden votar sobre los asuntos de la empresa.<\/p>\n\n<h4 class=\"wp-block-heading\">Anuncio de la asamblea<\/h4>\n\n<ul class=\"wp-block-list\">\n<li>Anuncio de la asamblea\n<ul class=\"wp-block-list\">\n<li>Para traducir y\/o imprimir para sus grupos.<\/li>\n\n\n\n<li>Copie este mensaje y enlace en el chat de su reuni\u00f3n en l\u00ednea para anunciar la elecci\u00f3n.\n<ul class=\"wp-block-list\">\n<li><em>Reuni\u00f3n de la asamblea general: 15 de marzo de 2025.<br\/>14:00 ET <\/em><\/li>\n<\/ul>\n<\/li>\n<\/ul>\n<\/li>\n<\/ul>\n\n<h4 class=\"wp-block-heading\" id=\"assembly-agenda\">Orden del d\u00eda de la asamblea<\/h4>\n\n<ul class=\"wp-block-list\">\n<li><em><a href=\"https:\/\/beta.aa-intergroup.org\/documents\/oiaa-assembly-agenda-15-march-2025\/\">El orden del d\u00eda de la asamblea de OIAA de marzo de 2025<\/a><\/em><\/li>\n<\/ul>\n\n<h4 class=\"wp-block-heading\">Informes<\/h4>\n\n<ul class=\"wp-block-list\">\n<li>Assembly minutes will be voted on please share with your groups.&nbsp;\n<ul class=\"wp-block-list\">\n<li><a href=\"https:\/\/beta.aa-intergroup.org\/documents\/minutes-from-the-oiaa-21-december-2024-assembly\/\"><em>Actas de la asamblea de OIAA del 21 de diciembre de 2024<\/em>.<\/a><\/li>\n<\/ul>\n<\/li>\n\n\n\n<li>Informe del tesorero\n<ul class=\"wp-block-list\">\n<li><em><a href=\"https:\/\/beta.aa-intergroup.org\/committee-updates\/update-for-finance-feb-2025\/\">Variaci\u00f3n del presupuesto<\/a><\/em><\/li>\n\n\n\n<li><em><a href=\"https:\/\/beta.aa-intergroup.org\/committee-updates\/update-for-finance-feb-2025-3\/\">Contribuciones del grupo<\/a><\/em><\/li>\n\n\n\n<li><em><a href=\"https:\/\/beta.aa-intergroup.org\/committee-updates\/update-for-finance-feb-2025-2\/\">Balance general<\/a><\/em><\/li>\n<\/ul>\n<\/li>\n\n\n\n<li><a href=\"https:\/\/beta.aa-intergroup.org\/committee-updates\/update-for-technology-mar-2025\/\">Informe de tecnolog\u00eda<\/a><\/li>\n\n\n\n<li><strong><a href=\"https:\/\/beta.aa-intergroup.org\/documents\/2024-financial-review\/\">Informe de la revisi\u00f3n financiera de OIAA 2024<\/a><\/strong> presentaci\u00f3n &#8211; Kevin D.\n<ul class=\"wp-block-list\">\n<li>El informe sobre la revisi\u00f3n financiera anual de OIAA se present\u00f3 el 29 de enero de 2025 y fue aceptado por la Junta el 9 de febrero de 2025<\/li>\n<\/ul>\n<\/li>\n<\/ul>\n\n<h4 class=\"wp-block-heading\">Nuevos asuntos<\/h4>\n\n<ul class=\"wp-block-list\">\n<li><a href=\"https:\/\/beta.aa-intergroup.org\/documents\/unbudgeted-funds-requests-15-march-2025-assembly\/\" data-type=\"link\" data-id=\"https:\/\/beta.aa-intergroup.org\/documents\/unbudgeted-funds-requests-15-march-2025-assembly\/\">Solicitudes de fondos no presupuestados<\/a>\n<ul class=\"wp-block-list\">\n<li>Gastos legales<\/li>\n\n\n\n<li>Servicios de interpretaci\u00f3n<\/li>\n<\/ul>\n<\/li>\n\n\n\n<li><a href=\"https:\/\/beta.aa-intergroup.org\/documents\/motion-to-amend-bylaws-15-march-2025-assembly\/\" data-type=\"link\" data-id=\"https:\/\/beta.aa-intergroup.org\/documents\/motion-to-amend-bylaws-15-march-2025-assembly\/\">Moci\u00f3n para modificar los estatutos de OIAA<\/a><\/li>\n\n\n\n<li><strong>OIAA2025 &#8211; Selecci\u00f3n del tema de la convenci\u00f3n<\/strong>\n<ul class=\"wp-block-list\">\n<li>El Comit\u00e9 de Unidad pedir\u00e1 a la asamblea que seleccione el tema de nuestra 2\u00aa Convenci\u00f3n Internacional en L\u00ednea de OIAA &#8211;<strong><em> OIAA2025<\/em><\/strong>.  <\/li>\n<\/ul>\n<\/li>\n<\/ul>\n\n<p><strong>Notas de la asamblea: <\/strong><\/p>\n\n<p>Gwen M., la Presidenta de OIAA, dirigir\u00e1 la reuni\u00f3n de la Asamblea. Nuestra Fiduciaria en General, Madeline P., es nuestra Parlamentaria. Ella ser\u00e1 responsable de abordar cualquier pregunta o asunto que surja con respecto al orden de los asuntos durante la reuni\u00f3n. Por favor, sean respetuosos con todos los presentes y recuerden que nuestra 1\u00aa Tradici\u00f3n nos dice que la unidad es nuestra cualidad m\u00e1s preciosa. Necesitamos dejar de lado nuestros deseos y ambiciones personales siempre que estos puedan amenazar al grupo. El amor y la tolerancia hacia los dem\u00e1s es nuestro c\u00f3digo.     <\/p>\n\n<p><br\/><strong>OIAA <a href=\"https:\/\/beta.aa-intergroup.org\/documents\/assembly-procedures\/\">Los procedimientos de la asamblea<\/a><\/strong> explican m\u00e1s sobre c\u00f3mo funciona la Asamblea y los procedimientos que seguimos durante la reuni\u00f3n. Tambi\u00e9n hay un breve tutorial sobre los conceptos b\u00e1sicos de las Reglas de Orden de Robert para ayudar a todos a entender c\u00f3mo presentar mociones y trabajar a trav\u00e9s de los puntos del orden del d\u00eda durante la Asamblea:<br\/><br\/><strong>Qu\u00f3rum:<\/strong> De acuerdo con la secci\u00f3n 2.11 de los <a href=\"https:\/\/beta.aa-intergroup.org\/documents\/oiaa-bylaws\/\" data-type=\"link\" data-id=\"https:\/\/beta.aa-intergroup.org\/documents\/oiaa-bylaws\/\">Estatutos de OIAA<\/a>, se requiere un qu\u00f3rum del 25% de los miembros con derecho a voto para llevar a cabo los asuntos de OIAA en nuestras reuniones de negocios y asambleas.<\/p>\n\n<p><em><span style=\"text-decoration: underline;\">Secci\u00f3n 2.11. Qu\u00f3rum; Voto Requerido; Medidas de Participaci\u00f3n Remota.<\/span><br\/>\u201cEn cualquier asunto que requiera una votaci\u00f3n, existe qu\u00f3rum si el 25% del n\u00famero de Miembros con Derecho a Voto, determinado por la encuesta m\u00e1s reciente, est\u00e1 presente en la reuni\u00f3n para votar.\u201d<\/em><\/p>\n\n<p><br\/><strong>Votaci\u00f3n:<\/strong> La votaci\u00f3n est\u00e1 restringida a los Representantes de Intergrupo (RIG), los Presidentes de los Comit\u00e9s Permanentes de OIAA y los Oficiales de OIAA. Utilizamos formularios de Google para votar, capturar y almacenar los resultados. Los enlaces para votar en cada punto del orden del d\u00eda y las mociones se publicar\u00e1n en el chat.   <\/p>\n","protected":false},"excerpt":{"rendered":"<p>S\u00e1bado, 15 de marzo de 20258:00 am HST | 11:00 am PT | 1:00 pm CT | 2:00 pm ET18:00 pm GMT | 19:00 pm CET ID: 839 1683 1125 Contrase\u00f1a: OIAA \u00danase ahora a la Asamblea de OIAA Las solicitudes de interpretaci\u00f3n deben enviarse a International.Trustee@aa-intergroup.org y deben recibirse antes del 1 de marzo.<a class=\"excerpt-read-more\" href=\"https:\/\/beta.aa-intergroup.org\/es\/asamblea-de-oiaa-15-de-marzo-de-2025\/\" title=\"ReadAsamblea de OIAA, 15 de marzo de 2025\">&#8230; Read more &raquo;<\/a><\/p>\n","protected":false},"author":13,"featured_media":0,"parent":0,"menu_order":0,"comment_status":"closed","ping_status":"closed","template":"","meta":{"_acf_changed":false,"_eb_attr":"","footnotes":""},"class_list":["post-16419","page","type-page","status-publish","hentry"],"acf":[],"_links":{"self":[{"href":"https:\/\/beta.aa-intergroup.org\/es\/wp-json\/wp\/v2\/pages\/16419","targetHints":{"allow":["GET"]}}],"collection":[{"href":"https:\/\/beta.aa-intergroup.org\/es\/wp-json\/wp\/v2\/pages"}],"about":[{"href":"https:\/\/beta.aa-intergroup.org\/es\/wp-json\/wp\/v2\/types\/page"}],"author":[{"embeddable":true,"href":"https:\/\/beta.aa-intergroup.org\/es\/wp-json\/wp\/v2\/users\/13"}],"replies":[{"embeddable":true,"href":"https:\/\/beta.aa-intergroup.org\/es\/wp-json\/wp\/v2\/comments?post=16419"}],"version-history":[{"count":1,"href":"https:\/\/beta.aa-intergroup.org\/es\/wp-json\/wp\/v2\/pages\/16419\/revisions"}],"predecessor-version":[{"id":16420,"href":"https:\/\/beta.aa-intergroup.org\/es\/wp-json\/wp\/v2\/pages\/16419\/revisions\/16420"}],"wp:attachment":[{"href":"https:\/\/beta.aa-intergroup.org\/es\/wp-json\/wp\/v2\/media?parent=16419"}],"curies":[{"name":"wp","href":"https:\/\/api.w.org\/{rel}","templated":true}]}}