{"id":16517,"date":"2024-11-23T23:27:35","date_gmt":"2024-11-24T04:27:35","guid":{"rendered":"https:\/\/beta.aa-intergroup.org\/organo-de-gobierno-del-intergrupo-y-la-membresia-anos-2000\/"},"modified":"2025-10-28T07:01:31","modified_gmt":"2025-10-28T11:01:31","slug":"organo-de-gobierno-del-intergrupo-y-la-membresia-anos-2000","status":"publish","type":"page","link":"https:\/\/beta.aa-intergroup.org\/es\/organo-de-gobierno-del-intergrupo-y-la-membresia-anos-2000\/","title":{"rendered":"\u00d3rgano de gobierno del intergrupo y la membres\u00eda (a\u00f1os 2000)"},"content":{"rendered":"\n<p><strong>&#8212;- Escrito a principios de la d\u00e9cada de 2000 &#8212;-<\/strong><\/p>\n\n<p>El \u00f3rgano de gobierno de OIAA es el Comit\u00e9 del Intergrupo. El Comit\u00e9 del Intergrupo est\u00e1 formado por un Representante del Intergrupo o un Representante Suplente de cada grupo miembro; los funcionarios de OIAA; y los antiguos funcionarios de OIAA (durante un a\u00f1o despu\u00e9s de su mandato). Un grupo es un grupo miembro de OIAA al tener un representante o suplente en el Intergrupo que participa en las elecciones bianuales y en los asuntos del Intergrupo. Sin embargo, a ning\u00fan grupo de A.A. en l\u00ednea que elija no participar como grupo miembro se le pueden negar los servicios del Intergrupo (como la inclusi\u00f3n en los Directorios de Reuniones), siempre y cuando califiquen como un grupo de A.A. seg\u00fan las tradiciones de A.A. y las directrices del Intergrupo. El requisito principal para un grupo de A.A. es que, como grupo, no tengan ninguna otra afiliaci\u00f3n (Tradiciones 5, 6 y 10).    <\/p>\n\n<p>Cada grupo tiene un voto (a trav\u00e9s de su representante o su suplente) y ning\u00fan individuo puede tener m\u00e1s de un voto; por lo que se recomienda que cada representante solo sirva a un grupo miembro. Tras ser elegido para un cargo de OIAA, el funcionario electo renuncia a representar al grupo miembro que anteriormente lo eligi\u00f3. De esta manera, cada grupo tiene la seguridad de una representaci\u00f3n espec\u00edfica para sus preocupaciones y cada funcionario puede entonces abordar las preocupaciones de OIAA en su conjunto.  <\/p>\n\n<p><\/p>\n\n<div class=\"wp-block-essential-blocks-button root-eb-button-zva29\"><div class=\"eb-parent-wrapper eb-parent-eb-button-zva29 \"><div class=\"eb-button-wrapper eb-button-alignment eb-button-zva29\"><div class=\"eb-button\"><div class=\"eb-button-inner-wrapper \"><a class=\"eb-button-anchor \" href=\"https:\/\/beta.aa-intergroup.org\/es\/cronologia-de-la-historia-de-oiaa\/\" rel=\"noopener\"><i icon=\"fas fa-chevron-left\" class=\"fas fa-chevron-left eb-button-icon eb-button-icon-left hvr-icon\"><\/i>Volver a la cronolog\u00eda de la historia de OIAA<\/a><\/div><\/div><\/div><\/div><\/div>\n","protected":false},"excerpt":{"rendered":"<p>&#8212;- Escrito a principios de la d\u00e9cada de 2000 &#8212;- El \u00f3rgano de gobierno de OIAA es el Comit\u00e9 del Intergrupo. El Comit\u00e9 del Intergrupo est\u00e1 formado por un Representante del Intergrupo o un Representante Suplente de cada grupo miembro; los funcionarios de OIAA; y los antiguos funcionarios de OIAA (durante un a\u00f1o despu\u00e9s de<a class=\"excerpt-read-more\" href=\"https:\/\/beta.aa-intergroup.org\/es\/organo-de-gobierno-del-intergrupo-y-la-membresia-anos-2000\/\" title=\"Read\u00d3rgano de gobierno del intergrupo y la membres\u00eda (a\u00f1os 2000)\">&#8230; Read more &raquo;<\/a><\/p>\n","protected":false},"author":153,"featured_media":0,"parent":0,"menu_order":0,"comment_status":"closed","ping_status":"closed","template":"","meta":{"_acf_changed":false,"_eb_attr":"","footnotes":""},"class_list":["post-16517","page","type-page","status-publish","hentry"],"acf":[],"_links":{"self":[{"href":"https:\/\/beta.aa-intergroup.org\/es\/wp-json\/wp\/v2\/pages\/16517","targetHints":{"allow":["GET"]}}],"collection":[{"href":"https:\/\/beta.aa-intergroup.org\/es\/wp-json\/wp\/v2\/pages"}],"about":[{"href":"https:\/\/beta.aa-intergroup.org\/es\/wp-json\/wp\/v2\/types\/page"}],"author":[{"embeddable":true,"href":"https:\/\/beta.aa-intergroup.org\/es\/wp-json\/wp\/v2\/users\/153"}],"replies":[{"embeddable":true,"href":"https:\/\/beta.aa-intergroup.org\/es\/wp-json\/wp\/v2\/comments?post=16517"}],"version-history":[{"count":1,"href":"https:\/\/beta.aa-intergroup.org\/es\/wp-json\/wp\/v2\/pages\/16517\/revisions"}],"predecessor-version":[{"id":16518,"href":"https:\/\/beta.aa-intergroup.org\/es\/wp-json\/wp\/v2\/pages\/16517\/revisions\/16518"}],"wp:attachment":[{"href":"https:\/\/beta.aa-intergroup.org\/es\/wp-json\/wp\/v2\/media?parent=16517"}],"curies":[{"name":"wp","href":"https:\/\/api.w.org\/{rel}","templated":true}]}}