{"id":16541,"date":"2023-06-14T21:57:13","date_gmt":"2023-06-15T01:57:13","guid":{"rendered":"https:\/\/beta.aa-intergroup.org\/politica-de-privacidad\/"},"modified":"2025-10-28T07:04:04","modified_gmt":"2025-10-28T11:04:04","slug":"politica-de-privacidad","status":"publish","type":"page","link":"https:\/\/beta.aa-intergroup.org\/es\/politica-de-privacidad\/","title":{"rendered":"Pol\u00edtica de privacidad"},"content":{"rendered":"\n<p>Esta Pol\u00edtica de Privacidad se actualiz\u00f3 por \u00faltima vez el 14 de junio de 2023<\/p>\n\n<p>OIAA, Inc., tambi\u00e9n conocida como Intergrupo en L\u00ednea de Alcoh\u00f3licos An\u00f3nimos\u00a9, (\u00abOIAA\u00bb) respeta la privacidad de todas las personas que visitan este sitio. Esta declaraci\u00f3n de privacidad proporciona informaci\u00f3n sobre las normas y los t\u00e9rminos bajo los cuales OIAA protege la privacidad de la informaci\u00f3n proporcionada por los visitantes. Esta declaraci\u00f3n de privacidad proporciona informaci\u00f3n sobre nuestras pr\u00e1cticas de recopilaci\u00f3n de informaci\u00f3n y sobre las formas en que se puede utilizar su informaci\u00f3n. Esta pol\u00edtica puede cambiar de vez en cuando, por lo que le rogamos que la revise peri\u00f3dicamente para consultar esta informaci\u00f3n.<\/p>\n\n<h3 class=\"wp-block-heading\">La informaci\u00f3n que recopilamos<\/h3>\n\n<p>OIAA puede recopilar informaci\u00f3n de identificaci\u00f3n personal de diversas maneras, incluso a trav\u00e9s de formularios en l\u00ednea y otras instancias en las que se invita a los visitantes a proporcionar dicha informaci\u00f3n voluntariamente. OIAA tambi\u00e9n puede recopilar informaci\u00f3n sobre c\u00f3mo los visitantes utilizan nuestro sitio web, por ejemplo, mediante el seguimiento del n\u00famero de visitas \u00fanicas que reciben las p\u00e1ginas del sitio web o los dominios de los que proceden los visitantes. <\/p>\n\n<p>Podemos utilizar \u00abcookies\u00bb para rastrear c\u00f3mo los visitantes utilizan nuestro sitio web. Una cookie es un peque\u00f1o archivo que un servidor web puede almacenar en el ordenador del visitante y utilizar para identificar al visitante en caso de que vuelva a visitar el sitio web. <\/p>\n\n<p><strong>Uso de cookies<\/strong><\/p>\n\n<p>Al igual que muchos sitios web, OIAA puede utilizar cookies, que son archivos almacenados en su dispositivo que ayudan a OIAA a identificar a los usuarios y optimizar su experiencia en el sitio web. La mayor\u00eda de los navegadores aceptan las cookies autom\u00e1ticamente, pero le permiten desactivarlas. Le recomendamos que deje las cookies activadas para que podamos ofrecerle una mejor experiencia. OIAA no colocar\u00e1 cookies u otros m\u00e9todos de seguimiento que sean persistentes y no puedan borrarse de su dispositivo. Su direcci\u00f3n IP, b\u00fasquedas y otra informaci\u00f3n de uso pueden ser recopiladas por Google Analytics, pero solo para generar datos agregados que nos ayuden a mejorar nuestro sitio web. Puede desactivar el uso de cookies en su navegador. Si desactiva el uso de cookies en su navegador, es posible que no pueda acceder a ciertas funciones de nuestro sitio web. Para obtener m\u00e1s informaci\u00f3n sobre nuestro uso de cookies, consulte nuestra Pol\u00edtica de cookies.       <\/p>\n\n<p>C\u00f3mo utilizamos la informaci\u00f3n<\/p>\n\n<p>OIAA puede utilizar la informaci\u00f3n de identificaci\u00f3n personal recopilada a trav\u00e9s de nuestro sitio web para ponerse en contacto con los visitantes en relaci\u00f3n con nuevas actividades y servicios. OIAA tambi\u00e9n puede utilizar la informaci\u00f3n recopilada para mejorar la eficacia del sitio web. <\/p>\n\n<h3 class=\"wp-block-heading\">Conservaci\u00f3n de la informaci\u00f3n<\/h3>\n\n<p>Eliminamos su informaci\u00f3n personal tan pronto como ya no la necesitamos en relaci\u00f3n con el prop\u00f3sito para el que fue enviada o recopilada, a menos que la ley nos exija conservarla durante m\u00e1s tiempo y solo la conservamos de acuerdo con esta Pol\u00edtica de Privacidad.<\/p>\n\n<p>Divulgaci\u00f3n de informaci\u00f3n<\/p>\n\n<p>OIAA no presta, arrienda, vende ni transfiere intencionadamente de otro modo la informaci\u00f3n personal de los visitantes a terceros.<\/p>\n\n<h3 class=\"wp-block-heading\">Mantenimiento de la informaci\u00f3n<\/h3>\n\n<p>La informaci\u00f3n sobre los visitantes y miembros que se mantiene en nuestros sistemas est\u00e1 protegida mediante medidas de seguridad est\u00e1ndar del sector. Utilizamos medidas t\u00e9cnicas y organizativas apropiadas para mantener segura su informaci\u00f3n personal. Sin embargo, no podemos garantizar que la informaci\u00f3n enviada a nuestros sistemas, mantenida en ellos o transmitida desde ellos sea completamente segura.  <\/p>\n\n<h3 class=\"wp-block-heading\">Aviso a las personas que se encuentran fuera de los Estados Unidos<\/h3>\n\n<p>Tenga en cuenta que:<\/p>\n\n<p>\u2022 la informaci\u00f3n de identificaci\u00f3n personal que proporcione a OIAA se transferir\u00e1 a los Estados Unidos para su procesamiento de acuerdo con esta Pol\u00edtica de Privacidad, para lo cual obtendremos su consentimiento expreso, en la medida en que lo exija la ley;<\/p>\n\n<p>\u2022 tiene derecho a acceder a su informaci\u00f3n personal previa solicitud, a que se corrija seg\u00fan sea necesario, a que se elimine cuando ya no desee utilizar nuestro sitio web o comunicarse con nosotros, o a que se transmita a quien usted elija;<\/p>\n\n<p>\u2022 tambi\u00e9n tiene derecho a compartir sus preocupaciones si tiene alguna sobre c\u00f3mo utilizamos y protegemos su informaci\u00f3n.<\/p>\n\n<p>Para ejercer estos derechos, p\u00f3ngase en contacto con nosotros en <strong>privacy@aa-intergroup.org<\/strong><\/p>\n\n<p>Si no est\u00e1 satisfecho con nuestra respuesta, puede presentar una queja ante su autoridad nacional de protecci\u00f3n de datos.<\/p>\n","protected":false},"excerpt":{"rendered":"<p>Esta Pol\u00edtica de Privacidad se actualiz\u00f3 por \u00faltima vez el 14 de junio de 2023 OIAA, Inc., tambi\u00e9n conocida como Intergrupo en L\u00ednea de Alcoh\u00f3licos An\u00f3nimos\u00a9, (\u00abOIAA\u00bb) respeta la privacidad de todas las personas que visitan este sitio. Esta declaraci\u00f3n de privacidad proporciona informaci\u00f3n sobre las normas y los t\u00e9rminos bajo los cuales OIAA protege<a class=\"excerpt-read-more\" href=\"https:\/\/beta.aa-intergroup.org\/es\/politica-de-privacidad\/\" title=\"ReadPol\u00edtica de privacidad\">&#8230; Read more &raquo;<\/a><\/p>\n","protected":false},"author":12,"featured_media":0,"parent":0,"menu_order":0,"comment_status":"closed","ping_status":"closed","template":"","meta":{"_acf_changed":false,"_eb_attr":"","footnotes":""},"class_list":["post-16541","page","type-page","status-publish","hentry"],"acf":[],"_links":{"self":[{"href":"https:\/\/beta.aa-intergroup.org\/es\/wp-json\/wp\/v2\/pages\/16541","targetHints":{"allow":["GET"]}}],"collection":[{"href":"https:\/\/beta.aa-intergroup.org\/es\/wp-json\/wp\/v2\/pages"}],"about":[{"href":"https:\/\/beta.aa-intergroup.org\/es\/wp-json\/wp\/v2\/types\/page"}],"author":[{"embeddable":true,"href":"https:\/\/beta.aa-intergroup.org\/es\/wp-json\/wp\/v2\/users\/12"}],"replies":[{"embeddable":true,"href":"https:\/\/beta.aa-intergroup.org\/es\/wp-json\/wp\/v2\/comments?post=16541"}],"version-history":[{"count":1,"href":"https:\/\/beta.aa-intergroup.org\/es\/wp-json\/wp\/v2\/pages\/16541\/revisions"}],"predecessor-version":[{"id":16543,"href":"https:\/\/beta.aa-intergroup.org\/es\/wp-json\/wp\/v2\/pages\/16541\/revisions\/16543"}],"wp:attachment":[{"href":"https:\/\/beta.aa-intergroup.org\/es\/wp-json\/wp\/v2\/media?parent=16541"}],"curies":[{"name":"wp","href":"https:\/\/api.w.org\/{rel}","templated":true}]}}