{"id":16643,"date":"2024-03-18T22:14:49","date_gmt":"2024-03-19T02:14:49","guid":{"rendered":"https:\/\/beta.aa-intergroup.org\/nuestro-grupo-tiene-un-nuevo-representante\/"},"modified":"2025-10-28T07:06:33","modified_gmt":"2025-10-28T11:06:33","slug":"nuestro-grupo-tiene-un-nuevo-representante","status":"publish","type":"page","link":"https:\/\/beta.aa-intergroup.org\/es\/nuestro-grupo-tiene-un-nuevo-representante\/","title":{"rendered":"Nuestro grupo tiene un nuevo representante&#8230;"},"content":{"rendered":"\n<p>Utilice este formulario para informarnos sobre un nuevo RGI o RGI suplente para su grupo. <\/p>\n\n<p><strong><em>Tenga en cuenta <\/em><\/strong>: este formulario <strong><em>NO <\/em><\/strong> es para actualizaciones del directorio de reuniones. Utilice <a href=\"https:\/\/beta.aa-intergroup.org\/es\/actualizaciones-del-directorio-de-reuniones\/\">este formulario para actualizar los detalles de su reuni\u00f3n<\/a><\/p>\n\n<p>Si tiene alguna pregunta, env\u00ede un correo electr\u00f3nico a registrar@aa-intergroup.org<\/p>\n\n<h2 class=\"wp-block-heading\">Nuevo(s) representante(s) del grupo<\/h2>\n<div class=\"wpforms-container wpforms-container-full wpforms-block wpforms-block-34136b54-879a-4955-9a5e-198deb2dd152\" id=\"wpforms-9279\"><form id=\"wpforms-form-9279\" class=\"wpforms-validate wpforms-form wpforms-ajax-form\" data-formid=\"9279\" method=\"post\" enctype=\"multipart\/form-data\" action=\"\/es\/wp-json\/wp\/v2\/pages\/16643\" data-token=\"dc5f81f9aa3e2ca07ebf1950e7e4a3b7\" data-token-time=\"1776058885\"><noscript class=\"wpforms-error-noscript\">Por favor, activa JavaScript en tu navegador para completar este formulario.<\/noscript><div class=\"wpforms-field-container\"><div id=\"wpforms-9279-field_1-container\" class=\"wpforms-field wpforms-field-text\" data-field-id=\"1\"><label class=\"wpforms-field-label\" for=\"wpforms-9279-field_1\">Nombre del grupo <span class=\"wpforms-required-label\">*<\/span><\/label><input type=\"text\" id=\"wpforms-9279-field_1\" class=\"wpforms-field-medium wpforms-field-required\" name=\"wpforms[fields][1]\" required><\/div><div id=\"wpforms-9279-field_2-container\" class=\"wpforms-field wpforms-field-text\" data-field-id=\"2\"><label class=\"wpforms-field-label\" for=\"wpforms-9279-field_2\">Grupo OIMN<\/label><input type=\"text\" id=\"wpforms-9279-field_2\" class=\"wpforms-field-medium\" name=\"wpforms[fields][2]\" ><\/div><div id=\"wpforms-9279-field_7-container\" class=\"wpforms-field wpforms-field-select wpforms-conditional-trigger wpforms-field-select-style-classic\" data-field-id=\"7\"><label class=\"wpforms-field-label\" for=\"wpforms-9279-field_7\">Actualizaci\u00f3n de la posici\u00f3n <span class=\"wpforms-required-label\">*<\/span><\/label><select id=\"wpforms-9279-field_7\" class=\"wpforms-field-medium wpforms-field-required\" name=\"wpforms[fields][7]\" required=\"required\"><option value=\"Por favor, elija...\" >Por favor, elija&#8230;<\/option><option value=\"IGR\" >IGR<\/option><option value=\"IGR alternativo\" >IGR alternativo<\/option><\/select><\/div><div id=\"wpforms-9279-field_3-container\" class=\"wpforms-field wpforms-field-text wpforms-conditional-field wpforms-conditional-show\" data-field-id=\"3\" style=\"display:none;\"><label class=\"wpforms-field-label\" for=\"wpforms-9279-field_3\">Nombre del RGI saliente <span class=\"wpforms-required-label\">*<\/span><\/label><input type=\"text\" id=\"wpforms-9279-field_3\" class=\"wpforms-field-medium wpforms-field-required\" name=\"wpforms[fields][3]\" required><\/div><div id=\"wpforms-9279-field_4-container\" class=\"wpforms-field wpforms-field-email wpforms-conditional-field wpforms-conditional-show\" data-field-id=\"4\" style=\"display:none;\"><label class=\"wpforms-field-label\" for=\"wpforms-9279-field_4\">Correo electr\u00f3nico del RGI saliente<\/label><input type=\"email\" id=\"wpforms-9279-field_4\" class=\"wpforms-field-medium\" name=\"wpforms[fields][4]\" spellcheck=\"false\" ><\/div><div id=\"wpforms-9279-field_5-container\" class=\"wpforms-field wpforms-field-text wpforms-conditional-field wpforms-conditional-show\" data-field-id=\"5\" style=\"display:none;\"><label class=\"wpforms-field-label\" for=\"wpforms-9279-field_5\">Nombre del RGI entrante <span class=\"wpforms-required-label\">*<\/span><\/label><input type=\"text\" id=\"wpforms-9279-field_5\" class=\"wpforms-field-medium wpforms-field-required\" name=\"wpforms[fields][5]\" required><\/div><div id=\"wpforms-9279-field_6-container\" class=\"wpforms-field wpforms-field-email wpforms-conditional-field wpforms-conditional-show\" data-field-id=\"6\" style=\"display:none;\"><label class=\"wpforms-field-label\" for=\"wpforms-9279-field_6\">Correo electr\u00f3nico del RGI entrante <span class=\"wpforms-required-label\">*<\/span><\/label><input type=\"email\" id=\"wpforms-9279-field_6\" class=\"wpforms-field-medium wpforms-field-required\" name=\"wpforms[fields][6]\" spellcheck=\"false\" required><\/div><div id=\"wpforms-9279-field_9-container\" class=\"wpforms-field wpforms-field-text wpforms-conditional-field wpforms-conditional-show\" data-field-id=\"9\" style=\"display:none;\"><label class=\"wpforms-field-label\" for=\"wpforms-9279-field_9\">Nombre del RGI suplente saliente <span class=\"wpforms-required-label\">*<\/span><\/label><input type=\"text\" id=\"wpforms-9279-field_9\" class=\"wpforms-field-medium wpforms-field-required\" name=\"wpforms[fields][9]\" required><\/div><div id=\"wpforms-9279-field_10-container\" class=\"wpforms-field wpforms-field-email wpforms-conditional-field wpforms-conditional-show\" data-field-id=\"10\" style=\"display:none;\"><label class=\"wpforms-field-label\" for=\"wpforms-9279-field_10\">Correo electr\u00f3nico del RGI suplente saliente<\/label><input type=\"email\" id=\"wpforms-9279-field_10\" class=\"wpforms-field-medium\" name=\"wpforms[fields][10]\" spellcheck=\"false\" ><\/div><div id=\"wpforms-9279-field_11-container\" class=\"wpforms-field wpforms-field-text wpforms-conditional-field wpforms-conditional-show\" data-field-id=\"11\" style=\"display:none;\"><label class=\"wpforms-field-label\" for=\"wpforms-9279-field_11\">Nombre del RGI suplente entrante <span class=\"wpforms-required-label\">*<\/span><\/label><input type=\"text\" id=\"wpforms-9279-field_11\" class=\"wpforms-field-medium wpforms-field-required\" name=\"wpforms[fields][11]\" required><\/div><div id=\"wpforms-9279-field_12-container\" class=\"wpforms-field wpforms-field-email wpforms-conditional-field wpforms-conditional-show\" data-field-id=\"12\" style=\"display:none;\"><label class=\"wpforms-field-label\" for=\"wpforms-9279-field_12\">Correo electr\u00f3nico del RGI suplente entrante <span class=\"wpforms-required-label\">*<\/span><\/label><input type=\"email\" id=\"wpforms-9279-field_12\" class=\"wpforms-field-medium wpforms-field-required\" name=\"wpforms[fields][12]\" spellcheck=\"false\" required><\/div><div id=\"wpforms-9279-field_13-container\" class=\"wpforms-field wpforms-field-checkbox wpforms-conditional-trigger\" data-field-id=\"13\"><label class=\"wpforms-field-label\">A\u00f1adir otra posici\u00f3n<\/label><ul id=\"wpforms-9279-field_13\"><li class=\"choice-1 depth-1\"><input type=\"checkbox\" id=\"wpforms-9279-field_13_1\" name=\"wpforms[fields][13][]\" value=\"Siguiente persona\"  ><label class=\"wpforms-field-label-inline\" for=\"wpforms-9279-field_13_1\">Siguiente persona<\/label><\/li><\/ul><\/div><\/div><!-- .wpforms-field-container --><div class=\"wpforms-submit-container\" ><input type=\"hidden\" name=\"wpforms[id]\" value=\"9279\"><input type=\"hidden\" name=\"page_title\" value=\"\"><input type=\"hidden\" name=\"page_url\" value=\"https:\/\/beta.aa-intergroup.org\/es\/wp-json\/wp\/v2\/pages\/16643\"><button type=\"submit\" name=\"wpforms[submit]\" id=\"wpforms-submit-9279\" class=\"wpforms-submit\" data-alt-text=\"Enviando...\" data-submit-text=\"Enviar\" aria-live=\"assertive\" value=\"wpforms-submit\">Enviar<\/button><img loading=\"lazy\" decoding=\"async\" src=\"https:\/\/beta.aa-intergroup.org\/wp-content\/plugins\/wpforms\/assets\/images\/submit-spin.svg\" class=\"wpforms-submit-spinner\" style=\"display: none;\" width=\"26\" height=\"26\" alt=\"Cargando\"><\/div><\/form><\/div>  <!-- .wpforms-container -->","protected":false},"excerpt":{"rendered":"<p>Utilice este formulario para informarnos sobre un nuevo RGI o RGI suplente para su grupo. Tenga en cuenta : este formulario NO es para actualizaciones del directorio de reuniones. Utilice este formulario para actualizar los detalles de su reuni\u00f3n Si tiene alguna pregunta, env\u00ede un correo electr\u00f3nico a registrar@aa-intergroup.org Nuevo(s) representante(s) del grupo<\/p>\n","protected":false},"author":12,"featured_media":0,"parent":0,"menu_order":0,"comment_status":"closed","ping_status":"closed","template":"","meta":{"_acf_changed":false,"_eb_attr":"","footnotes":""},"class_list":["post-16643","page","type-page","status-publish","hentry"],"acf":[],"_links":{"self":[{"href":"https:\/\/beta.aa-intergroup.org\/es\/wp-json\/wp\/v2\/pages\/16643","targetHints":{"allow":["GET"]}}],"collection":[{"href":"https:\/\/beta.aa-intergroup.org\/es\/wp-json\/wp\/v2\/pages"}],"about":[{"href":"https:\/\/beta.aa-intergroup.org\/es\/wp-json\/wp\/v2\/types\/page"}],"author":[{"embeddable":true,"href":"https:\/\/beta.aa-intergroup.org\/es\/wp-json\/wp\/v2\/users\/12"}],"replies":[{"embeddable":true,"href":"https:\/\/beta.aa-intergroup.org\/es\/wp-json\/wp\/v2\/comments?post=16643"}],"version-history":[{"count":1,"href":"https:\/\/beta.aa-intergroup.org\/es\/wp-json\/wp\/v2\/pages\/16643\/revisions"}],"predecessor-version":[{"id":16644,"href":"https:\/\/beta.aa-intergroup.org\/es\/wp-json\/wp\/v2\/pages\/16643\/revisions\/16644"}],"wp:attachment":[{"href":"https:\/\/beta.aa-intergroup.org\/es\/wp-json\/wp\/v2\/media?parent=16643"}],"curies":[{"name":"wp","href":"https:\/\/api.w.org\/{rel}","templated":true}]}}