{"id":16677,"date":"2023-10-01T16:06:54","date_gmt":"2023-10-01T20:06:54","guid":{"rendered":"https:\/\/beta.aa-intergroup.org\/asamblea-de-oiaa-16-de-diciembre-de-2023\/"},"modified":"2025-10-28T07:07:48","modified_gmt":"2025-10-28T11:07:48","slug":"asamblea-de-oiaa-16-de-diciembre-de-2023","status":"publish","type":"page","link":"https:\/\/beta.aa-intergroup.org\/es\/asamblea-de-oiaa-16-de-diciembre-de-2023\/","title":{"rendered":"Asamblea de OIAA, 16 de diciembre de 2023"},"content":{"rendered":"\n<div style=\"height:20px\" aria-hidden=\"true\" class=\"wp-block-spacer\"><\/div>\n\n<p><strong>Esta es la p\u00e1gina de archivo de la Asamblea del 6 de diciembre.<\/strong><\/p>\n\n<div style=\"height:30px\" aria-hidden=\"true\" class=\"wp-block-spacer\"><\/div>\n\n<h4 class=\"wp-block-heading\">Anuncio de la asamblea<\/h4>\n\n<ul class=\"wp-block-list\">\n<li><a href=\"https:\/\/beta.aa-intergroup.org\/documents\/assembly-announcement-16-december-2023\/\">Anuncio de la asamblea<\/a> Para traducir y\/o imprimir para sus grupos.<\/li>\n\n\n\n<li>Copie este mensaje y enlace en el chat de su reuni\u00f3n en l\u00ednea para anunciar la elecci\u00f3n.\n<ul class=\"wp-block-list\">\n<li>Reuni\u00f3n de la asamblea general: 16 de diciembre de 2023.<br\/> <a href=\"https:\/\/beta.aa-intergroup.org\/oiaa-assembly-16-march-2024\/\">https:\/\/beta.aa-intergroup.org\/oiaa-assembly-16-march-2024\/<\/a><\/li>\n<\/ul>\n<\/li>\n<\/ul>\n\n<h4 class=\"wp-block-heading\" id=\"assembly-agenda\">Orden del d\u00eda de la asamblea<\/h4>\n\n<ul class=\"wp-block-list\">\n<li><a href=\"https:\/\/beta.aa-intergroup.org\/documents\/oiaa-assembly-16-december-2023-agenda\/\">El orden del d\u00eda de la asamblea de OIAA de 2023<\/a>.<\/li>\n\n\n\n<li><a href=\"https:\/\/beta.aa-intergroup.org\/board-updates\/chair-report-dec-2023\/\">Informe del presidente<\/a>.<\/li>\n\n\n\n<li>Minutes from the OIAA 16 September, 2023 Assembly&nbsp;were approved by the Assembly. \n<ul class=\"wp-block-list\">\n<li><a href=\"https:\/\/beta.aa-intergroup.org\/documents\/minutes-from-the-oiaa-16-september-2023-assembly\/\">Por favor, lea y revise antes de la asamblea.<\/a><\/li>\n<\/ul>\n<\/li>\n<\/ul>\n\n<h4 class=\"wp-block-heading\">Elecci\u00f3n de los funcionarios de OIAA<\/h4>\n\n<p>Animamos a todos los que est\u00e9n cualificados a presentarse a las elecciones. Los puestos de oficiales que se presentan a las elecciones son: <g id=\"gid_0\">Presidente, Vicepresidente y Tesorero<\/g>. Por favor, env\u00ede los curr\u00edculums para estos puestos a <strong><strong>OIAA.Board@aa-intergroup.org<\/strong><\/strong> antes del 1 de noviembre.   <\/p>\n\n<p>Cualquier persona que haya desempe\u00f1ado un puesto de servicio en OIAA es elegible para servir como Oficial de Intergrupo. Ninguna persona puede ocupar m\u00e1s de un cargo de Intergrupo a la vez, ni puede ning\u00fan Oficial servir simult\u00e1neamente como Suplente. Ning\u00fan oficial puede servir simult\u00e1neamente como IGR. Todos los oficiales deben tener al menos dieciocho (18) a\u00f1os de edad.   <\/p>\n\n<ul class=\"wp-block-list\">\n<li><a href=\"https:\/\/beta.aa-intergroup.org\/documents\/descriptions-qualifications-2023\/\">Descripciones, elegibilidad y cualificaciones<\/a>.<\/li>\n\n\n\n<li><a href=\"https:\/\/beta.aa-intergroup.org\/documents\/resume-presentation-page\/\">Esquema para la presentaci\u00f3n del curr\u00edculum<\/a>. <\/li>\n<\/ul>\n\n<h4 class=\"wp-block-heading\">Elecci\u00f3n del fideicomisario internacional y del fideicomisario general<\/h4>\n\n<p>La Junta ha creado dos nuevos puestos de fideicomisario sin cargo de oficial: Fideicomisario Internacional y Fideicomisario General. Por favor, env\u00ede los curr\u00edculums para estos puestos a <strong><strong>OIAA.Board@aa-intergroup.org<\/strong><\/strong> antes del 1 de noviembre.  <\/p>\n\n<ul class=\"wp-block-list\">\n<li><a href=\"https:\/\/beta.aa-intergroup.org\/documents\/descriptions-eligibility-qualifications-2023international-trustee-and-trustee-at-large\/\">Descripciones, elegibilidad y cualificaciones<\/a>.<\/li>\n\n\n\n<li><a href=\"https:\/\/beta.aa-intergroup.org\/documents\/resume-presentation-page\/\">Esquema para la presentaci\u00f3n del curr\u00edculum<\/a>.<\/li>\n<\/ul>\n\n<p><\/p>\n\n<h4 class=\"wp-block-heading\">Procedimiento de elecci\u00f3n<\/h4>\n\n<p>Los miembros con derecho a voto elegir\u00e1n a los funcionarios que se presenten a las elecciones.<\/p>\n\n<ul class=\"wp-block-list\">\n<li><a href=\"https:\/\/beta.aa-intergroup.org\/documents\/third-legacy-pdfs\/\">El tercer procedimiento heredado<\/a>.<\/li>\n\n\n\n<li><a href=\"https:\/\/beta.aa-intergroup.org\/documents\/assembly-procedures\/\">Procedimientos de la asamblea.<\/a><\/li>\n\n\n\n<li><a href=\"https:\/\/beta.aa-intergroup.org\/documents\/summary-of-motion-procedures-to-be-used-at-the-assembly\/\">Resumen de las mociones<\/a>.<\/li>\n\n\n\n<li><a href=\"https:\/\/beta.aa-intergroup.org\/documents\/oiaa-bylaws\/\">Estatutos<\/a>.<\/li>\n<\/ul>\n\n<h4 class=\"wp-block-heading\" id=\"budget\">Presupuesto de 2024 <\/h4>\n\n<ul class=\"wp-block-list\">\n<li>El presupuesto operativo de OIAA de 2024 fue aprobado por la Asamblea. \n<ul class=\"wp-block-list\">\n<li><a href=\"https:\/\/beta.aa-intergroup.org\/documents\/2024-budget-compared-with-2023-notes\/\">Presupuesto de 2024 comparado con el de 2023 con notas.<\/a><\/li>\n\n\n\n<li><a href=\"https:\/\/beta.aa-intergroup.org\/documents\/2024-oiaa-budget\/\">Presupuesto operativo de OIAA de 2024<\/a>.<\/li>\n<\/ul>\n<\/li>\n\n\n\n<li>No habr\u00e1 tiempo para presentar los estados financieros de noviembre en la Asamblea, pero est\u00e1n en la <a href=\"https:\/\/beta.aa-intergroup.org\/es\/committees\/finanzas\/\">p\u00e1gina del comit\u00e9 de finanzas<\/a> y enlazados a continuaci\u00f3n para que los lleven de vuelta a sus grupos.\n<ul class=\"wp-block-list\">\n<li><a href=\"https:\/\/beta.aa-intergroup.org\/committee-updates\/update-for-finance-nov-2023-4\/\">Variaci\u00f3n del presupuesto de noviembre de 2023<\/a>.<\/li>\n\n\n\n<li><a href=\"https:\/\/beta.aa-intergroup.org\/committee-updates\/update-for-finance-nov-2023-3\/\">Contribuciones de los grupos para noviembre de 2023<\/a>.<\/li>\n\n\n\n<li><a href=\"https:\/\/beta.aa-intergroup.org\/committee-updates\/update-for-finance-nov-2023-2\/\">Balance de situaci\u00f3n de noviembre de 2023<\/a>.<\/li>\n<\/ul>\n<\/li>\n<\/ul>\n\n<p><\/p>\n","protected":false},"excerpt":{"rendered":"<p>Esta es la p\u00e1gina de archivo de la Asamblea del 6 de diciembre. Anuncio de la asamblea Orden del d\u00eda de la asamblea Elecci\u00f3n de los funcionarios de OIAA Animamos a todos los que est\u00e9n cualificados a presentarse a las elecciones. Los puestos de oficiales que se presentan a las elecciones son: Presidente, Vicepresidente y<a class=\"excerpt-read-more\" href=\"https:\/\/beta.aa-intergroup.org\/es\/asamblea-de-oiaa-16-de-diciembre-de-2023\/\" title=\"ReadAsamblea de OIAA, 16 de diciembre de 2023\">&#8230; Read more &raquo;<\/a><\/p>\n","protected":false},"author":18,"featured_media":0,"parent":0,"menu_order":0,"comment_status":"closed","ping_status":"closed","template":"","meta":{"_acf_changed":false,"_eb_attr":"","footnotes":""},"class_list":["post-16677","page","type-page","status-publish","hentry"],"acf":[],"_links":{"self":[{"href":"https:\/\/beta.aa-intergroup.org\/es\/wp-json\/wp\/v2\/pages\/16677","targetHints":{"allow":["GET"]}}],"collection":[{"href":"https:\/\/beta.aa-intergroup.org\/es\/wp-json\/wp\/v2\/pages"}],"about":[{"href":"https:\/\/beta.aa-intergroup.org\/es\/wp-json\/wp\/v2\/types\/page"}],"author":[{"embeddable":true,"href":"https:\/\/beta.aa-intergroup.org\/es\/wp-json\/wp\/v2\/users\/18"}],"replies":[{"embeddable":true,"href":"https:\/\/beta.aa-intergroup.org\/es\/wp-json\/wp\/v2\/comments?post=16677"}],"version-history":[{"count":1,"href":"https:\/\/beta.aa-intergroup.org\/es\/wp-json\/wp\/v2\/pages\/16677\/revisions"}],"predecessor-version":[{"id":16678,"href":"https:\/\/beta.aa-intergroup.org\/es\/wp-json\/wp\/v2\/pages\/16677\/revisions\/16678"}],"wp:attachment":[{"href":"https:\/\/beta.aa-intergroup.org\/es\/wp-json\/wp\/v2\/media?parent=16677"}],"curies":[{"name":"wp","href":"https:\/\/api.w.org\/{rel}","templated":true}]}}