{"id":16739,"date":"2023-06-02T00:12:26","date_gmt":"2023-06-02T04:12:26","guid":{"rendered":"https:\/\/beta.aa-intergroup.org\/asamblea-de-oiaa-17-de-junio-de-2023\/"},"modified":"2025-10-28T07:09:53","modified_gmt":"2025-10-28T11:09:53","slug":"asamblea-de-oiaa-17-de-junio-de-2023","status":"publish","type":"page","link":"https:\/\/beta.aa-intergroup.org\/es\/asamblea-de-oiaa-17-de-junio-de-2023\/","title":{"rendered":"Asamblea de OIAA, 17 de junio de 2023"},"content":{"rendered":"\n<h5 class=\"wp-block-heading\"><strong>P\u00e1gina de archivo de la asamblea de OIAA del 17 de junio de 2023<\/strong><\/h5>\n\n<div style=\"height:40px\" aria-hidden=\"true\" class=\"wp-block-spacer\"><\/div>\n\n<p>Gracias por formar parte de la Asamblea de OIAA de junio de 2023 y por aportar su voz.<\/p>\n\n<p>Los apellidos, los n\u00fameros de tel\u00e9fono y los correos electr\u00f3nicos personales se han eliminado de la transcripci\u00f3n seg\u00fan la Tradici\u00f3n 11.<\/p>\n\n<ul class=\"wp-block-list\">\n<li>Aqu\u00ed est\u00e1 la <a href=\"https:\/\/beta.aa-intergroup.org\/documents\/oiaa-assembly-17-june-2023-transcript\/\">transcripci\u00f3n<\/a> del evento.<\/li>\n\n\n\n<li>El audio del evento se puede <a href=\"https:\/\/drive.google.com\/file\/d\/1QamiU7i8iRjInTr-Dy0bzwW7XqRgG9jO\/view?usp=sharing\" target=\"_blank\" rel=\"noreferrer noopener\">encontrar aqu\u00ed<\/a>.<\/li>\n<\/ul>\n\n<div style=\"height:30px\" aria-hidden=\"true\" class=\"wp-block-spacer\"><\/div>\n\n<h3 class=\"wp-block-heading\">Anuncio de la asamblea<\/h3>\n\n<ul class=\"wp-block-list\">\n<li>Anuncios de reuniones<\/li>\n\n\n\n<li>Copie este mensaje y enlace en el chat de su reuni\u00f3n\n<ul class=\"wp-block-list\">\n<li>Reuni\u00f3n de la Asamblea General &#8211; 17 de junio de 2023: https:\/\/beta.aa-intergroup.org\/oiaa-assembly-17-june-2023\/<\/li>\n<\/ul>\n<\/li>\n<\/ul>\n\n<h3 class=\"wp-block-heading\">Orden del d\u00eda de la asamblea<\/h3>\n\n<ul class=\"wp-block-list\" id=\"block-b1e3529a-4f8b-4ca9-b34a-99f8022da30b\">\n<li><a href=\"https:\/\/beta.aa-intergroup.org\/documents\/assembly-agenda-june-2023\/\">El orden del d\u00eda de la asamblea del 17 de junio de 2023<\/a><\/li>\n\n\n\n<li>Las <a href=\"https:\/\/beta.aa-intergroup.org\/documents\/minutes-from-the-oiaa-18-march-2023-assembly\/\">actas de la Asamblea de OIAA del 18 de marzo de 2023<\/a> se votar\u00e1n en la asamblea. Por favor, l\u00e9alas y rev\u00edselas antes de la asamblea. <\/li>\n<\/ul>\n\n<h3 class=\"wp-block-heading\">Procedimientos de la asamblea del comit\u00e9 de directrices<\/h3>\n\n<ul class=\"wp-block-list\">\n<li><a href=\"https:\/\/beta.aa-intergroup.org\/documents\/assembly-procedures\/\">Secci\u00f3n 3 procedimientos de la asamblea<\/a><\/li>\n<\/ul>\n\n<p><\/p>\n\n<h3 class=\"wp-block-heading\">Informes <\/h3>\n\n<ul class=\"wp-block-list\">\n<li><a href=\"https:\/\/beta.aa-intergroup.org\/documents\/acting-chairs-report-13-june-23\/\">Informe del presidente en funciones de OIAA, mayo de 2023<\/a><\/li>\n\n\n\n<li>Res\u00famenes financieros\n<ul class=\"wp-block-list\">\n<li><a href=\"https:\/\/beta.aa-intergroup.org\/documents\/treasurers-update-june-2023\/\">Informe de la 7\u00aa tradici\u00f3n, mayo de 2023<\/a><\/li>\n\n\n\n<li><a href=\"https:\/\/beta.aa-intergroup.org\/documents\/balance-sheet-may-2023\/\">Balance, mayo de 2023<\/a><\/li>\n\n\n\n<li><a href=\"https:\/\/beta.aa-intergroup.org\/documents\/budget-variance-may-2023\/\">Variaci\u00f3n del presupuesto, mayo de 2023<\/a><\/li>\n<\/ul>\n<\/li>\n\n\n\n<li><a href=\"https:\/\/beta.aa-intergroup.org\/wp-content\/uploads\/2023\/10\/TechSteppers-for-6.17.23-Assembly.pdf\" target=\"_blank\" rel=\"noreferrer noopener\">TechSteppers<\/a> &#8211; pdf<\/li>\n<\/ul>\n\n<p><\/p>\n\n<p><\/p>\n\n<p><\/p>\n","protected":false},"excerpt":{"rendered":"<p>P\u00e1gina de archivo de la asamblea de OIAA del 17 de junio de 2023 Gracias por formar parte de la Asamblea de OIAA de junio de 2023 y por aportar su voz. Los apellidos, los n\u00fameros de tel\u00e9fono y los correos electr\u00f3nicos personales se han eliminado de la transcripci\u00f3n seg\u00fan la Tradici\u00f3n 11. Anuncio de<a class=\"excerpt-read-more\" href=\"https:\/\/beta.aa-intergroup.org\/es\/asamblea-de-oiaa-17-de-junio-de-2023\/\" title=\"ReadAsamblea de OIAA, 17 de junio de 2023\">&#8230; Read more &raquo;<\/a><\/p>\n","protected":false},"author":18,"featured_media":0,"parent":0,"menu_order":0,"comment_status":"closed","ping_status":"closed","template":"","meta":{"_acf_changed":false,"_eb_attr":"","footnotes":""},"class_list":["post-16739","page","type-page","status-publish","hentry"],"acf":[],"_links":{"self":[{"href":"https:\/\/beta.aa-intergroup.org\/es\/wp-json\/wp\/v2\/pages\/16739","targetHints":{"allow":["GET"]}}],"collection":[{"href":"https:\/\/beta.aa-intergroup.org\/es\/wp-json\/wp\/v2\/pages"}],"about":[{"href":"https:\/\/beta.aa-intergroup.org\/es\/wp-json\/wp\/v2\/types\/page"}],"author":[{"embeddable":true,"href":"https:\/\/beta.aa-intergroup.org\/es\/wp-json\/wp\/v2\/users\/18"}],"replies":[{"embeddable":true,"href":"https:\/\/beta.aa-intergroup.org\/es\/wp-json\/wp\/v2\/comments?post=16739"}],"version-history":[{"count":1,"href":"https:\/\/beta.aa-intergroup.org\/es\/wp-json\/wp\/v2\/pages\/16739\/revisions"}],"predecessor-version":[{"id":16740,"href":"https:\/\/beta.aa-intergroup.org\/es\/wp-json\/wp\/v2\/pages\/16739\/revisions\/16740"}],"wp:attachment":[{"href":"https:\/\/beta.aa-intergroup.org\/es\/wp-json\/wp\/v2\/media?parent=16739"}],"curies":[{"name":"wp","href":"https:\/\/api.w.org\/{rel}","templated":true}]}}