{"id":16751,"date":"2024-01-27T13:02:59","date_gmt":"2024-01-27T18:02:59","guid":{"rendered":"https:\/\/beta.aa-intergroup.org\/asamblea-de-oiaa-16-de-marzo-de-2024\/"},"modified":"2025-10-28T07:10:04","modified_gmt":"2025-10-28T11:10:04","slug":"asamblea-de-oiaa-16-de-marzo-de-2024","status":"publish","type":"page","link":"https:\/\/beta.aa-intergroup.org\/es\/asamblea-de-oiaa-16-de-marzo-de-2024\/","title":{"rendered":"Asamblea de OIAA, 16 de marzo de 2024"},"content":{"rendered":"\n<div style=\"height:20px\" aria-hidden=\"true\" class=\"wp-block-spacer\"><\/div>\n\n<p><strong>S\u00e1bado, 16 de marzo de 2024<\/strong><br\/>8:00 am HST | 11:00 am PT | 1:00 pm CT | 2:00 pm ET<br\/>19:00 pm GMT | 20:00 pm CET<\/p>\n\n<p><strong>Domingo, 17 de marzo de 2024<br\/><\/strong>3:00 am AWST | 4:00 am JST<br\/>6:00 am AEDT | 8:00 am NZDT<\/p>\n\n<p>ID: 839 1683 1125 <br\/>Contrase\u00f1a: OIAA<\/p>\n\n<p><a href=\"https:\/\/us06web.zoom.us\/j\/83916831125?pwd=cDQvSlcxUjZmWlo4aEoyR0tlUUQwdz09\" target=\"_blank\" rel=\"noreferrer noopener\">Unirse a la asamblea de OIAA<\/a><\/p>\n\n<figure class=\"wp-block-image size-full is-resized\"><img loading=\"lazy\" decoding=\"async\" width=\"200\" height=\"173\" src=\"https:\/\/beta.aa-intergroup.org\/wp-content\/uploads\/2023\/01\/ASL-Logo.png\" alt=\"\" class=\"wp-image-2437\" style=\"width:124px;height:auto\"\/><\/figure>\n\n<p>En la Asamblea habr\u00e1 interpretaci\u00f3n en ASL, espa\u00f1ol y farsi.<\/p>\n\n<div style=\"height:30px\" aria-hidden=\"true\" class=\"wp-block-spacer\"><\/div>\n\n<p>Los enlaces se activar\u00e1n a medida que el contenido est\u00e9 disponible.<\/p>\n\n<h4 class=\"wp-block-heading\">Anuncio de la asamblea<\/h4>\n\n<ul class=\"wp-block-list\">\n<li><a href=\"https:\/\/beta.aa-intergroup.org\/documents\/assembly-announcement-16-march-2024\/\">Anuncio de la asamblea<\/a> \n<ul class=\"wp-block-list\">\n<li>Para traducir y\/o imprimir para sus grupos.<\/li>\n<\/ul>\n<\/li>\n\n\n\n<li>Copie este mensaje y enlace en el chat de su reuni\u00f3n en l\u00ednea para anunciar la elecci\u00f3n.\n<ul class=\"wp-block-list\">\n<li>Reuni\u00f3n de la Asamblea General: 16 de marzo de 2024.<br\/><a href=\"https:\/\/beta.aa-intergroup.org\/es\/asamblea-de-oiaa-16-de-marzo-de-2024\/\">https:\/\/beta.aa-intergroup.org\/oiaa-assembly-16-march-2024\/<\/a><\/li>\n<\/ul>\n<\/li>\n<\/ul>\n\n<h4 class=\"wp-block-heading\" id=\"assembly-agenda\">Orden del d\u00eda de la asamblea<\/h4>\n\n<ul class=\"wp-block-list\">\n<li><a href=\"https:\/\/beta.aa-intergroup.org\/documents\/oiaa-assembly-agenda-16-march-2024\/\">El orden del d\u00eda de la asamblea de OIAA de marzo de 2024<\/a>.<\/li>\n<\/ul>\n\n<h4 class=\"wp-block-heading\">Informes<\/h4>\n\n<ul class=\"wp-block-list\">\n<li>Assembly minutes will be voted on please share with your groups.&nbsp;\n<ul class=\"wp-block-list\">\n<li><a href=\"https:\/\/beta.aa-intergroup.org\/documents\/minutes-from-the-oiaa-16-december-2023-assembly\/\" data-type=\"link\" data-id=\"https:\/\/beta.aa-intergroup.org\/documents\/minutes-from-the-oiaa-16-december-2023-assembly\/\">Actas de la asamblea de OIAA del 16 de diciembre de 2023<\/a>.<\/li>\n<\/ul>\n<\/li>\n\n\n\n<li>Informe del tesorero.\n<ul class=\"wp-block-list\">\n<li><a href=\"https:\/\/beta.aa-intergroup.org\/committee-updates\/update-for-finance-feb-2024\/\" data-type=\"link\" data-id=\"https:\/\/beta.aa-intergroup.org\/committee-updates\/update-for-finance-dec-2023-2\/\">Variaci\u00f3n del presupuesto<\/a>.<\/li>\n\n\n\n<li><a href=\"https:\/\/beta.aa-intergroup.org\/committee-updates\/update-for-finance-dec-2023\/\" data-type=\"link\" data-id=\"https:\/\/beta.aa-intergroup.org\/committee-updates\/update-for-finance-dec-2023\/\">Contribuciones del grupo<\/a>.<\/li>\n\n\n\n<li><a href=\"https:\/\/beta.aa-intergroup.org\/committee-updates\/update-for-finance-feb-2024-2\/\" data-type=\"link\" data-id=\"https:\/\/beta.aa-intergroup.org\/committee-updates\/update-for-finance-dec-2023-3\/\">Balance<\/a>.<\/li>\n<\/ul>\n<\/li>\n\n\n\n<li><a href=\"https:\/\/beta.aa-intergroup.org\/committee-updates\/update-for-unity-feb-2024\/\">Anuncio del comit\u00e9 de la convenci\u00f3n de unidad.<\/a><\/li>\n<\/ul>\n\n<h4 class=\"wp-block-heading\">Nuevos asuntos<\/h4>\n\n<ul class=\"wp-block-list\">\n<li><strong>Moci\u00f3n para aprobar las directrices de OIAA.<\/strong>\n<ul class=\"wp-block-list\">\n<li><a href=\"https:\/\/beta.aa-intergroup.org\/documents\/oiaa-guidelines\/\">Directrices<\/a>.<\/li>\n\n\n\n<li><a href=\"https:\/\/beta.aa-intergroup.org\/wp-content\/uploads\/2024\/02\/GuidelineReviewPresentationFinal.pdf\" target=\"_blank\" rel=\"noreferrer noopener\">Presentaci\u00f3n de la revisi\u00f3n de las directrices<\/a>. (pdf) <\/li>\n<\/ul>\n<\/li>\n\n\n\n<li>M<strong>oci\u00f3n para ascender el comit\u00e9 de comunicaciones ad hoc a comit\u00e9 permanente.<\/strong>\n<ul class=\"wp-block-list\">\n<li><a href=\"https:\/\/beta.aa-intergroup.org\/es\/committees\/comunicaciones\/\">Comit\u00e9 de comunicaciones<\/a>.<\/li>\n\n\n\n<li><a href=\"https:\/\/beta.aa-intergroup.org\/documents\/communications-committee-charter\/\">Estatutos del comit\u00e9 de comunicaciones<\/a>.<\/li>\n<\/ul>\n<\/li>\n<\/ul>\n\n<h4 class=\"wp-block-heading\">Procedimiento de elecci\u00f3n<\/h4>\n\n<ul class=\"wp-block-list\">\n<li><a href=\"https:\/\/beta.aa-intergroup.org\/documents\/assembly-procedures\/\">Procedimientos de la asamblea.<\/a><\/li>\n\n\n\n<li><a href=\"https:\/\/beta.aa-intergroup.org\/documents\/summary-of-motion-procedures-to-be-used-at-the-assembly\/\">Resumen de las mociones<\/a>.<\/li>\n\n\n\n<li><a href=\"https:\/\/beta.aa-intergroup.org\/documents\/oiaa-bylaws\/\">Estatutos<\/a>.<\/li>\n<\/ul>\n\n<div style=\"height:100px\" aria-hidden=\"true\" class=\"wp-block-spacer\"><\/div>\n","protected":false},"excerpt":{"rendered":"<p>S\u00e1bado, 16 de marzo de 20248:00 am HST | 11:00 am PT | 1:00 pm CT | 2:00 pm ET19:00 pm GMT | 20:00 pm CET Domingo, 17 de marzo de 20243:00 am AWST | 4:00 am JST6:00 am AEDT | 8:00 am NZDT ID: 839 1683 1125 Contrase\u00f1a: OIAA Unirse a la asamblea de<a class=\"excerpt-read-more\" href=\"https:\/\/beta.aa-intergroup.org\/es\/asamblea-de-oiaa-16-de-marzo-de-2024\/\" title=\"ReadAsamblea de OIAA, 16 de marzo de 2024\">&#8230; Read more &raquo;<\/a><\/p>\n","protected":false},"author":18,"featured_media":0,"parent":0,"menu_order":0,"comment_status":"closed","ping_status":"closed","template":"","meta":{"_acf_changed":false,"_eb_attr":"","footnotes":""},"class_list":["post-16751","page","type-page","status-publish","hentry"],"acf":[],"_links":{"self":[{"href":"https:\/\/beta.aa-intergroup.org\/es\/wp-json\/wp\/v2\/pages\/16751","targetHints":{"allow":["GET"]}}],"collection":[{"href":"https:\/\/beta.aa-intergroup.org\/es\/wp-json\/wp\/v2\/pages"}],"about":[{"href":"https:\/\/beta.aa-intergroup.org\/es\/wp-json\/wp\/v2\/types\/page"}],"author":[{"embeddable":true,"href":"https:\/\/beta.aa-intergroup.org\/es\/wp-json\/wp\/v2\/users\/18"}],"replies":[{"embeddable":true,"href":"https:\/\/beta.aa-intergroup.org\/es\/wp-json\/wp\/v2\/comments?post=16751"}],"version-history":[{"count":1,"href":"https:\/\/beta.aa-intergroup.org\/es\/wp-json\/wp\/v2\/pages\/16751\/revisions"}],"predecessor-version":[{"id":16752,"href":"https:\/\/beta.aa-intergroup.org\/es\/wp-json\/wp\/v2\/pages\/16751\/revisions\/16752"}],"wp:attachment":[{"href":"https:\/\/beta.aa-intergroup.org\/es\/wp-json\/wp\/v2\/media?parent=16751"}],"curies":[{"name":"wp","href":"https:\/\/api.w.org\/{rel}","templated":true}]}}