{"id":16759,"date":"2023-03-01T05:58:24","date_gmt":"2023-03-01T10:58:24","guid":{"rendered":"https:\/\/beta.aa-intergroup.org\/asamblea-de-oiaa-del-10-de-septiembre-de-2022\/"},"modified":"2025-10-28T07:10:15","modified_gmt":"2025-10-28T11:10:15","slug":"asamblea-de-oiaa-del-10-de-septiembre-de-2022","status":"publish","type":"page","link":"https:\/\/beta.aa-intergroup.org\/es\/asamblea-de-oiaa-del-10-de-septiembre-de-2022\/","title":{"rendered":"Asamblea de OIAA del 10 de septiembre de 2022"},"content":{"rendered":"\n<h5 class=\"wp-block-heading\"><strong>P\u00e1gina de archivo de la asamblea de OIAA del 10 de septiembre de 2022<\/strong><\/h5>\n\n<div style=\"height:50px\" aria-hidden=\"true\" class=\"wp-block-spacer\"><\/div>\n\n<p class=\"has-text-align-left\">La intergrupal en l\u00ednea de alcoh\u00f3licos an\u00f3nimos <br\/>construyendo compa\u00f1erismo: en cualquier momento, en cualquier lugar \u2013 para todos<\/p>\n\n<p>En este momento hist\u00f3rico en la historia de OIAA con la adopci\u00f3n de los estatutos revisados, nos corresponde hacer una pausa y reconocer con gratitud a nuestros fundadores visionarios, a los grupos de miembros pioneros y a cada voluntario cuyo servicio nos ha tra\u00eddo a este momento. Desde mediados de los 90, cuando OIAA comenz\u00f3 a servir a los grupos de AA en l\u00ednea, mucho ha cambiado. Sin embargo, el hilo conductor que nos une a nuestro pasado y nos impulsa hacia el futuro no ha cambiado: OIAA ayuda a sus grupos miembros en su prop\u00f3sito com\u00fan de llevar el mensaje de AA al alcoh\u00f3lico que a\u00fan sufre. \u00a1Gracias por unirse a nosotros en este esfuerzo!   <br\/> <br\/>Como resultado de la adopci\u00f3n de los estatutos revisados por voto un\u00e1nime en nuestra asamblea de septiembre de 2022, OIAA ahora llevar\u00e1 a cabo sus asuntos en tiempo real. De esta manera, todos los participantes pueden ver, o\u00edr y participar en la discusi\u00f3n. Este ha sido un gran foco de nuestro compromiso de servicio durante los \u00faltimos cuatro a\u00f1os, y usted nos ayud\u00f3 a completar este importante trabajo. \u00a1Estamos agradecidos de haber contado con su participaci\u00f3n y entusiasta respaldo! \u00a1\u00a1GRACIAS!!    <\/p>\n\n<p>Pero el trabajo contin\u00faa para ayudar a nuestros grupos miembros en su prop\u00f3sito com\u00fan de llevar el mensaje al alcoh\u00f3lico que a\u00fan sufre. Tenemos un lugar para usted en el servicio. Por favor, \u00fanase a nosotros en nuestro viaje.<br\/> <br\/>Con amor y servicio,<br\/> <br\/>Gwen M<br\/>Presidenta de OIAA \u201921-\u201822  <\/p>\n\n<ul class=\"wp-block-list\">\n<li><a href=\"https:\/\/beta.aa-intergroup.org\/documents\/oiaa-bylaws\/\">Estatutos de OIAA <\/a><\/li>\n<\/ul>\n\n<ul class=\"wp-block-list\">\n<li><a href=\"https:\/\/beta.aa-intergroup.org\/documents\/minutes-from-the-oiaa-september-10-2022-assembly\/\">Actas de la asamblea de OIAA del 10 de septiembre de 2022.<\/a><\/li>\n<\/ul>\n","protected":false},"excerpt":{"rendered":"<p>P\u00e1gina de archivo de la asamblea de OIAA del 10 de septiembre de 2022 La intergrupal en l\u00ednea de alcoh\u00f3licos an\u00f3nimos construyendo compa\u00f1erismo: en cualquier momento, en cualquier lugar \u2013 para todos En este momento hist\u00f3rico en la historia de OIAA con la adopci\u00f3n de los estatutos revisados, nos corresponde hacer una pausa y reconocer<a class=\"excerpt-read-more\" href=\"https:\/\/beta.aa-intergroup.org\/es\/asamblea-de-oiaa-del-10-de-septiembre-de-2022\/\" title=\"ReadAsamblea de OIAA del 10 de septiembre de 2022\">&#8230; Read more &raquo;<\/a><\/p>\n","protected":false},"author":18,"featured_media":0,"parent":0,"menu_order":0,"comment_status":"closed","ping_status":"closed","template":"","meta":{"_acf_changed":false,"_eb_attr":"","footnotes":""},"class_list":["post-16759","page","type-page","status-publish","hentry"],"acf":[],"_links":{"self":[{"href":"https:\/\/beta.aa-intergroup.org\/es\/wp-json\/wp\/v2\/pages\/16759","targetHints":{"allow":["GET"]}}],"collection":[{"href":"https:\/\/beta.aa-intergroup.org\/es\/wp-json\/wp\/v2\/pages"}],"about":[{"href":"https:\/\/beta.aa-intergroup.org\/es\/wp-json\/wp\/v2\/types\/page"}],"author":[{"embeddable":true,"href":"https:\/\/beta.aa-intergroup.org\/es\/wp-json\/wp\/v2\/users\/18"}],"replies":[{"embeddable":true,"href":"https:\/\/beta.aa-intergroup.org\/es\/wp-json\/wp\/v2\/comments?post=16759"}],"version-history":[{"count":1,"href":"https:\/\/beta.aa-intergroup.org\/es\/wp-json\/wp\/v2\/pages\/16759\/revisions"}],"predecessor-version":[{"id":16760,"href":"https:\/\/beta.aa-intergroup.org\/es\/wp-json\/wp\/v2\/pages\/16759\/revisions\/16760"}],"wp:attachment":[{"href":"https:\/\/beta.aa-intergroup.org\/es\/wp-json\/wp\/v2\/media?parent=16759"}],"curies":[{"name":"wp","href":"https:\/\/api.w.org\/{rel}","templated":true}]}}