{"id":16764,"date":"2023-06-21T11:56:23","date_gmt":"2023-06-21T15:56:23","guid":{"rendered":"https:\/\/beta.aa-intergroup.org\/asamblea-de-oiaa-29-de-julio-de-2023\/"},"modified":"2025-10-28T07:10:28","modified_gmt":"2025-10-28T11:10:28","slug":"asamblea-de-oiaa-29-de-julio-de-2023","status":"publish","type":"page","link":"https:\/\/beta.aa-intergroup.org\/es\/asamblea-de-oiaa-29-de-julio-de-2023\/","title":{"rendered":"Asamblea de OIAA, 29 de julio de 2023"},"content":{"rendered":"\n<h5 class=\"wp-block-heading\"><strong>P\u00e1gina de archivo de la asamblea de OIAA del 29 de julio de 2023<\/strong><\/h5>\n\n<div style=\"height:41px\" aria-hidden=\"true\" class=\"wp-block-spacer\"><\/div>\n\n<p>Gracias por formar parte de la Asamblea de OIAA de julio de 2023 y por aportar su voz.<\/p>\n\n<h3 class=\"wp-block-heading\">Anuncio de la asamblea<\/h3>\n\n<ul class=\"wp-block-list\">\n<li>Anuncios de reuniones<\/li>\n\n\n\n<li>Copie este mensaje y enlace en el chat de su reuni\u00f3n\n<ul class=\"wp-block-list\">\n<li>Reuni\u00f3n de la Asamblea General &#8211; 29 de julio de 2023: <a href=\"https:\/\/beta.aa-intergroup.org\/es\/asamblea-de-oiaa-29-de-julio-de-2023\/\">https:\/\/beta.aa-intergroup.org\/oiaa-assembly-29-july-2023\/<\/a><\/li>\n<\/ul>\n<\/li>\n<\/ul>\n\n<h3 class=\"wp-block-heading\">Orden del d\u00eda de la asamblea<\/h3>\n\n<ul class=\"wp-block-list\" id=\"block-b1e3529a-4f8b-4ca9-b34a-99f8022da30b\">\n<li><a href=\"https:\/\/beta.aa-intergroup.org\/documents\/oiaa-assembly-29-july-2023-agenda\/\">El orden del d\u00eda de la asamblea del 29 de julio de 2023<\/a><\/li>\n\n\n\n<li>Las actas de la Asamblea de OIAA del 17 de junio de 2023 se votar\u00e1n en la asamblea del 16 de septiembre de 2023. Pedimos disculpas por la demora. <\/li>\n<\/ul>\n\n<h3 class=\"wp-block-heading\">Informes<\/h3>\n\n<ul class=\"wp-block-list\" id=\"block-b1e3529a-4f8b-4ca9-b34a-99f8022da30b\">\n<li><a href=\"https:\/\/beta.aa-intergroup.org\/documents\/acting-chairs-report-29-july-2023\/\">Informe del presidente en funciones de OIAA, julio de 2023<\/a><\/li>\n\n\n\n<li>Res\u00famenes financieros\n<ul class=\"wp-block-list\">\n<li><a href=\"https:\/\/beta.aa-intergroup.org\/documents\/7th-tradition-report-june-2023\/\">Informe de la 7\u00aa tradici\u00f3n, junio de 2023<\/a><\/li>\n\n\n\n<li><a href=\"https:\/\/beta.aa-intergroup.org\/documents\/balance-sheet-june-2023\/\">Balance general, junio de 2023<\/a><\/li>\n\n\n\n<li><a href=\"https:\/\/beta.aa-intergroup.org\/documents\/budget-variance-june-2023\/\">Variaci\u00f3n del presupuesto, junio de 2023<\/a><\/li>\n<\/ul>\n<\/li>\n<\/ul>\n\n<h3 class=\"wp-block-heading\">Procedimientos<\/h3>\n\n<ul class=\"wp-block-list\">\n<li><a href=\"https:\/\/beta.aa-intergroup.org\/documents\/3-13-summary-of-assembly-procedures\/\">3.13 Resumen de los procedimientos de la asamblea<\/a><\/li>\n<\/ul>\n\n<h3 class=\"wp-block-heading\">Formularios del orden del d\u00eda<\/h3>\n\n<ul class=\"wp-block-list\">\n<li>Estos se pueden encontrar en el orden del d\u00eda, pero tambi\u00e9n est\u00e1n enlazados aqu\u00ed para su comodidad.\n<ul class=\"wp-block-list\">\n<li><a href=\"https:\/\/docs.google.com\/document\/d\/1QDFWNtXEakFvEY0uzVFJ6AqHSuS2p8Wq\/edit?usp=sharing&amp;ouid=104469751085684218626&amp;rtpof=true&amp;sd=true\" target=\"_blank\" rel=\"noreferrer noopener\">Contrato de proveedor en blanco<\/a><\/li>\n\n\n\n<li><a href=\"https:\/\/docs.google.com\/spreadsheets\/d\/1KiPYSmzQvW97OjgUcGlWrWbtX1Duicc0\/edit?usp=drive_link&amp;ouid=104469751085684218626&amp;rtpof=true&amp;sd=true\" target=\"_blank\" rel=\"noreferrer noopener\">Formulario de solicitud no presupuestada en blanco<\/a><\/li>\n\n\n\n<li><a href=\"https:\/\/beta.aa-intergroup.org\/documents\/unbudgeted-expense-request-secretary\/\">Solicitud no presupuestada: Secretar\u00eda<\/a><\/li>\n\n\n\n<li><a href=\"https:\/\/beta.aa-intergroup.org\/documents\/unbudgeted-expense-request-technology\/\">Solicitud no presupuestada: tecnolog\u00eda<\/a><\/li>\n\n\n\n<li><a href=\"https:\/\/beta.aa-intergroup.org\/documents\/unbudgeted-expense-request-unity\/\">Solicitud no presupuestada: Unidad<\/a><\/li>\n<\/ul>\n<\/li>\n<\/ul>\n\n<h3 class=\"wp-block-heading\">Cambios propuestos en los estatutos<\/h3>\n\n<ul class=\"wp-block-list\">\n<li><a href=\"https:\/\/beta.aa-intergroup.org\/documents\/bylaws-changes-presented-by-oiaa-treasurer\/\">Cambio propuesto<\/a><\/li>\n\n\n\n<li><a href=\"https:\/\/beta.aa-intergroup.org\/documents\/oiaa-bylaws\/#officers\">Enlace directo al cambio propuesto en los estatutos<\/a><\/li>\n\n\n\n<li><a href=\"https:\/\/beta.aa-intergroup.org\/documents\/oiaa-bylaws\/\">Estatutos completos<\/a><\/li>\n<\/ul>\n\n<p><\/p>\n","protected":false},"excerpt":{"rendered":"<p>P\u00e1gina de archivo de la asamblea de OIAA del 29 de julio de 2023 Gracias por formar parte de la Asamblea de OIAA de julio de 2023 y por aportar su voz. Anuncio de la asamblea Orden del d\u00eda de la asamblea Informes Procedimientos Formularios del orden del d\u00eda Cambios propuestos en los estatutos<\/p>\n","protected":false},"author":18,"featured_media":0,"parent":0,"menu_order":0,"comment_status":"closed","ping_status":"closed","template":"","meta":{"_acf_changed":false,"_eb_attr":"","footnotes":""},"class_list":["post-16764","page","type-page","status-publish","hentry"],"acf":[],"_links":{"self":[{"href":"https:\/\/beta.aa-intergroup.org\/es\/wp-json\/wp\/v2\/pages\/16764","targetHints":{"allow":["GET"]}}],"collection":[{"href":"https:\/\/beta.aa-intergroup.org\/es\/wp-json\/wp\/v2\/pages"}],"about":[{"href":"https:\/\/beta.aa-intergroup.org\/es\/wp-json\/wp\/v2\/types\/page"}],"author":[{"embeddable":true,"href":"https:\/\/beta.aa-intergroup.org\/es\/wp-json\/wp\/v2\/users\/18"}],"replies":[{"embeddable":true,"href":"https:\/\/beta.aa-intergroup.org\/es\/wp-json\/wp\/v2\/comments?post=16764"}],"version-history":[{"count":1,"href":"https:\/\/beta.aa-intergroup.org\/es\/wp-json\/wp\/v2\/pages\/16764\/revisions"}],"predecessor-version":[{"id":16766,"href":"https:\/\/beta.aa-intergroup.org\/es\/wp-json\/wp\/v2\/pages\/16764\/revisions\/16766"}],"wp:attachment":[{"href":"https:\/\/beta.aa-intergroup.org\/es\/wp-json\/wp\/v2\/media?parent=16764"}],"curies":[{"name":"wp","href":"https:\/\/api.w.org\/{rel}","templated":true}]}}