{"id":16849,"date":"2020-03-16T18:32:33","date_gmt":"2020-03-16T22:32:33","guid":{"rendered":"https:\/\/beta.aa-intergroup.org\/historia-de-oiaa\/"},"modified":"2025-10-28T07:12:12","modified_gmt":"2025-10-28T11:12:12","slug":"historia-de-oiaa","status":"publish","type":"page","link":"https:\/\/beta.aa-intergroup.org\/es\/historia-de-oiaa\/","title":{"rendered":"Historia de OIAA"},"content":{"rendered":"\n<p>En 2023, OIAA tuvo la suerte de que se cubriera el puesto de archivero, que llevaba mucho tiempo vacante. Actualmente, se est\u00e1 formando un comit\u00e9 de archivos y se est\u00e1 recopilando documentaci\u00f3n hist\u00f3rica de eventos significativos para su inclusi\u00f3n en la Historia de OIAA en evoluci\u00f3n.  <\/p>\n\n<p>Las primeras reuniones de AA en l\u00ednea utilizaban tablones de anuncios y se remontan a 1986. Los grupos de correo electr\u00f3nico comenzaron a formarse a principios de los noventa y el desarrollo de Internet a nivel mundial impuls\u00f3 r\u00e1pidamente el crecimiento y la variedad de grupos. El primer grupo de AA en l\u00ednea, Lamp-lighters, se form\u00f3 en 1990 y se ha reunido por correo electr\u00f3nico de forma continua desde entonces. Ahora hay miles de grupos y miembros de AA, conectados a trav\u00e9s de este Intergrupo en L\u00ednea. Utilizando diversos mecanismos como videoconferencias, audioconferencias, foros de mensajes, listas de correo electr\u00f3nico y salas de chat, la comunidad de AA se conecta constantemente y encuentra nuevas y creativas formas de comunicar la experiencia, la fortaleza y la esperanza de la recuperaci\u00f3n en Alcoh\u00f3licos An\u00f3nimos.    <\/p>\n\n<div style=\"height:21px\" aria-hidden=\"true\" class=\"wp-block-spacer\"><\/div>\n\n<h4 class=\"wp-block-heading\">Breve historia de OIAA <\/h4>\n\n<p>En 1994, los miembros en l\u00ednea de la Comunidad de Alcoh\u00f3licos An\u00f3nimos comenzaron a prepararse para participar en la Convenci\u00f3n Internacional en San Diego, que se celebr\u00f3 en junio de 1995. Muchos miembros de nuestra comunidad sintieron que ser\u00eda una gran oportunidad para conocer en persona a algunos de nuestros compa\u00f1eros alcoh\u00f3licos, afianzando a\u00fan m\u00e1s las estrechas amistades que hab\u00edamos forjado en nuestros grupos en l\u00ednea.<\/p>\n\n<p>El Comit\u00e9 Cibern\u00e9tico Viviente se form\u00f3 en marzo de 1994 para coordinar la organizaci\u00f3n de una sala de hospitalidad en la convenci\u00f3n. La participaci\u00f3n \u2015o la membres\u00eda\u2015 en el LCC estaba abierta a todos los alcoh\u00f3licos en recuperaci\u00f3n que desearan unirse. Alcoh\u00f3licos de todos los rincones de la comunidad en l\u00ednea \u2015tablones de anuncios, servicios comerciales en l\u00ednea e Internet\u2015 se unieron al esfuerzo. Antes de la convenci\u00f3n, el LCC se esforz\u00f3 por comunicar su existencia, prop\u00f3sito y actividades a todos los grupos de AA en l\u00ednea conocidos. Se cre\u00f3 una p\u00e1gina web. Se recopilaron, imprimieron y distribuyeron en la convenci\u00f3n folletos con informaci\u00f3n sobre c\u00f3mo contactar con la Agrupaci\u00f3n en l\u00ednea y c\u00f3mo encontrar recursos de AA en l\u00ednea.    <\/p>\n\n<p>Nuestros planes evolucionaron para incluir un enlace a la agrupaci\u00f3n en l\u00ednea, para aquellos que no pudieron asistir a la convenci\u00f3n en persona. Se instalaron tres ordenadores en la sala y permanecieron en l\u00ednea continuamente con alcoh\u00f3licos de todo el mundo. <\/p>\n\n<p>La Sala Cibern\u00e9tica Viviente fue un \u00e9xito rotundo, proporcionando un lugar de reuni\u00f3n para que los miembros de los grupos en l\u00ednea se conocieran en persona, generalmente por primera vez. Los visitantes tuvieron la oportunidad de conectarse a la comunidad en l\u00ednea real. Aquellos que no pudieron viajar a San Diego pudieron asistir &#8220;virtualmente&#8221; a la convenci\u00f3n a trav\u00e9s de la sala.   Dos importantes grupos de correo electr\u00f3nico, varios grupos de los principales servicios en l\u00ednea y un canal de Internet Relay Chat participaron en la uni\u00f3n de alcoh\u00f3licos de todo el mundo con los miembros y visitantes en l\u00ednea en la sala.<\/p>\n\n<p>Despu\u00e9s de la convenci\u00f3n, se decidi\u00f3 disolver el comit\u00e9 existente y reformarlo. Se invit\u00f3 a todos los grupos de AA en l\u00ednea a enviar un representante al comit\u00e9. Decidimos que deb\u00edamos servir como un Intergrupo, sirviendo a los grupos de AA en l\u00ednea.  <\/p>\n\n<p>El Intergrupo en L\u00ednea de Alcoh\u00f3licos An\u00f3nimos representa ahora a decenas de grupos en l\u00ednea con una membres\u00eda combinada que asciende a muchos miles.<\/p>\n\n<div style=\"height:20px\" aria-hidden=\"true\" class=\"wp-block-spacer\"><\/div>\n\n<h4 class=\"wp-block-heading\">Declaraci\u00f3n original de prop\u00f3sito y objetivos (escrita a mediados de la d\u00e9cada de 1990)<\/h4>\n\n<p>El fen\u00f3meno de la nueva tecnolog\u00eda de los ordenadores, los m\u00f3dems, la World Wide Web y la comunicaci\u00f3n por Internet dio origen a un nuevo medio de intercambio a trav\u00e9s del cual los alcoh\u00f3licos pod\u00edan interactuar con otros alcoh\u00f3licos. En los \u00faltimos a\u00f1os, han surgido muchas reuniones nuevas en l\u00ednea que, al no tener l\u00edmites geogr\u00e1ficos, no pod\u00edan encajar en las estructuras de servicio de las reuniones presenciales (f2f) habituales de AA. De esto surgi\u00f3 el reconocimiento por parte de muchos grupos en l\u00ednea de que era necesario alg\u00fan tipo de grupo de servicio para ayudar y facilitar la comunicaci\u00f3n y la coordinaci\u00f3n del entorno de AA en el ciberespacio. Si bien la estructura de servicio oficial de AA est\u00e1 intentando desarrollar una estrategia para incluir las reuniones en l\u00ednea dentro de esa estructura, el Intergrupo en L\u00ednea de Alcoh\u00f3licos An\u00f3nimos (OIAA) se form\u00f3 para proporcionar servicios t\u00edpicos de los Intergrupos o las Oficinas Centrales de las reuniones presenciales. Si bien la mayor\u00eda de los Intergrupos sirven a regiones geogr\u00e1ficas espec\u00edficas, OIAA se estableci\u00f3 para servir al ciberespacio.    <\/p>\n\n<p>El prop\u00f3sito principal de todos los grupos de Alcoh\u00f3licos An\u00f3nimos es llevar su mensaje al alcoh\u00f3lico que a\u00fan sufre. A partir de ese prop\u00f3sito, OIAA se ha comprometido a ayudar a los grupos miembros de varias maneras, la mayor\u00eda de las cuales est\u00e1n relacionadas espec\u00edficamente con el medio del ciberespacio. Debido a que la recuperaci\u00f3n personal depende de la unidad de AA, en OIAA estamos dedicados a ayudar y facilitar la mejor unidad posible de servicio a y para AA en el ciberespacio. La comunicaci\u00f3n y la informaci\u00f3n son dos ingredientes esenciales para establecer y mantener la unidad; por lo tanto, OIAA est\u00e1 obligado a proporcionar un foro central para la difusi\u00f3n de informaci\u00f3n sobre y para la comunidad en l\u00ednea de AA y AA en su conjunto.   <\/p>\n\n<p>OIAA actualmente proporciona informaci\u00f3n de varias maneras, y esperamos desarrollar a\u00fan m\u00e1s formas en el futuro. Una forma en que OIAA difunde informaci\u00f3n es el desarrollo y mantenimiento de los Directorios de Reuniones de la World Wide Web que incluyen reuniones y grupos de correo electr\u00f3nico, as\u00ed como reuniones y grupos en tiempo real (chat). Otro veh\u00edculo de comunicaci\u00f3n es el Comit\u00e9 de Unidad de OIAA, que se encarga de la comunicaci\u00f3n con otros organismos de servicio de AA, como los distritos locales, los intergrupos, las \u00e1reas, las regiones, AAWS, GSO-NY y GSO-UK. Una tercera forma de comunicaci\u00f3n es el Comit\u00e9 de Informaci\u00f3n P\u00fablica de OIAA, que responde a las necesidades a nivel p\u00fablico y facilita la concienciaci\u00f3n y la comprensi\u00f3n p\u00fablicas de Alcoh\u00f3licos An\u00f3nimos por medio de Internet, los medios de comunicaci\u00f3n, el contacto personal o las funciones p\u00fablicas no pertenecientes a AA a trav\u00e9s de literatura aprobada en conferencias, oradores o correspondencia y de acuerdo con los 12 Pasos, las 12 Tradiciones y los 12 Conceptos de Alcoh\u00f3licos An\u00f3nimos.   <\/p>\n\n<p>OIAA tambi\u00e9n est\u00e1 en proceso de desarrollar directrices para ayudar a sus grupos miembros, grupos futuros, otros intergrupos, reuniones f2f, distritos, \u00e1reas y GSO, y AAWS con los entresijos de la experiencia en l\u00ednea. Esto puede traducirse en la publicaci\u00f3n en l\u00ednea de art\u00edculos de servicio sobre c\u00f3mo establecer grupos en l\u00ednea, o c\u00f3mo lidiar con las tradiciones en el ciberespacio, o una serie de otros temas pr\u00e1cticos (como la creaci\u00f3n de p\u00e1ginas de inicio, etc.). <\/p>\n\n<p>Otra prioridad para OIAA es el desarrollo de proyectos conjuntos para sus grupos miembros. Estos incluir\u00edan proporcionar una presencia en las Convenciones Internacionales, las convenciones locales y las reuniones, y demostraciones de c\u00f3mo funciona AA en l\u00ednea. OIAA naci\u00f3 de uno de estos proyectos en la Convenci\u00f3n Internacional de 1995 en San Diego. Esperamos proporcionar tal presencia en muchas convenciones en el futuro.   <\/p>\n\n<p>El fen\u00f3meno en l\u00ednea es relativamente nuevo, pero la membres\u00eda de los grupos en l\u00ednea ha aumentado enormemente recientemente a medida que las noticias de su existencia llegan a la membres\u00eda mundial de AA. Esperamos que esta tendencia contin\u00fae y esperamos que OIAA pueda proporcionar a la comunidad del ciberespacio el tipo de servicios que requerir\u00e1 dicha membres\u00eda. Es una experiencia emocionante y a la que todos nosotros en OIAA estamos dedicados a proporcionar bajo los principios de los pasos, las tradiciones y los conceptos de AA. <\/p>\n\n<div style=\"height:20px\" aria-hidden=\"true\" class=\"wp-block-spacer\"><\/div>\n\n<h4 class=\"wp-block-heading\">\u00d3rgano de gobierno del intergrupo y membres\u00eda (a\u00f1os 2000)<\/h4>\n\n<p>El \u00f3rgano de gobierno de OIAA es el Comit\u00e9 del Intergrupo. El Comit\u00e9 del Intergrupo est\u00e1 formado por un Representante del Intergrupo o un Representante Suplente de cada grupo miembro; los funcionarios de OIAA; y los antiguos funcionarios de OIAA (durante un a\u00f1o despu\u00e9s de su mandato). Un grupo es un grupo miembro de OIAA al tener un representante o suplente en el Intergrupo que participa en las elecciones bianuales y en los asuntos del Intergrupo. Sin embargo, a ning\u00fan grupo de A.A. en l\u00ednea que elija no participar como grupo miembro se le pueden negar los servicios del Intergrupo (como la inclusi\u00f3n en los Directorios de Reuniones), siempre y cuando califiquen como un grupo de A.A. seg\u00fan las tradiciones de A.A. y las directrices del Intergrupo. El requisito principal para un grupo de A.A. es que, como grupo, no tengan ninguna otra afiliaci\u00f3n (Tradiciones 5, 6 y 10).    <\/p>\n\n<p>Cada grupo tiene un voto (a trav\u00e9s de su representante o su suplente) y ning\u00fan individuo puede tener m\u00e1s de un voto; por lo que se recomienda que cada representante solo sirva a un grupo miembro. Tras ser elegido para un cargo de OIAA, el funcionario electo renuncia a representar al grupo miembro que anteriormente lo eligi\u00f3. De esta manera, cada grupo tiene la seguridad de una representaci\u00f3n espec\u00edfica para sus preocupaciones y cada funcionario puede entonces abordar las preocupaciones de OIAA en su conjunto.  <\/p>\n\n<p>Los funcionarios de OIAA actualmente consisten en un Presidente del Intergrupo, un Presidente Alterno, un Secretario, un Tesorero, un Historiador\/Archivero, un Listkeeper y los Presidentes de nuestros comit\u00e9s permanentes: el de Pol\u00edtica y Admisiones, el de la World Wide Web, el de Finanzas, el de Informaci\u00f3n P\u00fablica, el de Convenciones y el de Unidad.<\/p>\n","protected":false},"excerpt":{"rendered":"<p>En 2023, OIAA tuvo la suerte de que se cubriera el puesto de archivero, que llevaba mucho tiempo vacante. Actualmente, se est\u00e1 formando un comit\u00e9 de archivos y se est\u00e1 recopilando documentaci\u00f3n hist\u00f3rica de eventos significativos para su inclusi\u00f3n en la Historia de OIAA en evoluci\u00f3n. Las primeras reuniones de AA en l\u00ednea utilizaban tablones<a class=\"excerpt-read-more\" href=\"https:\/\/beta.aa-intergroup.org\/es\/historia-de-oiaa\/\" title=\"ReadHistoria de OIAA\">&#8230; Read more &raquo;<\/a><\/p>\n","protected":false},"author":9,"featured_media":0,"parent":0,"menu_order":0,"comment_status":"closed","ping_status":"closed","template":"","meta":{"_acf_changed":false,"_eb_attr":"","footnotes":""},"class_list":["post-16849","page","type-page","status-publish","hentry"],"acf":[],"_links":{"self":[{"href":"https:\/\/beta.aa-intergroup.org\/es\/wp-json\/wp\/v2\/pages\/16849","targetHints":{"allow":["GET"]}}],"collection":[{"href":"https:\/\/beta.aa-intergroup.org\/es\/wp-json\/wp\/v2\/pages"}],"about":[{"href":"https:\/\/beta.aa-intergroup.org\/es\/wp-json\/wp\/v2\/types\/page"}],"author":[{"embeddable":true,"href":"https:\/\/beta.aa-intergroup.org\/es\/wp-json\/wp\/v2\/users\/9"}],"replies":[{"embeddable":true,"href":"https:\/\/beta.aa-intergroup.org\/es\/wp-json\/wp\/v2\/comments?post=16849"}],"version-history":[{"count":1,"href":"https:\/\/beta.aa-intergroup.org\/es\/wp-json\/wp\/v2\/pages\/16849\/revisions"}],"predecessor-version":[{"id":16850,"href":"https:\/\/beta.aa-intergroup.org\/es\/wp-json\/wp\/v2\/pages\/16849\/revisions\/16850"}],"wp:attachment":[{"href":"https:\/\/beta.aa-intergroup.org\/es\/wp-json\/wp\/v2\/media?parent=16849"}],"curies":[{"name":"wp","href":"https:\/\/api.w.org\/{rel}","templated":true}]}}