{"id":16908,"date":"2020-03-16T16:05:25","date_gmt":"2020-03-16T20:05:25","guid":{"rendered":"https:\/\/beta.aa-intergroup.org\/acerca-de-aa\/"},"modified":"2025-10-28T07:13:53","modified_gmt":"2025-10-28T11:13:53","slug":"acerca-de-aa","status":"publish","type":"page","link":"https:\/\/beta.aa-intergroup.org\/es\/acerca-de-aa\/","title":{"rendered":"Acerca de AA"},"content":{"rendered":"\n<p>Alcoh\u00f3licos An\u00f3nimos es una agrupaci\u00f3n de personas que comparten su experiencia, fortaleza y esperanza para resolver su problema com\u00fan y ayudar a otros a recuperarse del alcoholismo.<br\/><br\/>El \u00fanico requisito para ser miembro de AA es el deseo de dejar de beber. No hay cuotas ni honorarios para ser miembro de AA; nos mantenemos a nosotros mismos a trav\u00e9s de nuestras propias contribuciones. <br\/><br\/>AA no est\u00e1 aliada con ninguna secta, denominaci\u00f3n, pol\u00edtica, organizaci\u00f3n o instituci\u00f3n; no desea participar en ninguna controversia; ni respalda ni se opone a ninguna causa.<br\/><br\/>Nuestro prop\u00f3sito primordial es mantenernos sobrios y ayudar a otros alcoh\u00f3licos a alcanzar la sobriedad.<br\/><br\/><em>Copyright \u00a9 The AA Grapevine, Inc. Reimpreso con permiso. <\/em><\/p>\n\n<h3 class=\"wp-block-heading\">Para cualquier persona que sea nueva en A.A.<br\/>Para cualquier persona que refiera a gente a A.A.<\/h3>\n\n<p>El prop\u00f3sito primordial de A.A. es llevar su mensaje de recuperaci\u00f3n al alcoh\u00f3lico que busca ayuda. Casi todos los tratamientos para el alcoholismo intentan ayudar al alcoh\u00f3lico a mantener la sobriedad. Independientemente del camino que sigamos, todos nos dirigimos al mismo destino: la recuperaci\u00f3n de la persona alcoh\u00f3lica. Juntos, podemos hacer lo que ninguno de nosotros podr\u00eda lograr solo. Podemos servir como fuente de experiencia personal y ser un sistema de apoyo continuo para los alcoh\u00f3licos en recuperaci\u00f3n.    <\/p>\n\n<h3 class=\"wp-block-heading\">Unicidad de prop\u00f3sito y problemas distintos al alcohol<\/h3>\n\n<p>Algunos profesionales se refieren al alcoholismo y la drogadicci\u00f3n como \u201cabuso de sustancias\u201d o \u201cdependencia qu\u00edmica\u201d. Por lo tanto, a veces se presenta a no alcoh\u00f3licos a AA y se les anima a asistir a las reuniones de AA. Cualquiera puede asistir a las reuniones abiertas de AA, pero solo aquellos con un problema con la bebida pueden asistir a las reuniones cerradas.  <\/p>\n\n<p>Un renombrado psiquiatra, que fue fideicomisario no alcoh\u00f3lico de la Junta de Servicios Generales de AA, hizo la siguiente declaraci\u00f3n: \u201cLa unicidad de prop\u00f3sito es esencial para el tratamiento eficaz del alcoholismo. La raz\u00f3n de un enfoque tan exagerado es superar la negaci\u00f3n. La negaci\u00f3n asociada con el alcoholismo es astuta, desconcertante y poderosa, y afecta al paciente, al ayudante y a la comunidad. A menos que el alcoholismo se mantenga implacablemente en primer plano, otros problemas usurpar\u00e1n la atenci\u00f3n de todos\u201d.<\/p>\n\n<h3 class=\"wp-block-heading\">\u00bfQu\u00e9 hace A.A.?<\/h3>\n\n<ol class=\"wp-block-list\">\n<li>Los miembros de AA comparten su experiencia con cualquier persona que busque ayuda con un problema con la bebida; brindan servicio de persona a persona o \u201capadrinamiento\u201d al alcoh\u00f3lico que llega a AA desde cualquier fuente.<\/li>\n\n\n\n<li>El programa de AA, establecido en nuestros Doce Pasos, ofrece al alcoh\u00f3lico una forma de desarrollar una vida satisfactoria sin alcohol.<\/li>\n\n\n\n<li>Este programa se discute en las reuniones de grupo de AA.\n<ul class=\"wp-block-list\">\n<li>Reuniones abiertas de oradores: abiertas a alcoh\u00f3licos y no alcoh\u00f3licos. (La asistencia a una reuni\u00f3n abierta de AA es la mejor manera de aprender qu\u00e9 es AA, qu\u00e9 hace y qu\u00e9 no hace). En las reuniones de oradores, los miembros de AA \u201ccuentan sus historias\u201d. Describen sus experiencias con el alcohol, c\u00f3mo llegaron a AA y c\u00f3mo sus vidas han cambiado como resultado de Alcoh\u00f3licos An\u00f3nimos.   <\/li>\n\n\n\n<li>Reuniones abiertas de discusi\u00f3n: un miembro habla brevemente sobre su experiencia con la bebida y luego dirige una discusi\u00f3n sobre la recuperaci\u00f3n en AA o cualquier problema relacionado con la bebida que alguien plantee. (Las reuniones cerradas son para miembros de AA o cualquier persona que pueda tener un problema con la bebida). <\/li>\n\n\n\n<li>Reuniones cerradas de discusi\u00f3n: se llevan a cabo de la misma manera que las discusiones abiertas, pero solo para alcoh\u00f3licos o posibles miembros de AA.<\/li>\n\n\n\n<li>Reuniones de pasos (generalmente cerradas): discusi\u00f3n de uno de los Doce Pasos.<\/li>\n\n\n\n<li>Los miembros de AA tambi\u00e9n llevan reuniones a centros penitenciarios y de tratamiento.<\/li>\n\n\n\n<li>Se les puede pedir a los miembros de AA que dirijan las reuniones informativas sobre AA como parte de los programas A.S.A.P. (Proyecto de Acci\u00f3n para la Seguridad del Alcohol) y D.W.I. (Conducir en estado de ebriedad). Estas reuniones sobre AA no son reuniones regulares de grupo de AA. <\/li>\n<\/ul>\n<\/li>\n<\/ol>\n\n<h3 class=\"wp-block-heading\">Lo que A.A. no hace<\/h3>\n\n<p>A.A. no:<\/p>\n\n<ol class=\"wp-block-list\">\n<li>Proporciona motivaci\u00f3n inicial para que los alcoh\u00f3licos se recuperen<\/li>\n\n\n\n<li>Solicita miembros<\/li>\n\n\n\n<li>Participa o patrocina investigaciones<\/li>\n\n\n\n<li>Mantiene registros de asistencia o historiales de casos<\/li>\n\n\n\n<li>Se une a \u201cconsejos\u201d de agencias sociales<\/li>\n\n\n\n<li>Hace un seguimiento o intenta controlar a sus miembros<\/li>\n\n\n\n<li>Realiza diagn\u00f3sticos o pron\u00f3sticos m\u00e9dicos o psicol\u00f3gicos<\/li>\n\n\n\n<li>Proporciona servicios de desintoxicaci\u00f3n o enfermer\u00eda, hospitalizaci\u00f3n, medicamentos o cualquier tratamiento m\u00e9dico o psiqui\u00e1trico<\/li>\n\n\n\n<li>Ofrece servicios religiosos ni organiza\/patrocina retiros.<\/li>\n\n\n\n<li>Participa en la educaci\u00f3n sobre el alcohol<\/li>\n\n\n\n<li>Proporciona vivienda, comida, ropa, empleos, dinero o cualquier otro servicio social o de asistencia social<\/li>\n\n\n\n<li>Proporciona asesoramiento dom\u00e9stico o vocacional<\/li>\n\n\n\n<li>Acepta dinero por sus servicios, ni contribuciones de fuentes no pertenecientes a AA<\/li>\n\n\n\n<li>Proporciona cartas de referencia a juntas de libertad condicional, abogados, funcionarios judiciales, agencias sociales, empleadores, etc.<\/li>\n<\/ol>\n","protected":false},"excerpt":{"rendered":"<p>Alcoh\u00f3licos An\u00f3nimos es una agrupaci\u00f3n de personas que comparten su experiencia, fortaleza y esperanza para resolver su problema com\u00fan y ayudar a otros a recuperarse del alcoholismo. El \u00fanico requisito para ser miembro de AA es el deseo de dejar de beber. No hay cuotas ni honorarios para ser miembro de AA; nos mantenemos a<a class=\"excerpt-read-more\" href=\"https:\/\/beta.aa-intergroup.org\/es\/acerca-de-aa\/\" title=\"ReadAcerca de AA\">&#8230; Read more &raquo;<\/a><\/p>\n","protected":false},"author":9,"featured_media":0,"parent":0,"menu_order":0,"comment_status":"closed","ping_status":"closed","template":"","meta":{"_acf_changed":false,"_eb_attr":"","footnotes":""},"class_list":["post-16908","page","type-page","status-publish","hentry"],"acf":[],"_links":{"self":[{"href":"https:\/\/beta.aa-intergroup.org\/es\/wp-json\/wp\/v2\/pages\/16908","targetHints":{"allow":["GET"]}}],"collection":[{"href":"https:\/\/beta.aa-intergroup.org\/es\/wp-json\/wp\/v2\/pages"}],"about":[{"href":"https:\/\/beta.aa-intergroup.org\/es\/wp-json\/wp\/v2\/types\/page"}],"author":[{"embeddable":true,"href":"https:\/\/beta.aa-intergroup.org\/es\/wp-json\/wp\/v2\/users\/9"}],"replies":[{"embeddable":true,"href":"https:\/\/beta.aa-intergroup.org\/es\/wp-json\/wp\/v2\/comments?post=16908"}],"version-history":[{"count":1,"href":"https:\/\/beta.aa-intergroup.org\/es\/wp-json\/wp\/v2\/pages\/16908\/revisions"}],"predecessor-version":[{"id":16909,"href":"https:\/\/beta.aa-intergroup.org\/es\/wp-json\/wp\/v2\/pages\/16908\/revisions\/16909"}],"wp:attachment":[{"href":"https:\/\/beta.aa-intergroup.org\/es\/wp-json\/wp\/v2\/media?parent=16908"}],"curies":[{"name":"wp","href":"https:\/\/api.w.org\/{rel}","templated":true}]}}