{"id":16986,"date":"2023-03-01T04:46:44","date_gmt":"2023-03-01T09:46:44","guid":{"rendered":"https:\/\/beta.aa-intergroup.org\/asamblea-de-oiaa-del-18-de-marzo-de-2023\/"},"modified":"2025-10-28T07:15:24","modified_gmt":"2025-10-28T11:15:24","slug":"asamblea-de-oiaa-del-18-de-marzo-de-2023","status":"publish","type":"page","link":"https:\/\/beta.aa-intergroup.org\/es\/asamblea-de-oiaa-del-18-de-marzo-de-2023\/","title":{"rendered":"Asamblea de OIAA del 18 de marzo de 2023"},"content":{"rendered":"\n<h5 class=\"wp-block-heading\"><strong>P\u00e1gina de archivo de la asamblea de OIAA del 18 de marzo de 2023<\/strong><\/h5>\n\n<div style=\"height:40px\" aria-hidden=\"true\" class=\"wp-block-spacer\"><\/div>\n\n<p>Gracias por formar parte de la Asamblea de OIAA de marzo de 2023 y por aportar su voz.<\/p>\n\n<h3 class=\"wp-block-heading\">Anuncio de la asamblea<\/h3>\n\n<ul class=\"wp-block-list\">\n<li>Anuncios de reuniones<\/li>\n\n\n\n<li><a href=\"https:\/\/beta.aa-intergroup.org\/documents\/oiaa-march-general-assembly-announcement\/\" data-type=\"URL\" data-id=\"https:\/\/beta.aa-intergroup.org\/documents\/oiaa-march-general-assembly-announcement\/\">Anuncio de la asamblea<\/a><\/li>\n\n\n\n<li>Copie este mensaje y enlace en el chat de su reuni\u00f3n\n<ul class=\"wp-block-list\">\n<li>Reuni\u00f3n de la Asamblea General &#8211; 18 de marzo de 2023: <a href=\"https:\/\/beta.aa-intergroup.org\/march-assembly-2023\/\" data-type=\"URL\" data-id=\"https:\/\/beta.aa-intergroup.org\/march-assembly-2023\/\"> https:\/\/beta.aa-intergroup.org\/march-assembly-2023\/<\/a><\/li>\n<\/ul>\n<\/li>\n<\/ul>\n\n<div style=\"height:20px\" aria-hidden=\"true\" class=\"wp-block-spacer\"><\/div>\n\n<h3 class=\"wp-block-heading\">Orden del d\u00eda de la asamblea<\/h3>\n\n<ul class=\"wp-block-list\">\n<li><a href=\"https:\/\/beta.aa-intergroup.org\/documents\/assembly-agenda-march-2023\/\" data-type=\"URL\" data-id=\"https:\/\/beta.aa-intergroup.org\/documents\/assembly-agenda-march-2023\/\">Orden del d\u00eda de la asamblea del 18 de marzo de 2023<\/a><\/li>\n\n\n\n<li><a href=\"https:\/\/beta.aa-intergroup.org\/documents\/oiaa-chair-report-february-2023\/\">Informe del presidente<\/a><\/li>\n\n\n\n<li><span style=\"font-family: -apple-system, system-ui, BlinkMacSystemFont, \" segoe=\"\" ui=\"\" helvetica=\"\" arial=\"\" sans-serif=\"\" color=\"\" emoji=\"\" symbol=\"\">Las <a href=\"https:\/\/beta.aa-intergroup.org\/documents\/minutes-from-the-oiaa-december-03-2022-assembly\/\">actas de la Asamblea de OIAA del 03 de diciembre de 2022<\/a> se votar\u00e1n en la asamblea. Por favor, l\u00e9alas y rev\u00edselas antes de la asamblea. <\/span><\/li>\n<\/ul>\n\n<div style=\"height:20px\" aria-hidden=\"true\" class=\"wp-block-spacer\"><\/div>\n\n<p><\/p>\n\n<h3 class=\"wp-block-heading\">Informe del tesorero<\/h3>\n\n<ul class=\"wp-block-list\">\n<li><a href=\"https:\/\/beta.aa-intergroup.org\/documents\/treasurers-update\/\">Res\u00famenes financieros<\/a><\/li>\n\n\n\n<li>Presentaci\u00f3n\n<ul class=\"wp-block-list\">\n<li><a href=\"https:\/\/beta.aa-intergroup.org\/wp-content\/uploads\/2023\/05\/OIAA-Assembly-Treasurers-Report-March-2023.pdf\" data-type=\"URL\" data-id=\"https:\/\/beta.aa-intergroup.org\/wp-content\/uploads\/2023\/05\/OIAA-Assembly-Treasurers-Report-March-2023.pdf\" target=\"_blank\" rel=\"noreferrer noopener\">Descargar PDF<\/a><\/li>\n<\/ul>\n<\/li>\n<\/ul>\n\n<div style=\"height:20px\" aria-hidden=\"true\" class=\"wp-block-spacer\"><\/div>\n\n<p><\/p>\n\n<h3 class=\"wp-block-heading\">Informe del comit\u00e9 de tecnolog\u00eda<\/h3>\n\n<ul class=\"wp-block-list\">\n<li>Presentaci\u00f3n\n<ul class=\"wp-block-list\">\n<li><a href=\"https:\/\/beta.aa-intergroup.org\/wp-content\/uploads\/2023\/05\/Tech-Committee-March-Assembly.pptx.pdf\" data-type=\"URL\" data-id=\"https:\/\/beta.aa-intergroup.org\/wp-content\/uploads\/2023\/05\/Tech-Committee-March-Assembly.pptx.pdf\" target=\"_blank\" rel=\"noreferrer noopener\">Descargar PDF<\/a><\/li>\n<\/ul>\n<\/li>\n<\/ul>\n\n<div style=\"height:20px\" aria-hidden=\"true\" class=\"wp-block-spacer\"><\/div>\n\n<p><\/p>\n\n<h3 class=\"wp-block-heading\">IGR<\/h3>\n\n<p>Informaci\u00f3n para llevar a su grupo.<\/p>\n\n<ul class=\"wp-block-list\">\n<li><a href=\"https:\/\/beta.aa-intergroup.org\/documents\/list-of-volunteers-needed-for-oiaa\/\">Convocatoria de voluntarios<\/a><\/li>\n\n\n\n<li><a href=\"https:\/\/beta.aa-intergroup.org\/documents\/3-13-summary-of-assembly-procedures\/\">Resumen de los procedimientos de la asamblea<\/a><\/li>\n\n\n\n<li><a href=\"https:\/\/beta.aa-intergroup.org\/documents\/the-third-legacy-procedure\/\">Tercer legado de A.A., procedimiento para las elecciones<\/a><\/li>\n\n\n\n<li><a href=\"https:\/\/beta.aa-intergroup.org\/documents\/oiaa-bylaws\/\">Estatutos<\/a><\/li>\n<\/ul>\n\n<div style=\"height:20px\" aria-hidden=\"true\" class=\"wp-block-spacer\"><\/div>\n","protected":false},"excerpt":{"rendered":"<p>P\u00e1gina de archivo de la asamblea de OIAA del 18 de marzo de 2023 Gracias por formar parte de la Asamblea de OIAA de marzo de 2023 y por aportar su voz. Anuncio de la asamblea Orden del d\u00eda de la asamblea Informe del tesorero Informe del comit\u00e9 de tecnolog\u00eda IGR Informaci\u00f3n para llevar a<a class=\"excerpt-read-more\" href=\"https:\/\/beta.aa-intergroup.org\/es\/asamblea-de-oiaa-del-18-de-marzo-de-2023\/\" title=\"ReadAsamblea de OIAA del 18 de marzo de 2023\">&#8230; Read more &raquo;<\/a><\/p>\n","protected":false},"author":18,"featured_media":0,"parent":0,"menu_order":0,"comment_status":"closed","ping_status":"closed","template":"","meta":{"_acf_changed":false,"_eb_attr":"","footnotes":""},"class_list":["post-16986","page","type-page","status-publish","hentry"],"acf":[],"_links":{"self":[{"href":"https:\/\/beta.aa-intergroup.org\/es\/wp-json\/wp\/v2\/pages\/16986","targetHints":{"allow":["GET"]}}],"collection":[{"href":"https:\/\/beta.aa-intergroup.org\/es\/wp-json\/wp\/v2\/pages"}],"about":[{"href":"https:\/\/beta.aa-intergroup.org\/es\/wp-json\/wp\/v2\/types\/page"}],"author":[{"embeddable":true,"href":"https:\/\/beta.aa-intergroup.org\/es\/wp-json\/wp\/v2\/users\/18"}],"replies":[{"embeddable":true,"href":"https:\/\/beta.aa-intergroup.org\/es\/wp-json\/wp\/v2\/comments?post=16986"}],"version-history":[{"count":1,"href":"https:\/\/beta.aa-intergroup.org\/es\/wp-json\/wp\/v2\/pages\/16986\/revisions"}],"predecessor-version":[{"id":16987,"href":"https:\/\/beta.aa-intergroup.org\/es\/wp-json\/wp\/v2\/pages\/16986\/revisions\/16987"}],"wp:attachment":[{"href":"https:\/\/beta.aa-intergroup.org\/es\/wp-json\/wp\/v2\/media?parent=16986"}],"curies":[{"name":"wp","href":"https:\/\/api.w.org\/{rel}","templated":true}]}}