{"id":16994,"date":"2024-08-15T17:10:39","date_gmt":"2024-08-15T21:10:39","guid":{"rendered":"https:\/\/beta.aa-intergroup.org\/asamblea-de-oiaa-21-de-septiembre-de-2024\/"},"modified":"2025-10-28T07:15:43","modified_gmt":"2025-10-28T11:15:43","slug":"asamblea-de-oiaa-21-de-septiembre-de-2024","status":"publish","type":"page","link":"https:\/\/beta.aa-intergroup.org\/es\/asamblea-de-oiaa-21-de-septiembre-de-2024\/","title":{"rendered":"Asamblea de OIAA, 21 de septiembre de 2024"},"content":{"rendered":"\n<p><strong>S\u00e1bado, 21 de septiembre de 2024<\/strong><br\/>8:00 am HST | 11:00 am PT | 1:00 pm CT | 2:00 pm ET<br\/>19:00 pm GMT | 20:00 pm CET<\/p>\n\n<p><strong>Domingo, 22 de septiembre<\/strong><strong>, 2024<br\/><\/strong>3:00 am AWST | 4:00 am JST<br\/>6:00 am AEDT | 8:00 am NZDT<\/p>\n\n<p><strong>ID de Zoom: 839 1683 1125<br\/>Contrase\u00f1a: OIAA<\/strong><\/p>\n\n<p class=\"has-large-font-size\"><em><a href=\"https:\/\/us06web.zoom.us\/j\/83916831125?pwd=cDQvSlcxUjZmWlo4aEoyR0tlUUQwdz09\"><strong>\u00daNASE AHORA<\/strong><\/a><\/em><mark style=\"background-color:rgba(0, 0, 0, 0)\" class=\"has-inline-color has-vivid-red-color\"><mark style=\"background-color:rgba(0, 0, 0, 0)\" class=\"has-inline-color has-vivid-red-color\"><\/mark><\/mark><\/p>\n\n<p>\u00a1Bienvenido a nuestra asamblea de negocios de OIAA de septiembre! Est\u00e1 abierta a todos los que deseen unirse, pero solo los representantes de los intergrupos, los presidentes de los comit\u00e9s permanentes de OIAA, los funcionarios de OIAA y los fideicomisarios no funcionarios son miembros con derecho a voto. Instamos a todos los miembros con derecho a voto a asistir, ya que necesitamos un qu\u00f3rum para llevar a cabo los asuntos. Se notificar\u00e1 a los miembros si la agenda cambia.<\/p>\n\n<p><strong><em>Para participar, su grupo debe registrarse en OIAA y tener un representante de intergrupo registrado.<\/em><\/strong> <strong>Para la asamblea de septiembre, la fecha l\u00edmite <\/strong><strong>para las adiciones o cambios a nuestra membres\u00eda es<\/strong> <strong>el viernes 13 de septiembre, a las 23:59<\/strong>.<\/p>\n\n<p><strong><em>\u00danase a OIAA aqu\u00ed:<\/em><\/strong> <a href=\"https:\/\/beta.aa-intergroup.org\/es\/unase-a-oiaa\/\" target=\"_blank\" rel=\"noreferrer noopener\"><strong><em>\u00danase a OIAA<\/em><\/strong><\/a><strong><em> &#8211; <\/em><\/strong><a href=\"https:\/\/beta.aa-intergroup.org\/es\/unase-a-oiaa\/\" target=\"_blank\" rel=\"noreferrer noopener\"><strong><em>https:\/\/beta.aa-intergroup.org\/join-oiaa\/<\/em><\/strong><\/a><strong><em><\/em><\/strong><\/p>\n\n<p><strong><em>Actualice la informaci\u00f3n aqu\u00ed Representaci\u00f3n del intergrupo aqu\u00ed:<\/em><\/strong><br\/><a href=\"https:\/\/beta.aa-intergroup.org\/es\/nuestro-grupo-tiene-un-nuevo-representante\/\">https:\/\/beta.aa-intergroup.org\/group-rep-update-request\/<\/a><\/p>\n\n<p><strong><em>Env\u00ede sus preguntas al registrador:<\/em><\/strong> <a href=\"mailto:registrar@aa-intergroup.org\"><strong><em>registrar@aa-intergroup.org<\/em><\/strong><\/a><\/p>\n\n<p><mark style=\"background-color:rgba(0, 0, 0, 0)\" class=\"has-inline-color has-vivid-red-color\">Interpretaci\u00f3n: espa\u00f1ol; franc\u00e9s; ASL<\/mark><\/p>\n\n<h4 class=\"wp-block-heading\">Anuncio de la asamblea<\/h4>\n\n<ul class=\"wp-block-list\">\n<li><a href=\"https:\/\/beta.aa-intergroup.org\/updates\/assembly-announcement-21-september-2024\/\">Anuncio de la asamblea<\/a>\n<ul class=\"wp-block-list\">\n<li>Para traducir y\/o imprimir para sus grupos.<\/li>\n<\/ul>\n<\/li>\n\n\n\n<li>Copie este mensaje y el enlace en el chat de su reuni\u00f3n en l\u00ednea para anunciar la asamblea.\n<ul class=\"wp-block-list\">\n<li>Reuni\u00f3n de la Asamblea de OIAA: 21 de septiembre de 2024.<br\/><a href=\"https:\/\/beta.aa-intergroup.org\/es\/asamblea-de-oiaa-21-de-septiembre-de-2024\/\">https:\/\/beta.aa-intergroup.org\/oiaa-assembly-21-september-2024\/<\/a><\/li>\n<\/ul>\n<\/li>\n<\/ul>\n\n<h4 class=\"wp-block-heading\" id=\"assembly-agenda\">Orden del d\u00eda de la asamblea<\/h4>\n\n<ul class=\"wp-block-list\">\n<li><a href=\"https:\/\/beta.aa-intergroup.org\/documents\/oiaa-assembly-agenda-21-september-2024\/\">El orden del d\u00eda de la asamblea de OIAA de septiembre de 2024<\/a>.<\/li>\n<\/ul>\n\n<h4 class=\"wp-block-heading\">Informes<\/h4>\n\n<ul class=\"wp-block-list\">\n<li>Las actas de la asamblea se votar\u00e1n, por favor, comp\u00e1rtalas con sus grupos.\n<ul class=\"wp-block-list\">\n<li><a href=\"https:\/\/beta.aa-intergroup.org\/board-updates\/minutes-sep-2024\/\">Actas de la asamblea de junio<\/a><\/li>\n<\/ul>\n<\/li>\n\n\n\n<li><a href=\"https:\/\/beta.aa-intergroup.org\/documents\/chair-annual-report-to-assembly-sep-2024\/\" data-type=\"link\" data-id=\"https:\/\/beta.aa-intergroup.org\/documents\/chair-annual-report-to-assembly-sep-2024\/\">Informe de la asamblea del presidente de la junta<\/a><\/li>\n\n\n\n<li>Informe del tesorero.\n<ul class=\"wp-block-list\">\n<li>Variaci\u00f3n del presupuesto.<\/li>\n\n\n\n<li>Contribuciones del grupo.<\/li>\n\n\n\n<li>Balance.<\/li>\n<\/ul>\n<\/li>\n\n\n\n<li><a href=\"https:\/\/beta.aa-intergroup.org\/documents\/oiaa-unbudgeted-expense-request-form\/\" data-type=\"link\" data-id=\"https:\/\/beta.aa-intergroup.org\/documents\/oiaa-unbudgeted-expense-request-form\/\">Comit\u00e9 de unidad &#8211; solicitud de fondos no presupuestados<\/a><\/li>\n<\/ul>\n\n<h4 class=\"wp-block-heading\">Documentos de las directrices de la asamblea<\/h4>\n\n<ul class=\"wp-block-list\">\n<li><a href=\"https:\/\/beta.aa-intergroup.org\/documents\/assembly-procedures\/\">Procedimientos de la asamblea.<\/a><\/li>\n\n\n\n<li><a href=\"https:\/\/beta.aa-intergroup.org\/documents\/summary-of-motion-procedures-to-be-used-at-the-assembly\/\">Resumen de las mociones<\/a>.<\/li>\n\n\n\n<li><a href=\"https:\/\/beta.aa-intergroup.org\/documents\/oiaa-bylaws\/\">Estatutos<\/a>.<\/li>\n<\/ul>\n","protected":false},"excerpt":{"rendered":"<p>S\u00e1bado, 21 de septiembre de 20248:00 am HST | 11:00 am PT | 1:00 pm CT | 2:00 pm ET19:00 pm GMT | 20:00 pm CET Domingo, 22 de septiembre, 20243:00 am AWST | 4:00 am JST6:00 am AEDT | 8:00 am NZDT ID de Zoom: 839 1683 1125Contrase\u00f1a: OIAA \u00daNASE AHORA \u00a1Bienvenido a nuestra<a class=\"excerpt-read-more\" href=\"https:\/\/beta.aa-intergroup.org\/es\/asamblea-de-oiaa-21-de-septiembre-de-2024\/\" title=\"ReadAsamblea de OIAA, 21 de septiembre de 2024\">&#8230; Read more &raquo;<\/a><\/p>\n","protected":false},"author":153,"featured_media":0,"parent":0,"menu_order":0,"comment_status":"closed","ping_status":"closed","template":"","meta":{"_acf_changed":false,"_eb_attr":"","footnotes":""},"class_list":["post-16994","page","type-page","status-publish","hentry"],"acf":[],"_links":{"self":[{"href":"https:\/\/beta.aa-intergroup.org\/es\/wp-json\/wp\/v2\/pages\/16994","targetHints":{"allow":["GET"]}}],"collection":[{"href":"https:\/\/beta.aa-intergroup.org\/es\/wp-json\/wp\/v2\/pages"}],"about":[{"href":"https:\/\/beta.aa-intergroup.org\/es\/wp-json\/wp\/v2\/types\/page"}],"author":[{"embeddable":true,"href":"https:\/\/beta.aa-intergroup.org\/es\/wp-json\/wp\/v2\/users\/153"}],"replies":[{"embeddable":true,"href":"https:\/\/beta.aa-intergroup.org\/es\/wp-json\/wp\/v2\/comments?post=16994"}],"version-history":[{"count":1,"href":"https:\/\/beta.aa-intergroup.org\/es\/wp-json\/wp\/v2\/pages\/16994\/revisions"}],"predecessor-version":[{"id":16996,"href":"https:\/\/beta.aa-intergroup.org\/es\/wp-json\/wp\/v2\/pages\/16994\/revisions\/16996"}],"wp:attachment":[{"href":"https:\/\/beta.aa-intergroup.org\/es\/wp-json\/wp\/v2\/media?parent=16994"}],"curies":[{"name":"wp","href":"https:\/\/api.w.org\/{rel}","templated":true}]}}