{"id":17021,"date":"2022-12-17T23:27:38","date_gmt":"2022-12-18T04:27:38","guid":{"rendered":"https:\/\/beta.aa-intergroup.org\/junta-de-oiaa\/"},"modified":"2025-10-28T07:15:58","modified_gmt":"2025-10-28T11:15:58","slug":"junta-de-oiaa","status":"publish","type":"page","link":"https:\/\/beta.aa-intergroup.org\/es\/junta-de-oiaa\/","title":{"rendered":"Junta de OIAA"},"content":{"rendered":"\n<h3 class=\"wp-block-heading\">Miembros de la Junta<\/h3>\n\n<p><strong>Presidenta de OIAA<\/strong> Gwen M.<br\/><strong>Chair@aa-intergroup.org<\/strong><\/p>\n\n<p><strong>Vicepresidenta de OIAA<\/strong>: Sharon G.<br\/><strong>Vice-Chair@aa-intergroup.org<\/strong><\/p>\n\n<p><strong>Secretaria de OIAA<\/strong> Lesliee A.<br\/><strong>Secretary@aa-intergroup.org<\/strong><\/p>\n\n<p><strong>Tesorero de OIAA<\/strong>: abierto<br\/><strong>Treasurer@aa-intergroup.org<\/strong><\/p>\n\n<p><strong>Presidente de Tecnolog\u00eda de OIAA<\/strong> Mark M.<br\/><strong>Tech.Chair@aa-intergroup.org<\/strong><\/p>\n\n<p><strong>Fiduciario Internacional de OIAA<\/strong>: abierto<strong><br\/>international.trustee@aa-intergroup.org<\/strong><\/p>\n\n<p><strong>Fiduciario General de OIAA<\/strong> &#8211; Mary M.<strong><br\/>trustee.at.large@aa-intergroup.org<\/strong><\/p>\n\n<div class=\"wp-block-columns is-layout-flex wp-container-core-columns-is-layout-9d6595d7 wp-block-columns-is-layout-flex\">\n<div class=\"wp-block-column is-layout-flow wp-block-column-is-layout-flow\" style=\"flex-basis:100%\">\n<div class=\"wp-block-buttons is-layout-flex wp-block-buttons-is-layout-flex\">\n<div class=\"wp-block-button is-style-outline is-style-outline--1\"><a class=\"wp-block-button__link wp-element-button\" href=\"https:\/\/beta.aa-intergroup.org\/documents\/oiaa-bylaws\/\">Estatutos de OIAA<\/a><\/div>\n<\/div>\n\n\n\n<div style=\"height:21px\" aria-hidden=\"true\" class=\"wp-block-spacer\"><\/div>\n\n\n\n<div class=\"wp-block-buttons is-layout-flex wp-block-buttons-is-layout-flex\">\n<div class=\"wp-block-button is-style-outline is-style-outline--2\"><a class=\"wp-block-button__link wp-element-button\" href=\"https:\/\/beta.aa-intergroup.org\/documents\/oiaa-guidelines\/\">Directrices de OIAA<\/a><\/div>\n<\/div>\n<\/div>\n<\/div>\n\n<div style=\"height:30px\" aria-hidden=\"true\" class=\"wp-block-spacer\"><\/div>\n\n<p>Actualmente estamos buscando candidatos para servir a OIAA como Fiduciario. Las nominaciones est\u00e1n abiertas y las elecciones anuales se llevar\u00e1n a cabo en nuestra Asamblea de diciembre. <g id=\"gid_0\">Todos los puestos de la Junta est\u00e1n abiertos, con la excepci\u00f3n del Presidente de Tecnolog\u00eda<\/g>. Las responsabilidades de servicio para los miembros de la Junta se definen en los <a href=\"https:\/\/beta.aa-intergroup.org\/documents\/oiaa-bylaws\/\" target=\"_blank\" rel=\"noreferrer noopener\">Estatutos de OIAA<\/a> &#8211; <strong>Art\u00edculo 4 Funcionarios.<\/strong>    <\/p>\n\n<p>La elegibilidad y las cualificaciones para todos los Fiduciarios de OIAA se pueden encontrar en las <a href=\"https:\/\/beta.aa-intergroup.org\/documents\/oiaa-guidelines\/#sec5\" target=\"_blank\" rel=\"noreferrer noopener\">Directrices de OIAA<\/a> &#8211; <strong>Secci\u00f3n 5.1.1<\/strong> con descripciones de puestos adicionales que se encuentran en la <strong>Secci\u00f3n 5.2 Funcionarios.<\/strong> <\/p>\n\n<p>Los candidatos elegibles deben estar actualmente en servicio con OIAA.<\/p>\n\n<p>Las nominaciones y\/o preguntas se pueden enviar a OIAA.Board@aa-intergroup.org<\/p>\n\n<h4 class=\"wp-block-heading\">Actas y \u00f3rdenes del d\u00eda de la junta de OIAA<\/h4>\n\n<p>Si tiene un tema que le gustar\u00eda incluir en el orden del d\u00eda de la reuni\u00f3n de la junta, env\u00ede un correo electr\u00f3nico a <strong>OIAA.Board@aa-intergroup.org<\/strong> y ser\u00e1 revisado por el Presidente de OIAA. Las actas y los \u00f3rdenes del d\u00eda de las reuniones de la Junta de OIAA se publicar\u00e1n a medida que est\u00e9n disponibles.  <br\/><\/p>\n","protected":false},"excerpt":{"rendered":"<p>Miembros de la Junta Presidenta de OIAA Gwen M.Chair@aa-intergroup.org Vicepresidenta de OIAA: Sharon G.Vice-Chair@aa-intergroup.org Secretaria de OIAA Lesliee A.Secretary@aa-intergroup.org Tesorero de OIAA: abiertoTreasurer@aa-intergroup.org Presidente de Tecnolog\u00eda de OIAA Mark M.Tech.Chair@aa-intergroup.org Fiduciario Internacional de OIAA: abiertointernational.trustee@aa-intergroup.org Fiduciario General de OIAA &#8211; Mary M.trustee.at.large@aa-intergroup.org Actualmente estamos buscando candidatos para servir a OIAA como Fiduciario. Las nominaciones est\u00e1n<a class=\"excerpt-read-more\" href=\"https:\/\/beta.aa-intergroup.org\/es\/junta-de-oiaa\/\" title=\"ReadJunta de OIAA\">&#8230; Read more &raquo;<\/a><\/p>\n","protected":false},"author":12,"featured_media":0,"parent":0,"menu_order":0,"comment_status":"closed","ping_status":"closed","template":"page-oiaa-board.php","meta":{"_acf_changed":false,"_eb_attr":"","footnotes":""},"class_list":["post-17021","page","type-page","status-publish","hentry"],"acf":[],"_links":{"self":[{"href":"https:\/\/beta.aa-intergroup.org\/es\/wp-json\/wp\/v2\/pages\/17021","targetHints":{"allow":["GET"]}}],"collection":[{"href":"https:\/\/beta.aa-intergroup.org\/es\/wp-json\/wp\/v2\/pages"}],"about":[{"href":"https:\/\/beta.aa-intergroup.org\/es\/wp-json\/wp\/v2\/types\/page"}],"author":[{"embeddable":true,"href":"https:\/\/beta.aa-intergroup.org\/es\/wp-json\/wp\/v2\/users\/12"}],"replies":[{"embeddable":true,"href":"https:\/\/beta.aa-intergroup.org\/es\/wp-json\/wp\/v2\/comments?post=17021"}],"version-history":[{"count":1,"href":"https:\/\/beta.aa-intergroup.org\/es\/wp-json\/wp\/v2\/pages\/17021\/revisions"}],"predecessor-version":[{"id":17022,"href":"https:\/\/beta.aa-intergroup.org\/es\/wp-json\/wp\/v2\/pages\/17021\/revisions\/17022"}],"wp:attachment":[{"href":"https:\/\/beta.aa-intergroup.org\/es\/wp-json\/wp\/v2\/media?parent=17021"}],"curies":[{"name":"wp","href":"https:\/\/api.w.org\/{rel}","templated":true}]}}