{"id":17067,"date":"2024-06-01T00:01:00","date_gmt":"2024-06-01T04:01:00","guid":{"rendered":"https:\/\/beta.aa-intergroup.org\/1-a-convencion-internacional-en-linea-de-oiaa\/"},"modified":"2025-10-28T07:16:58","modified_gmt":"2025-10-28T11:16:58","slug":"1-a-convencion-internacional-en-linea-de-oiaa","status":"publish","type":"page","link":"https:\/\/beta.aa-intergroup.org\/es\/1-a-convencion-internacional-en-linea-de-oiaa\/","title":{"rendered":"1.\u00aa convenci\u00f3n internacional en l\u00ednea de OIAA"},"content":{"rendered":"\n<div class=\"wp-block-cover\"><img loading=\"lazy\" decoding=\"async\" width=\"1018\" height=\"1012\" class=\"wp-block-cover__image-background wp-image-9317\" alt=\"\" src=\"https:\/\/beta.aa-intergroup.org\/wp-content\/uploads\/2024\/03\/OIAA-View-from-space-Square.png\" data-object-fit=\"cover\" srcset=\"https:\/\/beta.aa-intergroup.org\/wp-content\/uploads\/2024\/03\/OIAA-View-from-space-Square.png 1018w, https:\/\/beta.aa-intergroup.org\/wp-content\/uploads\/2024\/03\/OIAA-View-from-space-Square-300x298.png 300w, https:\/\/beta.aa-intergroup.org\/wp-content\/uploads\/2024\/03\/OIAA-View-from-space-Square-150x150.png 150w, https:\/\/beta.aa-intergroup.org\/wp-content\/uploads\/2024\/03\/OIAA-View-from-space-Square-768x763.png 768w, https:\/\/beta.aa-intergroup.org\/wp-content\/uploads\/2024\/03\/OIAA-View-from-space-Square-125x125.png 125w\" sizes=\"auto, (max-width: 1018px) 100vw, 1018px\" \/><span aria-hidden=\"true\" class=\"wp-block-cover__background has-background-dim\"><\/span><div class=\"wp-block-cover__inner-container is-layout-constrained wp-block-cover-is-layout-constrained\">\n<div style=\"height:50px\" aria-hidden=\"true\" class=\"wp-block-spacer\"><\/div>\n\n\n\n<p><\/p>\n\n\n\n<h3 class=\"wp-block-heading has-text-align-center has-white-color has-text-color has-link-color has-medium-font-size wp-elements-671ad861e96b985e4363b336a990a6e3\">Gracias por su participaci\u00f3n en nuestra <\/h3>\n\n\n\n<div style=\"height:12px\" aria-hidden=\"true\" class=\"wp-block-spacer\"><\/div>\n\n\n\n<p class=\"has-text-align-center has-white-color has-text-color has-link-color has-x-large-font-size wp-elements-a9707337238dbe700ce42fb58b805b02\"><strong>1.\u00aa convenci\u00f3n internacional de OIAA<\/strong><br\/>25-27 de octubre de 2024<\/p>\n\n\n\n<div class=\"wp-block-essential-blocks-button root-eb-button-him5r\"><div class=\"eb-parent-wrapper eb-parent-eb-button-him5r \"><div class=\"eb-button-wrapper eb-button-alignment eb-button-him5r\"><div class=\"eb-button\"><div class=\"eb-button-inner-wrapper \"><a class=\"eb-button-anchor hvr-grow \" href=\"https:\/\/beta.aa-intergroup.org\/es\/recuerdos-de-la-1-a-convencion-internacional-de-oiaa\/\" rel=\"noopener\">Recuerdos de la convenci\u00f3n<\/a><\/div><\/div><\/div><\/div><\/div>\n\n\n\n<div style=\"height:50px\" aria-hidden=\"true\" class=\"wp-block-spacer\"><\/div>\n\n\n\n<h4 class=\"wp-block-heading has-text-align-center\">Muchas gracias por acompa\u00f1arnos en nuestro viaje virtual alrededor del mundo, celebrando<br\/>Alcoh\u00f3licos An\u00f3nimos y el lenguaje universal del coraz\u00f3n.<\/h4>\n\n\n\n<h5 class=\"wp-block-heading has-text-align-center has-white-color has-text-color has-link-color wp-elements-963a6abc54ebd11817714c919a4c9581\"><strong>Un evento global de tres d\u00edas<\/strong> <strong>en el que cada d\u00eda destaca una zona global diferente<\/strong> <\/h5>\n\n\n\n<h5 class=\"wp-block-heading has-text-align-center has-white-color has-text-color has-link-color wp-elements-9a82cfab540cfb56800fd4a29c0dfcb1\"><strong>D\u00eda 1: Asia, Ocean\u00eda<br\/><\/strong><strong>D\u00eda 2: Am\u00e9rica del Norte y del Sur<br\/><\/strong><strong>D\u00eda 3: Europa, \u00c1frica, Asia<\/strong><\/h5>\n\n\n\n<div style=\"height:38px\" aria-hidden=\"true\" class=\"wp-block-spacer\"><\/div>\n\n\n\n<h5 class=\"wp-block-heading has-text-align-center has-white-color has-text-color has-link-color wp-elements-d5a5357118038ed58eec16c1fafff584\"><strong>m\u00e1s de 50 grupos de 18 pa\u00edses \u00fanicos que act\u00faan como anfitriones de las reuniones<\/strong><\/h5>\n\n\n\n<h5 class=\"wp-block-heading has-text-align-center has-white-color has-text-color has-link-color wp-elements-fbbb3f070ffa35418da699a4df003550\"><strong>4 salas de conferencias virtuales <\/strong><\/h5>\n\n\n\n<h5 class=\"wp-block-heading has-text-align-center has-white-color has-text-color has-link-color wp-elements-8a77bf07624ceaec1fce1cdf040bbf59\"><strong>m\u00e1s de 70 reuniones internacionales de AA a las que unirse\u2026<\/strong><\/h5>\n\n\n\n<h5 class=\"wp-block-heading has-text-align-center has-white-color has-text-color has-link-color wp-elements-9a41bfa04bdd1b22d62aae0d0a721bdf\"><strong>todo desde el interior del centro de convenciones virtual de OIAA<\/strong><\/h5>\n\n\n\n<p class=\"has-text-align-center\">convention2024@aa-intergroup.org<\/p>\n<\/div><\/div>\n\n<div style=\"height:20px\" aria-hidden=\"true\" class=\"wp-block-spacer\"><\/div>\n\n<div style=\"height:16px\" aria-hidden=\"true\" class=\"wp-block-spacer\"><\/div>\n\n<h3 class=\"wp-block-heading has-text-align-center\"><a href=\"https:\/\/beta.aa-intergroup.org\/documents\/oiaa-convention-faq\/\" data-type=\"link\" data-id=\"https:\/\/beta.aa-intergroup.org\/documents\/oiaa-convention-faq\/\"><strong>Preguntas frecuentes sobre la convenci\u00f3n<\/strong><\/a><\/h3>\n\n<div style=\"height:26px\" aria-hidden=\"true\" class=\"wp-block-spacer\"><\/div>\n\n<h3 class=\"wp-block-heading has-text-align-center\"><strong><a href=\"https:\/\/beta.aa-intergroup.org\/documents\/zoom-how-to-information\/\" data-type=\"link\" data-id=\"https:\/\/beta.aa-intergroup.org\/documents\/zoom-how-to-information\/\">Instrucciones de &#8220;c\u00f3mo hacerlo&#8221; para Zoom<\/a><\/strong><\/h3>\n\n<div style=\"height:26px\" aria-hidden=\"true\" class=\"wp-block-spacer\"><\/div>\n\n<div class=\"wp-block-cover is-light has-parallax\"><div class=\"wp-block-cover__image-background wp-image-9316 has-parallax\" style=\"background-position:50% 50%;background-image:url(https:\/\/beta.aa-intergroup.org\/wp-content\/uploads\/2024\/03\/OIAA-AIRPLANE-RECTANGLE.png)\"><\/div><span aria-hidden=\"true\" class=\"wp-block-cover__background has-white-background-color has-background-dim-80 has-background-dim\"><\/span><div class=\"wp-block-cover__inner-container is-layout-constrained wp-block-cover-is-layout-constrained\">\n<h2 class=\"wp-block-heading\">1.\u00aa Convenci\u00f3n Internacional de OIAA<br\/>25-27 de octubre de 2024<\/h2>\n\n\n\n<h3 class=\"wp-block-heading\"><strong>D\u00eda 1: Asia, Ocean\u00eda <\/strong><\/h3>\n\n\n\n<p><strong>Hora de inicio local para la zona global UTC:<\/strong><br\/><strong>S\u00c1BADO 26 de octubre 9:00 &#8211; 16:00 Auckland, NZ &#8211; NZDT<\/strong><br\/><strong><mark style=\"background-color:rgba(0, 0, 0, 0)\" class=\"has-inline-color has-vivid-red-color\">(*VIERNES 25 de octubre 16:00 &#8211; 23:00 Nueva York EDT)<\/mark><\/strong><\/p>\n\n\n\n<p><strong><u>Destinos:<\/u> Nueva Zelanda, Australia, Colombia, Serbia, EE. UU., Alemania, Argentina<\/strong><\/p>\n\n\n\n<div class=\"wp-block-buttons is-layout-flex wp-block-buttons-is-layout-flex\">\n<div class=\"wp-block-button has-custom-width wp-block-button__width-25\"><a class=\"wp-block-button__link has-background has-small-font-size has-custom-font-size wp-element-button\" href=\"https:\/\/beta.aa-intergroup.org\/documents\/2024-oiaa-program-day-1-yellow-room\/\" style=\"background-color:#6ec1e4\">Ver el programa del d\u00eda 1<br\/>amarillo<\/a><\/div>\n\n\n\n<div class=\"wp-block-button has-custom-width wp-block-button__width-25\"><a class=\"wp-block-button__link has-background has-small-font-size has-custom-font-size wp-element-button\" href=\"https:\/\/beta.aa-intergroup.org\/documents\/2024-oiaa-program-day-1-orange-blue-green-rooms\/\" style=\"background-color:#6ec1e4\">Ver el programa del d\u00eda 1<br\/>Naranja, azul, verde<\/a><\/div>\n<\/div>\n\n\n\n<p><\/p>\n\n\n\n<div style=\"height:36px\" aria-hidden=\"true\" class=\"wp-block-spacer\"><\/div>\n\n\n\n<h3 class=\"wp-block-heading\"><strong>D\u00eda 2: Am\u00e9rica del Norte y del Sur<\/strong><\/h3>\n\n\n\n<p><strong>Hora de inicio local para la zona global UTC:<\/strong><br\/><strong>S\u00c1BADO 26 de octubre 10:00 &#8211; 17:00 Chicago, EE. UU. &#8211; CDT<\/strong><br\/><strong><mark style=\"background-color:rgba(0, 0, 0, 0)\" class=\"has-inline-color has-vivid-red-color\">(*S\u00c1BADO 26 de octubre 11:00 &#8211; 18:00 Nueva York EDT)<\/mark><\/strong><\/p>\n\n\n\n<p><strong>Destinos: Brasil, Canad\u00e1, Quebec, Ir\u00e1n, M\u00e9xico, EE. UU.<\/strong><\/p>\n\n\n\n<div class=\"wp-block-buttons is-layout-flex wp-block-buttons-is-layout-flex\">\n<div class=\"wp-block-button has-custom-width wp-block-button__width-25\"><a class=\"wp-block-button__link has-background has-small-font-size has-custom-font-size wp-element-button\" href=\"https:\/\/beta.aa-intergroup.org\/documents\/2024-oiaa-program-day-2\/\" style=\"background-color:#6ec1e4\">Ver el programa del d\u00eda 2<\/a><\/div>\n<\/div>\n\n\n\n<p><\/p>\n\n\n\n<div style=\"height:36px\" aria-hidden=\"true\" class=\"wp-block-spacer\"><\/div>\n\n\n\n<h3 class=\"wp-block-heading\"><strong>D\u00eda 3: Europa, \u00c1frica, Asia<\/strong><\/h3>\n\n\n\n<p><strong>Hora de inicio local para la zona global UTC:<\/strong><br\/><strong>DOMINGO 27 de octubre 11:00 &#8211; 18:00 Mosc\u00fa, Rusia &#8211; MSK<\/strong><br\/><strong><mark style=\"background-color:rgba(0, 0, 0, 0)\" class=\"has-inline-color has-vivid-red-color\">(*DOMINGO 27 de octubre 4:00am &#8211; 11:00am Nueva York EDT)<\/mark><\/strong><\/p>\n\n\n\n<p><strong>Destinos: Espa\u00f1a, China, Inglaterra, Escocia, Canad\u00e1, India, EE. UU., Nigeria, Francia, Quebec,<br\/>EE. UU., Kenia, Brasil, Portugal, Islas V\u00edrgenes<\/strong><\/p>\n\n\n\n<div class=\"wp-block-buttons is-layout-flex wp-block-buttons-is-layout-flex\">\n<div class=\"wp-block-button has-custom-width wp-block-button__width-25\"><a class=\"wp-block-button__link has-background has-small-font-size has-custom-font-size wp-element-button\" href=\"https:\/\/beta.aa-intergroup.org\/documents\/2024-oiaa-program-day-3\/\" style=\"background-color:#6ec1e4\">Ver el programa del d\u00eda 3<\/a><\/div>\n<\/div>\n\n\n\n<p><\/p>\n\n\n\n<div style=\"height:36px\" aria-hidden=\"true\" class=\"wp-block-spacer\"><\/div>\n<\/div><\/div>\n\n<div style=\"height:622px\" aria-hidden=\"true\" class=\"wp-block-spacer\"><\/div>\n\n<h2 class=\"wp-block-heading\">Noticias y actualizaciones de la convenci\u00f3n<\/h2>\n            <div class=\"news-title\">\n                <a href=\"https:\/\/beta.aa-intergroup.org\/es\/updates\/preparese-lista-de-verificacion-de-tecnologia-te\/\">\ud83d\udcbb Prep\u00e1rese: lista de verificaci\u00f3n de tecnolog\u00eda + t\u00e9<\/a>\n            <\/div>\n            <div class=\"news-body\">\n                \ud83d\udcbb Prep\u00e1rese: Lista de verificaci\u00f3n de tecnolog\u00eda + t\u00e9 - Convenci\u00f3n Internacional en L\u00ednea OIAA2025, 14-16 de noviembre de 2025 \ud83d\uddd3\ufe0f\u00a1Quedan menos de dos semanas! Asegur\u00e9monos de que su configuraci\u00f3n est\u00e9 tan lista como su esp\u00edritu. \u2714\ufe0fPruebe su internet \u2714\ufe0fMarque el enlace del programa \u2714\ufe0fEncuentre&hellip;                    <a href=\"https:\/\/beta.aa-intergroup.org\/es\/updates\/preparese-lista-de-verificacion-de-tecnologia-te\/\">... Read More<\/a>\n                    <hr \/>\n                                <\/div>\n                        <div class=\"news-title\">\n                <a href=\"https:\/\/beta.aa-intergroup.org\/es\/updates\/convencion-internacional-oiaa2025-nuestra-nueva-y-mejorada-sala-de-hospitalidad\/\">Convenci\u00f3n internacional OIAA2025: nuestra nueva y mejorada sala de hospitalidad<\/a>\n            <\/div>\n            <div class=\"news-body\">\n                A menos de ocho semanas, no pod\u00edamos esperar para compartir algunas noticias emocionantes con usted: este a\u00f1o, nuestra sala de hospitalidad estar\u00e1 abierta durante toda la convenci\u00f3n. \u00danase a nosotros para divertirse con juegos, m\u00fasica, v\u00eddeos o simplemente para confraternizar. Es el punto central de&hellip;                    <a href=\"https:\/\/beta.aa-intergroup.org\/es\/updates\/convencion-internacional-oiaa2025-nuestra-nueva-y-mejorada-sala-de-hospitalidad\/\">... Read More<\/a>\n                    <hr \/>\n                                <\/div>\n                        <div class=\"news-title\">\n                <a href=\"https:\/\/beta.aa-intergroup.org\/es\/updates\/oiaa2025-ya-casi-tenemos-1000-inscripciones\/\">OIAA2025: \u00a1ya casi tenemos 1000 inscripciones!<\/a>\n            <\/div>\n            <div class=\"news-body\">\n                \u00a1Casi 1000 miembros de A.A. ya se han inscrito en nuestra 2.\u00aa Convenci\u00f3n en l\u00ednea OIAA2025 desde China, Jap\u00f3n, Quebec, EE. UU., Canad\u00e1, Francia, B\u00e9lgica, Portugal, Espa\u00f1a, Italia, Sud\u00e1frica, Kuwait, Marruecos, Noruega, Islandia, Australia, Nueva Zelanda, Kenia, Irlanda, Escocia, Reino Unido, Italia, Ir\u00e1n, Turqu\u00eda, Polonia,&hellip;                    <a href=\"https:\/\/beta.aa-intergroup.org\/es\/updates\/oiaa2025-ya-casi-tenemos-1000-inscripciones\/\">... Read More<\/a>\n                    <hr \/>\n                                <\/div>\n            \n","protected":false},"excerpt":{"rendered":"<p>Preguntas frecuentes sobre la convenci\u00f3n Instrucciones de &#8220;c\u00f3mo hacerlo&#8221; para Zoom Noticias y actualizaciones de la convenci\u00f3n<\/p>\n","protected":false},"author":153,"featured_media":0,"parent":0,"menu_order":0,"comment_status":"closed","ping_status":"closed","template":"","meta":{"_acf_changed":false,"_eb_attr":"","footnotes":""},"class_list":["post-17067","page","type-page","status-publish","hentry"],"acf":[],"_links":{"self":[{"href":"https:\/\/beta.aa-intergroup.org\/es\/wp-json\/wp\/v2\/pages\/17067","targetHints":{"allow":["GET"]}}],"collection":[{"href":"https:\/\/beta.aa-intergroup.org\/es\/wp-json\/wp\/v2\/pages"}],"about":[{"href":"https:\/\/beta.aa-intergroup.org\/es\/wp-json\/wp\/v2\/types\/page"}],"author":[{"embeddable":true,"href":"https:\/\/beta.aa-intergroup.org\/es\/wp-json\/wp\/v2\/users\/153"}],"replies":[{"embeddable":true,"href":"https:\/\/beta.aa-intergroup.org\/es\/wp-json\/wp\/v2\/comments?post=17067"}],"version-history":[{"count":1,"href":"https:\/\/beta.aa-intergroup.org\/es\/wp-json\/wp\/v2\/pages\/17067\/revisions"}],"predecessor-version":[{"id":17068,"href":"https:\/\/beta.aa-intergroup.org\/es\/wp-json\/wp\/v2\/pages\/17067\/revisions\/17068"}],"wp:attachment":[{"href":"https:\/\/beta.aa-intergroup.org\/es\/wp-json\/wp\/v2\/media?parent=17067"}],"curies":[{"name":"wp","href":"https:\/\/api.w.org\/{rel}","templated":true}]}}