{"id":17094,"date":"2024-05-14T12:51:45","date_gmt":"2024-05-14T16:51:45","guid":{"rendered":"https:\/\/beta.aa-intergroup.org\/asamblea-de-oiaa-15-de-junio-de-2024\/"},"modified":"2025-10-28T07:17:40","modified_gmt":"2025-10-28T11:17:40","slug":"asamblea-de-oiaa-15-de-junio-de-2024","status":"publish","type":"page","link":"https:\/\/beta.aa-intergroup.org\/es\/asamblea-de-oiaa-15-de-junio-de-2024\/","title":{"rendered":"Asamblea de OIAA, 15 de junio de 2024"},"content":{"rendered":"\n<p><strong>S\u00e1bado, 15 de junio de 2024<\/strong><br\/>8:00 am HST | 11:00 am PT | 1:00 pm CT | 2:00 pm ET<br\/>19:00 pm GMT | 20:00 pm CET<\/p>\n\n<p><strong>Domingo, 16 de junio de 2024<br\/><\/strong>3:00 am AWST | 4:00 am JST<br\/>6:00 am AEDT | 8:00 am NZDT<\/p>\n\n<p>ID: 839 1683 1125<br\/>Contrase\u00f1a: OIAA<\/p>\n\n<p><a href=\"https:\/\/us06web.zoom.us\/j\/83916831125?pwd=cDQvSlcxUjZmWlo4aEoyR0tlUUQwdz09\" target=\"_blank\" rel=\"noreferrer noopener\">Unirse a la asamblea de OIAA<\/a><\/p>\n\n<p><strong>\u2014\u2013 Interpretaci\u00f3n:<\/strong> En la Asamblea habr\u00e1 interpretaci\u00f3n en espa\u00f1ol, franc\u00e9s y portugu\u00e9s. <strong>\u2014\u2013<\/strong><\/p>\n\n<p>Los enlaces se activar\u00e1n a medida que el contenido est\u00e9 disponible.<\/p>\n\n<h4 class=\"wp-block-heading\">Anuncio de la asamblea<\/h4>\n\n<ul class=\"wp-block-list\">\n<li><a href=\"https:\/\/beta.aa-intergroup.org\/documents\/assembly-announcement-15-june-2024\/\" data-type=\"link\" data-id=\"https:\/\/beta.aa-intergroup.org\/documents\/assembly-announcement-15-june-2024\/\">Anuncio de la asamblea<\/a>\n<ul class=\"wp-block-list\">\n<li>Para traducir y\/o imprimir para sus grupos.<\/li>\n<\/ul>\n<\/li>\n\n\n\n<li>Copie este mensaje y enlace en el chat de su reuni\u00f3n en l\u00ednea para anunciar la elecci\u00f3n.\n<ul class=\"wp-block-list\">\n<li>Reuni\u00f3n de la Asamblea General: 15 de junio de 2024.<br\/><a href=\"https:\/\/beta.aa-intergroup.org\/es\/asamblea-de-oiaa-15-de-junio-de-2024\/\">https:\/\/beta.aa-intergroup.org\/oiaa-assembly-15-june-2024\/<\/a><\/li>\n<\/ul>\n<\/li>\n<\/ul>\n\n<h4 class=\"wp-block-heading\" id=\"assembly-agenda\">Orden del d\u00eda de la asamblea<\/h4>\n\n<ul class=\"wp-block-list\">\n<li><a href=\"https:\/\/beta.aa-intergroup.org\/documents\/oiaa-assembly-agenda-15-june-2024\/\">El orden del d\u00eda de la asamblea de OIAA de junio de 2024<\/a>.<\/li>\n<\/ul>\n\n<h4 class=\"wp-block-heading\">Informes<\/h4>\n\n<ul class=\"wp-block-list\">\n<li>Las actas de la asamblea se votar\u00e1n, por favor, comp\u00e1rtalas con sus grupos.\n<ul class=\"wp-block-list\">\n<li><a href=\"https:\/\/beta.aa-intergroup.org\/documents\/minutes-from-the-oiaa-16-march-2024-assembly\/\">Actas de la asamblea de OIAA del 16 de marzo de 2024<\/a> <\/li>\n<\/ul>\n<\/li>\n\n\n\n<li>Informe del tesorero.\n<ul class=\"wp-block-list\">\n<li><a href=\"https:\/\/beta.aa-intergroup.org\/committee-updates\/update-for-finance-apr-2024-4\/\">Variaci\u00f3n del presupuesto<\/a>.<\/li>\n\n\n\n<li><a href=\"https:\/\/beta.aa-intergroup.org\/committee-updates\/update-for-finance-dec-2023\/\">Contribuciones del grupo<\/a>.<\/li>\n\n\n\n<li><a href=\"https:\/\/beta.aa-intergroup.org\/committee-updates\/update-for-finance-feb-2024-2\/\">Balance<\/a>.<\/li>\n<\/ul>\n<\/li>\n\n\n\n<li>Actualizaci\u00f3n del comit\u00e9 de la convenci\u00f3n de Unidad, Convenci\u00f3n internacional en l\u00ednea de OIAA 2024.<\/li>\n<\/ul>\n\n<h4 class=\"wp-block-heading\">Nuevos asuntos<\/h4>\n\n<ul class=\"wp-block-list\">\n<li><strong>Revisi\u00f3n financiera interna: solo informe<\/strong><\/li>\n\n\n\n<li><strong>Informe anual de los comit\u00e9s a los miembros, solo informes (5.05 de los estatutos de OIAA)<\/strong>\n<ul class=\"wp-block-list\">\n<li><strong>Finanzas Jennifer B<\/strong><\/li>\n\n\n\n<li><strong>Tecnolog\u00eda: Mark M<\/strong><\/li>\n\n\n\n<li><strong>Comit\u00e9 de la Convenci\u00f3n de Vancouver 2025 Jan BB (alt)<\/strong><\/li>\n\n\n\n<li><strong>Comit\u00e9 de comunicaciones: lesliee a<\/strong><\/li>\n\n\n\n<li><strong>Comit\u00e9 de la CPC: Gwen M<\/strong><\/li>\n\n\n\n<li><strong>Comit\u00e9 de la PAC: Jan BB<\/strong><\/li>\n\n\n\n<li><strong>Comit\u00e9 de la PIC: Mary M<\/strong><\/li>\n\n\n\n<li><strong>Comit\u00e9 de Steppers: DC Dave<\/strong><\/li>\n\n\n\n<li><strong>Comit\u00e9 de la Convenci\u00f3n Internacional de Unidad\/Unidad 2024: Carlos D<\/strong><\/li>\n<\/ul>\n<\/li>\n<\/ul>\n\n<h4 class=\"wp-block-heading\">Procedimiento de elecci\u00f3n<\/h4>\n\n<ul class=\"wp-block-list\">\n<li><a href=\"https:\/\/beta.aa-intergroup.org\/documents\/assembly-procedures\/\">Procedimientos de la asamblea.<\/a><\/li>\n\n\n\n<li><a href=\"https:\/\/beta.aa-intergroup.org\/documents\/summary-of-motion-procedures-to-be-used-at-the-assembly\/\">Resumen de las mociones<\/a>.<\/li>\n\n\n\n<li><a href=\"https:\/\/beta.aa-intergroup.org\/documents\/oiaa-bylaws\/\">Estatutos<\/a>.<\/li>\n<\/ul>\n","protected":false},"excerpt":{"rendered":"<p>S\u00e1bado, 15 de junio de 20248:00 am HST | 11:00 am PT | 1:00 pm CT | 2:00 pm ET19:00 pm GMT | 20:00 pm CET Domingo, 16 de junio de 20243:00 am AWST | 4:00 am JST6:00 am AEDT | 8:00 am NZDT ID: 839 1683 1125Contrase\u00f1a: OIAA Unirse a la asamblea de OIAA<a class=\"excerpt-read-more\" href=\"https:\/\/beta.aa-intergroup.org\/es\/asamblea-de-oiaa-15-de-junio-de-2024\/\" title=\"ReadAsamblea de OIAA, 15 de junio de 2024\">&#8230; Read more &raquo;<\/a><\/p>\n","protected":false},"author":153,"featured_media":0,"parent":0,"menu_order":0,"comment_status":"closed","ping_status":"closed","template":"","meta":{"_acf_changed":false,"_eb_attr":"","footnotes":""},"class_list":["post-17094","page","type-page","status-publish","hentry"],"acf":[],"_links":{"self":[{"href":"https:\/\/beta.aa-intergroup.org\/es\/wp-json\/wp\/v2\/pages\/17094","targetHints":{"allow":["GET"]}}],"collection":[{"href":"https:\/\/beta.aa-intergroup.org\/es\/wp-json\/wp\/v2\/pages"}],"about":[{"href":"https:\/\/beta.aa-intergroup.org\/es\/wp-json\/wp\/v2\/types\/page"}],"author":[{"embeddable":true,"href":"https:\/\/beta.aa-intergroup.org\/es\/wp-json\/wp\/v2\/users\/153"}],"replies":[{"embeddable":true,"href":"https:\/\/beta.aa-intergroup.org\/es\/wp-json\/wp\/v2\/comments?post=17094"}],"version-history":[{"count":1,"href":"https:\/\/beta.aa-intergroup.org\/es\/wp-json\/wp\/v2\/pages\/17094\/revisions"}],"predecessor-version":[{"id":17095,"href":"https:\/\/beta.aa-intergroup.org\/es\/wp-json\/wp\/v2\/pages\/17094\/revisions\/17095"}],"wp:attachment":[{"href":"https:\/\/beta.aa-intergroup.org\/es\/wp-json\/wp\/v2\/media?parent=17094"}],"curies":[{"name":"wp","href":"https:\/\/api.w.org\/{rel}","templated":true}]}}