{"id":17182,"date":"2023-04-12T11:29:03","date_gmt":"2023-04-12T15:29:03","guid":{"rendered":"https:\/\/beta.aa-intergroup.org\/talleres-y-eventos\/"},"modified":"2025-11-06T00:10:18","modified_gmt":"2025-11-06T05:10:18","slug":"talleres-y-eventos","status":"publish","type":"page","link":"https:\/\/beta.aa-intergroup.org\/es\/talleres-y-eventos\/","title":{"rendered":"Talleres y eventos"},"content":{"rendered":"\n<p>Promoviendo la unidad y nuestro bienestar com\u00fan, los talleres y eventos de OIAA buscan responder a las necesidades de los grupos y miembros de AA en l\u00ednea, involucrando, compartiendo e informando sobre una variedad de temas. Los enlaces se activar\u00e1n a medida que la informaci\u00f3n est\u00e9 disponible. <\/p>\n\n<h3 class=\"wp-block-heading\">2025<\/h3>\n\n<ul class=\"wp-block-list\">\n<li><a href=\"https:\/\/beta.aa-intergroup.org\/es\/documents\/taller-de-seguridad-de-techsteppers-1-de-noviembre-de-2025\/\" data-type=\"link\" data-id=\"https:\/\/beta.aa-intergroup.org\/documents\/techsteppers-safety-workshop-1-november-2025\/\">Taller trimestral de seguridad de TechSteppers 01 de noviembre de 2025<\/a> (Notas de la IA de Zoom)<\/li>\n<\/ul>\n\n<h3 class=\"wp-block-heading\">2024<\/h3>\n\n<ul class=\"wp-block-list\">\n<li><a href=\"https:\/\/beta.aa-intergroup.org\/es\/documents\/taller-de-seguridad-de-techsteppers-03-de-febrero-de-2024\/\">Taller trimestral de seguridad de TechSteppers 03 de febrero de 2024<\/a><\/li>\n\n\n\n<li><a href=\"https:\/\/beta.aa-intergroup.org\/es\/documents\/sesion-de-revision-de-las-directrices-10-de-febrero-de-2024\/\">Sesi\u00f3n de revisi\u00f3n de las directrices, 10 de febrero de 2024<\/a><\/li>\n\n\n\n<li><a href=\"https:\/\/beta.aa-intergroup.org\/es\/documents\/sesion-de-revision-de-las-directrices-24-de-febrero-de-2024\/\">Sesi\u00f3n de revisi\u00f3n de las directrices, 24 de febrero de 2024<\/a><\/li>\n\n\n\n<li><a href=\"https:\/\/beta.aa-intergroup.org\/es\/documents\/sesion-de-revision-de-las-directrices-09-de-marzo-de-2024\/\">Sesi\u00f3n de revisi\u00f3n de las directrices, 09 de marzo de 2024<\/a><\/li>\n\n\n\n<li><a href=\"https:\/\/beta.aa-intergroup.org\/es\/documents\/taller-de-seguridad-de-techsteppers-04-de-mayo-de-2024\/\">Taller trimestral de seguridad de TechSteppers 04 de mayo de 2024<\/a><\/li>\n\n\n\n<li><a href=\"https:\/\/beta.aa-intergroup.org\/es\/documents\/exposicion-de-servicios-de-oiaa\/\">Feria de servicios de la OIAA 27 de julio de 2024<\/a><\/li>\n\n\n\n<li><a href=\"https:\/\/beta.aa-intergroup.org\/es\/documents\/taller-de-seguridad-de-techsteppers-03-de-agosto-de-2024\/\">Taller trimestral de seguridad de TechSteppers 03 de agosto de 2024<\/a><\/li>\n\n\n\n<li><a href=\"https:\/\/beta.aa-intergroup.org\/es\/1-a-convencion-internacional-en-linea-de-oiaa\/\">La convenci\u00f3n internacional en l\u00ednea de la OIAA de 2024, 25, 26 y 27 de octubre de 2024<\/a><\/li>\n\n\n\n<li><a href=\"https:\/\/beta.aa-intergroup.org\/es\/documents\/taller-de-seguridad-de-techsteppers-02-de-noviembre-de-2024\/\"><strong>Taller trimestral de seguridad de TechSteppers 02 de noviembre de 2024<\/strong><\/a><\/li>\n<\/ul>\n\n<h3 class=\"wp-block-heading\">2023<\/h3>\n\n<ul class=\"wp-block-list\">\n<li><a href=\"https:\/\/beta.aa-intergroup.org\/es\/documents\/taller-de-la-guia-de-seguridad-de-zoom-de-oiaa-14-de-enero-de-2023\/\">Taller de la gu\u00eda de seguridad de Zoom 14 de enero de 2023<\/a><\/li>\n\n\n\n<li><a href=\"https:\/\/beta.aa-intergroup.org\/es\/documents\/grupos-de-aa-en-linea-problemas-y-soluciones-ayuntamiento-13-de-mayo-de-2023\/\">Grupos de AA en l\u00ednea: problemas y soluciones, asamblea municipal 13 de mayo de 2023<\/a><\/li>\n\n\n\n<li><a href=\"https:\/\/beta.aa-intergroup.org\/es\/documents\/celebracion-del-aniversario-de-las-oficinas-de-servicios-generales-osg-internacionales-de-aa-10-de-junio-de-2023\/\">Celebraci\u00f3n del aniversario de los GSO internacionales de AA, 10 de junio de 2023<\/a><\/li>\n\n\n\n<li><a href=\"https:\/\/beta.aa-intergroup.org\/es\/documents\/taller-de-seguridad-de-oiaa-26-de-agosto-de-2023\/\">Taller de seguridad 26 de agosto de 2023<\/a><\/li>\n<\/ul>\n\n<p><\/p>\n","protected":false},"excerpt":{"rendered":"<p>Promoviendo la unidad y nuestro bienestar com\u00fan, los talleres y eventos de OIAA buscan responder a las necesidades de los grupos y miembros de AA en l\u00ednea, involucrando, compartiendo e informando sobre una variedad de temas. Los enlaces se activar\u00e1n a medida que la informaci\u00f3n est\u00e9 disponible. 2025 2024 2023<\/p>\n","protected":false},"author":18,"featured_media":0,"parent":0,"menu_order":0,"comment_status":"closed","ping_status":"closed","template":"","meta":{"_acf_changed":false,"_eb_attr":"","footnotes":""},"class_list":["post-17182","page","type-page","status-publish","hentry"],"acf":[],"_links":{"self":[{"href":"https:\/\/beta.aa-intergroup.org\/es\/wp-json\/wp\/v2\/pages\/17182","targetHints":{"allow":["GET"]}}],"collection":[{"href":"https:\/\/beta.aa-intergroup.org\/es\/wp-json\/wp\/v2\/pages"}],"about":[{"href":"https:\/\/beta.aa-intergroup.org\/es\/wp-json\/wp\/v2\/types\/page"}],"author":[{"embeddable":true,"href":"https:\/\/beta.aa-intergroup.org\/es\/wp-json\/wp\/v2\/users\/18"}],"replies":[{"embeddable":true,"href":"https:\/\/beta.aa-intergroup.org\/es\/wp-json\/wp\/v2\/comments?post=17182"}],"version-history":[{"count":4,"href":"https:\/\/beta.aa-intergroup.org\/es\/wp-json\/wp\/v2\/pages\/17182\/revisions"}],"predecessor-version":[{"id":40547,"href":"https:\/\/beta.aa-intergroup.org\/es\/wp-json\/wp\/v2\/pages\/17182\/revisions\/40547"}],"wp:attachment":[{"href":"https:\/\/beta.aa-intergroup.org\/es\/wp-json\/wp\/v2\/media?parent=17182"}],"curies":[{"name":"wp","href":"https:\/\/api.w.org\/{rel}","templated":true}]}}