{"id":17288,"date":"2023-04-12T11:03:22","date_gmt":"2023-04-12T15:03:22","guid":{"rendered":"https:\/\/beta.aa-intergroup.org\/foros-igr\/"},"modified":"2025-10-28T07:27:19","modified_gmt":"2025-10-28T11:27:19","slug":"foros-igr","status":"publish","type":"page","link":"https:\/\/beta.aa-intergroup.org\/es\/foros-igr\/","title":{"rendered":"Foros IGR"},"content":{"rendered":"\n<p>Los foros IGR se celebran el cuarto s\u00e1bado del primer mes de cada trimestre. Los enlaces se activar\u00e1n a medida que la informaci\u00f3n est\u00e9 disponible.<\/p>\n\n<p>Env\u00ede un correo electr\u00f3nico a <strong>igr.forum@aa-intergroup.org<\/strong> con sus &#8220;Preguntas para la cesta de preguntas&#8221;, temas de inter\u00e9s o sugerencias para el Foro IGR. El prop\u00f3sito de este foro es compartir experiencia, fortaleza y esperanza.  <\/p>\n\n<p>Env\u00ede un correo electr\u00f3nico a <strong>igrworkshops@aa-intergroup.org<\/strong> si desea formar parte del comit\u00e9 de planificaci\u00f3n. Todos los miembros son bienvenidos a participar. <\/p>\n\n<h3 class=\"wp-block-heading\">2025<\/h3>\n\n<ul class=\"wp-block-list\">\n<li><a href=\"https:\/\/beta.aa-intergroup.org\/documents\/oiaa-igr-forum-25-january-2025\/\">Foro IGR de OIAA, 25 de enero de 2025<\/a><\/li>\n\n\n\n<li><a href=\"https:\/\/beta.aa-intergroup.org\/documents\/oiaa-igr-forum-26-april-2025\/\">Foro IGR de OIAA, 26 de abril de 2025<\/a><\/li>\n\n\n\n<li>Foro IGR de OIAA, 26 de julio de 2025 &#8211; <a href=\"https:\/\/beta.aa-intergroup.org\/documents\/oiaa-service-expo\/\" data-type=\"link\" data-id=\"https:\/\/beta.aa-intergroup.org\/documents\/oiaa-service-expo\/\">feria de servicios<\/a><\/li>\n<\/ul>\n\n<h3 class=\"wp-block-heading\">2024<\/h3>\n\n<ul class=\"wp-block-list\">\n<li><a href=\"https:\/\/beta.aa-intergroup.org\/documents\/oiaa-igr-forum-27-january-2024\/\">Foro IGR de OIAA, 27 de enero de 2024<\/a><\/li>\n\n\n\n<li><a href=\"https:\/\/beta.aa-intergroup.org\/documents\/oiaa-igr-forum-27-april-2024\/\" target=\"_blank\" rel=\"noreferrer noopener\">Foro IGR de OIAA, 27 de abril<\/a><a href=\"https:\/\/beta.aa-intergroup.org\/documents\/oiaa-igr-forum-27-april-2024\/\"> <\/a><a href=\"https:\/\/beta.aa-intergroup.org\/documents\/oiaa-igr-forum-27-april-2024\/\" target=\"_blank\" rel=\"noreferrer noopener\">de 2024<\/a><\/li>\n\n\n\n<li><strong>Foro IGR de OIAA, 27 de julio de 2024<\/strong>&#8211; <strong><a href=\"https:\/\/beta.aa-intergroup.org\/documents\/oiaa-service-expo\/\">feria de servicios<\/a><\/strong><\/li>\n<\/ul>\n\n<div style=\"height:0px\" aria-hidden=\"true\" class=\"wp-block-spacer\"><\/div>\n\n<h3 class=\"wp-block-heading\">2023 <\/h3>\n\n<p><\/p>\n\n<ul class=\"wp-block-list\">\n<li><a href=\"https:\/\/beta.aa-intergroup.org\/documents\/oiaa-igr-forum-28-january-2023\/\">Foro IGR de OIAA, 28 de enero de 2023<\/a><\/li>\n\n\n\n<li><a href=\"https:\/\/beta.aa-intergroup.org\/documents\/oiaa-igr-forum-29-april-2023\/\">Foro IGR de OIAA, 29 de abril de 2023<\/a><\/li>\n\n\n\n<li><a href=\"https:\/\/beta.aa-intergroup.org\/documents\/oiaa-igr-forum-28-october-2023\/\">Foro IGR de OIAA, 28 de octubre de 2023<\/a><\/li>\n<\/ul>\n\n<h3 class=\"wp-block-heading\">2022<\/h3>\n\n<ul class=\"wp-block-list\">\n<li><a href=\"https:\/\/beta.aa-intergroup.org\/documents\/oiaa-igr-forum-25-june-2022\/\">Foro IGR de OIAA, 25 de junio de 2022<\/a><\/li>\n\n\n\n<li><a href=\"https:\/\/beta.aa-intergroup.org\/documents\/oiaa-igr-forum-24-september-2022\/\">Foro IGR de OIAA, 24 de septiembre de 2022  <\/a><\/li>\n<\/ul>\n\n<h3 class=\"wp-block-heading\"><\/h3>\n\n<p><\/p>\n\n<p><\/p>\n","protected":false},"excerpt":{"rendered":"<p>Los foros IGR se celebran el cuarto s\u00e1bado del primer mes de cada trimestre. Los enlaces se activar\u00e1n a medida que la informaci\u00f3n est\u00e9 disponible. Env\u00ede un correo electr\u00f3nico a igr.forum@aa-intergroup.org con sus &#8220;Preguntas para la cesta de preguntas&#8221;, temas de inter\u00e9s o sugerencias para el Foro IGR. El prop\u00f3sito de este foro es compartir<a class=\"excerpt-read-more\" href=\"https:\/\/beta.aa-intergroup.org\/es\/foros-igr\/\" title=\"ReadForos IGR\">&#8230; Read more &raquo;<\/a><\/p>\n","protected":false},"author":18,"featured_media":0,"parent":0,"menu_order":0,"comment_status":"closed","ping_status":"closed","template":"","meta":{"_acf_changed":false,"_eb_attr":"","footnotes":""},"class_list":["post-17288","page","type-page","status-publish","hentry"],"acf":[],"_links":{"self":[{"href":"https:\/\/beta.aa-intergroup.org\/es\/wp-json\/wp\/v2\/pages\/17288","targetHints":{"allow":["GET"]}}],"collection":[{"href":"https:\/\/beta.aa-intergroup.org\/es\/wp-json\/wp\/v2\/pages"}],"about":[{"href":"https:\/\/beta.aa-intergroup.org\/es\/wp-json\/wp\/v2\/types\/page"}],"author":[{"embeddable":true,"href":"https:\/\/beta.aa-intergroup.org\/es\/wp-json\/wp\/v2\/users\/18"}],"replies":[{"embeddable":true,"href":"https:\/\/beta.aa-intergroup.org\/es\/wp-json\/wp\/v2\/comments?post=17288"}],"version-history":[{"count":1,"href":"https:\/\/beta.aa-intergroup.org\/es\/wp-json\/wp\/v2\/pages\/17288\/revisions"}],"predecessor-version":[{"id":17290,"href":"https:\/\/beta.aa-intergroup.org\/es\/wp-json\/wp\/v2\/pages\/17288\/revisions\/17290"}],"wp:attachment":[{"href":"https:\/\/beta.aa-intergroup.org\/es\/wp-json\/wp\/v2\/media?parent=17288"}],"curies":[{"name":"wp","href":"https:\/\/api.w.org\/{rel}","templated":true}]}}