{"id":17346,"date":"2022-10-19T06:51:27","date_gmt":"2022-10-19T10:51:27","guid":{"rendered":"https:\/\/beta.aa-intergroup.org\/asambleas-de-oiaa\/"},"modified":"2025-11-20T19:39:52","modified_gmt":"2025-11-21T00:39:52","slug":"asambleas-de-oiaa","status":"publish","type":"page","link":"https:\/\/beta.aa-intergroup.org\/es\/asambleas-de-oiaa\/","title":{"rendered":"Asambleas de OIAA"},"content":{"rendered":"\n<p>Se celebran el tercer s\u00e1bado del \u00faltimo mes de cada trimestre.<\/p>\n\n<p>Si tiene alg\u00fan tema que le gustar\u00eda incluir en el orden del d\u00eda de la Asamblea General, env\u00ede un correo electr\u00f3nico a <strong>OIAA.Board@aa-intergroup.org<\/strong> y ser\u00e1 revisado por el Presidente de OIAA. Los enlaces se activar\u00e1n a medida que se a\u00f1adan documentos.  <\/p>\n\n<h3 class=\"wp-block-heading\">2025<\/h3>\n\n<ul class=\"wp-block-list\">\n<li><a href=\"https:\/\/beta.aa-intergroup.org\/es\/asamblea-de-oiaa-15-de-marzo-de-2025\/\" data-type=\"link\" data-id=\"https:\/\/beta.aa-intergroup.org\/oiaa-assembly-15-march-2025\/\">Asamblea de OIAA, 15 de marzo de 2025<\/a><\/li>\n\n\n\n<li><a href=\"https:\/\/beta.aa-intergroup.org\/es\/asamblea-de-oiaa-21-de-junio-de-2025\/\">Asamblea de OIAA, 21 de junio de 2025<\/a><\/li>\n\n\n\n<li><a href=\"https:\/\/beta.aa-intergroup.org\/es\/asamblea-de-oiaa-20-de-septiembre-de-2025\/\" data-type=\"link\" data-id=\"https:\/\/beta.aa-intergroup.org\/oiaa-assembly-20-september-2025\/\">Asamblea de OIAA, 20 de septiembre de 2025<\/a><\/li>\n\n\n\n<li class=\"has-medium-font-size\"><a href=\"https:\/\/beta.aa-intergroup.org\/es\/documents\/asamblea-de-oiaa-del-20-de-diciembre-de-2025\/\" data-type=\"link\" data-id=\"https:\/\/beta.aa-intergroup.org\/documents\/oiaa-assembly-20-december-2025\/\"><strong>Asamblea de OIAA del 20 de diciembre de 2025<\/strong><\/a><\/li>\n<\/ul>\n\n<h3 class=\"wp-block-heading\">2024<\/h3>\n\n<ul class=\"wp-block-list\">\n<li><a href=\"https:\/\/beta.aa-intergroup.org\/es\/asamblea-de-oiaa-16-de-marzo-de-2024\/\">Asamblea de OIAA, 16 de marzo de 2024<\/a><\/li>\n\n\n\n<li><a href=\"https:\/\/beta.aa-intergroup.org\/es\/asamblea-de-oiaa-15-de-junio-de-2024\/\" data-type=\"link\" data-id=\"https:\/\/beta.aa-intergroup.org\/oiaa-assembly-15-june-2024\/\">Asamblea de OIAA, 15 de junio de 2024<\/a><\/li>\n\n\n\n<li><a href=\"https:\/\/beta.aa-intergroup.org\/es\/asamblea-de-oiaa-21-de-septiembre-de-2024\/\" data-type=\"link\" data-id=\"https:\/\/beta.aa-intergroup.org\/oiaa-assembly-21-september-2024\/\">Asamblea de OIAA, 21 de septiembre de 2024<\/a><\/li>\n\n\n\n<li><a href=\"https:\/\/beta.aa-intergroup.org\/es\/documents\/asamblea-de-oiaa-21-de-diciembre-de-2024\/\" data-type=\"link\" data-id=\"https:\/\/beta.aa-intergroup.org\/documents\/oiaa-assembly-21-december-2024\/\">Asamblea de OIAA, 21 de diciembre de 2024<\/a><\/li>\n<\/ul>\n\n<h3 class=\"wp-block-heading\">2023<\/h3>\n\n<ul class=\"wp-block-list\">\n<li><a href=\"https:\/\/beta.aa-intergroup.org\/es\/asamblea-de-oiaa-del-18-de-marzo-de-2023\/\">Asamblea de OIAA, 18 de marzo de 2023 <\/a> <\/li>\n\n\n\n<li><a href=\"https:\/\/beta.aa-intergroup.org\/es\/asamblea-de-oiaa-17-de-junio-de-2023\/\">Asamblea de OIAA, 17 de junio de 2023<\/a> <\/li>\n\n\n\n<li><a href=\"https:\/\/beta.aa-intergroup.org\/es\/asamblea-de-oiaa-29-de-julio-de-2023\/\">Asamblea de OIAA, 29 de julio de 2023<\/a><\/li>\n\n\n\n<li><a href=\"https:\/\/beta.aa-intergroup.org\/es\/asamblea-de-oiaa-del-16-de-septiembre-de-2023\/\">Asamblea de OIAA del 16 de septiembre de 2023<\/a><\/li>\n\n\n\n<li><a href=\"https:\/\/beta.aa-intergroup.org\/es\/asamblea-de-oiaa-16-de-diciembre-de-2023\/\">Asamblea de OIAA, 16 de diciembre de 2023<\/a><\/li>\n<\/ul>\n\n<h3 class=\"wp-block-heading\">2022<\/h3>\n\n<ul class=\"wp-block-list\">\n<li><a href=\"https:\/\/beta.aa-intergroup.org\/es\/asamblea-de-oiaa-del-10-de-septiembre-de-2022\/\" data-type=\"page\">Asamblea de OIAA del 10 de septiembre de 2022<\/a><\/li>\n\n\n\n<li><a href=\"https:\/\/beta.aa-intergroup.org\/es\/asamblea-de-oiaa-3-de-diciembre-de-2022\/\" data-type=\"page\">Asamblea de OIAA, 3 de diciembre de 2022<\/a><\/li>\n<\/ul>\n\n<p><\/p>\n","protected":false},"excerpt":{"rendered":"<p>Se celebran el tercer s\u00e1bado del \u00faltimo mes de cada trimestre. Si tiene alg\u00fan tema que le gustar\u00eda incluir en el orden del d\u00eda de la Asamblea General, env\u00ede un correo electr\u00f3nico a OIAA.Board@aa-intergroup.org y ser\u00e1 revisado por el Presidente de OIAA. Los enlaces se activar\u00e1n a medida que se a\u00f1adan documentos. 2025 2024 2023<a class=\"excerpt-read-more\" href=\"https:\/\/beta.aa-intergroup.org\/es\/asambleas-de-oiaa\/\" title=\"ReadAsambleas de OIAA\">&#8230; Read more &raquo;<\/a><\/p>\n","protected":false},"author":12,"featured_media":0,"parent":0,"menu_order":0,"comment_status":"closed","ping_status":"closed","template":"","meta":{"_acf_changed":false,"_eb_attr":"","footnotes":""},"class_list":["post-17346","page","type-page","status-publish","hentry"],"acf":[],"_links":{"self":[{"href":"https:\/\/beta.aa-intergroup.org\/es\/wp-json\/wp\/v2\/pages\/17346","targetHints":{"allow":["GET"]}}],"collection":[{"href":"https:\/\/beta.aa-intergroup.org\/es\/wp-json\/wp\/v2\/pages"}],"about":[{"href":"https:\/\/beta.aa-intergroup.org\/es\/wp-json\/wp\/v2\/types\/page"}],"author":[{"embeddable":true,"href":"https:\/\/beta.aa-intergroup.org\/es\/wp-json\/wp\/v2\/users\/12"}],"replies":[{"embeddable":true,"href":"https:\/\/beta.aa-intergroup.org\/es\/wp-json\/wp\/v2\/comments?post=17346"}],"version-history":[{"count":3,"href":"https:\/\/beta.aa-intergroup.org\/es\/wp-json\/wp\/v2\/pages\/17346\/revisions"}],"predecessor-version":[{"id":41396,"href":"https:\/\/beta.aa-intergroup.org\/es\/wp-json\/wp\/v2\/pages\/17346\/revisions\/41396"}],"wp:attachment":[{"href":"https:\/\/beta.aa-intergroup.org\/es\/wp-json\/wp\/v2\/media?parent=17346"}],"curies":[{"name":"wp","href":"https:\/\/api.w.org\/{rel}","templated":true}]}}