{"id":17454,"date":"2020-03-10T23:54:03","date_gmt":"2020-03-11T03:54:03","guid":{"rendered":"https:\/\/beta.aa-intergroup.org\/anonimato\/"},"modified":"2025-10-28T07:39:31","modified_gmt":"2025-10-28T11:39:31","slug":"anonimato","status":"publish","type":"page","link":"https:\/\/beta.aa-intergroup.org\/es\/anonimato\/","title":{"rendered":"Anonimato"},"content":{"rendered":"<blockquote>\n<p>Nuestra pol\u00edtica de relaciones p\u00fablicas se basa en la atracci\u00f3n en lugar de la promoci\u00f3n; siempre debemos mantener el anonimato personal a nivel de prensa, radio, [TV] y pel\u00edculas.<\/p>\n<p>Por lo tanto, solicitamos respetuosamente que ning\u00fan orador de AA \u2014o, de hecho, ning\u00fan miembro de AA\u2014 sea identificado por su nombre completo en informes publicados o transmitidos de nuestras reuniones. ..<\/p>\n<p>La garant\u00eda de anonimato es esencial en nuestro esfuerzo por ayudar a otros bebedores problem\u00e1ticos que deseen compartir nuestro programa de recuperaci\u00f3n con nosotros. Y nuestra Tradici\u00f3n de anonimato nos recuerda que los principios de AA est\u00e1n por encima de las personalidades. <\/p>\n<p><em>Copyright A.A. World Services, Inc. Reimpreso con permiso. <\/em><\/p>\n<\/blockquote>\n<h3> <\/h3>\n<h3 class=\"txtBig\">OIAA y el anonimato a nivel p\u00fablico (04.13.25)<\/h3>\n<p><strong>Introducci\u00f3n<\/strong><\/p>\n<p>Alcoh\u00f3licos An\u00f3nimos tiene una larga tradici\u00f3n de promover el anonimato, como se describe en las 12 Tradiciones. Este principio de anonimato sirve como base para mantener un sentido de igualdad y seguridad, adem\u00e1s de permitirnos centrarnos en el prop\u00f3sito principal de la recuperaci\u00f3n. Como bien sabemos, con el crecimiento de las reuniones en l\u00ednea y las interacciones en plataformas de redes sociales y sitios web, es imprescindible que abordemos c\u00f3mo estos principios espirituales sugeridos pueden ser reconocidos en los espacios digitales.  <\/p>\n<p>Este documento de pol\u00edtica busca delinear algunas pautas para mantener el anonimato personal de los miembros de AA, incluidos aquellos que han fallecido, en el mundo en l\u00ednea. El mundo digital de hoy ha introducido cuestiones complejas con respecto a la privacidad y el anonimato. Nuestro objetivo es asegurar que los principios de AA sean reconocidos, sin ser personalmente punitivos para aquellos que se sienten diferentes sobre estos temas.  <\/p>\n<p><strong>Antecedentes<\/strong><\/p>\n<p>AA ha funcionado bajo el principio rector del anonimato, asegurando que las identidades de los miembros permanezcan confidenciales y protegidas.<\/p>\n<p>En el folleto de AA, \u201cComprendiendo el Anonimato\u201d, se se\u00f1ala que el anonimato cumple dos funciones diferentes pero vitales. La primera es a nivel personal, \u201cel anonimato proporciona protecci\u00f3n para todos los miembros de la identificaci\u00f3n como alcoh\u00f3licos, una salvaguarda a menudo de especial importancia para los reci\u00e9n llegados\u201d. La segunda funci\u00f3n se\u00f1alada es que a nivel de prensa, radio, TV, pel\u00edculas y otras tecnolog\u00edas de medios como Internet, \u201cel anonimato enfatiza la igualdad en la Comunidad de todos los miembros al frenar a aquellos que de otro modo podr\u00edan explotar su afiliaci\u00f3n a AA para lograr reconocimiento, poder o ganancia personal\u201d.  <\/p>\n<p>A medida que la comunidad se traslada a los espacios en l\u00ednea, especialmente a trav\u00e9s de reuniones en l\u00ednea, la necesidad de abordar el anonimato se vuelve a\u00fan m\u00e1s crucial. Los sitios web y las plataformas de redes sociales pueden difuminar f\u00e1cilmente las l\u00edneas del anonimato. El tema de las identidades de los miembros fallecidos presenta un tema delicado con respecto a la privacidad y la confidencialidad de los miembros tanto vivos como fallecidos. Sin embargo, se observa que el anonimato p\u00f3stumo de un miembro de A.A. permanece con la familia.   <\/p>\n<p>En la Reuni\u00f3n de Servicios Mundiales de AA de 2004, un foro internacional que se celebra cada dos a\u00f1os con delegados de AA de todo el mundo, celebrada en Nueva York, se llevaron a cabo talleres sobre los nuevos medios y las Tradiciones. Se pregunt\u00f3: \u201cComo el anonimato es el \u2018fundamento espiritual de todas nuestras Tradiciones\u2019, \u00bfutiliza su pa\u00eds las mismas salvaguardias en los sitios web de A.A. que se utilizan a nivel de prensa, radio y cine?\u201d. La respuesta fue: \u201cEn general, se acord\u00f3 que las mismas salvaguardias est\u00e1n en vigor para los sitios web de A.A. que para otros medios\u201d. Este es un aspecto importante a considerar al abordar estos temas, ya que el \u201cgeneralmente acordado\u201d indica que no todos interpretan este principio de anonimato de la misma manera en todo el mundo. Aunque esta Reuni\u00f3n de Servicios Mundiales fue hace m\u00e1s de 20 a\u00f1os, sigue siendo relevante para esta discusi\u00f3n. La hermosa diversidad y participaci\u00f3n de m\u00faltiples pa\u00edses y sus estructuras aut\u00f3nomas de AA es lo que hace que esta organizaci\u00f3n sea inspiradora y como ninguna otra. Nuestra experiencia colectiva mundial inspira a los miembros de todo el mundo a encontrar Alcoh\u00f3licos An\u00f3nimos.      <\/p>\n<p>Esta junta y nuestra membres\u00eda no deber\u00edan querer asumir el papel de aplicaci\u00f3n o de imponer un castigo punitivo. El Concepto Doce establece que nuestras acciones nunca deben ser personalmente punitivas o una incitaci\u00f3n a la controversia p\u00fablica. La Tradici\u00f3n Uno se\u00f1ala \u201cnuestro bienestar com\u00fan\u201d. La Tradici\u00f3n Dos nos recuerda \u201cun Dios amoroso como \u00c9l pueda expresarse en nuestra conciencia de grupo\u201d. La Tradici\u00f3n Cuatro invoca nuestra autonom\u00eda, \u201cexcepto en asuntos que afecten a otros grupos o a AA en su conjunto\u201d. Y las Tradiciones Once y Doce nos recuerdan que debemos mantener el anonimato personal a nivel de prensa, radio y cine\u201d, y que \u201cel anonimato es el fundamento espiritual de todas nuestras tradiciones, record\u00e1ndonos siempre que debemos colocar los principios antes que las personalidades\u201d. Se me recuerda que la personalidad es m\u00eda, no tuya. \u00bfPuedo ser un miembro entre miembros, sin distinci\u00f3n, pero espiritualmente igual a mis compa\u00f1eros miembros? \u00bfPuedo permitir que otros sean diferentes?        <\/p>\n<p><span style=\"text-decoration: underline;\"><strong>Pol\u00edtica de OIAA:<\/strong><\/span><\/p>\n<p>Con respecto al sitio web de OIAA, se debe mantener el anonimato personal. No se trata tanto de protegerme a m\u00ed, sino de proteger a la persona nueva que est\u00e1 mirando nuestra organizaci\u00f3n por primera vez, buscando ayuda con su alcoholismo. Se trata de seguridad y privacidad para aquellos que buscan ayuda o sirven a nuestra organizaci\u00f3n.  <\/p>\n<p>Con respecto al canal de YouTube de OIAA, OIAA mantendr\u00e1 dos canales: uno de cara al p\u00fablico con informaci\u00f3n sobre OIAA y un segundo canal, marcado como privado, donde los miembros que deseen publicar videos celebrando su comunidad, como ocurri\u00f3 con la Convenci\u00f3n Internacional organizada por OIAA, podr\u00edan tener un espacio para hacerlo. El acceso al canal privado ser\u00eda voluntario. Todav\u00eda habr\u00e1 una necesidad de supervisi\u00f3n por parte de nuestros Comit\u00e9s para asegurar la adecuaci\u00f3n del contenido y para eliminar cualquier cosa que sea divisiva, ofensiva o un tema externo.  <\/p>\n\n<h2 class=\"wp-block-heading\"><a href=\"https:\/\/beta.aa-intergroup.org\/es\/politica-de-privacidad\/\" data-type=\"link\" data-id=\"https:\/\/beta.aa-intergroup.org\/privacy-policy\/\">Pol\u00edtica de privacidad<\/a><\/h2>\n","protected":false},"excerpt":{"rendered":"<p>Nuestra pol\u00edtica de relaciones p\u00fablicas se basa en la atracci\u00f3n en lugar de la promoci\u00f3n; siempre debemos mantener el anonimato personal a nivel de prensa, radio, [TV] y pel\u00edculas. Por lo tanto, solicitamos respetuosamente que ning\u00fan orador de AA \u2014o, de hecho, ning\u00fan miembro de AA\u2014 sea identificado por su nombre completo en informes publicados<a class=\"excerpt-read-more\" href=\"https:\/\/beta.aa-intergroup.org\/es\/anonimato\/\" title=\"ReadAnonimato\">&#8230; Read more &raquo;<\/a><\/p>\n","protected":false},"author":9,"featured_media":0,"parent":0,"menu_order":0,"comment_status":"closed","ping_status":"closed","template":"","meta":{"_acf_changed":false,"_eb_attr":"","footnotes":""},"class_list":["post-17454","page","type-page","status-publish","hentry"],"acf":[],"_links":{"self":[{"href":"https:\/\/beta.aa-intergroup.org\/es\/wp-json\/wp\/v2\/pages\/17454","targetHints":{"allow":["GET"]}}],"collection":[{"href":"https:\/\/beta.aa-intergroup.org\/es\/wp-json\/wp\/v2\/pages"}],"about":[{"href":"https:\/\/beta.aa-intergroup.org\/es\/wp-json\/wp\/v2\/types\/page"}],"author":[{"embeddable":true,"href":"https:\/\/beta.aa-intergroup.org\/es\/wp-json\/wp\/v2\/users\/9"}],"replies":[{"embeddable":true,"href":"https:\/\/beta.aa-intergroup.org\/es\/wp-json\/wp\/v2\/comments?post=17454"}],"version-history":[{"count":1,"href":"https:\/\/beta.aa-intergroup.org\/es\/wp-json\/wp\/v2\/pages\/17454\/revisions"}],"predecessor-version":[{"id":17456,"href":"https:\/\/beta.aa-intergroup.org\/es\/wp-json\/wp\/v2\/pages\/17454\/revisions\/17456"}],"wp:attachment":[{"href":"https:\/\/beta.aa-intergroup.org\/es\/wp-json\/wp\/v2\/media?parent=17454"}],"curies":[{"name":"wp","href":"https:\/\/api.w.org\/{rel}","templated":true}]}}