{"id":17461,"date":"2024-11-23T22:52:55","date_gmt":"2024-11-24T03:52:55","guid":{"rendered":"https:\/\/beta.aa-intergroup.org\/declaracion-del-proposito-y-los-objetivos-originales-de-oiaa\/"},"modified":"2025-10-28T07:39:31","modified_gmt":"2025-10-28T11:39:31","slug":"declaracion-del-proposito-y-los-objetivos-originales-de-oiaa","status":"publish","type":"page","link":"https:\/\/beta.aa-intergroup.org\/es\/declaracion-del-proposito-y-los-objetivos-originales-de-oiaa\/","title":{"rendered":"Declaraci\u00f3n del prop\u00f3sito y los objetivos originales de OIAA"},"content":{"rendered":"\n<p>&#8211;<strong>&#8212; Esta declaraci\u00f3n forma parte de la historia de OIAA. Fue escrita a mediados de la d\u00e9cada de 1990 &#8212;-<\/strong><\/p>\n\n<p>El fen\u00f3meno de la nueva tecnolog\u00eda de los ordenadores, los m\u00f3dems, la World Wide Web y la comunicaci\u00f3n por Internet dio origen a un nuevo medio de intercambio a trav\u00e9s del cual los alcoh\u00f3licos pod\u00edan interactuar con otros alcoh\u00f3licos. En los \u00faltimos a\u00f1os, han surgido muchas reuniones nuevas en l\u00ednea que, al no tener l\u00edmites geogr\u00e1ficos, no pod\u00edan encajar en las estructuras de servicio de las reuniones presenciales (f2f) habituales de AA. De esto surgi\u00f3 el reconocimiento por parte de muchos grupos en l\u00ednea de que era necesario alg\u00fan tipo de grupo de servicio para ayudar y facilitar la comunicaci\u00f3n y la coordinaci\u00f3n del entorno de AA en el ciberespacio. Si bien la estructura de servicio oficial de AA est\u00e1 intentando desarrollar una estrategia para incluir las reuniones en l\u00ednea dentro de esa estructura, el Intergrupo en L\u00ednea de Alcoh\u00f3licos An\u00f3nimos (OIAA) se form\u00f3 para proporcionar servicios t\u00edpicos de los Intergrupos o las Oficinas Centrales de las reuniones presenciales. Si bien la mayor\u00eda de los Intergrupos sirven a regiones geogr\u00e1ficas espec\u00edficas, OIAA se estableci\u00f3 para servir al ciberespacio.    <\/p>\n\n<p>El prop\u00f3sito principal de todos los grupos de Alcoh\u00f3licos An\u00f3nimos es llevar su mensaje al alcoh\u00f3lico que a\u00fan sufre. A partir de ese prop\u00f3sito, OIAA se ha comprometido a ayudar a los grupos miembros de varias maneras, la mayor\u00eda de las cuales est\u00e1n relacionadas espec\u00edficamente con el medio del ciberespacio. Debido a que la recuperaci\u00f3n personal depende de la unidad de AA, en OIAA estamos dedicados a ayudar y facilitar la mejor unidad posible de servicio a y para AA en el ciberespacio. La comunicaci\u00f3n y la informaci\u00f3n son dos ingredientes esenciales para establecer y mantener la unidad; por lo tanto, OIAA est\u00e1 obligado a proporcionar un foro central para la difusi\u00f3n de informaci\u00f3n sobre y para la comunidad en l\u00ednea de AA y AA en su conjunto.   <\/p>\n\n<p>OIAA actualmente proporciona informaci\u00f3n de varias maneras, y esperamos desarrollar a\u00fan m\u00e1s formas en el futuro. Una forma en que OIAA difunde informaci\u00f3n es el desarrollo y mantenimiento de los Directorios de Reuniones de la World Wide Web que incluyen reuniones y grupos de correo electr\u00f3nico, as\u00ed como reuniones y grupos en tiempo real (chat). Otro veh\u00edculo de comunicaci\u00f3n es el Comit\u00e9 de Unidad de OIAA, que se encarga de la comunicaci\u00f3n con otros organismos de servicio de AA, como los distritos locales, los intergrupos, las \u00e1reas, las regiones, AAWS, GSO-NY y GSO-UK. Una tercera forma de comunicaci\u00f3n es el Comit\u00e9 de Informaci\u00f3n P\u00fablica de OIAA, que responde a las necesidades a nivel p\u00fablico y facilita la concienciaci\u00f3n y la comprensi\u00f3n p\u00fablicas de Alcoh\u00f3licos An\u00f3nimos por medio de Internet, los medios de comunicaci\u00f3n, el contacto personal o las funciones p\u00fablicas no pertenecientes a AA a trav\u00e9s de literatura aprobada en conferencias, oradores o correspondencia y de acuerdo con los 12 Pasos, las 12 Tradiciones y los 12 Conceptos de Alcoh\u00f3licos An\u00f3nimos.   <\/p>\n\n<p>OIAA tambi\u00e9n est\u00e1 en proceso de desarrollar directrices para ayudar a sus grupos miembros, grupos futuros, otros intergrupos, reuniones f2f, distritos, \u00e1reas y GSO, y AAWS con los entresijos de la experiencia en l\u00ednea. Esto puede traducirse en la publicaci\u00f3n en l\u00ednea de art\u00edculos de servicio sobre c\u00f3mo establecer grupos en l\u00ednea, o c\u00f3mo lidiar con las tradiciones en el ciberespacio, o una serie de otros temas pr\u00e1cticos (como la creaci\u00f3n de p\u00e1ginas de inicio, etc.). <\/p>\n\n<p>Otra prioridad para OIAA es el desarrollo de proyectos conjuntos para sus grupos miembros. Estos incluir\u00edan proporcionar una presencia en las Convenciones Internacionales, las convenciones locales y las reuniones, y demostraciones de c\u00f3mo funciona AA en l\u00ednea. OIAA naci\u00f3 de uno de estos proyectos en la Convenci\u00f3n Internacional de 1995 en San Diego. Esperamos proporcionar tal presencia en muchas convenciones en el futuro.   <\/p>\n\n<p>El fen\u00f3meno en l\u00ednea es relativamente nuevo, pero la membres\u00eda de los grupos en l\u00ednea ha aumentado enormemente recientemente a medida que las noticias de su existencia llegan a la membres\u00eda mundial de AA. Esperamos que esta tendencia contin\u00fae y esperamos que OIAA pueda proporcionar a la comunidad del ciberespacio el tipo de servicios que requerir\u00e1 dicha membres\u00eda. Es una experiencia emocionante y a la que todos nosotros en OIAA estamos dedicados a proporcionar bajo los principios de los pasos, las tradiciones y los conceptos de AA. <\/p>\n\n<div class=\"wp-block-essential-blocks-button root-eb-button-zva29\"><div class=\"eb-parent-wrapper eb-parent-eb-button-zva29 \"><div class=\"eb-button-wrapper eb-button-alignment eb-button-zva29\"><div class=\"eb-button\"><div class=\"eb-button-inner-wrapper \"><a class=\"eb-button-anchor \" href=\"https:\/\/beta.aa-intergroup.org\/es\/cronologia-de-la-historia-de-oiaa\/\" rel=\"noopener\"><i icon=\"fas fa-chevron-left\" class=\"fas fa-chevron-left eb-button-icon eb-button-icon-left hvr-icon\"><\/i>Volver a la cronolog\u00eda de la historia de OIAA<\/a><\/div><\/div><\/div><\/div><\/div>\n","protected":false},"excerpt":{"rendered":"<p>&#8211;&#8212; Esta declaraci\u00f3n forma parte de la historia de OIAA. Fue escrita a mediados de la d\u00e9cada de 1990 &#8212;- El fen\u00f3meno de la nueva tecnolog\u00eda de los ordenadores, los m\u00f3dems, la World Wide Web y la comunicaci\u00f3n por Internet dio origen a un nuevo medio de intercambio a trav\u00e9s del cual los alcoh\u00f3licos pod\u00edan<a class=\"excerpt-read-more\" href=\"https:\/\/beta.aa-intergroup.org\/es\/declaracion-del-proposito-y-los-objetivos-originales-de-oiaa\/\" title=\"ReadDeclaraci\u00f3n del prop\u00f3sito y los objetivos originales de OIAA\">&#8230; Read more &raquo;<\/a><\/p>\n","protected":false},"author":153,"featured_media":0,"parent":0,"menu_order":0,"comment_status":"closed","ping_status":"closed","template":"","meta":{"_acf_changed":false,"_eb_attr":"","footnotes":""},"class_list":["post-17461","page","type-page","status-publish","hentry"],"acf":[],"_links":{"self":[{"href":"https:\/\/beta.aa-intergroup.org\/es\/wp-json\/wp\/v2\/pages\/17461","targetHints":{"allow":["GET"]}}],"collection":[{"href":"https:\/\/beta.aa-intergroup.org\/es\/wp-json\/wp\/v2\/pages"}],"about":[{"href":"https:\/\/beta.aa-intergroup.org\/es\/wp-json\/wp\/v2\/types\/page"}],"author":[{"embeddable":true,"href":"https:\/\/beta.aa-intergroup.org\/es\/wp-json\/wp\/v2\/users\/153"}],"replies":[{"embeddable":true,"href":"https:\/\/beta.aa-intergroup.org\/es\/wp-json\/wp\/v2\/comments?post=17461"}],"version-history":[{"count":1,"href":"https:\/\/beta.aa-intergroup.org\/es\/wp-json\/wp\/v2\/pages\/17461\/revisions"}],"predecessor-version":[{"id":17463,"href":"https:\/\/beta.aa-intergroup.org\/es\/wp-json\/wp\/v2\/pages\/17461\/revisions\/17463"}],"wp:attachment":[{"href":"https:\/\/beta.aa-intergroup.org\/es\/wp-json\/wp\/v2\/media?parent=17461"}],"curies":[{"name":"wp","href":"https:\/\/api.w.org\/{rel}","templated":true}]}}