{"id":17487,"date":"2020-03-19T15:21:31","date_gmt":"2020-03-19T19:21:31","guid":{"rendered":"https:\/\/beta.aa-intergroup.org\/que-significa-beta\/"},"modified":"2025-10-28T07:39:34","modified_gmt":"2025-10-28T11:39:34","slug":"que-significa-beta","status":"publish","type":"page","link":"https:\/\/beta.aa-intergroup.org\/es\/que-significa-beta\/","title":{"rendered":"\u00bfQu\u00e9 significa &#8220;beta&#8221;?"},"content":{"rendered":"\n<p><strong><em>NOTA: El sitio se ha puesto en marcha recientemente y, durante esta transici\u00f3n, algunos aspectos del sitio pueden ser lentos, estar rotos o tener un formato incorrecto. Por favor, &#8220;disculpen las molestias&#8221; por as\u00ed decirlo. Pueden seguir accediendo al sitio antiguo: <a href=\"https:\/\/archive.aa-intergroup.org\">archive.aa-intergroup.org<\/a>.  <\/em><\/strong><\/p>\n\n<hr class=\"wp-block-separator\"\/>\n\n<p>Las reuniones presenciales siguen siendo un elemento b\u00e1sico del programa de 12 pasos, pero hay situaciones en las que las personas no pueden reunirse cara a cara &#8212; <em>como nuestra actual pandemia mundial<\/em> &#8212; o un individuo no puede encontrar una reuni\u00f3n adecuada cerca, ya sea por preferencia, necesidades especiales, idioma o cualquier otra cosa.<\/p>\n\n<div class=\"wp-block-image\"><figure class=\"alignright size-large is-resized\"><img loading=\"lazy\" decoding=\"async\" src=\"https:\/\/beta.aa-intergroup.org\/wp-content\/uploads\/2020\/05\/smartmockups-home.jpg\" alt=\"mockup-home\" class=\"wp-image-877\" width=\"365\" height=\"328\" srcset=\"https:\/\/beta.aa-intergroup.org\/wp-content\/uploads\/2020\/05\/smartmockups-home.jpg 800w, https:\/\/beta.aa-intergroup.org\/wp-content\/uploads\/2020\/05\/smartmockups-home-300x270.jpg 300w, https:\/\/beta.aa-intergroup.org\/wp-content\/uploads\/2020\/05\/smartmockups-home-768x692.jpg 768w\" sizes=\"auto, (max-width: 365px) 100vw, 365px\" \/><\/figure><\/div>\n\n<p>Esta es la raz\u00f3n por la que el <strong>Grupo Interonline<\/strong> se dedica a servir a su misi\u00f3n de conectar grupos en l\u00ednea en un lugar central donde los AA puedan encontrar reuniones en l\u00ednea en vivo: videochats, conferencias telef\u00f3nicas, salas de chat, foros de mensajes, listas de correo electr\u00f3nico o incluso a trav\u00e9s de interfaces de juegos. Estos mecanismos ofrecen a la comunidad formas de apoyar su recuperaci\u00f3n desde donde se encuentren en cualquier momento.  <\/p>\n\n<p>El Grupo Interonline de AA ofrece el directorio y las herramientas de comunicaci\u00f3n en apoyo de la comunidad. <strong>Con el fin de ofrecer un mejor servicio, hemos renovado nuestra plataforma en l\u00ednea para facilitar el acceso de los usuarios.<\/strong>   <\/p>\n\n<p>Esto es en lo que hemos estado trabajando: <\/p>\n\n<div class=\"wp-block-image\"><figure class=\"alignright size-large is-resized\"><img loading=\"lazy\" decoding=\"async\" src=\"https:\/\/beta.aa-intergroup.org\/wp-content\/uploads\/2020\/05\/smartmockups-directory.jpg\" alt=\"\" class=\"wp-image-878\" width=\"357\" height=\"321\" srcset=\"https:\/\/beta.aa-intergroup.org\/wp-content\/uploads\/2020\/05\/smartmockups-directory.jpg 800w, https:\/\/beta.aa-intergroup.org\/wp-content\/uploads\/2020\/05\/smartmockups-directory-300x270.jpg 300w, https:\/\/beta.aa-intergroup.org\/wp-content\/uploads\/2020\/05\/smartmockups-directory-768x692.jpg 768w\" sizes=\"auto, (max-width: 357px) 100vw, 357px\" \/><\/figure><\/div>\n\n<ul class=\"wp-block-list\"><li><strong>Base de datos m\u00e1s f\u00e1cil de usar<\/strong>: El Directorio de Reuniones &#8212; aunque es un trabajo en progreso &#8212; incluye muchas caracter\u00edsticas solicitadas: capacidad de b\u00fasqueda y filtrado por tipo o formato. Estamos planeando a\u00f1adir una mejor capacidad de filtrado, la capacidad de guardar, destacar o reuniones, y m\u00e1s. <\/li><li><strong>Dise\u00f1o prioritario para m\u00f3viles<\/strong>: Los datos muestran que m\u00e1s del 70% de los visitantes del sitio est\u00e1n usando sus tel\u00e9fonos, por lo que hemos dise\u00f1ado este sitio con un &#8220;ethos prioritario para m\u00f3viles&#8221; &#8212; es decir, todo el contenido y las caracter\u00edsticas, incluyendo el directorio, est\u00e1n optimizados para el acceso sobre la marcha (iPhone, Android, etc.).<\/li><li><strong>Dise\u00f1o optimizado<\/strong>: Bas\u00e1ndonos en los datos de a qu\u00e9 han ido primero los usuarios &#8212; incluyendo el directorio de reuniones &#8212; hemos organizado el sitio para que est\u00e9 &#8220;orientado a la acci\u00f3n&#8221; y le d\u00e9 acceso r\u00e1pido y directo a las cosas que necesita: la <a href=\"https:\/\/beta.aa-intergroup.org\/oiaa\/meetings\/\"><em>pr\u00f3xima<\/em> reuni\u00f3n<\/a> disponible, <a href=\"https:\/\/beta.aa-intergroup.org\/oiaa\/get-help-now\/\"><em>acceso directo a personas<\/em><\/a> que pueden ayudar, y <em><a href=\"https:\/\/beta.aa-intergroup.org\/oiaa\/resources\/\">m\u00e1s recursos<\/a><\/em> para ayudar en su recuperaci\u00f3n.<\/li><\/ul>\n\n<p>El sitio est\u00e1 siendo probado para desarrollar las mejores soluciones. Estamos aprendiendo constantemente. Pero al igual que con la tecnolog\u00eda centrada en el usuario y basada en la retroalimentaci\u00f3n, esto a veces puede parecer extra\u00f1o, renderizar un poco raro, o incluso romperse.   <\/p>\n\n<p>As\u00ed que tengan paciencia con nosotros &#8212; miren alrededor, prueben las cosas, y esperemos que encuentren lo que necesitan &#8212; y si tienen ideas, por favor comp\u00e1rtanlas: <\/p>\n\n<p class=\"has-text-align-right\"><em>&#8211; Sus compa\u00f1eros en AA<\/em><\/p>\n\n<h3 class=\"wp-block-heading\">Formulario de comentarios<\/h3>\n<div class=\"wpforms-container wpforms-container-full wpforms-block\" id=\"wpforms-830\"><form id=\"wpforms-form-830\" class=\"wpforms-validate wpforms-form\" data-formid=\"830\" method=\"post\" enctype=\"multipart\/form-data\" action=\"\/es\/wp-json\/wp\/v2\/pages\/17487\" data-token=\"1bd947c1e1a2fd5d4dc8c851ff228de2\" data-token-time=\"1775329469\"><noscript class=\"wpforms-error-noscript\">Por favor, activa JavaScript en tu navegador para completar este formulario.<\/noscript><div class=\"wpforms-field-container\"><div id=\"wpforms-830-field_15-container\" class=\"wpforms-field wpforms-field-number\" data-field-id=\"15\"><label class=\"wpforms-field-label\" for=\"wpforms-830-field_15\">N\u00famero de reuni\u00f3n del intergrupo en l\u00ednea &#8211; OIMN<\/label><input type=\"number\" id=\"wpforms-830-field_15\" class=\"wpforms-field-medium\" name=\"wpforms[fields][15]\" ><div class=\"wpforms-field-description\">N\u00famero interno \u00fanico de OIAA para la reuni\u00f3n que desea cambiar, proporcionado por PAC. <\/div><\/div><div id=\"wpforms-830-field_13-container\" class=\"wpforms-field wpforms-field-text\" data-field-id=\"13\"><label class=\"wpforms-field-label\" for=\"wpforms-830-field_13\">Nombre de la reuni\u00f3n <span class=\"wpforms-required-label\">*<\/span><\/label><input type=\"text\" id=\"wpforms-830-field_13\" class=\"wpforms-field-medium wpforms-field-required\" name=\"wpforms[fields][13]\" required><\/div><div id=\"wpforms-830-field_0-container\" class=\"wpforms-field wpforms-field-name\" data-field-id=\"0\"><label class=\"wpforms-field-label\" for=\"wpforms-830-field_0\">Nombre del contacto principal o alternativo  <span class=\"wpforms-required-label\">*<\/span><\/label><input type=\"text\" id=\"wpforms-830-field_0\" class=\"wpforms-field-medium wpforms-field-required\" name=\"wpforms[fields][0]\" required><\/div><div id=\"wpforms-830-field_1-container\" class=\"wpforms-field wpforms-field-email\" data-field-id=\"1\"><label class=\"wpforms-field-label\" for=\"wpforms-830-field_1\">Correo electr\u00f3nico principal o alternativo <span class=\"wpforms-required-label\">*<\/span><\/label><input type=\"email\" id=\"wpforms-830-field_1\" class=\"wpforms-field-medium wpforms-field-required\" name=\"wpforms[fields][1]\" spellcheck=\"false\" required><\/div><div id=\"wpforms-830-field_17-container\" class=\"wpforms-field wpforms-field-checkbox\" data-field-id=\"17\"><label class=\"wpforms-field-label\">Por favor, seleccione  <span class=\"wpforms-required-label\">*<\/span><\/label><ul id=\"wpforms-830-field_17\" class=\"wpforms-field-required\"><li class=\"choice-1 depth-1\"><input type=\"checkbox\" id=\"wpforms-830-field_17_1\" name=\"wpforms[fields][17][]\" value=\"Contacto principal\" required ><label class=\"wpforms-field-label-inline\" for=\"wpforms-830-field_17_1\">Contacto principal<\/label><\/li><li class=\"choice-2 depth-1\"><input type=\"checkbox\" id=\"wpforms-830-field_17_2\" name=\"wpforms[fields][17][]\" value=\"Contacto alternativo\" required ><label class=\"wpforms-field-label-inline\" for=\"wpforms-830-field_17_2\">Contacto alternativo<\/label><\/li><\/ul><\/div><div id=\"wpforms-830-field_5-container\" class=\"wpforms-field wpforms-field-text\" data-field-id=\"5\"><label class=\"wpforms-field-label\" for=\"wpforms-830-field_5\">Asunto <span class=\"wpforms-required-label\">*<\/span><\/label><input type=\"text\" id=\"wpforms-830-field_5\" class=\"wpforms-field-medium wpforms-field-required\" name=\"wpforms[fields][5]\" required><\/div><div id=\"wpforms-830-field_2-container\" class=\"wpforms-field wpforms-field-textarea\" data-field-id=\"2\"><label class=\"wpforms-field-label\" for=\"wpforms-830-field_2\">Cambios solicitados para la reuni\u00f3n <span class=\"wpforms-required-label\">*<\/span><\/label><textarea id=\"wpforms-830-field_2\" class=\"wpforms-field-medium wpforms-field-required\" name=\"wpforms[fields][2]\" required><\/textarea><\/div><div id=\"wpforms-830-field_16-container\" class=\"wpforms-field wpforms-field-gdpr-checkbox\" data-field-id=\"16\"><label class=\"wpforms-field-label\">Acuerdo RGPD <span class=\"wpforms-required-label\">*<\/span><\/label><ul id=\"wpforms-830-field_16\" class=\"wpforms-field-required\"><li class=\"choice-1\"><input type=\"checkbox\" id=\"wpforms-830-field_16_1\" name=\"wpforms[fields][16][]\" value=\"Doy mi consentimiento para que este sitio web almacene la informaci\u00f3n que env\u00edo para que puedan responder a mi consulta.\" required ><label class=\"wpforms-field-label-inline\" for=\"wpforms-830-field_16_1\">Doy mi consentimiento para que este sitio web almacene la informaci\u00f3n que env\u00edo para que puedan responder a mi consulta.<\/label><\/li><\/ul><\/div><div id=\"wpforms-830-field_7-container\" class=\"wpforms-field wpforms-field-hidden\" data-field-id=\"7\"><input type=\"hidden\" id=\"wpforms-830-field_7\" name=\"wpforms[fields][7]\"><\/div><div id=\"wpforms-830-field_8-container\" class=\"wpforms-field wpforms-field-hidden\" data-field-id=\"8\"><input type=\"hidden\" id=\"wpforms-830-field_8\" name=\"wpforms[fields][8]\"><\/div><\/div><!-- .wpforms-field-container --><div class=\"wpforms-field wpforms-field-hp\"><label for=\"wpforms-830-field-hp\" class=\"wpforms-field-label\">Phone<\/label><input type=\"text\" name=\"wpforms[hp]\" id=\"wpforms-830-field-hp\" class=\"wpforms-field-medium\"><\/div><div class=\"wpforms-recaptcha-container wpforms-is-recaptcha wpforms-is-recaptcha-type-v2\" ><div class=\"g-recaptcha\" data-sitekey=\"6LfLO_EUAAAAAD2WTL408A9DfNNx6AhXu-npfay8\"><\/div><input type=\"text\" name=\"g-recaptcha-hidden\" class=\"wpforms-recaptcha-hidden\" style=\"position:absolute!important;clip:rect(0,0,0,0)!important;height:1px!important;width:1px!important;border:0!important;overflow:hidden!important;padding:0!important;margin:0!important;\" data-rule-recaptcha=\"1\"><\/div><div class=\"wpforms-submit-container\" ><input type=\"hidden\" name=\"wpforms[id]\" value=\"830\"><input type=\"hidden\" name=\"page_title\" value=\"\"><input type=\"hidden\" name=\"page_url\" value=\"https:\/\/beta.aa-intergroup.org\/es\/wp-json\/wp\/v2\/pages\/17487\"><button type=\"submit\" name=\"wpforms[submit]\" id=\"wpforms-submit-830\" class=\"wpforms-submit form-submit\" data-alt-text=\"Enviando...\" data-submit-text=\"Enviar\" aria-live=\"assertive\" value=\"wpforms-submit\">Enviar<\/button><\/div><\/form><\/div>  <!-- .wpforms-container -->","protected":false},"excerpt":{"rendered":"<p>NOTA: El sitio se ha puesto en marcha recientemente y, durante esta transici\u00f3n, algunos aspectos del sitio pueden ser lentos, estar rotos o tener un formato incorrecto. Por favor, &#8220;disculpen las molestias&#8221; por as\u00ed decirlo. Pueden seguir accediendo al sitio antiguo: archive.aa-intergroup.org. Las reuniones presenciales siguen siendo un elemento b\u00e1sico del programa de 12 pasos,<a class=\"excerpt-read-more\" href=\"https:\/\/beta.aa-intergroup.org\/es\/que-significa-beta\/\" title=\"Read\u00bfQu\u00e9 significa &#8220;beta&#8221;?\">&#8230; Read more &raquo;<\/a><\/p>\n","protected":false},"author":9,"featured_media":0,"parent":0,"menu_order":0,"comment_status":"closed","ping_status":"closed","template":"","meta":{"_acf_changed":false,"_eb_attr":"","footnotes":""},"class_list":["post-17487","page","type-page","status-publish","hentry"],"acf":[],"_links":{"self":[{"href":"https:\/\/beta.aa-intergroup.org\/es\/wp-json\/wp\/v2\/pages\/17487","targetHints":{"allow":["GET"]}}],"collection":[{"href":"https:\/\/beta.aa-intergroup.org\/es\/wp-json\/wp\/v2\/pages"}],"about":[{"href":"https:\/\/beta.aa-intergroup.org\/es\/wp-json\/wp\/v2\/types\/page"}],"author":[{"embeddable":true,"href":"https:\/\/beta.aa-intergroup.org\/es\/wp-json\/wp\/v2\/users\/9"}],"replies":[{"embeddable":true,"href":"https:\/\/beta.aa-intergroup.org\/es\/wp-json\/wp\/v2\/comments?post=17487"}],"version-history":[{"count":1,"href":"https:\/\/beta.aa-intergroup.org\/es\/wp-json\/wp\/v2\/pages\/17487\/revisions"}],"predecessor-version":[{"id":17488,"href":"https:\/\/beta.aa-intergroup.org\/es\/wp-json\/wp\/v2\/pages\/17487\/revisions\/17488"}],"wp:attachment":[{"href":"https:\/\/beta.aa-intergroup.org\/es\/wp-json\/wp\/v2\/media?parent=17487"}],"curies":[{"name":"wp","href":"https:\/\/api.w.org\/{rel}","templated":true}]}}