{"id":17540,"date":"2022-08-12T18:14:04","date_gmt":"2022-08-12T22:14:04","guid":{"rendered":"https:\/\/beta.aa-intergroup.org\/lista-de-temas-importantes-para-los-rgi\/"},"modified":"2025-10-28T07:39:44","modified_gmt":"2025-10-28T11:39:44","slug":"lista-de-temas-importantes-para-los-rgi","status":"publish","type":"page","link":"https:\/\/beta.aa-intergroup.org\/es\/lista-de-temas-importantes-para-los-rgi\/","title":{"rendered":"Lista de temas importantes para los RGI"},"content":{"rendered":"\n<p><\/p>\n\n<p>Aqu\u00ed puede acceder r\u00e1pidamente a informaci\u00f3n oportuna que requiere su atenci\u00f3n. <\/p>\n\n<p>Si es un RGI o RGI suplente nuevo, o si desea actualizar los representantes de su grupo, utilice el <a href=\"https:\/\/beta.aa-intergroup.org\/es\/nuestro-grupo-tiene-un-nuevo-representante\/\">Formulario de solicitud de actualizaci\u00f3n de RGI\/RGI suplente aqu\u00ed<\/a><\/p>\n\n<h4 class=\"wp-block-heading\">Nueva informaci\u00f3n<\/h4>\n\n<ul class=\"wp-block-list\">\n<li><strong>Responsabilidades del RGI de OIAA<\/strong>\n<ul class=\"wp-block-list\">\n<li><a href=\"https:\/\/beta.aa-intergroup.org\/documents\/igrs-responsibilities-en\/\">english<\/a><\/li>\n\n\n\n<li><a href=\"https:\/\/beta.aa-intergroup.org\/documents\/igrs-responsiblities-es\/\">spanish<\/a><\/li>\n\n\n\n<li><a href=\"https:\/\/beta.aa-intergroup.org\/documents\/igrs-responsiblities-pt\/\" data-type=\"link\" data-id=\"https:\/\/beta.aa-intergroup.org\/documents\/igrs-responsiblities-pt\/\">portuguese<\/a><\/li>\n\n\n\n<li><a href=\"https:\/\/beta.aa-intergroup.org\/documents\/igrs-responsiblities-fr\/\" data-type=\"link\" data-id=\"https:\/\/beta.aa-intergroup.org\/documents\/igrs-responsiblities-fr\/\">french<\/a><\/li>\n\n\n\n<li><a href=\"https:\/\/beta.aa-intergroup.org\/documents\/igrs-responsibilities-farsi\/\" data-type=\"link\" data-id=\"https:\/\/beta.aa-intergroup.org\/documents\/igrs-responsibilities-farsi\/\">farsi<\/a><\/li>\n<\/ul>\n<\/li>\n\n\n\n<li>Vicepresidente de la junta: puesto vacante. <a href=\"https:\/\/beta.aa-intergroup.org\/documents\/vice-chair-of-the-board-of-trusteesbrduties-eligibility-qualifications\/\" data-type=\"link\" data-id=\"https:\/\/beta.aa-intergroup.org\/documents\/vice-chair-of-the-board-of-trusteesbrduties-eligibility-qualifications\/\">View details<\/a><\/li>\n\n\n\n<li>El puesto de <strong><a href=\"https:\/\/beta.aa-intergroup.org\/es\/junta-de-oiaa\/\" data-type=\"link\" data-id=\"https:\/\/beta.aa-intergroup.org\/oiaa-board\/\">Fiduciario general de OIAA<\/a><\/strong> est\u00e1 cubierto.<\/li>\n<\/ul>\n\n<div style=\"height:20px\" aria-hidden=\"true\" class=\"wp-block-spacer\"><\/div>\n\n<h4 class=\"wp-block-heading text-heading-medium\">Pr\u00f3ximos eventos<\/h4>\n\n<p>Los enlaces se activar\u00e1n a medida que haya informaci\u00f3n disponible.<\/p>\n\n<ul class=\"wp-block-list\">\n<li><a href=\"https:\/\/beta.aa-intergroup.org\/oiaa-assembly-21-june-2025\/\" data-type=\"link\" data-id=\"https:\/\/beta.aa-intergroup.org\/oiaa-assembly-21-june-2025\/\">21 June 2025 assembly<\/a><\/li>\n<\/ul>\n\n<div style=\"height:20px\" aria-hidden=\"true\" class=\"wp-block-spacer\"><\/div>\n\n<h4 class=\"wp-block-heading text-heading-medium\">Eventos pasados<\/h4>\n\n<p>Si busca informaci\u00f3n sobre una Asamblea, un Foro, un Taller o un Evento de OIAA anteriores, b\u00fasquela aqu\u00ed. <\/p>\n\n<ul class=\"wp-block-list text-content-large\">\n<li><a href=\"https:\/\/beta.aa-intergroup.org\/es\/asambleas-de-oiaa\/\" data-type=\"URL\" data-id=\"https:\/\/beta.aa-intergroup.org\/assemblies\/\">Archivo de asambleas<\/a>.<\/li>\n\n\n\n<li><a href=\"https:\/\/beta.aa-intergroup.org\/es\/foros-igr\/\" data-type=\"URL\" data-id=\"https:\/\/beta.aa-intergroup.org\/igr-forums\/\">Archivo de foros de RGI<\/a>.<\/li>\n\n\n\n<li><a href=\"https:\/\/beta.aa-intergroup.org\/es\/talleres-y-eventos\/\" data-type=\"URL\" data-id=\"https:\/\/beta.aa-intergroup.org\/workshops\/\">Archivo de talleres y eventos<\/a>.<\/li>\n<\/ul>\n\n<div style=\"height:20px\" aria-hidden=\"true\" class=\"wp-block-spacer\"><\/div>\n\n<h4 class=\"wp-block-heading\">RGIs: entrando en acci\u00f3n<\/h4>\n\n<ul class=\"wp-block-list margin-left-small\">\n<li><strong><a href=\"https:\/\/beta.aa-intergroup.org\/es\/foros-igr\/\">Cesta de preguntas.<\/a><\/strong>\n<ul class=\"wp-block-list\">\n<li>Env\u00ede sus preguntas o temas de inter\u00e9s a <strong>IGR.forum@aa-intergroup.org<\/strong>.<\/li>\n<\/ul>\n<\/li>\n\n\n\n<li><a href=\"https:\/\/beta.aa-intergroup.org\/es\/recursos-de-seguridad\/\">Recursos de seguridad<\/a>.<\/li>\n\n\n\n<li><a href=\"https:\/\/beta.aa-intergroup.org\/es\/foros-igr\/\" data-type=\"URL\" data-id=\"https:\/\/beta.aa-intergroup.org\/igr-forums\/\">Fechas de los pr\u00f3ximos foros<\/a>.<\/li>\n\n\n\n<li><a href=\"https:\/\/beta.aa-intergroup.org\/es\/asambleas-de-oiaa\/\" data-type=\"URL\" data-id=\"https:\/\/beta.aa-intergroup.org\/assemblies\/\">Fechas de las pr\u00f3ximas asambleas<\/a>.<\/li>\n\n\n\n<li><a href=\"https:\/\/beta.aa-intergroup.org\/es\/unase-a-oiaa\/\">\u00danase a OIAA<\/a>.<\/li>\n\n\n\n<li><a href=\"https:\/\/beta.aa-intergroup.org\/es\/actualizaciones-del-directorio-de-reuniones\/\">Actualice una reuni\u00f3n en la gu\u00eda de reuniones<\/a>.<\/li>\n\n\n\n<li><a href=\"https:\/\/beta.aa-intergroup.org\/es\/oportunidades-de-servicio\/\">Oportunidades de servicio<\/a>.<\/li>\n\n\n\n<li><a href=\"https:\/\/www.youtube.com\/@AA-Intergroup\">Canal de YouTube de OIAA<\/a>.<\/li>\n\n\n\n<li><a href=\"https:\/\/beta.aa-intergroup.org\/group-announcements\/\">Env\u00ede un informe de grupo aqu\u00ed<\/a>.<\/li>\n<\/ul>\n\n<p><strong>C\u00f3mo enviar un informe de grupo<br\/><\/strong><iframe loading=\"lazy\" width=\"550\" height=\"310\" src=\"https:\/\/www.youtube.com\/embed\/82MJiTdvv0U?si=aXw7W7Xg4SuQtyPu\" title=\"How to Submit a Group Report\" frameborder=\"0\" allow=\"accelerometer; autoplay; clipboard-write; encrypted-media; gyroscope; picture-in-picture\" allowfullscreen><\/iframe><\/p>\n","protected":false},"excerpt":{"rendered":"<p>Aqu\u00ed puede acceder r\u00e1pidamente a informaci\u00f3n oportuna que requiere su atenci\u00f3n. Si es un RGI o RGI suplente nuevo, o si desea actualizar los representantes de su grupo, utilice el Formulario de solicitud de actualizaci\u00f3n de RGI\/RGI suplente aqu\u00ed Nueva informaci\u00f3n Pr\u00f3ximos eventos Los enlaces se activar\u00e1n a medida que haya informaci\u00f3n disponible. Eventos pasados<a class=\"excerpt-read-more\" href=\"https:\/\/beta.aa-intergroup.org\/es\/lista-de-temas-importantes-para-los-rgi\/\" title=\"ReadLista de temas importantes para los RGI\">&#8230; Read more &raquo;<\/a><\/p>\n","protected":false},"author":12,"featured_media":0,"parent":0,"menu_order":0,"comment_status":"closed","ping_status":"closed","template":"page-igr-hotlist.php","meta":{"_acf_changed":false,"_eb_attr":"","footnotes":""},"class_list":["post-17540","page","type-page","status-publish","hentry"],"acf":[],"_links":{"self":[{"href":"https:\/\/beta.aa-intergroup.org\/es\/wp-json\/wp\/v2\/pages\/17540","targetHints":{"allow":["GET"]}}],"collection":[{"href":"https:\/\/beta.aa-intergroup.org\/es\/wp-json\/wp\/v2\/pages"}],"about":[{"href":"https:\/\/beta.aa-intergroup.org\/es\/wp-json\/wp\/v2\/types\/page"}],"author":[{"embeddable":true,"href":"https:\/\/beta.aa-intergroup.org\/es\/wp-json\/wp\/v2\/users\/12"}],"replies":[{"embeddable":true,"href":"https:\/\/beta.aa-intergroup.org\/es\/wp-json\/wp\/v2\/comments?post=17540"}],"version-history":[{"count":1,"href":"https:\/\/beta.aa-intergroup.org\/es\/wp-json\/wp\/v2\/pages\/17540\/revisions"}],"predecessor-version":[{"id":17543,"href":"https:\/\/beta.aa-intergroup.org\/es\/wp-json\/wp\/v2\/pages\/17540\/revisions\/17543"}],"wp:attachment":[{"href":"https:\/\/beta.aa-intergroup.org\/es\/wp-json\/wp\/v2\/media?parent=17540"}],"curies":[{"name":"wp","href":"https:\/\/api.w.org\/{rel}","templated":true}]}}