{"id":17586,"date":"2022-12-19T01:44:54","date_gmt":"2022-12-19T06:44:54","guid":{"rendered":"https:\/\/beta.aa-intergroup.org\/asamblea-de-oiaa-3-de-diciembre-de-2022\/"},"modified":"2025-10-28T07:39:53","modified_gmt":"2025-10-28T11:39:53","slug":"asamblea-de-oiaa-3-de-diciembre-de-2022","status":"publish","type":"page","link":"https:\/\/beta.aa-intergroup.org\/es\/asamblea-de-oiaa-3-de-diciembre-de-2022\/","title":{"rendered":"Asamblea de OIAA, 3 de diciembre de 2022"},"content":{"rendered":"\n<h5 class=\"wp-block-heading\"><strong>P\u00e1gina de archivo de la asamblea de OIAA del 3 de diciembre de 2022<\/strong><\/h5>\n\n<div style=\"height:40px\" aria-hidden=\"true\" class=\"wp-block-spacer\"><\/div>\n\n<h4 class=\"wp-block-heading\">Anuncio de la asamblea<\/h4>\n\n<ul class=\"wp-block-list\">\n<li><a href=\"https:\/\/beta.aa-intergroup.org\/documents\/announcement\/\">Anuncio de la asamblea<\/a><\/li>\n\n\n\n<li>Copie este mensaje y enlace en el chat de su reuni\u00f3n\n<ul class=\"wp-block-list\">\n<li>Reuni\u00f3n de la Asamblea General, 3 de diciembre de 2022: https:\/\/beta.aa-intergroup.org\/general-assembly<\/li>\n<\/ul>\n<\/li>\n<\/ul>\n\n<h4 class=\"wp-block-heading\" id=\"assembly-agenda\">Orden del d\u00eda de la asamblea<\/h4>\n\n<ul class=\"wp-block-list\">\n<li><a href=\"https:\/\/beta.aa-intergroup.org\/documents\/oiaa-general-annual-assembly-agenda-december-3-2022\/\">Orden del d\u00eda de la asamblea del 3 de diciembre de 2022<\/a><\/li>\n\n\n\n<li><a href=\"https:\/\/beta.aa-intergroup.org\/documents\/a-note-from-the-chair\/\">Nota de la presidencia<\/a>\n<ul class=\"wp-block-list\">\n<li>Las <a href=\"https:\/\/beta.aa-intergroup.org\/documents\/minutes-from-the-oiaa-september-10-2022-assembly\/\">actas de la Asamblea de OIAA del 10 de septiembre de 2022<\/a> se votar\u00e1n en la asamblea. Por favor, l\u00e9alas y rev\u00edselas antes de la asamblea. <\/li>\n<\/ul>\n<\/li>\n<\/ul>\n\n<h4 class=\"wp-block-heading\">Elecci\u00f3n de los funcionarios de OIAA<\/h4>\n\n<p>Animamos a todos los que est\u00e9n cualificados a presentarse a las elecciones. Los puestos de oficiales que se presentan a las elecciones son: Presidente, Vicepresidente, Secretario, Tesorero, Presidente de Finanzas y Presidente de Tecnolog\u00eda.  <\/p>\n\n<p>Cualquier persona que haya ocupado un puesto de servicio en OIAA es elegible para servir como Oficial de Intergrupo. Ninguna persona puede ocupar m\u00e1s de un cargo de Intergrupo a la vez, ni puede ning\u00fan Oficial servir simult\u00e1neamente como Suplente. Ning\u00fan oficial puede servir simult\u00e1neamente como IGR. Todos los oficiales deben tener al menos dieciocho (18) a\u00f1os de edad.   <\/p>\n\n<ul class=\"wp-block-list\">\n<li><a href=\"https:\/\/beta.aa-intergroup.org\/documents\/qualifications\/\">Descripciones y cualificaciones <\/a><\/li>\n\n\n\n<li><a href=\"https:\/\/beta.aa-intergroup.org\/documents\/resume-presentation-page\/\">Esquema para la presentaci\u00f3n del curr\u00edculum<\/a>. Este formato no es obligatorio, pero se proporciona como una herramienta \u00fatil.<\/li>\n<\/ul>\n\n<h4 class=\"wp-block-heading\">Procedimiento de elecci\u00f3n<\/h4>\n\n<p>Los miembros con derecho a voto elegir\u00e1n a los funcionarios que se presenten a las elecciones.<\/p>\n\n<ul class=\"wp-block-list\">\n<li><a href=\"https:\/\/beta.aa-intergroup.org\/documents\/third-legacy-pdfs\/\">El tercer procedimiento de legado<\/a><\/li>\n\n\n\n<li><a href=\"https:\/\/beta.aa-intergroup.org\/documents\/summary-of-motion-procedures-to-be-used-at-the-assembly\/\">Resumen de las mociones<\/a><\/li>\n<\/ul>\n\n<h4 class=\"wp-block-heading\" id=\"budget\">Presupuesto de 2023 <\/h4>\n\n<ul class=\"wp-block-list\">\n<li><a href=\"https:\/\/beta.aa-intergroup.org\/documents\/note-from-the-oiaa-treasurer-and-oiaa-finance-committee-chair\/\">Nota del tesorero de OIAA y del presidente del comit\u00e9 de finanzas de OIAA<\/a><\/li>\n\n\n\n<li><a href=\"https:\/\/beta.aa-intergroup.org\/documents\/proposed-budget-and-operating-statement\/\">El presupuesto operativo de OIAA de 2023<\/a> se votar\u00e1 en la asamblea. Por favor, l\u00e9alo y rev\u00edselo antes de la asamblea. <\/li>\n<\/ul>\n","protected":false},"excerpt":{"rendered":"<p>P\u00e1gina de archivo de la asamblea de OIAA del 3 de diciembre de 2022 Anuncio de la asamblea Orden del d\u00eda de la asamblea Elecci\u00f3n de los funcionarios de OIAA Animamos a todos los que est\u00e9n cualificados a presentarse a las elecciones. Los puestos de oficiales que se presentan a las elecciones son: Presidente, Vicepresidente,<a class=\"excerpt-read-more\" href=\"https:\/\/beta.aa-intergroup.org\/es\/asamblea-de-oiaa-3-de-diciembre-de-2022\/\" title=\"ReadAsamblea de OIAA, 3 de diciembre de 2022\">&#8230; Read more &raquo;<\/a><\/p>\n","protected":false},"author":12,"featured_media":0,"parent":0,"menu_order":0,"comment_status":"closed","ping_status":"closed","template":"","meta":{"_acf_changed":false,"_eb_attr":"","footnotes":""},"class_list":["post-17586","page","type-page","status-publish","hentry"],"acf":[],"_links":{"self":[{"href":"https:\/\/beta.aa-intergroup.org\/es\/wp-json\/wp\/v2\/pages\/17586","targetHints":{"allow":["GET"]}}],"collection":[{"href":"https:\/\/beta.aa-intergroup.org\/es\/wp-json\/wp\/v2\/pages"}],"about":[{"href":"https:\/\/beta.aa-intergroup.org\/es\/wp-json\/wp\/v2\/types\/page"}],"author":[{"embeddable":true,"href":"https:\/\/beta.aa-intergroup.org\/es\/wp-json\/wp\/v2\/users\/12"}],"replies":[{"embeddable":true,"href":"https:\/\/beta.aa-intergroup.org\/es\/wp-json\/wp\/v2\/comments?post=17586"}],"version-history":[{"count":1,"href":"https:\/\/beta.aa-intergroup.org\/es\/wp-json\/wp\/v2\/pages\/17586\/revisions"}],"predecessor-version":[{"id":17588,"href":"https:\/\/beta.aa-intergroup.org\/es\/wp-json\/wp\/v2\/pages\/17586\/revisions\/17588"}],"wp:attachment":[{"href":"https:\/\/beta.aa-intergroup.org\/es\/wp-json\/wp\/v2\/media?parent=17586"}],"curies":[{"name":"wp","href":"https:\/\/api.w.org\/{rel}","templated":true}]}}