{"id":17638,"date":"2023-06-05T23:42:55","date_gmt":"2023-06-06T03:42:55","guid":{"rendered":"https:\/\/beta.aa-intergroup.org\/politica-de-cookies\/"},"modified":"2025-10-28T07:40:03","modified_gmt":"2025-10-28T11:40:03","slug":"politica-de-cookies","status":"publish","type":"page","link":"https:\/\/beta.aa-intergroup.org\/es\/politica-de-cookies\/","title":{"rendered":"Pol\u00edtica de cookies"},"content":{"rendered":"\n<p><strong>Esta pol\u00edtica de cookies se actualiz\u00f3 por \u00faltima vez el 14 de junio de 2023.<\/strong><\/p>\n\n<p>El sitio web de OIAA utiliza cookies para optimizar y mejorar la funcionalidad de nuestro sitio web. Como queremos garantizar su privacidad y mejorar la facilidad de uso de sus visitas a nuestro sitio web, consideramos importante que sepa c\u00f3mo y por qu\u00e9 utilizamos cookies. Esta pol\u00edtica proporciona informaci\u00f3n sobre nuestro uso de cookies en toda nuestra plataforma.  <\/p>\n\n<p><strong>\u00bfQu\u00e9 son las cookies?<\/strong><\/p>\n\n<p>Las cookies son peque\u00f1os y sencillos archivos de texto que su ordenador o dispositivo m\u00f3vil almacena cuando utiliza uno de nuestros sitios web o aplicaciones. Casi todos los sitios web existentes utilizan cookies. <\/p>\n\n<p>Mediante el uso de cookies, podemos asegurarnos de que, por ejemplo, le resulte f\u00e1cil navegar por nuestro sitio web y de que, cuando visite nuestros sitios web, no se le presente la misma informaci\u00f3n repetidamente. Las cookies tambi\u00e9n nos permiten medir c\u00f3mo se est\u00e1 utilizando nuestro sitio web y c\u00f3mo mejorarlo a\u00fan m\u00e1s. <\/p>\n\n<p><strong>Sus opciones<\/strong><\/p>\n\n<p>Solo podemos colocar cookies si sus navegadores permiten el uso de cookies. Es su elecci\u00f3n aceptar o rechazar las cookies y siempre existe la opci\u00f3n de revocar su permiso para colocar cookies. <\/p>\n\n<p>Si no desea recibir cookies en absoluto, puede ajustar la configuraci\u00f3n de su navegador de Internet para bloquear completamente el uso de cookies. En este caso, algunas funcionalidades de nuestro sitio web se desactivar\u00e1n. Sin embargo, puede consultar el sitio web para obtener informaci\u00f3n. Tambi\u00e9n puede ajustar la configuraci\u00f3n de su navegador de Internet para que le informe cuando se coloque una cookie.   <\/p>\n\n<p><strong>Cookies de terceros<\/strong><\/p>\n\n<p>Nuestro sitio web tambi\u00e9n permite la colocaci\u00f3n de cookies de terceros. En el caso de que otras empresas utilicen cookies, se aplicar\u00e1n las pol\u00edticas de privacidad y cookies de la empresa en cuesti\u00f3n. <\/p>\n\n<p><strong>Cookies anal\u00edticas<\/strong><\/p>\n\n<p>Podemos utilizar cookies de Google Analytics para recopilar estad\u00edsticas del uso y de los usuarios de nuestro sitio web. Al medir el uso de (partes espec\u00edficas de) el sitio web, podemos mejorar nuestro sitio web en beneficio de los usuarios. Adem\u00e1s, utilizamos estas estad\u00edsticas para medir la cantidad de nuestros visitantes y la duraci\u00f3n de la visita de cada visitante, para determinar c\u00f3mo navegan los visitantes por las diferentes p\u00e1ginas de nuestro sitio web, para considerar qu\u00e9 secciones de nuestro sitio web necesitan ajustes\/deben revisarse y para optimizar nuestro sitio web en general.  <\/p>\n\n<p>Las cookies de Analytics nos proporcionan la siguiente informaci\u00f3n\/datos que se almacenar\u00e1n en nuestro sistema de an\u00e1lisis web:<\/p>\n\n<ul class=\"wp-block-list\">\n<li>La direcci\u00f3n IP anonimizada;<\/li>\n\n\n\n<li>La fuente de tr\u00e1fico o la campa\u00f1a que explica c\u00f3mo lleg\u00f3 el usuario al sitio;<\/li>\n\n\n\n<li>Qu\u00e9 (sub)p\u00e1ginas se visitan en el sitio web;<\/li>\n\n\n\n<li>La duraci\u00f3n de la visita\/uso del sitio web y sus subp\u00e1ginas. Las siguientes cookies de an\u00e1lisis utilizadas en nuestros sitios web son: <br\/> <\/li>\n<\/ul>\n\n<figure class=\"wp-block-table\"><table><tbody><tr><td><strong>Nombre<\/strong><\/td><td><strong>Descripci\u00f3n<\/strong><\/td><td><strong>Tiempo de caducidad<\/strong><\/td><\/tr><tr><td>_ga<\/td><td>Se utiliza para distinguir a los usuarios.<\/td><td>2 a\u00f1os<\/td><\/tr><tr><td>_gid<\/td><td>Se utiliza para distinguir a los usuarios.<\/td><td>24 horas<\/td><\/tr><tr><td>_gat_dc_gtm_<property-id><\/property-id><\/td><td>Se utiliza para limitar la velocidad de solicitud.<\/td><td>1 minuto<\/td><\/tr><tr><td>AMP_TOKEN<\/td><td>Se utiliza para recuperar un ID de cliente del servicio de ID de cliente de AMP. Tambi\u00e9n puede indicar la exclusi\u00f3n voluntaria, la solicitud en curso o un error al recuperar un ID de cliente del servicio de ID de cliente de AMP <\/td><td>De 30 segundos a 1 a\u00f1o<\/td><\/tr><tr><td>_gac_<property-id><\/property-id><\/td><td>Contiene informaci\u00f3n relacionada con la campa\u00f1a para el usuario. Si ha vinculado sus cuentas de Google Analytics y Google Ads, las etiquetas de conversi\u00f3n del sitio web de Google Ads leer\u00e1n esta cookie a menos que la rechace. <\/td><td>90 d\u00edas<\/td><\/tr><\/tbody><\/table><\/figure>\n\n<p><br\/><strong>Configuraci\u00f3n del navegador<\/strong><\/p>\n\n<p>Si no desea que nuestros sitios web almacenen cookies en su ordenador, debe ajustar la configuraci\u00f3n de su navegador. Entonces se le dar\u00e1 una advertencia antes de que se coloquen las cookies. Tambi\u00e9n puede ajustar su configuraci\u00f3n hasta el punto de que su navegador rechace todas las cookies o solo las de terceros. Puede eliminar las cookies que se han colocado. Tenga en cuenta que tiene que ajustar la configuraci\u00f3n para cada navegador y ordenador que utilice.    <\/p>\n\n<p>Tenga en cuenta tambi\u00e9n que no podemos garantizar que nuestro sitio web funcione correctamente si no desea aceptar las cookies. Podr\u00eda ser que algunas funciones del sitio se pierdan o que no vea ciertas p\u00e1ginas en absoluto. Adem\u00e1s, rechazar las cookies en este sitio web no significa que no se le mostrar\u00e1n anuncios relacionados en otras plataformas. Tiene la opci\u00f3n de rechazar la publicidad personalizada de Google. Por favor, visite    <a> <\/a><a href=\"https:\/\/www.google.com\/settings\/ads\" target=\"_blank\" rel=\"noreferrer noopener\">https:\/\/www.google.com\/settings\/ads<\/a> o para rechazar el uso de cookies de un proveedor externo para la publicidad personalizada visitando <a href=\"http:\/\/www.aboutads.info\/choices\/\" target=\"_blank\" rel=\"noreferrer noopener\">www.aboutads.info<\/a>.<\/p>\n\n<p><br\/><strong>Eliminaci\u00f3n de cookies<\/strong><\/p>\n\n<p><em>Eliminaci\u00f3n de cookies en Internet Explorer<\/em><\/p>\n\n<p>Vaya al men\u00fa Extra &gt; Opciones de Internet &gt; General. En Historial de exploraci\u00f3n, haga clic en Eliminar. Podr\u00eda ser que no quiera eliminar todo. Solo aseg\u00farese de que la casilla Cookies est\u00e9 marcada y haga clic en Eliminar.   <\/p>\n\n<p><em>Eliminaci\u00f3n de cookies en Firefox<\/em><\/p>\n\n<p>Vaya a Extra &gt; Opciones &gt; Privacidad. Haga clic en Eliminar su historial reciente. En Detalles puede indicar exactamente lo que quiere eliminar. En cualquier caso, marque la casilla Cookies. Tambi\u00e9n puede indicar la antig\u00fcedad que deben tener las cookies. A continuaci\u00f3n, haga clic en Todo.     <\/p>\n\n<p><em>Eliminaci\u00f3n de cookies en Chrome<\/em><\/p>\n\n<p>Haga clic en el icono con las 3 l\u00edneas en la esquina superior derecha. Haga clic en M\u00e1s herramientas &gt; Borrar datos de navegaci\u00f3n. Aseg\u00farese de que la casilla &#8220;Eliminar cookies y otros datos de sitios y complementos&#8221; est\u00e9 marcada. Tambi\u00e9n puede indicar la antig\u00fcedad que deben tener las cookies. A continuaci\u00f3n, haga clic en Todo.    <\/p>\n\n<p><em>Eliminaci\u00f3n de cookies en Safari<\/em><\/p>\n\n<p>Haga clic en el icono del radar en la esquina superior derecha. Haga clic en Preferencias, vaya a Privacidad y haga clic en Eliminar todos los datos del sitio web. Tambi\u00e9n puede hacer clic en Detalles y eliminar los datos seleccionados.  <\/p>\n\n<p><strong>Preguntas<\/strong><\/p>\n\n<p>Si tiene preguntas o quejas sobre el uso de cookies por parte de OIAA, o desea responder a nuestra pol\u00edtica de cookies, p\u00f3ngase en contacto con OIAA envi\u00e1ndonos un correo electr\u00f3nico a <strong>privacy@aa-intergroup.org<\/strong>.<\/p>\n","protected":false},"excerpt":{"rendered":"<p>Esta pol\u00edtica de cookies se actualiz\u00f3 por \u00faltima vez el 14 de junio de 2023. El sitio web de OIAA utiliza cookies para optimizar y mejorar la funcionalidad de nuestro sitio web. Como queremos garantizar su privacidad y mejorar la facilidad de uso de sus visitas a nuestro sitio web, consideramos importante que sepa c\u00f3mo<a class=\"excerpt-read-more\" href=\"https:\/\/beta.aa-intergroup.org\/es\/politica-de-cookies\/\" title=\"ReadPol\u00edtica de cookies\">&#8230; Read more &raquo;<\/a><\/p>\n","protected":false},"author":12,"featured_media":0,"parent":0,"menu_order":0,"comment_status":"closed","ping_status":"closed","template":"","meta":{"_acf_changed":false,"_eb_attr":"","footnotes":""},"class_list":["post-17638","page","type-page","status-publish","hentry"],"acf":[],"_links":{"self":[{"href":"https:\/\/beta.aa-intergroup.org\/es\/wp-json\/wp\/v2\/pages\/17638","targetHints":{"allow":["GET"]}}],"collection":[{"href":"https:\/\/beta.aa-intergroup.org\/es\/wp-json\/wp\/v2\/pages"}],"about":[{"href":"https:\/\/beta.aa-intergroup.org\/es\/wp-json\/wp\/v2\/types\/page"}],"author":[{"embeddable":true,"href":"https:\/\/beta.aa-intergroup.org\/es\/wp-json\/wp\/v2\/users\/12"}],"replies":[{"embeddable":true,"href":"https:\/\/beta.aa-intergroup.org\/es\/wp-json\/wp\/v2\/comments?post=17638"}],"version-history":[{"count":1,"href":"https:\/\/beta.aa-intergroup.org\/es\/wp-json\/wp\/v2\/pages\/17638\/revisions"}],"predecessor-version":[{"id":17641,"href":"https:\/\/beta.aa-intergroup.org\/es\/wp-json\/wp\/v2\/pages\/17638\/revisions\/17641"}],"wp:attachment":[{"href":"https:\/\/beta.aa-intergroup.org\/es\/wp-json\/wp\/v2\/media?parent=17638"}],"curies":[{"name":"wp","href":"https:\/\/api.w.org\/{rel}","templated":true}]}}