{"id":17652,"date":"2025-05-11T10:01:05","date_gmt":"2025-05-11T14:01:05","guid":{"rendered":"https:\/\/beta.aa-intergroup.org\/asamblea-de-oiaa-21-de-junio-de-2025\/"},"modified":"2025-10-28T08:18:57","modified_gmt":"2025-10-28T12:18:57","slug":"asamblea-de-oiaa-21-de-junio-de-2025","status":"publish","type":"page","link":"https:\/\/beta.aa-intergroup.org\/es\/asamblea-de-oiaa-21-de-junio-de-2025\/","title":{"rendered":"Asamblea de OIAA, 21 de junio de 2025"},"content":{"rendered":"\n<p><strong>S\u00e1bado, 21 de junio de 2025<\/strong><br\/>8:00 am HST | 11:00 am PT | 1:00 pm CT | 2:00 pm ET<br\/>19:00 pm UK | 20:00 pm CET<\/p>\n\n<p>ID: 839 1683 1125<br\/>Contrase\u00f1a: OIAA<\/p>\n\n<p><a href=\"https:\/\/us06web.zoom.us\/j\/83916831125?pwd=cDQvSlcxUjZmWlo4aEoyR0tlUUQwdz09\" target=\"_blank\" rel=\"noreferrer noopener\"><strong>UNIRSE A LA REUNI\u00d3N DE ZOOM<\/strong><\/a><\/p>\n\n<p>Habr\u00e1 interpretaci\u00f3n disponible en franc\u00e9s, espa\u00f1ol y portugu\u00e9s. <\/p>\n\n<p>Nuestra asamblea est\u00e1 abierta a todos los que deseen unirse, pero solo los Representantes de Intergrupo (RIG),<br\/>los Presidentes de los Comit\u00e9s Permanentes de OIAA y los Oficiales de OIAA pueden votar sobre los asuntos de la empresa.<\/p>\n\n<p>Pronto se publicar\u00e1 informaci\u00f3n completa sobre lo siguiente:<\/p>\n\n<h4 class=\"wp-block-heading\">Anuncio de la asamblea<\/h4>\n\n<p>Puede copiar y pegar este anuncio para compartirlo durante las reuniones de su grupo:<\/p>\n\n<p class=\"has-text-align-right\"><strong>Asamblea General de OIAA<\/strong>  <strong>S\u00e1bado, 21 de junio de 2025<\/strong><br\/>8:00 am HST | 11:00 am PT | 1:00 pm CT | 2:00 pm ET<br\/>19:00 pm UK | 20:00 pm CET<\/p>\n\n<p class=\"has-text-align-right\">ID: 839 1683 1125<br\/>Contrase\u00f1a: OIAA<\/p>\n\n<p class=\"has-text-align-right\">Habr\u00e1 interpretaci\u00f3n disponible en franc\u00e9s, espa\u00f1ol y portugu\u00e9s. <\/p>\n\n<p class=\"has-text-align-right\">Las asambleas de OIAA est\u00e1n abiertas a todos los que deseen unirse, pero solo los Representantes de Intergrupo (RIG),<br\/>los Presidentes de los Comit\u00e9s Permanentes de OIAA y los Oficiales de OIAA pueden votar sobre los asuntos de la empresa.<\/p>\n\n<h4 class=\"wp-block-heading\" id=\"assembly-agenda\">Orden del d\u00eda de la asamblea<\/h4>\n\n<ul class=\"wp-block-list\">\n<li><a href=\"https:\/\/beta.aa-intergroup.org\/documents\/oiaa-assembly-agenda-21-june-2025\/\">El programa completo de la asamblea de OIAA de junio de 2025<\/a><\/li>\n<\/ul>\n\n<h4 class=\"wp-block-heading\">Informes<\/h4>\n\n<p>Los informes de la asamblea que est\u00e9n disponibles antes de la Asamblea se pueden encontrar aqu\u00ed:<\/p>\n\n<ul class=\"wp-block-list\">\n<li>Se votar\u00e1 la aceptaci\u00f3n de las actas de la Asamblea de marzo. Por favor, comp\u00e1rtalas con sus grupos: \n<ul class=\"wp-block-list\">\n<li><a href=\"https:\/\/beta.aa-intergroup.org\/documents\/minutes-from-the-oiaa-15-march-2025-assembly\/\">Actas de la asamblea del 15 de marzo de 2025<\/a>  <\/li>\n<\/ul>\n<\/li>\n\n\n\n<li>Finanzas:\n<ul class=\"wp-block-list\">\n<li><a href=\"https:\/\/beta.aa-intergroup.org\/committee-updates\/update-for-finance-may-2025-3\/\">Variaci\u00f3n del presupuesto de mayo de 2025<\/a><\/li>\n\n\n\n<li><a href=\"https:\/\/beta.aa-intergroup.org\/committee-updates\/update-for-finance-may-2025\/\">Contribuciones de los grupos para mayo de 2025<\/a><\/li>\n\n\n\n<li><a href=\"https:\/\/beta.aa-intergroup.org\/committee-updates\/update-for-finance-may-2025-2\/\">Balance de situaci\u00f3n de mayo de 2025<\/a><\/li>\n<\/ul>\n<\/li>\n<\/ul>\n\n<h4 class=\"wp-block-heading\">Nuevos asuntos<\/h4>\n\n<p>La informaci\u00f3n relacionada con los nuevos puntos del orden del d\u00eda se publicar\u00e1 aqu\u00ed, cuando est\u00e9 disponible:<\/p>\n\n<ul class=\"wp-block-list\">\n<li><a href=\"https:\/\/beta.aa-intergroup.org\/documents\/motion-to-amend-bylaws-21-june-2025-assembly\/\">Moci\u00f3n para modificar los estatutos<\/a><\/li>\n\n\n\n<li><\/li>\n<\/ul>\n\n<p><strong>Notas de la asamblea:<\/strong><\/p>\n\n<p><\/p>\n","protected":false},"excerpt":{"rendered":"<p>S\u00e1bado, 21 de junio de 20258:00 am HST | 11:00 am PT | 1:00 pm CT | 2:00 pm ET19:00 pm UK | 20:00 pm CET ID: 839 1683 1125Contrase\u00f1a: OIAA UNIRSE A LA REUNI\u00d3N DE ZOOM Habr\u00e1 interpretaci\u00f3n disponible en franc\u00e9s, espa\u00f1ol y portugu\u00e9s. Nuestra asamblea est\u00e1 abierta a todos los que deseen unirse,<a class=\"excerpt-read-more\" href=\"https:\/\/beta.aa-intergroup.org\/es\/asamblea-de-oiaa-21-de-junio-de-2025\/\" title=\"ReadAsamblea de OIAA, 21 de junio de 2025\">&#8230; Read more &raquo;<\/a><\/p>\n","protected":false},"author":13,"featured_media":0,"parent":0,"menu_order":0,"comment_status":"closed","ping_status":"closed","template":"","meta":{"_acf_changed":false,"_eb_attr":"","footnotes":""},"class_list":["post-17652","page","type-page","status-publish","hentry"],"acf":[],"_links":{"self":[{"href":"https:\/\/beta.aa-intergroup.org\/es\/wp-json\/wp\/v2\/pages\/17652","targetHints":{"allow":["GET"]}}],"collection":[{"href":"https:\/\/beta.aa-intergroup.org\/es\/wp-json\/wp\/v2\/pages"}],"about":[{"href":"https:\/\/beta.aa-intergroup.org\/es\/wp-json\/wp\/v2\/types\/page"}],"author":[{"embeddable":true,"href":"https:\/\/beta.aa-intergroup.org\/es\/wp-json\/wp\/v2\/users\/13"}],"replies":[{"embeddable":true,"href":"https:\/\/beta.aa-intergroup.org\/es\/wp-json\/wp\/v2\/comments?post=17652"}],"version-history":[{"count":1,"href":"https:\/\/beta.aa-intergroup.org\/es\/wp-json\/wp\/v2\/pages\/17652\/revisions"}],"predecessor-version":[{"id":17654,"href":"https:\/\/beta.aa-intergroup.org\/es\/wp-json\/wp\/v2\/pages\/17652\/revisions\/17654"}],"wp:attachment":[{"href":"https:\/\/beta.aa-intergroup.org\/es\/wp-json\/wp\/v2\/media?parent=17652"}],"curies":[{"name":"wp","href":"https:\/\/api.w.org\/{rel}","templated":true}]}}