{"id":18881,"date":"2025-06-16T13:16:04","date_gmt":"2025-06-16T17:16:04","guid":{"rendered":"https:\/\/beta.aa-intergroup.org\/inicio-2\/"},"modified":"2025-11-27T08:24:28","modified_gmt":"2025-11-27T13:24:28","slug":"inicio-2","status":"publish","type":"page","link":"https:\/\/beta.aa-intergroup.org\/es\/","title":{"rendered":"INICIO"},"content":{"rendered":"\n<div style=\"height:70px\" aria-hidden=\"true\" class=\"wp-block-spacer\"><\/div>\n\n<div class=\"wp-block-columns is-layout-flex wp-container-core-columns-is-layout-9d6595d7 wp-block-columns-is-layout-flex\">\n<div class=\"wp-block-column is-layout-flow wp-block-column-is-layout-flow\">\n<div class=\"wp-block-essential-blocks-flipbox root-eb-flipbox-88358\"><div class=\"eb-parent-wrapper eb-parent-eb-flipbox-88358 \"><div class=\"eb-flipbox-container eb-flipbox-88358 eb-flipbox-align-center eb-hover-mode\" data-id=\"eb-flipbox-88358\" data-flip-type=\"flip-left\" data-flip-mode=\"hover\"><div class=\"eb-flipper flip-left\"><div class=\"eb-flipbox-front\"><div class=\"eb-flipbox-items-container\"><div class=\"eb-flipbox-icon-wrapper\"><div class=\"eb-flipbox-icon-front\" data-icon=\"dashicons-cover-image\"><span class=\"dashicon dashicons dashicons-cover-image\"><\/span><\/div><\/div><div class=\"eb-flipbox-front-title-wrapper\"><h3 class=\"eb-flipbox-front-title\">Reuniones en l\u00ednea<\/h3><\/div><div class=\"eb-flipbox-front-content-wrapper\"><p class=\"eb-flipbox-front-content\">Encuentre una reuni\u00f3n en l\u00ednea que est\u00e9 teniendo lugar ahora mismo.<\/p><\/div><\/div><\/div><div class=\"eb-flipbox-back\"><div class=\"eb-flipbox-items-container\"><div class=\"eb-flipbox-icon-wrapper\"><div class=\"eb-flipbox-icon-back\" data-icon=\"fas fa-user-group\"><i icon=\"fas fa-user-group\" class=\"fas fa-user-group \"><\/i><\/div><\/div><div class=\"eb-flipbox-button-container\"><a class=\"eb-flipbox-button-link btn-gradient blue\" href=\"https:\/\/beta.aa-intergroup.org\/es\/directorio-de-reuniones\/\" target=\"_self\" rel=\"noopener\"><div class=\"eb-flipbox-button-content\"><span>Encuentre una reuni\u00f3n<\/span><\/div><\/a><\/div><\/div><\/div><\/div><\/div><\/div><\/div>\n<\/div>\n\n\n\n<div class=\"wp-block-column is-layout-flow wp-block-column-is-layout-flow\">\n<div class=\"wp-block-essential-blocks-flipbox root-eb-flipbox-sgrji\"><div class=\"eb-parent-wrapper eb-parent-eb-flipbox-sgrji \"><div class=\"eb-flipbox-container eb-flipbox-sgrji eb-flipbox-align-center eb-hover-mode\" data-id=\"eb-flipbox-sgrji\" data-flip-type=\"flip-left\" data-flip-mode=\"hover\"><div class=\"eb-flipper flip-left\"><div class=\"eb-flipbox-front\"><div class=\"eb-flipbox-items-container\"><div class=\"eb-flipbox-icon-wrapper\"><div class=\"eb-flipbox-icon-front\" data-icon=\"fas fa-handshake-angle\"><i icon=\"fas fa-handshake-angle\" class=\"fas fa-handshake-angle \"><\/i><\/div><\/div><div class=\"eb-flipbox-front-title-wrapper\"><h3 class=\"eb-flipbox-front-title\">\u00bfTiene problemas<br> con la bebida?<\/h3><\/div><div class=\"eb-flipbox-front-content-wrapper\"><p class=\"eb-flipbox-front-content\">OBTENGA AYUDA AHORA\n<\/p><\/div><\/div><\/div><div class=\"eb-flipbox-back\"><div class=\"eb-flipbox-items-container\"><div class=\"eb-flipbox-icon-wrapper\"><div class=\"eb-flipbox-icon-back\" data-icon=\"fas fa-user-group\"><i icon=\"fas fa-user-group\" class=\"fas fa-user-group \"><\/i><\/div><\/div><div class=\"eb-flipbox-back-content-wrapper\"><p class=\"eb-flipbox-back-content\">Chatee por correo electr\u00f3nico con <br>miembros del <br>Comit\u00e9 del Paso 12 de la OIAA. <\/p><\/div><div class=\"eb-flipbox-button-container\"><a class=\"eb-flipbox-button-link btn-gradient blue\" href=\"https:\/\/beta.aa-intergroup.org\/es\/no-puede-dejar-de-beber\/\" target=\"_self\" rel=\"noopener\"><div class=\"eb-flipbox-button-content\"><span>Obtenga ayuda ahora<\/span><\/div><\/a><\/div><\/div><\/div><\/div><\/div><\/div><\/div>\n<\/div>\n\n\n\n<div class=\"wp-block-column is-layout-flow wp-block-column-is-layout-flow\">\n<div class=\"wp-block-essential-blocks-flipbox root-eb-flipbox-sw74i\"><div class=\"eb-parent-wrapper eb-parent-eb-flipbox-sw74i \"><div class=\"eb-flipbox-container eb-flipbox-sw74i eb-flipbox-align-center eb-hover-mode\" data-id=\"eb-flipbox-sw74i\" data-flip-type=\"flip-left\" data-flip-mode=\"hover\"><div class=\"eb-flipper flip-left\"><div class=\"eb-flipbox-front\"><div class=\"eb-flipbox-items-container\"><div class=\"eb-flipbox-icon-wrapper\"><div class=\"eb-flipbox-icon-front\" data-icon=\"dashicons-groups\"><span class=\"dashicon dashicons dashicons-groups\"><\/span><\/div><\/div><div class=\"eb-flipbox-front-title-wrapper\"><h3 class=\"eb-flipbox-front-title\">Dentro de OIAA<\/h3><\/div><div class=\"eb-flipbox-front-content-wrapper\"><p class=\"eb-flipbox-front-content\">Recurso \u00fanico para los miembros de la OIAA.<\/p><\/div><\/div><\/div><div class=\"eb-flipbox-back\"><div class=\"eb-flipbox-items-container\"><div class=\"eb-flipbox-icon-wrapper\"><div class=\"eb-flipbox-icon-back\" data-icon=\"fas fa-user-group\"><i icon=\"fas fa-user-group\" class=\"fas fa-user-group \"><\/i><\/div><\/div><div class=\"eb-flipbox-button-container\"><a class=\"eb-flipbox-button-link btn-gradient blue\" href=\"https:\/\/beta.aa-intergroup.org\/es\/grupos-miembros-de-oiaa\/\" target=\"_self\" rel=\"noopener\"><div class=\"eb-flipbox-button-content\"><span>Entre en la OIAA<\/span><\/div><\/a><\/div><\/div><\/div><\/div><\/div><\/div><\/div>\n<\/div>\n<\/div>\n\n<div style=\"height:70px\" aria-hidden=\"true\" class=\"wp-block-spacer\"><\/div>\n\n<h2 class=\"wp-block-heading\">Noticias y actualizaciones<\/h2>\n            <div class=\"news-title\">\n                <a href=\"https:\/\/beta.aa-intergroup.org\/es\/updates\/anuncio-de-la-asamblea-de-diciembre-de-oiaa\/\">Anuncio de la asamblea de diciembre de OIAA<\/a>\n            <\/div>\n            <div class=\"news-body\">\n                Aprobaci\u00f3n del presupuesto de 2026 y elecci\u00f3n de 4 funcionarios y 2 fideicomisarios no funcionarios; ese es el programa de nuestra pr\u00f3xima Asamblea General de OIAA el s\u00e1bado 20 de diciembre. Lea el anuncio completo de la Asamblea aqu\u00ed Consulte el programa completo de la&hellip;                    <a href=\"https:\/\/beta.aa-intergroup.org\/es\/updates\/anuncio-de-la-asamblea-de-diciembre-de-oiaa\/\">... Read More<\/a>\n                    <hr \/>\n                                <\/div>\n                        <div class=\"news-title\">\n                <a href=\"https:\/\/beta.aa-intergroup.org\/es\/updates\/propuesta-de-revision-del-presupuesto-de-oiaa-2026\/\">Propuesta de revisi\u00f3n del presupuesto de OIAA 2026<\/a>\n            <\/div>\n            <div class=\"news-body\">\n                A nuestros compa\u00f1eros: El Comit\u00e9 de Finanzas y la Junta Directiva de OIAA tienen el placer de presentar la propuesta del Presupuesto de OIAA 2026. Se pedir\u00e1 a los miembros votantes de OIAA que aprueben el presupuesto en la Asamblea General Anual y la Asamblea&hellip;                    <a href=\"https:\/\/beta.aa-intergroup.org\/es\/updates\/propuesta-de-revision-del-presupuesto-de-oiaa-2026\/\">... Read More<\/a>\n                    <hr \/>\n                                <\/div>\n                        <div class=\"news-title\">\n                <a href=\"https:\/\/beta.aa-intergroup.org\/es\/updates\/preparese-lista-de-verificacion-de-tecnologia-te\/\">\ud83d\udcbb Prep\u00e1rese: lista de verificaci\u00f3n de tecnolog\u00eda + t\u00e9<\/a>\n            <\/div>\n            <div class=\"news-body\">\n                \ud83d\udcbb Prep\u00e1rese: Lista de verificaci\u00f3n de tecnolog\u00eda + t\u00e9 - Convenci\u00f3n Internacional en L\u00ednea OIAA2025, 14-16 de noviembre de 2025 \ud83d\uddd3\ufe0f\u00a1Quedan menos de dos semanas! Asegur\u00e9monos de que su configuraci\u00f3n est\u00e9 tan lista como su esp\u00edritu. \u2714\ufe0fPruebe su internet \u2714\ufe0fMarque el enlace del programa \u2714\ufe0fEncuentre&hellip;                    <a href=\"https:\/\/beta.aa-intergroup.org\/es\/updates\/preparese-lista-de-verificacion-de-tecnologia-te\/\">... Read More<\/a>\n                    <hr \/>\n                                <\/div>\n            \n\n<div style=\"height:100px\" aria-hidden=\"true\" class=\"wp-block-spacer\"><\/div>\n\n<h3 class=\"wp-block-heading\" style=\"font-size:35px\">\u00bfQu\u00e9 es el Intergrupo en L\u00ednea de Alcoh\u00f3licos An\u00f3nimos?<\/h3>\n\n<div class=\"wp-block-columns is-layout-flex wp-container-core-columns-is-layout-9d6595d7 wp-block-columns-is-layout-flex\">\n<div class=\"wp-block-column is-layout-flow wp-block-column-is-layout-flow\" style=\"flex-basis:10%\">\n<figure class=\"wp-block-image size-thumbnail is-resized\"><img loading=\"lazy\" decoding=\"async\" width=\"150\" height=\"150\" src=\"https:\/\/beta.aa-intergroup.org\/wp-content\/uploads\/2025\/06\/Number-1-150x150.png\" alt=\"\" class=\"wp-image-12236\" style=\"object-fit:cover;width:100px;height:100px\" srcset=\"https:\/\/beta.aa-intergroup.org\/wp-content\/uploads\/2025\/06\/Number-1-150x150.png 150w, https:\/\/beta.aa-intergroup.org\/wp-content\/uploads\/2025\/06\/Number-1-300x300.png 300w, https:\/\/beta.aa-intergroup.org\/wp-content\/uploads\/2025\/06\/Number-1-125x125.png 125w, https:\/\/beta.aa-intergroup.org\/wp-content\/uploads\/2025\/06\/Number-1.png 327w\" sizes=\"auto, (max-width: 150px) 100vw, 150px\" \/><\/figure>\n\n\n\n<div style=\"height:10px\" aria-hidden=\"true\" class=\"wp-block-spacer\"><\/div>\n<\/div>\n\n\n\n<div class=\"wp-block-column is-layout-flow wp-block-column-is-layout-flow\" style=\"flex-basis:90%\">\n<div style=\"height:40px\" aria-hidden=\"true\" class=\"wp-block-spacer\"><\/div>\n\n\n\n<p class=\"has-medium-font-size\">Nuestro sitio es una fuente central de informaci\u00f3n sobre A.A. en l\u00ednea en todo el mundo.<\/p>\n<\/div>\n<\/div>\n\n<div class=\"wp-block-columns is-layout-flex wp-container-core-columns-is-layout-9d6595d7 wp-block-columns-is-layout-flex\">\n<div class=\"wp-block-column is-layout-flow wp-block-column-is-layout-flow\" style=\"flex-basis:10%\">\n<figure class=\"wp-block-image size-thumbnail is-resized\"><img decoding=\"async\" src=\"https:\/\/beta.aa-intergroup.org\/wp-content\/uploads\/2025\/06\/Number-2-150x150.png\" alt=\"\" class=\"wp-image-22120\" style=\"object-fit:cover;width:100px;height:100px\"\/><\/figure>\n\n\n\n<div style=\"height:10px\" aria-hidden=\"true\" class=\"wp-block-spacer\"><\/div>\n<\/div>\n\n\n\n<div class=\"wp-block-column is-layout-flow wp-block-column-is-layout-flow\" style=\"flex-basis:90%\">\n<div style=\"height:40px\" aria-hidden=\"true\" class=\"wp-block-spacer\"><\/div>\n\n\n\n<p class=\"has-medium-font-size\">Utilizamos Internet para transmitir el mensaje de A.A.<\/p>\n<\/div>\n<\/div>\n\n<div class=\"wp-block-columns is-layout-flex wp-container-core-columns-is-layout-9d6595d7 wp-block-columns-is-layout-flex\">\n<div class=\"wp-block-column is-layout-flow wp-block-column-is-layout-flow\" style=\"flex-basis:10%\">\n<figure class=\"wp-block-image size-thumbnail is-resized\"><img decoding=\"async\" src=\"https:\/\/beta.aa-intergroup.org\/wp-content\/uploads\/2025\/06\/Number-3-150x150.png\" alt=\"\" class=\"wp-image-22130\" style=\"object-fit:cover;width:100px;height:100px\"\/><\/figure>\n\n\n\n<div style=\"height:10px\" aria-hidden=\"true\" class=\"wp-block-spacer\"><\/div>\n<\/div>\n\n\n\n<div class=\"wp-block-column is-layout-flow wp-block-column-is-layout-flow\" style=\"flex-basis:90%\">\n<div style=\"height:40px\" aria-hidden=\"true\" class=\"wp-block-spacer\"><\/div>\n\n\n\n<p class=\"has-medium-font-size\">Promovemos la unidad entre los grupos de A.A. en l\u00ednea a trav\u00e9s de talleres, foros y asambleas.<\/p>\n<\/div>\n<\/div>\n\n<div class=\"wp-block-columns is-layout-flex wp-container-core-columns-is-layout-9d6595d7 wp-block-columns-is-layout-flex\">\n<div class=\"wp-block-column is-layout-flow wp-block-column-is-layout-flow\" style=\"flex-basis:10%\">\n<figure class=\"wp-block-image size-thumbnail is-resized\"><img decoding=\"async\" src=\"https:\/\/beta.aa-intergroup.org\/wp-content\/uploads\/2025\/06\/Number-4-150x150.png\" alt=\"\" class=\"wp-image-22140\" style=\"object-fit:cover;width:100px;height:100px\"\/><\/figure>\n\n\n\n<div style=\"height:10px\" aria-hidden=\"true\" class=\"wp-block-spacer\"><\/div>\n<\/div>\n\n\n\n<div class=\"wp-block-column is-layout-flow wp-block-column-is-layout-flow\" style=\"flex-basis:90%\">\n<div style=\"height:40px\" aria-hidden=\"true\" class=\"wp-block-spacer\"><\/div>\n\n\n\n<p class=\"has-medium-font-size\">Respondemos a las necesidades de A.A. en l\u00ednea a trav\u00e9s de nuestros comit\u00e9s de servicio.<\/p>\n<\/div>\n<\/div>\n\n<div style=\"height:100px\" aria-hidden=\"true\" class=\"wp-block-spacer\"><\/div>\n\n<div class=\"wp-block-essential-blocks-call-to-action root-eb-call-to-action-z0qjj\"><div class=\"eb-parent-wrapper eb-parent-eb-call-to-action-z0qjj \"><div class=\"eb-cia-wrapper eb-call-to-action-z0qjj\" data-icon=\"fas fa-glass-martini\"><div class=\"eb-cia-text-wrapper\"><h3 class=\"eb-cia-title\">H\u00e1gase miembro de la OIAA<\/h3><p class=\"eb-cia-description\">El Intergrupo en L\u00ednea de Alcoh\u00f3licos An\u00f3nimos, u OIAA, es una organizaci\u00f3n de servicio internacional establecida de acuerdo con la Novena Tradici\u00f3n de Alcoh\u00f3licos An\u00f3nimos A.A., espec\u00edficamente con el prop\u00f3sito de ayudar a los grupos de A.A. en l\u00ednea en su prop\u00f3sito com\u00fan de llevar el mensaje de A.A. al alcoh\u00f3lico que a\u00fan sufre.<\/p><\/div><div class=\"eb-cia-button-wrapper\"><a href=\"https:\/\/beta.aa-intergroup.org\/es\/hagase-miembro\/\" target=\"_self\" rel=\"noopener\"><div class=\"eb-cia-button is-large\">M\u00e1s informaci\u00f3n<\/div><\/a><\/div><\/div><\/div><\/div>\n\n<div style=\"height:261px\" aria-hidden=\"true\" class=\"wp-block-spacer\"><\/div>\n","protected":false},"excerpt":{"rendered":"<p>Noticias y actualizaciones \u00bfQu\u00e9 es el Intergrupo en L\u00ednea de Alcoh\u00f3licos An\u00f3nimos? Nuestro sitio es una fuente central de informaci\u00f3n sobre A.A. en l\u00ednea en todo el mundo. Utilizamos Internet para transmitir el mensaje de A.A. Promovemos la unidad entre los grupos de A.A. en l\u00ednea a trav\u00e9s de talleres, foros y asambleas. Respondemos a<a class=\"excerpt-read-more\" href=\"https:\/\/beta.aa-intergroup.org\/es\/updates\/preparese-lista-de-verificacion-de-tecnologia-te\/\" title=\"Read\ud83d\udcbb Prep\u00e1rese: lista de verificaci\u00f3n de tecnolog\u00eda + t\u00e9\">&#8230; Read more &raquo;<\/a><\/p>\n","protected":false},"author":153,"featured_media":0,"parent":0,"menu_order":0,"comment_status":"closed","ping_status":"closed","template":"","meta":{"_acf_changed":false,"_eb_attr":"","footnotes":""},"class_list":["post-18881","page","type-page","status-publish","hentry"],"acf":[],"_links":{"self":[{"href":"https:\/\/beta.aa-intergroup.org\/es\/wp-json\/wp\/v2\/pages\/18881","targetHints":{"allow":["GET"]}}],"collection":[{"href":"https:\/\/beta.aa-intergroup.org\/es\/wp-json\/wp\/v2\/pages"}],"about":[{"href":"https:\/\/beta.aa-intergroup.org\/es\/wp-json\/wp\/v2\/types\/page"}],"author":[{"embeddable":true,"href":"https:\/\/beta.aa-intergroup.org\/es\/wp-json\/wp\/v2\/users\/153"}],"replies":[{"embeddable":true,"href":"https:\/\/beta.aa-intergroup.org\/es\/wp-json\/wp\/v2\/comments?post=18881"}],"version-history":[{"count":5,"href":"https:\/\/beta.aa-intergroup.org\/es\/wp-json\/wp\/v2\/pages\/18881\/revisions"}],"predecessor-version":[{"id":41632,"href":"https:\/\/beta.aa-intergroup.org\/es\/wp-json\/wp\/v2\/pages\/18881\/revisions\/41632"}],"wp:attachment":[{"href":"https:\/\/beta.aa-intergroup.org\/es\/wp-json\/wp\/v2\/media?parent=18881"}],"curies":[{"name":"wp","href":"https:\/\/api.w.org\/{rel}","templated":true}]}}