{"id":15017,"date":"2025-02-08T16:16:03","date_gmt":"2025-02-08T21:16:03","guid":{"rendered":"https:\/\/beta.aa-intergroup.org\/oiaa2025\/"},"modified":"2025-11-26T14:04:50","modified_gmt":"2025-11-26T19:04:50","slug":"oiaa2025","status":"publish","type":"page","link":"https:\/\/beta.aa-intergroup.org\/fr\/oiaa2025\/","title":{"rendered":"OIAA2025"},"content":{"rendered":"\n<div class=\"wp-block-cover has-parallax\"><div class=\"wp-block-cover__image-background wp-image-11924 has-parallax\" style=\"background-position:50% 50%;background-image:url(https:\/\/beta.aa-intergroup.org\/wp-content\/uploads\/2025\/04\/OIAA2025-Globe.png)\"><\/div><span aria-hidden=\"true\" class=\"wp-block-cover__background has-background-dim-40 has-background-dim\" style=\"background-color:#404853\"><\/span><div class=\"wp-block-cover__inner-container is-layout-constrained wp-block-cover-is-layout-constrained\">\n<div style=\"height:50px\" aria-hidden=\"true\" class=\"wp-block-spacer\"><\/div>\n\n\n\n<h2 class=\"wp-block-heading has-text-align-center has-x-large-font-size\"><strong>OIAA2025  <\/strong><\/h2>\n\n\n\n<p class=\"has-text-align-center has-white-color has-text-color has-link-color has-large-font-size wp-elements-6c694052949d112cf4d7481bafba89c4\"><strong>La 2e convention internationale en ligne de l&#8217;OIAA<\/strong><\/p>\n\n\n<div class=\"wp-block-image\">\n<figure class=\"aligncenter size-medium\"><img loading=\"lazy\" decoding=\"async\" width=\"300\" height=\"284\" src=\"https:\/\/beta.aa-intergroup.org\/wp-content\/uploads\/2025\/02\/OIAA2025-Logo-300x284.png\" alt=\"\" class=\"wp-image-11719\" srcset=\"https:\/\/beta.aa-intergroup.org\/wp-content\/uploads\/2025\/02\/OIAA2025-Logo-300x284.png 300w, https:\/\/beta.aa-intergroup.org\/wp-content\/uploads\/2025\/02\/OIAA2025-Logo.png 605w\" sizes=\"auto, (max-width: 300px) 100vw, 300px\" \/><\/figure><\/div>\n\n\n<p class=\"has-text-align-center has-white-color has-text-color has-link-color has-large-font-size wp-elements-1e9efbf08d35ea3c16ce20046cd94978\"><strong>Unit\u00e9 : chez soi partout dans le monde<\/strong><\/p>\n\n\n\n<p class=\"has-text-align-center has-large-font-size\">Du 14 au 16 novembre 2025<\/p>\n\n\n\n<h4 class=\"wp-block-heading has-text-align-center has-medium-font-size\"><\/h4>\n\n\n\n<div class=\"wp-block-essential-blocks-button root-eb-button-o9x6y\"><div class=\"eb-parent-wrapper eb-parent-eb-button-o9x6y \"><div class=\"eb-button-wrapper eb-button-alignment eb-button-o9x6y\"><div class=\"eb-button\"><div class=\"eb-button-inner-wrapper \"><a class=\"eb-button-anchor \" href=\"\" rel=\"noopener\">Merci pour cet \u00e9v\u00e9nement extraordinaire !<br>\u00c0 l&#8217;ann\u00e9e prochaine !<\/a><\/div><\/div><\/div><\/div><\/div>\n\n\n\n<div class=\"wp-block-essential-blocks-countdown root-eb-countdown-reot2\"><div class=\"eb-parent-wrapper eb-parent-eb-countdown-reot2 \"><div class=\"eb-countdown-reot2 eb-cd-wrapper preset1\"><div class=\"eb-cd-inner\" blockid=\"eb-countdown-reot2\" data-deadline-time=\"1763107200000\" data-is-evergreen-time=\"false\" data-evergreen-time-hours=\"11\" data-evergreen-time-minutes=\"59\" data-evergreen-recurring=\"false\" data-evergreen-restart-time=\"0\" data-evergreen-deadline-time=\"1707903455306\"><div class=\"box cd-box-day\"><span class=\"eb-cd-digit\">00<\/span><span class=\"eb-cd-label\">Jours<\/span><\/div><div class=\"box cd-box-hour\"><span class=\"eb-cd-digit\">00<\/span><span class=\"eb-cd-label\">Heures<\/span><\/div><div class=\"box cd-box-minute\"><span class=\"eb-cd-digit\">00<\/span><span class=\"eb-cd-label\">Minutes<\/span><\/div><div class=\"box cd-box-second\"><span class=\"eb-cd-digit\">00<\/span><span class=\"eb-cd-label\">Secondes<\/span><\/div><\/div><\/div><\/div><\/div>\n\n\n\n<div style=\"height:31px\" aria-hidden=\"true\" class=\"wp-block-spacer\"><\/div>\n<\/div><\/div>\n\n<div style=\"height:42px\" aria-hidden=\"true\" class=\"wp-block-spacer\"><\/div>\n\n<h3 class=\"wp-block-heading has-text-align-center has-text-color has-link-color has-large-font-size wp-elements-1fa5ccd2f36531974b419c13151dcdb9\" style=\"color:#011a5c\"><strong>OIAA2025 vous souhaite la bienvenue \u00e0 notre 2e<br\/>Convention internationale en ligne<\/strong><\/h3>\n\n<div style=\"height:15px\" aria-hidden=\"true\" class=\"wp-block-spacer\"><\/div>\n\n<h4 class=\"wp-block-heading has-text-align-center has-text-color has-link-color wp-elements-cd8e37732d94c3981dbc5885168914c2\" style=\"color:#10318c;font-size:25px\">Le th\u00e8me de cette ann\u00e9e \u2014 <mark style=\"background-color:rgba(0, 0, 0, 0);color:#1a3276\" class=\"has-inline-color\"><strong>Unit\u00e9 : Chez soi partout dans le monde<\/strong><\/mark> \u2014 c\u00e9l\u00e8bre le pouvoir de la connexion \u00e0 travers les fuseaux horaires, les cultures et les tables de cuisine.<\/h4>\n\n<p class=\"has-text-align-center has-text-color has-link-color wp-elements-20e69199986605eb0c3e764c74006ec7\" style=\"color:#011a5c;font-size:20px\">Ensemble, nous sommes chez nous\u2026 partout.<\/p>\n\n<div style=\"height:15px\" aria-hidden=\"true\" class=\"wp-block-spacer\"><\/div>\n\n<p class=\"has-text-align-center has-text-color has-link-color wp-elements-9a144494aecd6ee851d30cdec98d941b\" style=\"color:#011a5c;font-size:20px\"><strong>Affichage tableur du programme complet de la convention OIAA2025<\/strong><\/p>\n\n<div class=\"wp-block-columns is-layout-flex wp-container-core-columns-is-layout-9d6595d7 wp-block-columns-is-layout-flex\">\n<div class=\"wp-block-column is-layout-flow wp-block-column-is-layout-flow\" style=\"flex-basis:12%\"><\/div>\n\n\n\n<div class=\"wp-block-column is-layout-flow wp-block-column-is-layout-flow\" style=\"flex-basis:76%\">\n<div class=\"wp-block-columns is-layout-flex wp-container-core-columns-is-layout-9d6595d7 wp-block-columns-is-layout-flex\">\n<div class=\"wp-block-column has-background is-layout-flow wp-block-column-is-layout-flow\" style=\"background-color:#000049\">\n<div class=\"wp-block-essential-blocks-button root-eb-button-c09ca\"><div class=\"eb-parent-wrapper eb-parent-eb-button-c09ca \"><div class=\"eb-button-wrapper eb-button-alignment eb-button-c09ca\"><div class=\"eb-button\"><div class=\"eb-button-inner-wrapper \"><a class=\"eb-button-anchor \" href=\"https:\/\/docs.google.com\/spreadsheets\/d\/1Gp3JnByb5ZMu9LpJMehzfQeNzw1S08V7z7kUtaexMFc\/edit?gid=403474528#gid=403474528\" target=\"_blank\" rel=\"noopener\"><strong>ANGLAIS<\/strong><\/a><\/div><\/div><\/div><\/div><\/div>\n<\/div>\n\n\n\n<div class=\"wp-block-column has-background is-layout-flow wp-block-column-is-layout-flow\" style=\"background-color:#000049\">\n<div class=\"wp-block-essential-blocks-button root-eb-button-r2w0n\"><div class=\"eb-parent-wrapper eb-parent-eb-button-r2w0n \"><div class=\"eb-button-wrapper eb-button-alignment eb-button-r2w0n\"><div class=\"eb-button\"><div class=\"eb-button-inner-wrapper \"><a class=\"eb-button-anchor \" href=\"https:\/\/docs.google.com\/spreadsheets\/d\/1S25znZJp8lke0Yp6sSiq6a9SPYyViLtqBUJNHE5-QWY\/edit?gid=403474528#gid=403474528\" target=\"_blank\" rel=\"noopener\"><strong>ESPAGNOL<\/strong><\/a><\/div><\/div><\/div><\/div><\/div>\n<\/div>\n\n\n\n<div class=\"wp-block-column has-background is-layout-flow wp-block-column-is-layout-flow\" style=\"background-color:#000049\">\n<div class=\"wp-block-essential-blocks-button root-eb-button-pra5l\"><div class=\"eb-parent-wrapper eb-parent-eb-button-pra5l \"><div class=\"eb-button-wrapper eb-button-alignment eb-button-pra5l\"><div class=\"eb-button\"><div class=\"eb-button-inner-wrapper \"><a class=\"eb-button-anchor \" href=\"https:\/\/docs.google.com\/spreadsheets\/d\/1iozwo3XB8g9oqgnTBwgZ4xKNA0LC6_IXB9gkwJwns38\/edit?gid=403474528#gid=403474528\" target=\"_blank\" rel=\"noopener\"><strong>FRAN\u00c7AIS<\/strong><\/a><\/div><\/div><\/div><\/div><\/div>\n<\/div>\n\n\n\n<div class=\"wp-block-column has-background is-layout-flow wp-block-column-is-layout-flow\" style=\"background-color:#000049\">\n<div class=\"wp-block-essential-blocks-button root-eb-button-c6h8l\"><div class=\"eb-parent-wrapper eb-parent-eb-button-c6h8l \"><div class=\"eb-button-wrapper eb-button-alignment eb-button-c6h8l\"><div class=\"eb-button\"><div class=\"eb-button-inner-wrapper \"><a class=\"eb-button-anchor \" href=\"https:\/\/docs.google.com\/spreadsheets\/d\/1PYLBzse6KYYf_d4c1_e0EaKuLrkk-hive16-s_Lul2A\/edit?gid=403474528#gid=403474528\" target=\"_blank\" rel=\"noopener\"><strong>PORTUGAIS<\/strong><\/a><\/div><\/div><\/div><\/div><\/div>\n<\/div>\n<\/div>\n<\/div>\n\n\n\n<div class=\"wp-block-column is-layout-flow wp-block-column-is-layout-flow\" style=\"flex-basis:12%\"><\/div>\n<\/div>\n\n<div style=\"height:42px\" aria-hidden=\"true\" class=\"wp-block-spacer\"><\/div>\n\n<h3 class=\"wp-block-heading has-text-align-left has-text-color has-link-color wp-elements-614cf501cecc0cb7361eb8a1f8c897dd\" style=\"color:#011a5c;font-size:30px\">Un \u00e9v\u00e9nement mondial de trois jours c\u00e9l\u00e9brant une zone mondiale diff\u00e9rente chaque jour :<\/h3>\n\n<div style=\"height:20px\" aria-hidden=\"true\" class=\"wp-block-spacer\"><\/div>\n\n<div class=\"wp-block-columns is-layout-flex wp-container-core-columns-is-layout-9d6595d7 wp-block-columns-is-layout-flex\">\n<div class=\"wp-block-column is-layout-flow wp-block-column-is-layout-flow\" style=\"flex-basis:30%\"><div class=\"wp-block-image\">\n<figure class=\"aligncenter size-medium\"><img loading=\"lazy\" decoding=\"async\" width=\"300\" height=\"300\" src=\"https:\/\/beta.aa-intergroup.org\/wp-content\/uploads\/2025\/08\/Day1-OIAA2025-300x300.jpeg\" alt=\"\" class=\"wp-image-12623\" srcset=\"https:\/\/beta.aa-intergroup.org\/wp-content\/uploads\/2025\/08\/Day1-OIAA2025-300x300.jpeg 300w, https:\/\/beta.aa-intergroup.org\/wp-content\/uploads\/2025\/08\/Day1-OIAA2025-150x150.jpeg 150w, https:\/\/beta.aa-intergroup.org\/wp-content\/uploads\/2025\/08\/Day1-OIAA2025-125x125.jpeg 125w, https:\/\/beta.aa-intergroup.org\/wp-content\/uploads\/2025\/08\/Day1-OIAA2025.jpeg 600w\" sizes=\"auto, (max-width: 300px) 100vw, 300px\" \/><\/figure><\/div><\/div>\n\n\n\n<div class=\"wp-block-column is-layout-flow wp-block-column-is-layout-flow\" style=\"flex-basis:70%\">\n<h3 class=\"wp-block-heading has-text-align-left has-text-color has-link-color wp-elements-08b9853df962738e0ae1abf68e8fcf44\" style=\"color:#011a5c\"><strong>Jour 1 \u2013 Asie, Oc\u00e9anie et Am\u00e9riques<\/strong><\/h3>\n\n\n\n<div class=\"wp-block-essential-blocks-button root-eb-button-i38w1\"><div class=\"eb-parent-wrapper eb-parent-eb-button-i38w1 \"><div class=\"eb-button-wrapper eb-button-alignment eb-button-i38w1\"><div class=\"eb-button\"><div class=\"eb-button-inner-wrapper \"><a class=\"eb-button-anchor \" href=\"https:\/\/beta.aa-intergroup.org\/fr\/programme-du-premier-jour-oiaa2025\/\" rel=\"noopener\">Programme de la convention du jour 1 en un coup d&#8217;\u0153il<\/a><\/div><\/div><\/div><\/div><\/div>\n\n\n\n<p class=\"has-text-align-left\" style=\"font-size:20px\">AUK, Nouvelle-Z\u00e9lande &#8211; Jour 1 Fuseau horaire de r\u00e9f\u00e9rence locale UTC <br\/>SAMEDI 15 novembre 9h00-16h30 Auckland, NZ &#8211; NZDT<br\/>(*VENDREDI 14 novembre 15h00-22h30 New York &#8211; EST)<\/p>\n\n\n\n<p class=\"has-text-align-left has-text-color has-link-color has-medium-font-size wp-elements-ee9f43bc35258c2b6385eb73b8b075f1\" style=\"color:#011a5c\"><strong>Nouvelle-Z\u00e9lande, \u00c9tats-Unis, Colombie, Mexique, Australie, Bolivie<\/strong><\/p>\n<\/div>\n<\/div>\n\n<div style=\"height:65px\" aria-hidden=\"true\" class=\"wp-block-spacer\"><\/div>\n\n<div class=\"wp-block-columns is-layout-flex wp-container-core-columns-is-layout-9d6595d7 wp-block-columns-is-layout-flex\">\n<div class=\"wp-block-column is-layout-flow wp-block-column-is-layout-flow\" style=\"flex-basis:30%\"><div class=\"wp-block-image\">\n<figure class=\"aligncenter size-medium\"><img loading=\"lazy\" decoding=\"async\" width=\"300\" height=\"300\" src=\"https:\/\/beta.aa-intergroup.org\/wp-content\/uploads\/2025\/08\/Day-2-OIAA2025-300x300.jpeg\" alt=\"\" class=\"wp-image-12624\" srcset=\"https:\/\/beta.aa-intergroup.org\/wp-content\/uploads\/2025\/08\/Day-2-OIAA2025-300x300.jpeg 300w, https:\/\/beta.aa-intergroup.org\/wp-content\/uploads\/2025\/08\/Day-2-OIAA2025-150x150.jpeg 150w, https:\/\/beta.aa-intergroup.org\/wp-content\/uploads\/2025\/08\/Day-2-OIAA2025-125x125.jpeg 125w, https:\/\/beta.aa-intergroup.org\/wp-content\/uploads\/2025\/08\/Day-2-OIAA2025.jpeg 600w\" sizes=\"auto, (max-width: 300px) 100vw, 300px\" \/><\/figure><\/div><\/div>\n\n\n\n<div class=\"wp-block-column is-layout-flow wp-block-column-is-layout-flow\" style=\"flex-basis:70%\">\n<h3 class=\"wp-block-heading has-text-align-left has-text-color has-link-color wp-elements-7b5164e1241422415e13307b4d9018d7\" style=\"color:#011a5c\"><strong>Jour 2 \u2013 Am\u00e9riques, Europe, Asie<\/strong><\/h3>\n\n\n\n<div class=\"wp-block-essential-blocks-button root-eb-button-fsozf\"><div class=\"eb-parent-wrapper eb-parent-eb-button-fsozf \"><div class=\"eb-button-wrapper eb-button-alignment eb-button-fsozf\"><div class=\"eb-button\"><div class=\"eb-button-inner-wrapper \"><a class=\"eb-button-anchor \" href=\"https:\/\/beta.aa-intergroup.org\/fr\/programme-du-deuxieme-jour-oiaa2025\/\" rel=\"noopener\">Programme de la convention du jour 2 en un coup d&#8217;\u0153il<\/a><\/div><\/div><\/div><\/div><\/div>\n\n\n\n<p class=\"has-text-align-left\" style=\"font-size:20px\">Chicago, \u00c9tats-Unis &#8211; Jour 2 Fuseau horaire de r\u00e9f\u00e9rence locale UTC<br\/>SAMEDI 15 novembre 10h00-17h30 Chicago, \u00c9tats-Unis &#8211; CDT<br\/>(*SAMEDI 15 novembre 11h00-18h30 New York &#8211; EST)<\/p>\n\n\n\n<p class=\"has-text-align-left has-text-color has-link-color has-medium-font-size wp-elements-9e0d6125409b0c5cf262486fa7f4e971\" style=\"color:#011a5c\"><strong>Br\u00e9sil, Royaume-Uni, \u00c9tats-Unis, Iran, Russie, Canada, Chili<\/strong><\/p>\n<\/div>\n<\/div>\n\n<div style=\"height:65px\" aria-hidden=\"true\" class=\"wp-block-spacer\"><\/div>\n\n<div class=\"wp-block-columns is-layout-flex wp-container-core-columns-is-layout-9d6595d7 wp-block-columns-is-layout-flex\">\n<div class=\"wp-block-column is-layout-flow wp-block-column-is-layout-flow\" style=\"flex-basis:30%\"><div class=\"wp-block-image\">\n<figure class=\"aligncenter size-medium\"><img loading=\"lazy\" decoding=\"async\" width=\"300\" height=\"300\" src=\"https:\/\/beta.aa-intergroup.org\/wp-content\/uploads\/2025\/08\/Day-3-OIAA2025-300x300.jpeg\" alt=\"\" class=\"wp-image-12622\" srcset=\"https:\/\/beta.aa-intergroup.org\/wp-content\/uploads\/2025\/08\/Day-3-OIAA2025-300x300.jpeg 300w, https:\/\/beta.aa-intergroup.org\/wp-content\/uploads\/2025\/08\/Day-3-OIAA2025-150x150.jpeg 150w, https:\/\/beta.aa-intergroup.org\/wp-content\/uploads\/2025\/08\/Day-3-OIAA2025-125x125.jpeg 125w, https:\/\/beta.aa-intergroup.org\/wp-content\/uploads\/2025\/08\/Day-3-OIAA2025.jpeg 600w\" sizes=\"auto, (max-width: 300px) 100vw, 300px\" \/><\/figure><\/div><\/div>\n\n\n\n<div class=\"wp-block-column is-layout-flow wp-block-column-is-layout-flow\" style=\"flex-basis:70%\">\n<h3 class=\"wp-block-heading has-text-align-left has-text-color has-link-color wp-elements-645dff7a3fdc1c2dde423cae7789c977\" style=\"color:#011a5c\"><strong><strong>Jour 3 \u2013 Europe, Afrique, Asie et Am\u00e9riques<\/strong><\/strong><\/h3>\n\n\n\n<div class=\"wp-block-essential-blocks-button root-eb-button-8c8s3\"><div class=\"eb-parent-wrapper eb-parent-eb-button-8c8s3 \"><div class=\"eb-button-wrapper eb-button-alignment eb-button-8c8s3\"><div class=\"eb-button\"><div class=\"eb-button-inner-wrapper \"><a class=\"eb-button-anchor \" href=\"https:\/\/beta.aa-intergroup.org\/fr\/programme-du-jour-trois-doiaa2025\/\" rel=\"noopener\">Programme de la convention du jour 3 en un coup d&#8217;\u0153il<\/a><\/div><\/div><\/div><\/div><\/div>\n\n\n\n<p class=\"has-text-align-left\" style=\"font-size:20px\">Moscou, Russie &#8211; Jour 3 Fuseau horaire de r\u00e9f\u00e9rence locale UTC<br\/>DIMANCHE 16 novembre 13h00-20h30 Moscou, Russie &#8211; MSK<br\/>(*DIMANCHE 16 novembre 05h00-13h30 New York &#8211; EST)<\/p>\n\n\n\n<p class=\"has-text-align-left has-text-color has-link-color wp-elements-43f91ce15e79c6ba02b2c80f010e8d5a\" style=\"color:#011a5c;font-size:20px\"><strong>Portugal, Royaume-Uni, Espagne, France, Chine, Inde, Maroc, Iran, \u00c9tats-Unis<\/strong><\/p>\n<\/div>\n<\/div>\n\n<div style=\"height:64px\" aria-hidden=\"true\" class=\"wp-block-spacer\"><\/div>\n\n<div style=\"height:64px\" aria-hidden=\"true\" class=\"wp-block-spacer\"><\/div>\n\n<h3 class=\"wp-block-heading has-text-align-center has-text-color has-link-color has-large-font-size wp-elements-71f585f173785f68128659f4e68324ed\" style=\"color:#011a5c\">7e Tradition<\/h3>\n\n<p style=\"font-size:20px\">Bien que la participation au congr\u00e8s soit <mark style=\"background-color:rgba(0, 0, 0, 0);color:#10318c\" class=\"has-inline-color\">gratuite<\/mark>, si vous souhaitez contribuer \u00e0 la 7e Tradition et aider \u00e0 rendre cet \u00e9v\u00e9nement enti\u00e8rement autonome, nous accueillons votre soutien avec gratitude. Veuillez utiliser la r\u00e9f\u00e9rence &#8216;OIAA2025&#8217; pour votre transaction.<\/p>\n\n<div class=\"wp-block-columns is-layout-flex wp-container-core-columns-is-layout-9d6595d7 wp-block-columns-is-layout-flex\">\n<div class=\"wp-block-column is-layout-flow wp-block-column-is-layout-flow\"><\/div>\n\n\n\n<div class=\"wp-block-column is-layout-flow wp-block-column-is-layout-flow\">\n<h4 class=\"wp-block-heading has-text-align-left\">PayPal<\/h4>\n\n\n\n<figure class=\"wp-block-image size-full is-style-default\"><a href=\"https:\/\/www.paypal.com\/donate\/?hosted_button_id=56CTM2672LLZG\" target=\"_blank\" rel=\" noreferrer noopener\"><img loading=\"lazy\" decoding=\"async\" width=\"174\" height=\"61\" src=\"https:\/\/beta.aa-intergroup.org\/wp-content\/uploads\/2025\/08\/PayPal.jpg\" alt=\"\" class=\"wp-image-13017\"\/><\/a><\/figure>\n<\/div>\n\n\n\n<div class=\"wp-block-column is-layout-flow wp-block-column-is-layout-flow\">\n<h4 class=\"wp-block-heading has-text-align-left\">Stripe<\/h4>\n\n\n\n<script async=\"\" src=\"https:\/\/js.stripe.com\/v3\/buy-button.js\">\n<\/script>\n\n<stripe-buy-button buy-button-id=\"buy_btn_1Rv2kaI4AaHtLBiYDELUtbLl\" publishable-key=\"pk_live_51OXBCvI4AaHtLBiYEbnX7X75c349x3NleVyCWrmJQkbvGEz2veR0AqY9RSoe0iDEf1BrGLkuqvNntsRvz8eMwjwJ00kXjMoC8H\">\n<\/stripe-buy-button>\n<\/div>\n\n\n\n<div class=\"wp-block-column is-layout-flow wp-block-column-is-layout-flow\"><\/div>\n<\/div>\n\n<div style=\"height:61px\" aria-hidden=\"true\" class=\"wp-block-spacer\"><\/div>\n\n<h3 class=\"wp-block-heading has-text-align-center has-text-color has-link-color has-large-font-size wp-elements-d43b262cac6d779e23d0f3e1b1ffa6d2\" style=\"color:#011a5c\">Passez le mot !<\/h3>\n\n<p class=\"has-text-align-center\" style=\"font-size:20px\"><strong><mark style=\"background-color:rgba(0, 0, 0, 0);color:#011a5c\" class=\"has-inline-color\">D\u00c9PLIANTS DU CONGR\u00c8S !<\/mark> <a href=\"https:\/\/beta.aa-intergroup.org\/fr\/oiaa2025\/page-media-oiaa2025\/\" target=\"_blank\" rel=\"noreferrer noopener\">Cliquez ici<\/a> <mark style=\"background-color:rgba(0, 0, 0, 0);color:#011a5c\" class=\"has-inline-color\">pour t\u00e9l\u00e9charger et partager les d\u00e9pliants du congr\u00e8s<\/mark><\/strong> avec vos groupes d&#8217;attache, actuellement disponibles en anglais, espagnol, fran\u00e7ais et portugais. Si vous souhaitez que nous cr\u00e9ions un d\u00e9pliant dans votre langue, veuillez nous envoyer un courriel \u00e0 <a href=\"mailto:convention2025@aa-intergroup.org\">convention2025@aa-intergroup.org<\/a>, ou si vous souhaitez cr\u00e9er vos propres d\u00e9pliants ou communications, veuillez nous contacter pour obtenir le dossier m\u00e9dia.<\/p>\n\n<div style=\"height:43px\" aria-hidden=\"true\" class=\"wp-block-spacer\"><\/div>\n\n<h3 class=\"wp-block-heading has-text-align-center has-text-color has-link-color has-large-font-size wp-elements-3db66ec422198cd98b64ddcf7b84a453\" style=\"color:#011a5c\">Vous voulez vous impliquer ?<\/h3>\n\n<p style=\"font-size:20px\">\ud83e\uddf0<strong>Si vous souhaitez \u00eatre au service pendant le congr\u00e8s<\/strong>, nous serions ravis de vous accueillir dans l&#8217;\u00e9quipe. Veuillez <a href=\"https:\/\/beta.aa-intergroup.org\/fr\/oiaa2025\/page-des-benevoles-oiaa2025\/\" data-type=\"link\" data-id=\"https:\/\/beta.aa-intergroup.org\/oiaa2025-volunteer-page\/\" target=\"_blank\" rel=\"noreferrer noopener\">envoyer un courriel<\/a> pour plus d&#8217;informations.<\/p>\n\n<p style=\"font-size:20px\">\ud83d\udcac<strong>Rejoignez nos groupes linguistiques WhatsApp OIAA2025 et notre communaut\u00e9<\/strong>. La communaut\u00e9 est un espace ferm\u00e9 et surveill\u00e9 r\u00e9serv\u00e9 aux membres des A.A. Les annonces du congr\u00e8s et de l&#8217;OIAA sont publi\u00e9es en anglais, puis traduites dans les langues respectives des administrateurs des groupes linguistiques. Pour nous rejoindre, veuillez nous envoyer un courriel \u00e0 <a href=\"mailto:OIAA2025.Chair@aa-intergroup.org\">OIAA2025.Chair@aa-intergroup.org<\/a> ou <a href=\"mailto:unity.chair@aa-intergroup.org\">unity.chair@aa-intergroup.org<\/a> et nous vous mettrons en contact.<\/p>\n\n<div class=\"wp-block-essential-blocks-button root-eb-button-e6z3d\"><div class=\"eb-parent-wrapper eb-parent-eb-button-e6z3d \"><div class=\"eb-button-wrapper eb-button-alignment eb-button-e6z3d\"><div class=\"eb-button\"><div class=\"eb-button-inner-wrapper \"><a class=\"eb-button-anchor \" href=\"https:\/\/beta.aa-intergroup.org\/fr\/souvenirs-de-la-1ere-convention-internationale-oiaa\/\" rel=\"noopener\">Souvenirs de OIAA2024<\/a><\/div><\/div><\/div><\/div><\/div>\n\n<p><\/p>\n","protected":false},"excerpt":{"rendered":"<p>OIAA2025 vous souhaite la bienvenue \u00e0 notre 2eConvention internationale en ligne Le th\u00e8me de cette ann\u00e9e \u2014 Unit\u00e9 : Chez soi partout dans le monde \u2014 c\u00e9l\u00e8bre le pouvoir de la connexion \u00e0 travers les fuseaux horaires, les cultures et les tables de cuisine. Ensemble, nous sommes chez nous\u2026 partout. Affichage tableur du programme complet<a class=\"excerpt-read-more\" href=\"https:\/\/beta.aa-intergroup.org\/fr\/oiaa2025\/\" title=\"ReadOIAA2025\">&#8230; Read more &raquo;<\/a><\/p>\n","protected":false},"author":153,"featured_media":0,"parent":0,"menu_order":0,"comment_status":"closed","ping_status":"closed","template":"","meta":{"_acf_changed":false,"_eb_attr":"","footnotes":""},"class_list":["post-15017","page","type-page","status-publish","hentry"],"acf":[],"_links":{"self":[{"href":"https:\/\/beta.aa-intergroup.org\/fr\/wp-json\/wp\/v2\/pages\/15017","targetHints":{"allow":["GET"]}}],"collection":[{"href":"https:\/\/beta.aa-intergroup.org\/fr\/wp-json\/wp\/v2\/pages"}],"about":[{"href":"https:\/\/beta.aa-intergroup.org\/fr\/wp-json\/wp\/v2\/types\/page"}],"author":[{"embeddable":true,"href":"https:\/\/beta.aa-intergroup.org\/fr\/wp-json\/wp\/v2\/users\/153"}],"replies":[{"embeddable":true,"href":"https:\/\/beta.aa-intergroup.org\/fr\/wp-json\/wp\/v2\/comments?post=15017"}],"version-history":[{"count":14,"href":"https:\/\/beta.aa-intergroup.org\/fr\/wp-json\/wp\/v2\/pages\/15017\/revisions"}],"predecessor-version":[{"id":41578,"href":"https:\/\/beta.aa-intergroup.org\/fr\/wp-json\/wp\/v2\/pages\/15017\/revisions\/41578"}],"wp:attachment":[{"href":"https:\/\/beta.aa-intergroup.org\/fr\/wp-json\/wp\/v2\/media?parent=15017"}],"curies":[{"name":"wp","href":"https:\/\/api.w.org\/{rel}","templated":true}]}}