{"id":15332,"date":"2020-04-01T12:25:31","date_gmt":"2020-04-01T16:25:31","guid":{"rendered":"https:\/\/beta.aa-intergroup.org\/obtenez-de-laide-maintenant-pour-un-probleme-dalcool\/"},"modified":"2025-10-28T04:19:33","modified_gmt":"2025-10-28T08:19:33","slug":"obtenez-de-laide-maintenant-pour-un-probleme-dalcool","status":"publish","type":"page","link":"https:\/\/beta.aa-intergroup.org\/fr\/obtenez-de-laide-maintenant-pour-un-probleme-dalcool\/","title":{"rendered":"Obtenez de l&#8217;aide maintenant pour un probl\u00e8me d&#8217;alcool"},"content":{"rendered":"\n<p>Votre demande sera re\u00e7ue et trait\u00e9e par e-mail par les membres du Comit\u00e9 de la 12e \u00c9tape de l&#8217;OIAA, compos\u00e9 de membres des AA abstinents du monde entier. Nous vous r\u00e9pondrons dans les plus brefs d\u00e9lais. Merci !  <\/p>\n\n<div class=\"wp-block-columns is-layout-flex wp-container-core-columns-is-layout-9d6595d7 wp-block-columns-is-layout-flex\">\n<div class=\"wp-block-column is-layout-flow wp-block-column-is-layout-flow\">\n<div class=\"wp-block-buttons is-layout-flex wp-block-buttons-is-layout-flex\">\n<div class=\"wp-block-button is-style-outline is-style-outline--1\"><a class=\"wp-block-button__link wp-element-button\" href=\"https:\/\/beta.aa-intergroup.org\/meetings\/\">Rejoindre une r\u00e9union<\/a><\/div>\n<\/div>\n<\/div>\n<\/div>\n\n<h3 class=\"wp-block-heading\">Contactez le comit\u00e9 de la 12e \u00e9tape<\/h3>\n<div class=\"wpforms-container wpforms-container-full wpforms-block wpforms-block-204f2691-57e4-449a-ac1a-279da6b9a029\" id=\"wpforms-831\"><form id=\"wpforms-form-831\" class=\"wpforms-validate wpforms-form\" data-formid=\"831\" method=\"post\" enctype=\"multipart\/form-data\" action=\"\/fr\/wp-json\/wp\/v2\/pages\/15332\" data-token=\"b154ed911488c474b738814454d9dbcb\" data-token-time=\"1776012816\"><noscript class=\"wpforms-error-noscript\">Please enable JavaScript in your browser to complete this form.<\/noscript><div class=\"wpforms-field-container\"><div id=\"wpforms-831-field_0-container\" class=\"wpforms-field wpforms-field-name\" data-field-id=\"0\"><label class=\"wpforms-field-label\" for=\"wpforms-831-field_0\">Nom <span class=\"wpforms-required-label\">*<\/span><\/label><input type=\"text\" id=\"wpforms-831-field_0\" class=\"wpforms-field-medium wpforms-field-required\" name=\"wpforms[fields][0]\" required><div class=\"wpforms-field-description\">Seul le pr\u00e9nom suffit.<\/div><\/div><div id=\"wpforms-831-field_1-container\" class=\"wpforms-field wpforms-field-email\" data-field-id=\"1\"><label class=\"wpforms-field-label\" for=\"wpforms-831-field_1\">E-mail <span class=\"wpforms-required-label\">*<\/span><\/label><input type=\"email\" id=\"wpforms-831-field_1\" class=\"wpforms-field-medium wpforms-field-required\" name=\"wpforms[fields][1]\" spellcheck=\"false\" required><\/div><div id=\"wpforms-831-field_2-container\" class=\"wpforms-field wpforms-field-textarea\" data-field-id=\"2\"><label class=\"wpforms-field-label\" for=\"wpforms-831-field_2\">Message <span class=\"wpforms-required-label\">*<\/span><\/label><textarea id=\"wpforms-831-field_2\" class=\"wpforms-field-medium wpforms-field-required\" name=\"wpforms[fields][2]\" required><\/textarea><\/div><div id=\"wpforms-831-field_3-container\" class=\"wpforms-field wpforms-field-hidden\" data-field-id=\"3\"><input type=\"hidden\" id=\"wpforms-831-field_3\" name=\"wpforms[fields][3]\" value=\"04\/12\/2026\"><\/div><div id=\"wpforms-831-field_7-container\" class=\"wpforms-field wpforms-field-select wpforms-conditional-trigger wpforms-field-select-style-classic\" data-field-id=\"7\"><label class=\"wpforms-field-label\" for=\"wpforms-831-field_7\">Votre pays <span class=\"wpforms-required-label\">*<\/span><\/label><select id=\"wpforms-831-field_7\" class=\"wpforms-field-medium wpforms-field-required\" name=\"wpforms[fields][7]\" required=\"required\"><option value=\"veuillez s\u00e9lectionner\" >veuillez s\u00e9lectionner<\/option><option value=\"\u00c9tats-Unis\" >\u00c9tats-Unis<\/option><option value=\"Afrique du Sud\" >Afrique du Sud<\/option><option value=\"Canada\" >Canada<\/option><option value=\"Mexique\" >Mexique<\/option><option value=\"France\" >France<\/option><option value=\"Inde\" >Inde<\/option><option value=\"Irlande \" >Irlande<\/option><option value=\"Royaume-Uni\" >Royaume-Uni<\/option><option value=\"Autre pays\" >Autre pays<\/option><\/select><\/div><div id=\"wpforms-831-field_6-container\" class=\"wpforms-field wpforms-field-text wpforms-conditional-field wpforms-conditional-show\" data-field-id=\"6\" style=\"display:none;\"><label class=\"wpforms-field-label\" for=\"wpforms-831-field_6\">Autre pays<\/label><input type=\"text\" id=\"wpforms-831-field_6\" class=\"wpforms-field-medium\" name=\"wpforms[fields][6]\" ><div class=\"wpforms-field-description\">Veuillez pr\u00e9ciser si vous avez s\u00e9lectionn\u00e9 \u00ab autre pays \u00bb<\/div><\/div><div id=\"wpforms-831-field_10-container\" class=\"wpforms-field wpforms-field-text request-id\" data-field-id=\"10\"><label class=\"wpforms-field-label\" for=\"wpforms-831-field_10\">Request ID<\/label><input type=\"text\" id=\"wpforms-831-field_10\" class=\"wpforms-field-medium\" name=\"wpforms[fields][10]\" ><\/div><\/div><!-- .wpforms-field-container --><div class=\"wpforms-field wpforms-field-hp\"><label for=\"wpforms-831-field-hp\" class=\"wpforms-field-label\">Phone<\/label><input type=\"text\" name=\"wpforms[hp]\" id=\"wpforms-831-field-hp\" class=\"wpforms-field-medium\"><\/div><div class=\"wpforms-recaptcha-container wpforms-is-recaptcha wpforms-is-recaptcha-type-v2\" ><div class=\"g-recaptcha\" data-sitekey=\"6LfLO_EUAAAAAD2WTL408A9DfNNx6AhXu-npfay8\"><\/div><input type=\"text\" name=\"g-recaptcha-hidden\" class=\"wpforms-recaptcha-hidden\" style=\"position:absolute!important;clip:rect(0,0,0,0)!important;height:1px!important;width:1px!important;border:0!important;overflow:hidden!important;padding:0!important;margin:0!important;\" data-rule-recaptcha=\"1\"><\/div><div class=\"wpforms-submit-container\" ><input type=\"hidden\" name=\"wpforms[id]\" value=\"831\"><input type=\"hidden\" name=\"page_title\" value=\"\"><input type=\"hidden\" name=\"page_url\" value=\"https:\/\/beta.aa-intergroup.org\/fr\/wp-json\/wp\/v2\/pages\/15332\"><button type=\"submit\" name=\"wpforms[submit]\" id=\"wpforms-submit-831\" class=\"wpforms-submit form-submit\" data-alt-text=\"Envoi...\" data-submit-text=\"Soumettre\" aria-live=\"assertive\" value=\"wpforms-submit\">Soumettre<\/button><\/div><\/form><\/div>  <!-- .wpforms-container -->","protected":false},"excerpt":{"rendered":"<p>Le <a href=\"https:\/\/beta.aa-intergroup.org\/oiaa\/get-help-now\/\">Comit\u00e9 de la 12e \u00c9tape de l&#8217;OIAA<\/a> r\u00e9pond directement, par e-mail, aux personnes qui cherchent de l&#8217;aide pour un probl\u00e8me d&#8217;alcool. Ma\u00eetrisant de nombreuses langues, des dizaines de membres des AA du monde entier fournissent une assistance 24 heures sur 24. <\/p>\n","protected":false},"author":9,"featured_media":15335,"parent":0,"menu_order":2,"comment_status":"closed","ping_status":"closed","template":"","meta":{"_acf_changed":false,"_eb_attr":"","footnotes":""},"class_list":["post-15332","page","type-page","status-publish","has-post-thumbnail","hentry"],"acf":[],"_links":{"self":[{"href":"https:\/\/beta.aa-intergroup.org\/fr\/wp-json\/wp\/v2\/pages\/15332","targetHints":{"allow":["GET"]}}],"collection":[{"href":"https:\/\/beta.aa-intergroup.org\/fr\/wp-json\/wp\/v2\/pages"}],"about":[{"href":"https:\/\/beta.aa-intergroup.org\/fr\/wp-json\/wp\/v2\/types\/page"}],"author":[{"embeddable":true,"href":"https:\/\/beta.aa-intergroup.org\/fr\/wp-json\/wp\/v2\/users\/9"}],"replies":[{"embeddable":true,"href":"https:\/\/beta.aa-intergroup.org\/fr\/wp-json\/wp\/v2\/comments?post=15332"}],"version-history":[{"count":1,"href":"https:\/\/beta.aa-intergroup.org\/fr\/wp-json\/wp\/v2\/pages\/15332\/revisions"}],"predecessor-version":[{"id":15336,"href":"https:\/\/beta.aa-intergroup.org\/fr\/wp-json\/wp\/v2\/pages\/15332\/revisions\/15336"}],"wp:featuredmedia":[{"embeddable":true,"href":"https:\/\/beta.aa-intergroup.org\/fr\/wp-json\/wp\/v2\/media\/15335"}],"wp:attachment":[{"href":"https:\/\/beta.aa-intergroup.org\/fr\/wp-json\/wp\/v2\/media?parent=15332"}],"curies":[{"name":"wp","href":"https:\/\/api.w.org\/{rel}","templated":true}]}}