{"id":15341,"date":"2025-06-16T13:14:58","date_gmt":"2025-06-16T17:14:58","guid":{"rendered":"https:\/\/beta.aa-intergroup.org\/vous-narrivez-pas-a-arreter-de-boire\/"},"modified":"2025-10-28T04:19:33","modified_gmt":"2025-10-28T08:19:33","slug":"vous-narrivez-pas-a-arreter-de-boire","status":"publish","type":"page","link":"https:\/\/beta.aa-intergroup.org\/fr\/vous-narrivez-pas-a-arreter-de-boire\/","title":{"rendered":"Vous n&#8217;arrivez pas \u00e0 arr\u00eater de boire ?"},"content":{"rendered":"\n<p>Si vous voulez arr\u00eater de boire et que vous avez des difficult\u00e9s \u00e0 le faire, alors vous \u00eates au bon endroit. Il s&#8217;av\u00e8re que beaucoup d&#8217;entre nous ont v\u00e9cu le m\u00eame probl\u00e8me !  <\/p>\n\n<p>A.A. aide \u00e0 connecter et soutenir les personnes qui veulent arr\u00eater de boire. Nous sommes l\u00e0 pour vous parce que nous avons \u00e9t\u00e9 \u00e0 votre place. Nous savons que cela peut \u00eatre difficile, mais tout ce dont vous avez besoin est le d\u00e9sir d&#8217;arr\u00eater de boire.  <\/p>\n\n<div style=\"height:40px\" aria-hidden=\"true\" class=\"wp-block-spacer\"><\/div>\n\n<h2 class=\"wp-block-heading has-large-font-size\">Obtenir de l&#8217;aide maintenant<\/h2>\n\n<div class=\"wp-block-columns is-layout-flex wp-container-core-columns-is-layout-9d6595d7 wp-block-columns-is-layout-flex\">\n<div class=\"wp-block-column is-layout-flow wp-block-column-is-layout-flow\" style=\"flex-basis:80%\">\n<p>Si vous n&#8217;arrivez pas \u00e0 arr\u00eater de boire, la meilleure chose que vous puissiez faire est de nous contacter d\u00e8s maintenant. Rejoignez une r\u00e9union d\u00e8s maintenant ou soumettez le formulaire ci-dessous. <\/p>\n\n\n\n<p>Votre demande sera re\u00e7ue et une r\u00e9ponse vous sera envoy\u00e9e <strong>par courriel<\/strong> par les membres du Comit\u00e9 de 12e \u00c9tape d&#8217;OIAA, compos\u00e9 de membres AA sobres du monde entier. Nous r\u00e9pondrons d\u00e8s que possible. Merci !  <\/p>\n<\/div>\n\n\n\n<div class=\"wp-block-column is-layout-flow wp-block-column-is-layout-flow\" style=\"flex-basis:20%\"><div class=\"wp-block-image\">\n<figure class=\"aligncenter size-full is-resized\"><img loading=\"lazy\" decoding=\"async\" width=\"2560\" height=\"1709\" src=\"https:\/\/beta.aa-intergroup.org\/wp-content\/uploads\/2025\/06\/shotglass-scaled.jpg\" alt=\"\" class=\"wp-image-12239\" style=\"object-fit:cover;width:70px;height:70px\" srcset=\"https:\/\/beta.aa-intergroup.org\/wp-content\/uploads\/2025\/06\/shotglass-scaled.jpg 2560w, https:\/\/beta.aa-intergroup.org\/wp-content\/uploads\/2025\/06\/shotglass-300x200.jpg 300w, https:\/\/beta.aa-intergroup.org\/wp-content\/uploads\/2025\/06\/shotglass-1024x684.jpg 1024w, https:\/\/beta.aa-intergroup.org\/wp-content\/uploads\/2025\/06\/shotglass-768x513.jpg 768w, https:\/\/beta.aa-intergroup.org\/wp-content\/uploads\/2025\/06\/shotglass-1536x1025.jpg 1536w, https:\/\/beta.aa-intergroup.org\/wp-content\/uploads\/2025\/06\/shotglass-2048x1367.jpg 2048w\" sizes=\"auto, (max-width: 2560px) 100vw, 2560px\" \/><\/figure><\/div>\n\n\n<div class=\"wp-block-essential-blocks-button root-eb-button-472r7\"><div class=\"eb-parent-wrapper eb-parent-eb-button-472r7 \"><div class=\"eb-button-wrapper eb-button-alignment eb-button-472r7\"><div class=\"eb-button\"><div class=\"eb-button-inner-wrapper \"><a class=\"eb-button-anchor \" href=\"https:\/\/beta.aa-intergroup.org\/meetings\/\" rel=\"noopener\">Rejoindre une r\u00e9union<\/a><\/div><\/div><\/div><\/div><\/div>\n<\/div>\n<\/div>\n<div class=\"wpforms-container wpforms-container-full\" id=\"wpforms-831\"><form id=\"wpforms-form-831\" class=\"wpforms-validate wpforms-form\" data-formid=\"831\" method=\"post\" enctype=\"multipart\/form-data\" action=\"\/fr\/wp-json\/wp\/v2\/pages\/15341\" data-token=\"b154ed911488c474b738814454d9dbcb\" data-token-time=\"1776006321\"><noscript class=\"wpforms-error-noscript\">Please enable JavaScript in your browser to complete this form.<\/noscript><div class=\"wpforms-field-container\"><div id=\"wpforms-831-field_0-container\" class=\"wpforms-field wpforms-field-name\" data-field-id=\"0\"><label class=\"wpforms-field-label\" for=\"wpforms-831-field_0\">Nom <span class=\"wpforms-required-label\">*<\/span><\/label><input type=\"text\" id=\"wpforms-831-field_0\" class=\"wpforms-field-medium wpforms-field-required\" name=\"wpforms[fields][0]\" required><div class=\"wpforms-field-description\">Seul le pr\u00e9nom suffit.<\/div><\/div><div id=\"wpforms-831-field_1-container\" class=\"wpforms-field wpforms-field-email\" data-field-id=\"1\"><label class=\"wpforms-field-label\" for=\"wpforms-831-field_1\">E-mail <span class=\"wpforms-required-label\">*<\/span><\/label><input type=\"email\" id=\"wpforms-831-field_1\" class=\"wpforms-field-medium wpforms-field-required\" name=\"wpforms[fields][1]\" spellcheck=\"false\" required><\/div><div id=\"wpforms-831-field_2-container\" class=\"wpforms-field wpforms-field-textarea\" data-field-id=\"2\"><label class=\"wpforms-field-label\" for=\"wpforms-831-field_2\">Message <span class=\"wpforms-required-label\">*<\/span><\/label><textarea id=\"wpforms-831-field_2\" class=\"wpforms-field-medium wpforms-field-required\" name=\"wpforms[fields][2]\" required><\/textarea><\/div><div id=\"wpforms-831-field_3-container\" class=\"wpforms-field wpforms-field-hidden\" data-field-id=\"3\"><input type=\"hidden\" id=\"wpforms-831-field_3\" name=\"wpforms[fields][3]\" value=\"04\/12\/2026\"><\/div><div id=\"wpforms-831-field_7-container\" class=\"wpforms-field wpforms-field-select wpforms-conditional-trigger wpforms-field-select-style-classic\" data-field-id=\"7\"><label class=\"wpforms-field-label\" for=\"wpforms-831-field_7\">Votre pays <span class=\"wpforms-required-label\">*<\/span><\/label><select id=\"wpforms-831-field_7\" class=\"wpforms-field-medium wpforms-field-required\" name=\"wpforms[fields][7]\" required=\"required\"><option value=\"veuillez s\u00e9lectionner\" >veuillez s\u00e9lectionner<\/option><option value=\"\u00c9tats-Unis\" >\u00c9tats-Unis<\/option><option value=\"Afrique du Sud\" >Afrique du Sud<\/option><option value=\"Canada\" >Canada<\/option><option value=\"Mexique\" >Mexique<\/option><option value=\"France\" >France<\/option><option value=\"Inde\" >Inde<\/option><option value=\"Irlande \" >Irlande<\/option><option value=\"Royaume-Uni\" >Royaume-Uni<\/option><option value=\"Autre pays\" >Autre pays<\/option><\/select><\/div><div id=\"wpforms-831-field_6-container\" class=\"wpforms-field wpforms-field-text wpforms-conditional-field wpforms-conditional-show\" data-field-id=\"6\" style=\"display:none;\"><label class=\"wpforms-field-label\" for=\"wpforms-831-field_6\">Autre pays<\/label><input type=\"text\" id=\"wpforms-831-field_6\" class=\"wpforms-field-medium\" name=\"wpforms[fields][6]\" ><div class=\"wpforms-field-description\">Veuillez pr\u00e9ciser si vous avez s\u00e9lectionn\u00e9 \u00ab autre pays \u00bb<\/div><\/div><div id=\"wpforms-831-field_10-container\" class=\"wpforms-field wpforms-field-text request-id\" data-field-id=\"10\"><label class=\"wpforms-field-label\" for=\"wpforms-831-field_10\">Request ID<\/label><input type=\"text\" id=\"wpforms-831-field_10\" class=\"wpforms-field-medium\" name=\"wpforms[fields][10]\" ><\/div><\/div><!-- .wpforms-field-container --><div class=\"wpforms-field wpforms-field-hp\"><label for=\"wpforms-831-field-hp\" class=\"wpforms-field-label\">Website<\/label><input type=\"text\" name=\"wpforms[hp]\" id=\"wpforms-831-field-hp\" class=\"wpforms-field-medium\"><\/div><div class=\"wpforms-recaptcha-container wpforms-is-recaptcha wpforms-is-recaptcha-type-v2\" ><div class=\"g-recaptcha\" data-sitekey=\"6LfLO_EUAAAAAD2WTL408A9DfNNx6AhXu-npfay8\"><\/div><input type=\"text\" name=\"g-recaptcha-hidden\" class=\"wpforms-recaptcha-hidden\" style=\"position:absolute!important;clip:rect(0,0,0,0)!important;height:1px!important;width:1px!important;border:0!important;overflow:hidden!important;padding:0!important;margin:0!important;\" data-rule-recaptcha=\"1\"><\/div><div class=\"wpforms-submit-container\" ><input type=\"hidden\" name=\"wpforms[id]\" value=\"831\"><input type=\"hidden\" name=\"page_title\" value=\"\"><input type=\"hidden\" name=\"page_url\" value=\"https:\/\/beta.aa-intergroup.org\/fr\/wp-json\/wp\/v2\/pages\/15341\"><button type=\"submit\" name=\"wpforms[submit]\" id=\"wpforms-submit-831\" class=\"wpforms-submit form-submit\" data-alt-text=\"Envoi...\" data-submit-text=\"Soumettre\" aria-live=\"assertive\" value=\"wpforms-submit\">Soumettre<\/button><\/div><\/form><\/div>  <!-- .wpforms-container -->\n\n<div style=\"height:150px\" aria-hidden=\"true\" class=\"wp-block-spacer\"><\/div>\n\n<div class=\"wp-block-columns is-layout-flex wp-container-core-columns-is-layout-9d6595d7 wp-block-columns-is-layout-flex\">\n<div class=\"wp-block-column is-layout-flow wp-block-column-is-layout-flow\"><\/div>\n\n\n\n<div class=\"wp-block-column is-layout-flow wp-block-column-is-layout-flow\"><\/div>\n<\/div>\n\n<div class=\"wp-block-columns is-layout-flex wp-container-core-columns-is-layout-9d6595d7 wp-block-columns-is-layout-flex\">\n<div class=\"wp-block-column is-layout-flow wp-block-column-is-layout-flow\" style=\"flex-basis:33.33%\"><div class=\"wp-block-image\">\n<figure class=\"aligncenter size-full is-resized\"><img loading=\"lazy\" decoding=\"async\" width=\"876\" height=\"542\" src=\"https:\/\/beta.aa-intergroup.org\/wp-content\/uploads\/2025\/06\/Anonymity.png\" alt=\"\" class=\"wp-image-12241\" style=\"width:280px\" srcset=\"https:\/\/beta.aa-intergroup.org\/wp-content\/uploads\/2025\/06\/Anonymity.png 876w, https:\/\/beta.aa-intergroup.org\/wp-content\/uploads\/2025\/06\/Anonymity-300x186.png 300w, https:\/\/beta.aa-intergroup.org\/wp-content\/uploads\/2025\/06\/Anonymity-768x475.png 768w\" sizes=\"auto, (max-width: 876px) 100vw, 876px\" \/><\/figure><\/div><\/div>\n\n\n\n<div class=\"wp-block-column is-layout-flow wp-block-column-is-layout-flow\" style=\"flex-basis:66.66%\">\n<h5 class=\"wp-block-heading\">Les membres d&#8217;AA prot\u00e8gent leur anonymat :<\/h5>\n\n\n\n<p>pour prot\u00e9ger l&#8217;organisation AA, leur vie professionnelle et priv\u00e9e, la vie d&#8217;autres alcooliques et <strong>surtout<\/strong>, ceux qui cherchent de l&#8217;aide pour leur probl\u00e8me d&#8217;alcool : le nouveau membre.<\/p>\n\n\n\n<p>Votre anonymat sera prot\u00e9g\u00e9. AA ne conserve pas d&#8217;informations sur ses membres et ne suit ni n&#8217;enregistre qui les contacte. <\/p>\n<\/div>\n<\/div>\n\n<div class=\"wp-block-columns is-layout-flex wp-container-core-columns-is-layout-9d6595d7 wp-block-columns-is-layout-flex\">\n<div class=\"wp-block-column is-layout-flow wp-block-column-is-layout-flow\"><\/div>\n\n\n\n<div class=\"wp-block-column is-layout-flow wp-block-column-is-layout-flow\"><\/div>\n<\/div>\n\n<div style=\"height:222px\" aria-hidden=\"true\" class=\"wp-block-spacer\"><\/div>\n","protected":false},"excerpt":{"rendered":"<p>Si vous voulez arr\u00eater de boire et que vous avez des difficult\u00e9s \u00e0 le faire, alors vous \u00eates au bon endroit. Il s&#8217;av\u00e8re que beaucoup d&#8217;entre nous ont v\u00e9cu le m\u00eame probl\u00e8me ! A.A. aide \u00e0 connecter et soutenir les personnes qui veulent arr\u00eater de boire. Nous sommes l\u00e0 pour vous parce que nous avons<a class=\"excerpt-read-more\" href=\"https:\/\/beta.aa-intergroup.org\/fr\/vous-narrivez-pas-a-arreter-de-boire\/\" title=\"ReadVous n&#8217;arrivez pas \u00e0 arr\u00eater de boire ?\">&#8230; Read more &raquo;<\/a><\/p>\n","protected":false},"author":153,"featured_media":0,"parent":0,"menu_order":0,"comment_status":"closed","ping_status":"closed","template":"","meta":{"_acf_changed":false,"_eb_attr":"","footnotes":""},"class_list":["post-15341","page","type-page","status-publish","hentry"],"acf":[],"_links":{"self":[{"href":"https:\/\/beta.aa-intergroup.org\/fr\/wp-json\/wp\/v2\/pages\/15341","targetHints":{"allow":["GET"]}}],"collection":[{"href":"https:\/\/beta.aa-intergroup.org\/fr\/wp-json\/wp\/v2\/pages"}],"about":[{"href":"https:\/\/beta.aa-intergroup.org\/fr\/wp-json\/wp\/v2\/types\/page"}],"author":[{"embeddable":true,"href":"https:\/\/beta.aa-intergroup.org\/fr\/wp-json\/wp\/v2\/users\/153"}],"replies":[{"embeddable":true,"href":"https:\/\/beta.aa-intergroup.org\/fr\/wp-json\/wp\/v2\/comments?post=15341"}],"version-history":[{"count":1,"href":"https:\/\/beta.aa-intergroup.org\/fr\/wp-json\/wp\/v2\/pages\/15341\/revisions"}],"predecessor-version":[{"id":15342,"href":"https:\/\/beta.aa-intergroup.org\/fr\/wp-json\/wp\/v2\/pages\/15341\/revisions\/15342"}],"wp:attachment":[{"href":"https:\/\/beta.aa-intergroup.org\/fr\/wp-json\/wp\/v2\/media?parent=15341"}],"curies":[{"name":"wp","href":"https:\/\/api.w.org\/{rel}","templated":true}]}}