{"id":15354,"date":"2025-06-16T13:15:15","date_gmt":"2025-06-16T17:15:15","guid":{"rendered":"https:\/\/beta.aa-intergroup.org\/groupes-membres-de-loiaa\/"},"modified":"2025-10-28T04:20:44","modified_gmt":"2025-10-28T08:20:44","slug":"groupes-membres-de-loiaa","status":"publish","type":"page","link":"https:\/\/beta.aa-intergroup.org\/fr\/groupes-membres-de-loiaa\/","title":{"rendered":"Groupes membres de l\u2019OIAA"},"content":{"rendered":"\n<hr class=\"wp-block-separator has-text-color has-alpha-channel-opacity has-background is-style-default\" style=\"background-color:#08c9fd;color:#08c9fd\"\/>\n\n<h2 class=\"wp-block-heading has-text-align-center has-text-color has-link-color has-x-large-font-size wp-elements-9e4b540d0c9a6b4fb5f85df390232cfe\" style=\"color:#011a5c;font-style:normal;font-weight:700;text-transform:uppercase\">\u00c0 l\u2019int\u00e9rieur de l\u2019OIAA<\/h2>\n\n<p class=\"has-text-align-center\">C\u2019est la ressource incontournable pour tout ce qui se passe \u00e0 l\u2019int\u00e9rieur de l\u2019OIAA. <\/p>\n\n<div class=\"wp-block-essential-blocks-text root-eb-text-svizr\"><div class=\"eb-parent-wrapper eb-parent-eb-text-svizr \"><div class=\"eb-text-wrapper eb-text-svizr\" data-id=\"eb-text-svizr\"><p class=\"eb-text\"><strong>Menu \u00c0 l\u2019int\u00e9rieur de l\u2019OIAA<\/strong><br><a href=\"https:\/\/beta.aa-intergroup.org\/fr\/groupes-membres-de-loiaa\/\" data-type=\"page\" data-id=\"21905\">groupes<\/a><br><a href=\"https:\/\/beta.aa-intergroup.org\/online-meeting-tools-guidelines\/\" data-type=\"link\" data-id=\"https:\/\/beta.aa-intergroup.org\/online-meeting-tools-guidelines\/\">outils et directives pour les r\u00e9unions en ligne<\/a><br><a href=\"https:\/\/beta.aa-intergroup.org\/oiaa-in-action\/\" data-type=\"page\" data-id=\"21908\">L\u2019OIAA en action<\/a><br><a href=\"https:\/\/beta.aa-intergroup.org\/service-committees\/\" data-type=\"page\" data-id=\"21910\">comit\u00e9s de service<\/a><br><a href=\"https:\/\/beta.aa-intergroup.org\/oiaa-calendar\/\" data-type=\"link\" data-id=\"https:\/\/beta.aa-intergroup.org\/oiaa-calendar\/\">\u00e9v\u00e9nements de l\u2019OIAA<\/a><br><a href=\"https:\/\/beta.aa-intergroup.org\/become-a-member\/\" data-type=\"page\" data-id=\"21912\">devenir membre<\/a><\/p><\/div><\/div><\/div>\n\n<!-- UberMenu [Configuration:insideoiaa] [Theme Loc:] [Integration:api] -->\n<button class=\"ubermenu-responsive-toggle ubermenu-responsive-toggle-insideoiaa ubermenu-skin-grey-white ubermenu-loc- ubermenu-responsive-toggle-content-align-left ubermenu-responsive-toggle-align-full ubermenu-responsive-toggle-close-icon-times \" tabindex=\"0\" data-ubermenu-target=\"ubermenu-insideoiaa-623\"   aria-label=\"Toggle Inside OIAA - French\"><i class=\"fas fa-bars\" ><\/i>Menu<\/button><nav id=\"ubermenu-insideoiaa-623\" class=\"ubermenu ubermenu-nojs ubermenu-insideoiaa ubermenu-menu-623 ubermenu-responsive ubermenu-responsive-default ubermenu-responsive-collapse ubermenu-horizontal ubermenu-transition-shift ubermenu-trigger-hover_intent ubermenu-skin-grey-white  ubermenu-bar-align-full ubermenu-items-align-flex ubermenu-bound-inner ubermenu-disable-submenu-scroll ubermenu-sub-indicators ubermenu-retractors-responsive ubermenu-submenu-indicator-closes\"><ul id=\"ubermenu-nav-insideoiaa-90\" class=\"ubermenu-nav\" data-title=\"Inside OIAA - French\"><li id=\"menu-item-37513\" class=\"ubermenu-item ubermenu-item-type-post_type ubermenu-item-object-page ubermenu-item-37513 ubermenu-item-level-0 ubermenu-column ubermenu-column-auto\" ><a class=\"ubermenu-target ubermenu-item-layout-default ubermenu-item-layout-text_only\" href=\"https:\/\/beta.aa-intergroup.org\/fr\/groupes-membres-de-loiaa\/\" tabindex=\"0\"><span class=\"ubermenu-target-title ubermenu-target-text\">Groupes membres de l\u2019OIAA<\/span><\/a><\/li><li id=\"menu-item-37521\" class=\"ubermenu-item ubermenu-item-type-post_type ubermenu-item-object-page ubermenu-item-37521 ubermenu-item-level-0 ubermenu-column ubermenu-column-auto\" ><a class=\"ubermenu-target ubermenu-item-layout-default ubermenu-item-layout-text_only\" href=\"https:\/\/beta.aa-intergroup.org\/fr\/outils-et-directives-pour-les-reunions-en-ligne\/\" tabindex=\"0\"><span class=\"ubermenu-target-title ubermenu-target-text\">Outils et directives pour les r\u00e9unions en ligne<\/span><\/a><\/li><li id=\"menu-item-37522\" class=\"ubermenu-item ubermenu-item-type-post_type ubermenu-item-object-page ubermenu-item-37522 ubermenu-item-level-0 ubermenu-column ubermenu-column-auto\" ><a class=\"ubermenu-target ubermenu-item-layout-default ubermenu-item-layout-text_only\" href=\"https:\/\/beta.aa-intergroup.org\/fr\/loiaa-en-action\/\" tabindex=\"0\"><span class=\"ubermenu-target-title ubermenu-target-text\">L\u2019OIAA en action<\/span><\/a><\/li><li id=\"menu-item-37523\" class=\"ubermenu-item ubermenu-item-type-post_type ubermenu-item-object-page ubermenu-item-37523 ubermenu-item-level-0 ubermenu-column ubermenu-column-auto\" ><a class=\"ubermenu-target ubermenu-item-layout-default ubermenu-item-layout-text_only\" href=\"https:\/\/beta.aa-intergroup.org\/fr\/comites-de-service\/\" tabindex=\"0\"><span class=\"ubermenu-target-title ubermenu-target-text\">Comit\u00e9s de service<\/span><\/a><\/li><li id=\"menu-item-37524\" class=\"ubermenu-item ubermenu-item-type-post_type ubermenu-item-object-page ubermenu-item-37524 ubermenu-item-level-0 ubermenu-column ubermenu-column-auto\" ><a class=\"ubermenu-target ubermenu-item-layout-default ubermenu-item-layout-text_only\" href=\"https:\/\/beta.aa-intergroup.org\/fr\/calendrier-oiaa\/\" tabindex=\"0\"><span class=\"ubermenu-target-title ubermenu-target-text\">Calendrier OIAA<\/span><\/a><\/li><li id=\"menu-item-37525\" class=\"ubermenu-item ubermenu-item-type-post_type ubermenu-item-object-page ubermenu-item-37525 ubermenu-item-level-0 ubermenu-column ubermenu-column-auto\" ><a class=\"ubermenu-target ubermenu-item-layout-default ubermenu-item-layout-text_only\" href=\"https:\/\/beta.aa-intergroup.org\/fr\/devenir-membre\/\" tabindex=\"0\"><span class=\"ubermenu-target-title ubermenu-target-text\">Devenir membre<\/span><\/a><\/li><\/ul><\/nav>\n<!-- End UberMenu -->\n\n\n<hr class=\"wp-block-separator has-text-color has-alpha-channel-opacity has-background is-style-default\" style=\"background-color:#08c9fd;color:#08c9fd\"\/>\n\n<div style=\"height:18px\" aria-hidden=\"true\" class=\"wp-block-spacer\"><\/div>\n\n<h2 class=\"wp-block-heading has-text-align-center has-large-font-size\">Groupes membres de l\u2019OIAA<\/h2>\n\n<p>C\u2019est votre ressource incontournable pour les groupes r\u00e9pertori\u00e9s sur l\u2019OIAA et ceux qui participent \u00e0 la structure de service de l\u2019OIAA. Les RGI de groupe y trouveront les informations les plus r\u00e9centes. <\/p>\n\n<div class=\"wp-block-essential-blocks-button root-eb-button-k731r\"><div class=\"eb-parent-wrapper eb-parent-eb-button-k731r \"><div class=\"eb-button-wrapper eb-button-alignment eb-button-k731r\"><div class=\"eb-button\"><div class=\"eb-button-inner-wrapper \"><a class=\"eb-button-anchor \" href=\"https:\/\/beta.aa-intergroup.org\/group-events\/\" rel=\"noopener\">Voir les \u00e9v\u00e9nements de groupe<\/a><\/div><\/div><\/div><\/div><\/div>\n\n<div style=\"height:20px\" aria-hidden=\"true\" class=\"wp-block-spacer\"><\/div>\n\n<div class=\"wp-block-columns is-layout-flex wp-container-core-columns-is-layout-9d6595d7 wp-block-columns-is-layout-flex\">\n<div class=\"wp-block-column is-layout-flow wp-block-column-is-layout-flow\">\n<div class=\"wp-block-essential-blocks-infobox root-eb-infobox-3y9am\"><div class=\"eb-parent-wrapper eb-parent-eb-infobox-3y9am \"><div class=\"eb-infobox-3y9am eb-infobox-wrapper\"><div class=\"infobox-wrapper-inner\"><div class=\"contents-wrapper\"><p class=\"description\">Les informations les plus r\u00e9centes que chaque RGI devrait conna\u00eetre.<\/p><div class=\"eb-button-inner-wrapper eb-infobox-btn-wrapper\"><a class=\"eb-button-anchor infobox-btn \" href=\"https:\/\/beta.aa-intergroup.org\/igr-hotlist\/\" rel=\"noopener\"><strong>Liste de diffusion des RGI <\/strong><\/a><\/div><\/div><\/div><\/div><\/div><\/div>\n<\/div>\n\n\n\n<div class=\"wp-block-column is-layout-flow wp-block-column-is-layout-flow\">\n<div class=\"wp-block-essential-blocks-infobox root-eb-infobox-njvfg\"><div class=\"eb-parent-wrapper eb-parent-eb-infobox-njvfg \"><div class=\"eb-infobox-njvfg eb-infobox-wrapper\"><div class=\"infobox-wrapper-inner\"><div class=\"contents-wrapper\"><p class=\"description\">Tenez tout le monde inform\u00e9 de ce qui se passe dans votre groupe.<\/p><div class=\"eb-button-inner-wrapper eb-infobox-btn-wrapper\"><a class=\"eb-button-anchor infobox-btn \" href=\"https:\/\/beta.aa-intergroup.org\/submit-group-report\/\" rel=\"noopener\"><strong>Rapports de groupe<\/strong><\/a><\/div><\/div><\/div><\/div><\/div><\/div>\n<\/div>\n\n\n\n<div class=\"wp-block-column is-layout-flow wp-block-column-is-layout-flow\">\n<div class=\"wp-block-essential-blocks-infobox root-eb-infobox-qh1kd\"><div class=\"eb-parent-wrapper eb-parent-eb-infobox-qh1kd \"><div class=\"eb-infobox-qh1kd eb-infobox-wrapper\"><div class=\"infobox-wrapper-inner\"><div class=\"contents-wrapper\"><p class=\"description\">Les membres partagent leur exp\u00e9rience, leur force et leur espoir.<br><\/p><div class=\"eb-button-inner-wrapper eb-infobox-btn-wrapper\"><a class=\"eb-button-anchor infobox-btn \" href=\"https:\/\/beta.aa-intergroup.org\/stories\/\" rel=\"noopener\"><strong>T\u00e9moignages de membres<\/strong><\/a><\/div><\/div><\/div><\/div><\/div><\/div>\n<\/div>\n<\/div>\n\n<div style=\"height:32px\" aria-hidden=\"true\" class=\"wp-block-spacer\"><\/div>\n\n<div class=\"wp-block-columns is-layout-flex wp-container-core-columns-is-layout-9d6595d7 wp-block-columns-is-layout-flex\">\n<div class=\"wp-block-column is-layout-flow wp-block-column-is-layout-flow\">\n<div class=\"wp-block-essential-blocks-infobox root-eb-infobox-60hlv\"><div class=\"eb-parent-wrapper eb-parent-eb-infobox-60hlv \"><div class=\"eb-infobox-60hlv eb-infobox-wrapper\"><div class=\"infobox-wrapper-inner\"><div class=\"contents-wrapper\"><p class=\"description\">Utilisez ce formulaire pour soumettre les \u00e9v\u00e9nements de votre groupe. Il n\u2019est pas n\u00e9cessaire d\u2019\u00eatre un groupe membre de l\u2019OIAA pour inscrire un \u00e9v\u00e9nement. <br><\/p><div class=\"eb-button-inner-wrapper eb-infobox-btn-wrapper\"><a class=\"eb-button-anchor infobox-btn \" href=\"https:\/\/beta.aa-intergroup.org\/submit-group-event\/\" rel=\"noopener\"><strong>Soumettre un \u00e9v\u00e9nement de groupe<\/strong><\/a><\/div><\/div><\/div><\/div><\/div><\/div>\n<\/div>\n\n\n\n<div class=\"wp-block-column is-layout-flow wp-block-column-is-layout-flow\">\n<div class=\"wp-block-essential-blocks-infobox root-eb-infobox-69t65\"><div class=\"eb-parent-wrapper eb-parent-eb-infobox-69t65 \"><div class=\"eb-infobox-69t65 eb-infobox-wrapper\"><div class=\"infobox-wrapper-inner\"><div class=\"contents-wrapper\"><p class=\"description\">Si vous avez des questions concernant l\u2019adh\u00e9sion \u00e0 un groupe de l\u2019OIAA ou si vous devez modifier les informations de votre RGI, veuillez contacter le registraire.<\/p><div class=\"eb-button-inner-wrapper eb-infobox-btn-wrapper\"><a class=\"eb-button-anchor infobox-btn \" href=\"https:\/\/beta.aa-intergroup.org\/oiaa-registrar\/\" rel=\"noopener\"><strong>Contacter le registraire <\/strong><\/a><\/div><\/div><\/div><\/div><\/div><\/div>\n<\/div>\n\n\n\n<div class=\"wp-block-column is-layout-flow wp-block-column-is-layout-flow\">\n<div class=\"wp-block-essential-blocks-infobox root-eb-infobox-x8n33\"><div class=\"eb-parent-wrapper eb-parent-eb-infobox-x8n33 \"><div class=\"eb-infobox-x8n33 eb-infobox-wrapper\"><div class=\"infobox-wrapper-inner\"><div class=\"contents-wrapper\"><p class=\"description\">Chaque groupe A. A. devrait subvenir enti\u00e8rement \u00e0 ses besoins et refuser les contributions ext\u00e9rieures. \u00bb (p. 160, Douze \u00c9tapes et Douze Traditions)<\/p><div class=\"eb-button-inner-wrapper eb-infobox-btn-wrapper\"><a class=\"eb-button-anchor infobox-btn \" href=\"https:\/\/beta.aa-intergroup.org\/contributions\/\" rel=\"noopener\"><strong>Faire une contribution<\/strong><\/a><\/div><\/div><\/div><\/div><\/div><\/div>\n<\/div>\n<\/div>\n\n<div style=\"height:431px\" aria-hidden=\"true\" class=\"wp-block-spacer\"><\/div>\n","protected":false},"excerpt":{"rendered":"<p>\u00c0 l\u2019int\u00e9rieur de l\u2019OIAA C\u2019est la ressource incontournable pour tout ce qui se passe \u00e0 l\u2019int\u00e9rieur de l\u2019OIAA. Groupes membres de l\u2019OIAA C\u2019est votre ressource incontournable pour les groupes r\u00e9pertori\u00e9s sur l\u2019OIAA et ceux qui participent \u00e0 la structure de service de l\u2019OIAA. Les RGI de groupe y trouveront les informations les plus r\u00e9centes.<\/p>\n","protected":false},"author":153,"featured_media":0,"parent":0,"menu_order":0,"comment_status":"closed","ping_status":"closed","template":"","meta":{"_acf_changed":false,"_eb_attr":"","footnotes":""},"class_list":["post-15354","page","type-page","status-publish","hentry"],"acf":[],"_links":{"self":[{"href":"https:\/\/beta.aa-intergroup.org\/fr\/wp-json\/wp\/v2\/pages\/15354","targetHints":{"allow":["GET"]}}],"collection":[{"href":"https:\/\/beta.aa-intergroup.org\/fr\/wp-json\/wp\/v2\/pages"}],"about":[{"href":"https:\/\/beta.aa-intergroup.org\/fr\/wp-json\/wp\/v2\/types\/page"}],"author":[{"embeddable":true,"href":"https:\/\/beta.aa-intergroup.org\/fr\/wp-json\/wp\/v2\/users\/153"}],"replies":[{"embeddable":true,"href":"https:\/\/beta.aa-intergroup.org\/fr\/wp-json\/wp\/v2\/comments?post=15354"}],"version-history":[{"count":1,"href":"https:\/\/beta.aa-intergroup.org\/fr\/wp-json\/wp\/v2\/pages\/15354\/revisions"}],"predecessor-version":[{"id":15355,"href":"https:\/\/beta.aa-intergroup.org\/fr\/wp-json\/wp\/v2\/pages\/15354\/revisions\/15355"}],"wp:attachment":[{"href":"https:\/\/beta.aa-intergroup.org\/fr\/wp-json\/wp\/v2\/media?parent=15354"}],"curies":[{"name":"wp","href":"https:\/\/api.w.org\/{rel}","templated":true}]}}